{"id":105,"date":"2020-03-21T09:54:41","date_gmt":"2020-03-21T08:54:41","guid":{"rendered":"https:\/\/bymanet-shop.fr\/?post_type=product&#038;p=105"},"modified":"2024-05-21T09:54:37","modified_gmt":"2024-05-21T07:54:37","slug":"lampe-photophore-ajoure-ceramique","status":"publish","type":"product","link":"https:\/\/bymanet.com\/en\/produit\/lampe-photophore-ajoure-ceramique\/","title":{"rendered":"Lampe photophore en c\u00e9ramique ajour\u00e9 &#8211; grand mod\u00e8le"},"content":{"rendered":"<div class=\"elementor-element elementor-element-4af78289 elementor-widget elementor-widget-heading\" data-id=\"4af78289\" data-element_type=\"widget\" data-widget_type=\"heading.default\">\n<div class=\"elementor-widget-container\">\n<h2 class=\"elementor-heading-title elementor-size-default\">Lampe ou photophore en gr\u00e8s ajour\u00e9 \u00e0 la main.<\/h2>\n<h3 class=\"elementor-heading-title elementor-size-default\">D\u00e9coration d&#8217;int\u00e9rieur ou d\u2019ext\u00e9rieur<\/h3>\n<\/div>\n<\/div>\n<div class=\"elementor-element elementor-element-d112739 elementor-widget elementor-widget-text-editor\" data-id=\"d112739\" data-element_type=\"widget\" data-widget_type=\"text-editor.default\">\n<div class=\"elementor-widget-container\">\n<div class=\"elementor-text-editor elementor-clearfix\">\n<p>A la fois chic et exotiques, les photophores de cette\u00a0 collection en gr\u00e8s ajour\u00e9 sont inspir\u00e9s de la douce lumi\u00e8re dor\u00e9e de Venise la nuit. N\u00e9e \u00e0 mon retours de 6 mois de vie \u00e0 Venise, les d\u00e9cors viennent de l\u2019univers oriental de Mariano Fortuny, des fa\u00e7ades des palais v\u00e9nitiens et du charme de cette ville.<\/p>\n<p>Ces lampes sont ajour\u00e9es \u00e0 la main au scalpel, sur une pi\u00e8ce en gr\u00e8s tourn\u00e9. Destin\u00e9es \u00e0 d\u00e9corer l\u2019int\u00e9rieur ou l\u2019ext\u00e9rieur, elles peuvent \u00eatre con\u00e7ues en lampe \u00e9lectrique ou install\u00e9es simplement en photophore avec une bougie pour \u00e9clairer une douce nuit d\u2019\u00e9t\u00e9.<\/p>\n<p class=\"p1\">Destin\u00e9es \u00e0 d\u00e9corer votre int\u00e9rieur et lui donner une touche d\u2019originalit\u00e9, elles peuvent \u00eatre r\u00e9alis\u00e9es sur commande dans la couleur de terre de votre choix et personnalisables.<\/p>\n<\/div>\n<\/div>\n<\/div>\n","protected":false},"excerpt":{"rendered":"<p>Lampe en c\u00e9ramique ajour\u00e9e selon des motifs inspir\u00e9 du designer espagnol Fortuny ou de Venise.<\/p>\n<p>&nbsp;<\/p>\n","protected":false},"featured_media":2795,"comment_status":"open","ping_status":"closed","template":"","meta":{"_acf_changed":false},"product_brand":[],"product_cat":[32],"product_tag":[47,35],"class_list":{"0":"post-105","1":"product","2":"type-product","3":"status-publish","4":"has-post-thumbnail","6":"product_cat-collection-ajouree","7":"product_tag-ceramique","8":"product_tag-lampe","10":"first","11":"outofstock","12":"purchasable","13":"product-type-variable","14":"has-default-attributes"},"acf":[],"yoast_head":"<!-- This site is optimized with the Yoast SEO plugin v26.0 - https:\/\/yoast.com\/wordpress\/plugins\/seo\/ -->\n<title>Lampe photophore en c\u00e9ramique ajour\u00e9 - grand mod\u00e8le - ByManet<\/title>\n<meta name=\"description\" content=\"Grandes lampes ou photophore en c\u00e9ramique ajour\u00e9es \u00e0 la main pour une d\u00e9coration unique int\u00e9rieur ou ext\u00e9rieur.\" \/>\n<meta name=\"robots\" content=\"index, follow, max-snippet:-1, max-image-preview:large, max-video-preview:-1\" \/>\n<link rel=\"canonical\" href=\"https:\/\/bymanet.com\/en\/produit\/lampe-photophore-ajoure-ceramique\/\" \/>\n<meta property=\"og:locale\" content=\"en_US\" \/>\n<meta property=\"og:type\" content=\"article\" \/>\n<meta property=\"og:title\" content=\"Lampe photophore en c\u00e9ramique ajour\u00e9 - grand mod\u00e8le - ByManet\" \/>\n<meta property=\"og:description\" content=\"Grandes lampes ou photophore en c\u00e9ramique ajour\u00e9es \u00e0 la main pour une d\u00e9coration unique int\u00e9rieur ou ext\u00e9rieur.\" \/>\n<meta property=\"og:url\" content=\"https:\/\/bymanet.com\/en\/produit\/lampe-photophore-ajoure-ceramique\/\" \/>\n<meta property=\"og:site_name\" content=\"ByManet\" \/>\n<meta property=\"article:modified_time\" content=\"2024-05-21T07:54:37+00:00\" \/>\n<meta property=\"og:image\" content=\"https:\/\/bymanet.com\/wp-content\/uploads\/2020\/11\/Photophore-en-ceramique-noire-ajoure-Motif-Palazzo-5-By-Manet-BD-scaled.jpg\" \/>\n\t<meta property=\"og:image:width\" content=\"2560\" \/>\n\t<meta property=\"og:image:height\" content=\"1707\" \/>\n\t<meta property=\"og:image:type\" content=\"image\/jpeg\" \/>\n<meta name=\"twitter:card\" content=\"summary_large_image\" \/>\n<script type=\"application\/ld+json\" class=\"yoast-schema-graph\">{\"@context\":\"https:\/\/schema.org\",\"@graph\":[{\"@type\":\"WebPage\",\"@id\":\"https:\/\/bymanet.com\/en\/produit\/lampe-photophore-ajoure-ceramique\/\",\"url\":\"https:\/\/bymanet.com\/en\/produit\/lampe-photophore-ajoure-ceramique\/\",\"name\":\"Lampe photophore en c\u00e9ramique ajour\u00e9 - grand mod\u00e8le - ByManet\",\"isPartOf\":{\"@id\":\"https:\/\/bymanet.com\/en\/#website\"},\"primaryImageOfPage\":{\"@id\":\"https:\/\/bymanet.com\/en\/produit\/lampe-photophore-ajoure-ceramique\/#primaryimage\"},\"image\":{\"@id\":\"https:\/\/bymanet.com\/en\/produit\/lampe-photophore-ajoure-ceramique\/#primaryimage\"},\"thumbnailUrl\":\"https:\/\/bymanet.com\/wp-content\/uploads\/2020\/11\/Photophore-en-ceramique-noire-ajoure-Motif-Palazzo-5-By-Manet-BD-scaled.jpg\",\"datePublished\":\"2020-03-21T08:54:41+00:00\",\"dateModified\":\"2024-05-21T07:54:37+00:00\",\"description\":\"Grandes lampes ou photophore en c\u00e9ramique ajour\u00e9es \u00e0 la main pour une d\u00e9coration unique int\u00e9rieur ou ext\u00e9rieur.\",\"breadcrumb\":{\"@id\":\"https:\/\/bymanet.com\/en\/produit\/lampe-photophore-ajoure-ceramique\/#breadcrumb\"},\"inLanguage\":\"en-US\",\"potentialAction\":[{\"@type\":\"ReadAction\",\"target\":[\"https:\/\/bymanet.com\/en\/produit\/lampe-photophore-ajoure-ceramique\/\"]}]},{\"@type\":\"ImageObject\",\"inLanguage\":\"en-US\",\"@id\":\"https:\/\/bymanet.com\/en\/produit\/lampe-photophore-ajoure-ceramique\/#primaryimage\",\"url\":\"https:\/\/bymanet.com\/wp-content\/uploads\/2020\/11\/Photophore-en-ceramique-noire-ajoure-Motif-Palazzo-5-By-Manet-BD-scaled.jpg\",\"contentUrl\":\"https:\/\/bymanet.com\/wp-content\/uploads\/2020\/11\/Photophore-en-ceramique-noire-ajoure-Motif-Palazzo-5-By-Manet-BD-scaled.jpg\",\"width\":2560,\"height\":1707},{\"@type\":\"BreadcrumbList\",\"@id\":\"https:\/\/bymanet.com\/en\/produit\/lampe-photophore-ajoure-ceramique\/#breadcrumb\",\"itemListElement\":[{\"@type\":\"ListItem\",\"position\":1,\"name\":\"Accueil\",\"item\":\"https:\/\/bymanet.com\/en\/\"},{\"@type\":\"ListItem\",\"position\":2,\"name\":\"Shop\",\"item\":\"https:\/\/bymanet.com\/shop\/?lang=en\"},{\"@type\":\"ListItem\",\"position\":3,\"name\":\"Collection Ajour\u00e9e\",\"item\":\"https:\/\/bymanet.com\/en\/categorie-produit\/collection-ajouree\/\"},{\"@type\":\"ListItem\",\"position\":4,\"name\":\"Lampe photophore en c\u00e9ramique ajour\u00e9 &#8211; grand mod\u00e8le\"}]},{\"@type\":\"WebSite\",\"@id\":\"https:\/\/bymanet.com\/en\/#website\",\"url\":\"https:\/\/bymanet.com\/en\/\",\"name\":\"ByManet\",\"description\":\"Cr\u00e9ation de c\u00e9ramique et de bijoux design et contemporain \u00e0 Igny\",\"publisher\":{\"@id\":\"https:\/\/bymanet.com\/en\/#organization\"},\"potentialAction\":[{\"@type\":\"SearchAction\",\"target\":{\"@type\":\"EntryPoint\",\"urlTemplate\":\"https:\/\/bymanet.com\/en\/?s={search_term_string}\"},\"query-input\":{\"@type\":\"PropertyValueSpecification\",\"valueRequired\":true,\"valueName\":\"search_term_string\"}}],\"inLanguage\":\"en-US\"},{\"@type\":\"Organization\",\"@id\":\"https:\/\/bymanet.com\/en\/#organization\",\"name\":\"ByManet\",\"url\":\"https:\/\/bymanet.com\/en\/\",\"logo\":{\"@type\":\"ImageObject\",\"inLanguage\":\"en-US\",\"@id\":\"https:\/\/bymanet.com\/en\/#\/schema\/logo\/image\/\",\"url\":\"https:\/\/bymanet.com\/wp-content\/uploads\/2023\/02\/LOGO_BY_MANET-ai.svg\",\"contentUrl\":\"https:\/\/bymanet.com\/wp-content\/uploads\/2023\/02\/LOGO_BY_MANET-ai.svg\",\"caption\":\"ByManet\"},\"image\":{\"@id\":\"https:\/\/bymanet.com\/en\/#\/schema\/logo\/image\/\"}}]}<\/script>\n<!-- \/ Yoast SEO plugin. -->","yoast_head_json":{"title":"Lampe photophore en c\u00e9ramique ajour\u00e9 - grand mod\u00e8le - ByManet","description":"Grandes lampes ou photophore en c\u00e9ramique ajour\u00e9es \u00e0 la main pour une d\u00e9coration unique int\u00e9rieur ou ext\u00e9rieur.","robots":{"index":"index","follow":"follow","max-snippet":"max-snippet:-1","max-image-preview":"max-image-preview:large","max-video-preview":"max-video-preview:-1"},"canonical":"https:\/\/bymanet.com\/en\/produit\/lampe-photophore-ajoure-ceramique\/","og_locale":"en_US","og_type":"article","og_title":"Lampe photophore en c\u00e9ramique ajour\u00e9 - grand mod\u00e8le - ByManet","og_description":"Grandes lampes ou photophore en c\u00e9ramique ajour\u00e9es \u00e0 la main pour une d\u00e9coration unique int\u00e9rieur ou ext\u00e9rieur.","og_url":"https:\/\/bymanet.com\/en\/produit\/lampe-photophore-ajoure-ceramique\/","og_site_name":"ByManet","article_modified_time":"2024-05-21T07:54:37+00:00","og_image":[{"width":2560,"height":1707,"url":"https:\/\/bymanet.com\/wp-content\/uploads\/2020\/11\/Photophore-en-ceramique-noire-ajoure-Motif-Palazzo-5-By-Manet-BD-scaled.jpg","type":"image\/jpeg"}],"twitter_card":"summary_large_image","schema":{"@context":"https:\/\/schema.org","@graph":[{"@type":"WebPage","@id":"https:\/\/bymanet.com\/en\/produit\/lampe-photophore-ajoure-ceramique\/","url":"https:\/\/bymanet.com\/en\/produit\/lampe-photophore-ajoure-ceramique\/","name":"Lampe photophore en c\u00e9ramique ajour\u00e9 - grand mod\u00e8le - ByManet","isPartOf":{"@id":"https:\/\/bymanet.com\/en\/#website"},"primaryImageOfPage":{"@id":"https:\/\/bymanet.com\/en\/produit\/lampe-photophore-ajoure-ceramique\/#primaryimage"},"image":{"@id":"https:\/\/bymanet.com\/en\/produit\/lampe-photophore-ajoure-ceramique\/#primaryimage"},"thumbnailUrl":"https:\/\/bymanet.com\/wp-content\/uploads\/2020\/11\/Photophore-en-ceramique-noire-ajoure-Motif-Palazzo-5-By-Manet-BD-scaled.jpg","datePublished":"2020-03-21T08:54:41+00:00","dateModified":"2024-05-21T07:54:37+00:00","description":"Grandes lampes ou photophore en c\u00e9ramique ajour\u00e9es \u00e0 la main pour une d\u00e9coration unique int\u00e9rieur ou ext\u00e9rieur.","breadcrumb":{"@id":"https:\/\/bymanet.com\/en\/produit\/lampe-photophore-ajoure-ceramique\/#breadcrumb"},"inLanguage":"en-US","potentialAction":[{"@type":"ReadAction","target":["https:\/\/bymanet.com\/en\/produit\/lampe-photophore-ajoure-ceramique\/"]}]},{"@type":"ImageObject","inLanguage":"en-US","@id":"https:\/\/bymanet.com\/en\/produit\/lampe-photophore-ajoure-ceramique\/#primaryimage","url":"https:\/\/bymanet.com\/wp-content\/uploads\/2020\/11\/Photophore-en-ceramique-noire-ajoure-Motif-Palazzo-5-By-Manet-BD-scaled.jpg","contentUrl":"https:\/\/bymanet.com\/wp-content\/uploads\/2020\/11\/Photophore-en-ceramique-noire-ajoure-Motif-Palazzo-5-By-Manet-BD-scaled.jpg","width":2560,"height":1707},{"@type":"BreadcrumbList","@id":"https:\/\/bymanet.com\/en\/produit\/lampe-photophore-ajoure-ceramique\/#breadcrumb","itemListElement":[{"@type":"ListItem","position":1,"name":"Accueil","item":"https:\/\/bymanet.com\/en\/"},{"@type":"ListItem","position":2,"name":"Shop","item":"https:\/\/bymanet.com\/shop\/?lang=en"},{"@type":"ListItem","position":3,"name":"Collection Ajour\u00e9e","item":"https:\/\/bymanet.com\/en\/categorie-produit\/collection-ajouree\/"},{"@type":"ListItem","position":4,"name":"Lampe photophore en c\u00e9ramique ajour\u00e9 &#8211; grand mod\u00e8le"}]},{"@type":"WebSite","@id":"https:\/\/bymanet.com\/en\/#website","url":"https:\/\/bymanet.com\/en\/","name":"ByManet","description":"Cr\u00e9ation de c\u00e9ramique et de bijoux design et contemporain \u00e0 Igny","publisher":{"@id":"https:\/\/bymanet.com\/en\/#organization"},"potentialAction":[{"@type":"SearchAction","target":{"@type":"EntryPoint","urlTemplate":"https:\/\/bymanet.com\/en\/?s={search_term_string}"},"query-input":{"@type":"PropertyValueSpecification","valueRequired":true,"valueName":"search_term_string"}}],"inLanguage":"en-US"},{"@type":"Organization","@id":"https:\/\/bymanet.com\/en\/#organization","name":"ByManet","url":"https:\/\/bymanet.com\/en\/","logo":{"@type":"ImageObject","inLanguage":"en-US","@id":"https:\/\/bymanet.com\/en\/#\/schema\/logo\/image\/","url":"https:\/\/bymanet.com\/wp-content\/uploads\/2023\/02\/LOGO_BY_MANET-ai.svg","contentUrl":"https:\/\/bymanet.com\/wp-content\/uploads\/2023\/02\/LOGO_BY_MANET-ai.svg","caption":"ByManet"},"image":{"@id":"https:\/\/bymanet.com\/en\/#\/schema\/logo\/image\/"}}]}},"_links":{"self":[{"href":"https:\/\/bymanet.com\/en\/wp-json\/wp\/v2\/product\/105","targetHints":{"allow":["GET"]}}],"collection":[{"href":"https:\/\/bymanet.com\/en\/wp-json\/wp\/v2\/product"}],"about":[{"href":"https:\/\/bymanet.com\/en\/wp-json\/wp\/v2\/types\/product"}],"replies":[{"embeddable":true,"href":"https:\/\/bymanet.com\/en\/wp-json\/wp\/v2\/comments?post=105"}],"version-history":[{"count":0,"href":"https:\/\/bymanet.com\/en\/wp-json\/wp\/v2\/product\/105\/revisions"}],"wp:featuredmedia":[{"embeddable":true,"href":"https:\/\/bymanet.com\/en\/wp-json\/wp\/v2\/media\/2795"}],"wp:attachment":[{"href":"https:\/\/bymanet.com\/en\/wp-json\/wp\/v2\/media?parent=105"}],"wp:term":[{"taxonomy":"product_brand","embeddable":true,"href":"https:\/\/bymanet.com\/en\/wp-json\/wp\/v2\/product_brand?post=105"},{"taxonomy":"product_cat","embeddable":true,"href":"https:\/\/bymanet.com\/en\/wp-json\/wp\/v2\/product_cat?post=105"},{"taxonomy":"product_tag","embeddable":true,"href":"https:\/\/bymanet.com\/en\/wp-json\/wp\/v2\/product_tag?post=105"}],"curies":[{"name":"wp","href":"https:\/\/api.w.org\/{rel}","templated":true}]}}