{"id":1054,"date":"2020-04-08T20:03:59","date_gmt":"2020-04-08T18:03:59","guid":{"rendered":"https:\/\/bymanet-shop.fr\/?post_type=product&#038;p=1054"},"modified":"2024-05-21T09:54:35","modified_gmt":"2024-05-21T07:54:35","slug":"boucles-doreilles-ginkgo-plexiglas","status":"publish","type":"product","link":"https:\/\/bymanet.com\/en\/produit\/boucles-doreilles-ginkgo-plexiglas\/","title":{"rendered":"Boucles d&#8217;oreilles plexiglas &#8211; Ginkgo (\u00e0 l&#8217;unit\u00e9)"},"content":{"rendered":"<div class=\"elementor-element elementor-element-2106492a elementor-widget elementor-widget-heading animated fadeIn\" data-id=\"2106492a\" data-settings=\"{&quot;_animation&quot;:&quot;fadeIn&quot;}\">\n<div class=\"elementor-widget-container\">\n<h2 class=\"elementor-heading-title elementor-size-default\">Boucles d&#8217;oreilles plexiglas : Mod\u00e8le Feuilles de Ginkgo Biloba<\/h2>\n<\/div>\n<\/div>\n<div class=\"elementor-element elementor-element-c3a1114 elementor-widget elementor-widget-text-editor\" data-id=\"c3a1114\">\n<div class=\"elementor-widget-container\">\n<div class=\"elementor-text-editor elementor-clearfix\">\n<p>Sur du plexiglas je grave ces boucles d&#8217;oreilles plexiglas avec des burins m\u00e9talliques ces motifs stylis\u00e9s de feuille de Ginkgo. En incisant la surface, je cr\u00e9e un contraste de mati\u00e8re pour jouer avec la lumi\u00e8re qui r\u00e9v\u00e8le le motif. Avec leur large taille d&#8217;une \u00e9paisseur tr\u00e8s fine, ces boucles sont extr\u00eamement l\u00e9g\u00e8res et faciles \u00e0 porter car transparente et incolore.<\/p>\n<p>Discr\u00e8tes, subtiles et charmantes, elles seront l&#8217;accessoire indispensable \u00e0 n&#8217;importe quelle tenue pour des occasions chic ou d\u00e9contract\u00e9es.<\/p>\n<p>Le ginkgo (<em>Ginkgo biloba<\/em>), est surnomm\u00e9 l&#8217; &#8221; arbre aux 40 \u00e9cus &#8221; depuis qu&#8217;un riche amateur de Montpellier en a acquis un pied, en 1788, pour la somme, extravagante alors, de quarante \u00e9cus. Il s&#8217;appelle \u00e9galement &#8221; arbre des pagodes&#8221; et ses feuille qui deviennent jaune d&#8217;or \u00e0 l&#8217;automne poss\u00e8dent un extraordinaire caract\u00e8re ornemental. Les moines bouddhistes ont toujours v\u00e9n\u00e9r\u00e9 cette esp\u00e8ce en la plantant pr\u00e8s de leurs temples et pagodes afin d&#8217;\u00e9carter le feu. Le ginkgo est le seul \u00eatre vivant qui a r\u00e9sist\u00e9 \u00e0 l&#8217;explosion de la bombe atomique lanc\u00e9e sur Hiroshima lors de la seconde guerre mondiale.<\/p>\n<p>Pour prendre soin des boucles d&#8217;oreilles gingko, un tissu doux pour lunettes sera parfait. Il est important de bien les ranger s\u00e9par\u00e9ment dans leur petite pochette en papier recycl\u00e9 sur mesure.<br \/>\nDans le soucis de prendre soin de notre environnement, j&#8217;aime donner une seconde vie aux objets ou mati\u00e8res vou\u00e9s \u00e0 l&#8217;abandon. C&#8217;est une d\u00e9marche que vous retrouverez dans nombreux de mes projets.<\/p>\n<p>&nbsp;<\/p>\n<\/div>\n<p>\u00e9paisseur de 2 mm pour tous<\/p>\n<p>Grand mod\u00e8le : Diam\u00e8tre de 7 cm<\/p>\n<div class=\"elementor-text-editor elementor-clearfix\">\n<p>Moyen mod\u00e8le : Diam\u00e8tre de 5 cm<\/p>\n<\/div>\n<p>Petit Mod\u00e8le : Diam\u00e8tre 3.5 cm<\/p>\n<p>Rectangle : largeur : 4,5 cm &#8211; hauteur : 5 cm<\/p>\n<\/div>\n<\/div>\n","protected":false},"excerpt":{"rendered":"<p>Boucle d&#8217;oreilles en plexiglas, l\u00e9g\u00e8res, rondes ou rectangulaires, pour oreilles perc\u00e9es ou en clip. Il peut y avoir de l\u00e9g\u00e8res diff\u00e9rences d&#8217;orientation de la feuille entre la photo et les pi\u00e8ces que vous recevrez, c&#8217;est fait main \ud83d\ude09<\/p>\n<h2><strong>S\u00e9lectionnez deux mod\u00e8les similaires ou d\u00e9pareill\u00e9s pour constituer votre paire dans les menus d\u00e9roulants !!!<\/strong><\/h2>\n<p>Crochets d&#8217;oreilles en argent 925\/1000 anti-allergique (sans nickel), avec traitement anti-ternissement.<\/p>\n<p>\u00e9paisseur de 2 mm pour tous<\/p>\n<p>Grand mod\u00e8le : Diam\u00e8tre de 7 cm<\/p>\n<div class=\"elementor-text-editor elementor-clearfix\">\n<p>Moyen mod\u00e8le : Diam\u00e8tre de 5 cm<\/p>\n<\/div>\n<p>Petit Mod\u00e8le : Diam\u00e8tre 3.5 cm<\/p>\n","protected":false},"featured_media":1066,"comment_status":"open","ping_status":"closed","template":"","meta":{"_acf_changed":false},"product_brand":[],"product_cat":[48,49],"product_tag":[64,66],"class_list":{"0":"post-1054","1":"product","2":"type-product","3":"status-publish","4":"has-post-thumbnail","6":"product_cat-bijoux","7":"product_cat-collection-gravure","8":"product_tag-boucle-doreilles","9":"product_tag-gravure","11":"first","12":"onbackorder","13":"purchasable","14":"product-type-variable"},"acf":[],"yoast_head":"<!-- This site is optimized with the Yoast SEO plugin v26.0 - https:\/\/yoast.com\/wordpress\/plugins\/seo\/ -->\n<title>Boucles d&#039;oreilles plexiglas - Ginkgo (\u00e0 l&#039;unit\u00e9) - ByManet<\/title>\n<meta name=\"description\" content=\"Boucles d&#039;oreilles ginkgo en plexiglas transparent grav\u00e9 \u00e0 la main, un accessoire pour des occasions chic ou d\u00e9contract\u00e9es. Fleur d&#039;ombellif\u00e8res.\" \/>\n<meta name=\"robots\" content=\"index, follow, max-snippet:-1, max-image-preview:large, max-video-preview:-1\" \/>\n<link rel=\"canonical\" href=\"https:\/\/bymanet.com\/en\/produit\/boucles-doreilles-ginkgo-plexiglas\/\" \/>\n<meta property=\"og:locale\" content=\"en_US\" \/>\n<meta property=\"og:type\" content=\"article\" \/>\n<meta property=\"og:title\" content=\"Boucles d&#039;oreilles plexiglas - Ginkgo (\u00e0 l&#039;unit\u00e9) - ByManet\" \/>\n<meta property=\"og:description\" content=\"Boucles d&#039;oreilles ginkgo en plexiglas transparent grav\u00e9 \u00e0 la main, un accessoire pour des occasions chic ou d\u00e9contract\u00e9es. Fleur d&#039;ombellif\u00e8res.\" \/>\n<meta property=\"og:url\" content=\"https:\/\/bymanet.com\/en\/produit\/boucles-doreilles-ginkgo-plexiglas\/\" \/>\n<meta property=\"og:site_name\" content=\"ByManet\" \/>\n<meta property=\"article:modified_time\" content=\"2024-05-21T07:54:35+00:00\" \/>\n<meta property=\"og:image\" content=\"https:\/\/bymanet.com\/wp-content\/uploads\/2020\/04\/BOPLEXI-B-jingko-scaled.jpg\" \/>\n\t<meta property=\"og:image:width\" content=\"2560\" \/>\n\t<meta property=\"og:image:height\" content=\"1704\" \/>\n\t<meta property=\"og:image:type\" content=\"image\/jpeg\" \/>\n<meta name=\"twitter:card\" content=\"summary_large_image\" \/>\n<script type=\"application\/ld+json\" class=\"yoast-schema-graph\">{\"@context\":\"https:\/\/schema.org\",\"@graph\":[{\"@type\":\"WebPage\",\"@id\":\"https:\/\/bymanet.com\/en\/produit\/boucles-doreilles-ginkgo-plexiglas\/\",\"url\":\"https:\/\/bymanet.com\/en\/produit\/boucles-doreilles-ginkgo-plexiglas\/\",\"name\":\"Boucles d'oreilles plexiglas - Ginkgo (\u00e0 l'unit\u00e9) - ByManet\",\"isPartOf\":{\"@id\":\"https:\/\/bymanet.com\/en\/#website\"},\"primaryImageOfPage\":{\"@id\":\"https:\/\/bymanet.com\/en\/produit\/boucles-doreilles-ginkgo-plexiglas\/#primaryimage\"},\"image\":{\"@id\":\"https:\/\/bymanet.com\/en\/produit\/boucles-doreilles-ginkgo-plexiglas\/#primaryimage\"},\"thumbnailUrl\":\"https:\/\/bymanet.com\/wp-content\/uploads\/2020\/04\/BOPLEXI-B-jingko-scaled.jpg\",\"datePublished\":\"2020-04-08T18:03:59+00:00\",\"dateModified\":\"2024-05-21T07:54:35+00:00\",\"description\":\"Boucles d'oreilles ginkgo en plexiglas transparent grav\u00e9 \u00e0 la main, un accessoire pour des occasions chic ou d\u00e9contract\u00e9es. Fleur d'ombellif\u00e8res.\",\"breadcrumb\":{\"@id\":\"https:\/\/bymanet.com\/en\/produit\/boucles-doreilles-ginkgo-plexiglas\/#breadcrumb\"},\"inLanguage\":\"en-US\",\"potentialAction\":[{\"@type\":\"ReadAction\",\"target\":[\"https:\/\/bymanet.com\/en\/produit\/boucles-doreilles-ginkgo-plexiglas\/\"]}]},{\"@type\":\"ImageObject\",\"inLanguage\":\"en-US\",\"@id\":\"https:\/\/bymanet.com\/en\/produit\/boucles-doreilles-ginkgo-plexiglas\/#primaryimage\",\"url\":\"https:\/\/bymanet.com\/wp-content\/uploads\/2020\/04\/BOPLEXI-B-jingko-scaled.jpg\",\"contentUrl\":\"https:\/\/bymanet.com\/wp-content\/uploads\/2020\/04\/BOPLEXI-B-jingko-scaled.jpg\",\"width\":2560,\"height\":1704,\"caption\":\"Fille avec des boucle d'oreille en plexiglas transparent grav\u00e9 \u00e0 la main de feuille de Ginko\"},{\"@type\":\"BreadcrumbList\",\"@id\":\"https:\/\/bymanet.com\/en\/produit\/boucles-doreilles-ginkgo-plexiglas\/#breadcrumb\",\"itemListElement\":[{\"@type\":\"ListItem\",\"position\":1,\"name\":\"Accueil\",\"item\":\"https:\/\/bymanet.com\/en\/\"},{\"@type\":\"ListItem\",\"position\":2,\"name\":\"Shop\",\"item\":\"https:\/\/bymanet.com\/shop\/?lang=en\"},{\"@type\":\"ListItem\",\"position\":3,\"name\":\"Bijoux\",\"item\":\"https:\/\/bymanet.com\/en\/categorie-produit\/bijoux\/\"},{\"@type\":\"ListItem\",\"position\":4,\"name\":\"Boucles d&#8217;oreilles plexiglas &#8211; Ginkgo (\u00e0 l&#8217;unit\u00e9)\"}]},{\"@type\":\"WebSite\",\"@id\":\"https:\/\/bymanet.com\/en\/#website\",\"url\":\"https:\/\/bymanet.com\/en\/\",\"name\":\"ByManet\",\"description\":\"Cr\u00e9ation de c\u00e9ramique et de bijoux design et contemporain \u00e0 Igny\",\"publisher\":{\"@id\":\"https:\/\/bymanet.com\/en\/#organization\"},\"potentialAction\":[{\"@type\":\"SearchAction\",\"target\":{\"@type\":\"EntryPoint\",\"urlTemplate\":\"https:\/\/bymanet.com\/en\/?s={search_term_string}\"},\"query-input\":{\"@type\":\"PropertyValueSpecification\",\"valueRequired\":true,\"valueName\":\"search_term_string\"}}],\"inLanguage\":\"en-US\"},{\"@type\":\"Organization\",\"@id\":\"https:\/\/bymanet.com\/en\/#organization\",\"name\":\"ByManet\",\"url\":\"https:\/\/bymanet.com\/en\/\",\"logo\":{\"@type\":\"ImageObject\",\"inLanguage\":\"en-US\",\"@id\":\"https:\/\/bymanet.com\/en\/#\/schema\/logo\/image\/\",\"url\":\"https:\/\/bymanet.com\/wp-content\/uploads\/2023\/02\/LOGO_BY_MANET-ai.svg\",\"contentUrl\":\"https:\/\/bymanet.com\/wp-content\/uploads\/2023\/02\/LOGO_BY_MANET-ai.svg\",\"caption\":\"ByManet\"},\"image\":{\"@id\":\"https:\/\/bymanet.com\/en\/#\/schema\/logo\/image\/\"}}]}<\/script>\n<!-- \/ Yoast SEO plugin. -->","yoast_head_json":{"title":"Boucles d'oreilles plexiglas - Ginkgo (\u00e0 l'unit\u00e9) - ByManet","description":"Boucles d'oreilles ginkgo en plexiglas transparent grav\u00e9 \u00e0 la main, un accessoire pour des occasions chic ou d\u00e9contract\u00e9es. Fleur d'ombellif\u00e8res.","robots":{"index":"index","follow":"follow","max-snippet":"max-snippet:-1","max-image-preview":"max-image-preview:large","max-video-preview":"max-video-preview:-1"},"canonical":"https:\/\/bymanet.com\/en\/produit\/boucles-doreilles-ginkgo-plexiglas\/","og_locale":"en_US","og_type":"article","og_title":"Boucles d'oreilles plexiglas - Ginkgo (\u00e0 l'unit\u00e9) - ByManet","og_description":"Boucles d'oreilles ginkgo en plexiglas transparent grav\u00e9 \u00e0 la main, un accessoire pour des occasions chic ou d\u00e9contract\u00e9es. Fleur d'ombellif\u00e8res.","og_url":"https:\/\/bymanet.com\/en\/produit\/boucles-doreilles-ginkgo-plexiglas\/","og_site_name":"ByManet","article_modified_time":"2024-05-21T07:54:35+00:00","og_image":[{"width":2560,"height":1704,"url":"https:\/\/bymanet.com\/wp-content\/uploads\/2020\/04\/BOPLEXI-B-jingko-scaled.jpg","type":"image\/jpeg"}],"twitter_card":"summary_large_image","schema":{"@context":"https:\/\/schema.org","@graph":[{"@type":"WebPage","@id":"https:\/\/bymanet.com\/en\/produit\/boucles-doreilles-ginkgo-plexiglas\/","url":"https:\/\/bymanet.com\/en\/produit\/boucles-doreilles-ginkgo-plexiglas\/","name":"Boucles d'oreilles plexiglas - Ginkgo (\u00e0 l'unit\u00e9) - ByManet","isPartOf":{"@id":"https:\/\/bymanet.com\/en\/#website"},"primaryImageOfPage":{"@id":"https:\/\/bymanet.com\/en\/produit\/boucles-doreilles-ginkgo-plexiglas\/#primaryimage"},"image":{"@id":"https:\/\/bymanet.com\/en\/produit\/boucles-doreilles-ginkgo-plexiglas\/#primaryimage"},"thumbnailUrl":"https:\/\/bymanet.com\/wp-content\/uploads\/2020\/04\/BOPLEXI-B-jingko-scaled.jpg","datePublished":"2020-04-08T18:03:59+00:00","dateModified":"2024-05-21T07:54:35+00:00","description":"Boucles d'oreilles ginkgo en plexiglas transparent grav\u00e9 \u00e0 la main, un accessoire pour des occasions chic ou d\u00e9contract\u00e9es. Fleur d'ombellif\u00e8res.","breadcrumb":{"@id":"https:\/\/bymanet.com\/en\/produit\/boucles-doreilles-ginkgo-plexiglas\/#breadcrumb"},"inLanguage":"en-US","potentialAction":[{"@type":"ReadAction","target":["https:\/\/bymanet.com\/en\/produit\/boucles-doreilles-ginkgo-plexiglas\/"]}]},{"@type":"ImageObject","inLanguage":"en-US","@id":"https:\/\/bymanet.com\/en\/produit\/boucles-doreilles-ginkgo-plexiglas\/#primaryimage","url":"https:\/\/bymanet.com\/wp-content\/uploads\/2020\/04\/BOPLEXI-B-jingko-scaled.jpg","contentUrl":"https:\/\/bymanet.com\/wp-content\/uploads\/2020\/04\/BOPLEXI-B-jingko-scaled.jpg","width":2560,"height":1704,"caption":"Fille avec des boucle d'oreille en plexiglas transparent grav\u00e9 \u00e0 la main de feuille de Ginko"},{"@type":"BreadcrumbList","@id":"https:\/\/bymanet.com\/en\/produit\/boucles-doreilles-ginkgo-plexiglas\/#breadcrumb","itemListElement":[{"@type":"ListItem","position":1,"name":"Accueil","item":"https:\/\/bymanet.com\/en\/"},{"@type":"ListItem","position":2,"name":"Shop","item":"https:\/\/bymanet.com\/shop\/?lang=en"},{"@type":"ListItem","position":3,"name":"Bijoux","item":"https:\/\/bymanet.com\/en\/categorie-produit\/bijoux\/"},{"@type":"ListItem","position":4,"name":"Boucles d&#8217;oreilles plexiglas &#8211; Ginkgo (\u00e0 l&#8217;unit\u00e9)"}]},{"@type":"WebSite","@id":"https:\/\/bymanet.com\/en\/#website","url":"https:\/\/bymanet.com\/en\/","name":"ByManet","description":"Cr\u00e9ation de c\u00e9ramique et de bijoux design et contemporain \u00e0 Igny","publisher":{"@id":"https:\/\/bymanet.com\/en\/#organization"},"potentialAction":[{"@type":"SearchAction","target":{"@type":"EntryPoint","urlTemplate":"https:\/\/bymanet.com\/en\/?s={search_term_string}"},"query-input":{"@type":"PropertyValueSpecification","valueRequired":true,"valueName":"search_term_string"}}],"inLanguage":"en-US"},{"@type":"Organization","@id":"https:\/\/bymanet.com\/en\/#organization","name":"ByManet","url":"https:\/\/bymanet.com\/en\/","logo":{"@type":"ImageObject","inLanguage":"en-US","@id":"https:\/\/bymanet.com\/en\/#\/schema\/logo\/image\/","url":"https:\/\/bymanet.com\/wp-content\/uploads\/2023\/02\/LOGO_BY_MANET-ai.svg","contentUrl":"https:\/\/bymanet.com\/wp-content\/uploads\/2023\/02\/LOGO_BY_MANET-ai.svg","caption":"ByManet"},"image":{"@id":"https:\/\/bymanet.com\/en\/#\/schema\/logo\/image\/"}}]}},"_links":{"self":[{"href":"https:\/\/bymanet.com\/en\/wp-json\/wp\/v2\/product\/1054","targetHints":{"allow":["GET"]}}],"collection":[{"href":"https:\/\/bymanet.com\/en\/wp-json\/wp\/v2\/product"}],"about":[{"href":"https:\/\/bymanet.com\/en\/wp-json\/wp\/v2\/types\/product"}],"replies":[{"embeddable":true,"href":"https:\/\/bymanet.com\/en\/wp-json\/wp\/v2\/comments?post=1054"}],"version-history":[{"count":0,"href":"https:\/\/bymanet.com\/en\/wp-json\/wp\/v2\/product\/1054\/revisions"}],"wp:featuredmedia":[{"embeddable":true,"href":"https:\/\/bymanet.com\/en\/wp-json\/wp\/v2\/media\/1066"}],"wp:attachment":[{"href":"https:\/\/bymanet.com\/en\/wp-json\/wp\/v2\/media?parent=1054"}],"wp:term":[{"taxonomy":"product_brand","embeddable":true,"href":"https:\/\/bymanet.com\/en\/wp-json\/wp\/v2\/product_brand?post=1054"},{"taxonomy":"product_cat","embeddable":true,"href":"https:\/\/bymanet.com\/en\/wp-json\/wp\/v2\/product_cat?post=1054"},{"taxonomy":"product_tag","embeddable":true,"href":"https:\/\/bymanet.com\/en\/wp-json\/wp\/v2\/product_tag?post=1054"}],"curies":[{"name":"wp","href":"https:\/\/api.w.org\/{rel}","templated":true}]}}