{"id":1401,"date":"2020-04-10T14:17:12","date_gmt":"2020-04-10T12:17:12","guid":{"rendered":"https:\/\/bymanet-shop.fr\/?post_type=product&#038;p=1401"},"modified":"2025-02-13T12:56:57","modified_gmt":"2025-02-13T11:56:57","slug":"stage-et-cours-de-ceramique-sur-mesure","status":"publish","type":"product","link":"https:\/\/bymanet.com\/en\/produit\/stage-et-cours-de-ceramique-sur-mesure\/","title":{"rendered":"Cour de c\u00e9ramique individuel sur mesure"},"content":{"rendered":"<p>Vous souhaitez vivre une exp\u00e9rience cr\u00e9ative unique ou offrir un cadeau originale ? Apprendre les secrets de la c\u00e9ramique et parfaire vos connaissances ? Venez d\u00e9couvrir les gestes de base ou vous perfectionner \u00e0 la c\u00e9ramique dans mon atelier d\u2019artiste \u00e0 Igny dans l\u2019Essonne (proche de Massy et du RER C). Cette formule ne comprend pas la technique de tournage. Pour cela, il existe une autre formule de cours de tournage en individuel ! Il est \u00e9galement possible de faire du modelage et du tournage \u00e0 deux avec cette formule duo<strong> :<\/strong> une personne tourne pendant que l&#8217;autre travail la terre manuellement.<\/p>\n<p>L&#8217;intention de ce cours en individuel est que je vous accompagne dans la r\u00e9alisation de votre propre projet tout en continuant mon travail personnel parall\u00e8lement. L&#8217;id\u00e9al est d&#8217;avoir un peu d&#8217;exp\u00e9rience mais les d\u00e9butants motiv\u00e9s sont les bienvenus aussi \ud83d\ude09 Vous pourrez\u00a0 apprendre et perfectionner les diff\u00e9rentes techniques artisanales li\u00e9es au monde de la c\u00e9ramique comme le modelage (pinc\u00e9), le colombin et la plaque ou tout autre technique manuelle qui vous tente (sauf tournage et moulage). comme la gravure ou l&#8217;ajourage.<\/p>\n<p>A partir de 2h il vous est possible de modeler une cr\u00e9ation.<\/p>\n<p>Les formules de plus de 3h seront compartiment\u00e9es et r\u00e9parties sur une semaine ou plus suivant les besoins et les emploies du temps !<\/p>\n<p>Pour prendre rdv contactez moi par mail ou t\u00e9l\u00e9phone et nous trouveront ensemble un moment . Ces cours sur mesure se font pr\u00e9f\u00e9rablement dans la semaine \ud83d\ude42<\/p>\n<p>Le mat\u00e9riel, les mati\u00e8res premi\u00e8res, les outils et les cuissons sont inclus<\/p>\n","protected":false},"excerpt":{"rendered":"<p><b>Cours sur mesure<\/b><br \/>\n(Le mat\u00e9riel, les mati\u00e8res premi\u00e8res, les outils et les cuissons sont inclus).<\/p>\n<p>Pour toute demande sur mesure n&#8217;h\u00e9sitez pas \u00e0 contacter Emmanuelle directement : ceramique@bymanet.com ou au 06.12.01.79.37<\/p>\n","protected":false},"featured_media":3569,"comment_status":"open","ping_status":"closed","template":"","meta":{"_acf_changed":false},"product_brand":[],"product_cat":[57],"product_tag":[],"class_list":{"0":"post-1401","1":"product","2":"type-product","3":"status-publish","4":"has-post-thumbnail","6":"product_cat-cours","8":"first","9":"instock","10":"purchasable","11":"product-type-variable","12":"has-default-attributes"},"acf":[],"yoast_head":"<!-- This site is optimized with the Yoast SEO plugin v26.0 - https:\/\/yoast.com\/wordpress\/plugins\/seo\/ -->\n<title>Cour de c\u00e9ramique individuel sur mesure - ByManet<\/title>\n<meta name=\"description\" content=\"Stages et cours de c\u00e9ramique sure mesure \u00e0 Igny dans l&#039;Essonne. Se faire plaisir et prendre confiance en ses capacit\u00e9s artistiques lors d&#039;une exp\u00e9rience unique.\" \/>\n<meta name=\"robots\" content=\"index, follow, max-snippet:-1, max-image-preview:large, max-video-preview:-1\" \/>\n<link rel=\"canonical\" href=\"https:\/\/bymanet.com\/en\/produit\/stage-et-cours-de-ceramique-sur-mesure\/\" \/>\n<meta property=\"og:locale\" content=\"en_US\" \/>\n<meta property=\"og:type\" content=\"article\" \/>\n<meta property=\"og:title\" content=\"Cour de c\u00e9ramique individuel sur mesure - ByManet\" \/>\n<meta property=\"og:description\" content=\"Stages et cours de c\u00e9ramique sure mesure \u00e0 Igny dans l&#039;Essonne. Se faire plaisir et prendre confiance en ses capacit\u00e9s artistiques lors d&#039;une exp\u00e9rience unique.\" \/>\n<meta property=\"og:url\" content=\"https:\/\/bymanet.com\/en\/produit\/stage-et-cours-de-ceramique-sur-mesure\/\" \/>\n<meta property=\"og:site_name\" content=\"ByManet\" \/>\n<meta property=\"article:modified_time\" content=\"2025-02-13T11:56:57+00:00\" \/>\n<meta property=\"og:image\" content=\"https:\/\/bymanet.com\/wp-content\/uploads\/2020\/04\/cours-de-ceramique-atelier-By-Manet-2bis-BD.jpg\" \/>\n\t<meta property=\"og:image:width\" content=\"1620\" \/>\n\t<meta property=\"og:image:height\" content=\"1080\" \/>\n\t<meta property=\"og:image:type\" content=\"image\/jpeg\" \/>\n<meta name=\"twitter:card\" content=\"summary_large_image\" \/>\n<script type=\"application\/ld+json\" class=\"yoast-schema-graph\">{\"@context\":\"https:\/\/schema.org\",\"@graph\":[{\"@type\":\"WebPage\",\"@id\":\"https:\/\/bymanet.com\/en\/produit\/stage-et-cours-de-ceramique-sur-mesure\/\",\"url\":\"https:\/\/bymanet.com\/en\/produit\/stage-et-cours-de-ceramique-sur-mesure\/\",\"name\":\"Cour de c\u00e9ramique individuel sur mesure - ByManet\",\"isPartOf\":{\"@id\":\"https:\/\/bymanet.com\/en\/#website\"},\"primaryImageOfPage\":{\"@id\":\"https:\/\/bymanet.com\/en\/produit\/stage-et-cours-de-ceramique-sur-mesure\/#primaryimage\"},\"image\":{\"@id\":\"https:\/\/bymanet.com\/en\/produit\/stage-et-cours-de-ceramique-sur-mesure\/#primaryimage\"},\"thumbnailUrl\":\"https:\/\/bymanet.com\/wp-content\/uploads\/2020\/04\/cours-de-ceramique-atelier-By-Manet-2bis-BD.jpg\",\"datePublished\":\"2020-04-10T12:17:12+00:00\",\"dateModified\":\"2025-02-13T11:56:57+00:00\",\"description\":\"Stages et cours de c\u00e9ramique sure mesure \u00e0 Igny dans l'Essonne. Se faire plaisir et prendre confiance en ses capacit\u00e9s artistiques lors d'une exp\u00e9rience unique.\",\"breadcrumb\":{\"@id\":\"https:\/\/bymanet.com\/en\/produit\/stage-et-cours-de-ceramique-sur-mesure\/#breadcrumb\"},\"inLanguage\":\"en-US\",\"potentialAction\":[{\"@type\":\"ReadAction\",\"target\":[\"https:\/\/bymanet.com\/en\/produit\/stage-et-cours-de-ceramique-sur-mesure\/\"]}]},{\"@type\":\"ImageObject\",\"inLanguage\":\"en-US\",\"@id\":\"https:\/\/bymanet.com\/en\/produit\/stage-et-cours-de-ceramique-sur-mesure\/#primaryimage\",\"url\":\"https:\/\/bymanet.com\/wp-content\/uploads\/2020\/04\/cours-de-ceramique-atelier-By-Manet-2bis-BD.jpg\",\"contentUrl\":\"https:\/\/bymanet.com\/wp-content\/uploads\/2020\/04\/cours-de-ceramique-atelier-By-Manet-2bis-BD.jpg\",\"width\":1620,\"height\":1080,\"caption\":\"cours et stage de c\u00e9ramique \u00e0 l'atelier By Manet\"},{\"@type\":\"BreadcrumbList\",\"@id\":\"https:\/\/bymanet.com\/en\/produit\/stage-et-cours-de-ceramique-sur-mesure\/#breadcrumb\",\"itemListElement\":[{\"@type\":\"ListItem\",\"position\":1,\"name\":\"Accueil\",\"item\":\"https:\/\/bymanet.com\/en\/\"},{\"@type\":\"ListItem\",\"position\":2,\"name\":\"Shop\",\"item\":\"https:\/\/bymanet.com\/shop\/?lang=en\"},{\"@type\":\"ListItem\",\"position\":3,\"name\":\"Courses\",\"item\":\"https:\/\/bymanet.com\/en\/categorie-produit\/courses\/\"},{\"@type\":\"ListItem\",\"position\":4,\"name\":\"Cour de c\u00e9ramique individuel sur mesure\"}]},{\"@type\":\"WebSite\",\"@id\":\"https:\/\/bymanet.com\/en\/#website\",\"url\":\"https:\/\/bymanet.com\/en\/\",\"name\":\"ByManet\",\"description\":\"Cr\u00e9ation de c\u00e9ramique et de bijoux design et contemporain \u00e0 Igny\",\"publisher\":{\"@id\":\"https:\/\/bymanet.com\/en\/#organization\"},\"potentialAction\":[{\"@type\":\"SearchAction\",\"target\":{\"@type\":\"EntryPoint\",\"urlTemplate\":\"https:\/\/bymanet.com\/en\/?s={search_term_string}\"},\"query-input\":{\"@type\":\"PropertyValueSpecification\",\"valueRequired\":true,\"valueName\":\"search_term_string\"}}],\"inLanguage\":\"en-US\"},{\"@type\":\"Organization\",\"@id\":\"https:\/\/bymanet.com\/en\/#organization\",\"name\":\"ByManet\",\"url\":\"https:\/\/bymanet.com\/en\/\",\"logo\":{\"@type\":\"ImageObject\",\"inLanguage\":\"en-US\",\"@id\":\"https:\/\/bymanet.com\/en\/#\/schema\/logo\/image\/\",\"url\":\"https:\/\/bymanet.com\/wp-content\/uploads\/2023\/02\/LOGO_BY_MANET-ai.svg\",\"contentUrl\":\"https:\/\/bymanet.com\/wp-content\/uploads\/2023\/02\/LOGO_BY_MANET-ai.svg\",\"caption\":\"ByManet\"},\"image\":{\"@id\":\"https:\/\/bymanet.com\/en\/#\/schema\/logo\/image\/\"}}]}<\/script>\n<!-- \/ Yoast SEO plugin. -->","yoast_head_json":{"title":"Cour de c\u00e9ramique individuel sur mesure - ByManet","description":"Stages et cours de c\u00e9ramique sure mesure \u00e0 Igny dans l'Essonne. Se faire plaisir et prendre confiance en ses capacit\u00e9s artistiques lors d'une exp\u00e9rience unique.","robots":{"index":"index","follow":"follow","max-snippet":"max-snippet:-1","max-image-preview":"max-image-preview:large","max-video-preview":"max-video-preview:-1"},"canonical":"https:\/\/bymanet.com\/en\/produit\/stage-et-cours-de-ceramique-sur-mesure\/","og_locale":"en_US","og_type":"article","og_title":"Cour de c\u00e9ramique individuel sur mesure - ByManet","og_description":"Stages et cours de c\u00e9ramique sure mesure \u00e0 Igny dans l'Essonne. Se faire plaisir et prendre confiance en ses capacit\u00e9s artistiques lors d'une exp\u00e9rience unique.","og_url":"https:\/\/bymanet.com\/en\/produit\/stage-et-cours-de-ceramique-sur-mesure\/","og_site_name":"ByManet","article_modified_time":"2025-02-13T11:56:57+00:00","og_image":[{"width":1620,"height":1080,"url":"https:\/\/bymanet.com\/wp-content\/uploads\/2020\/04\/cours-de-ceramique-atelier-By-Manet-2bis-BD.jpg","type":"image\/jpeg"}],"twitter_card":"summary_large_image","schema":{"@context":"https:\/\/schema.org","@graph":[{"@type":"WebPage","@id":"https:\/\/bymanet.com\/en\/produit\/stage-et-cours-de-ceramique-sur-mesure\/","url":"https:\/\/bymanet.com\/en\/produit\/stage-et-cours-de-ceramique-sur-mesure\/","name":"Cour de c\u00e9ramique individuel sur mesure - ByManet","isPartOf":{"@id":"https:\/\/bymanet.com\/en\/#website"},"primaryImageOfPage":{"@id":"https:\/\/bymanet.com\/en\/produit\/stage-et-cours-de-ceramique-sur-mesure\/#primaryimage"},"image":{"@id":"https:\/\/bymanet.com\/en\/produit\/stage-et-cours-de-ceramique-sur-mesure\/#primaryimage"},"thumbnailUrl":"https:\/\/bymanet.com\/wp-content\/uploads\/2020\/04\/cours-de-ceramique-atelier-By-Manet-2bis-BD.jpg","datePublished":"2020-04-10T12:17:12+00:00","dateModified":"2025-02-13T11:56:57+00:00","description":"Stages et cours de c\u00e9ramique sure mesure \u00e0 Igny dans l'Essonne. Se faire plaisir et prendre confiance en ses capacit\u00e9s artistiques lors d'une exp\u00e9rience unique.","breadcrumb":{"@id":"https:\/\/bymanet.com\/en\/produit\/stage-et-cours-de-ceramique-sur-mesure\/#breadcrumb"},"inLanguage":"en-US","potentialAction":[{"@type":"ReadAction","target":["https:\/\/bymanet.com\/en\/produit\/stage-et-cours-de-ceramique-sur-mesure\/"]}]},{"@type":"ImageObject","inLanguage":"en-US","@id":"https:\/\/bymanet.com\/en\/produit\/stage-et-cours-de-ceramique-sur-mesure\/#primaryimage","url":"https:\/\/bymanet.com\/wp-content\/uploads\/2020\/04\/cours-de-ceramique-atelier-By-Manet-2bis-BD.jpg","contentUrl":"https:\/\/bymanet.com\/wp-content\/uploads\/2020\/04\/cours-de-ceramique-atelier-By-Manet-2bis-BD.jpg","width":1620,"height":1080,"caption":"cours et stage de c\u00e9ramique \u00e0 l'atelier By Manet"},{"@type":"BreadcrumbList","@id":"https:\/\/bymanet.com\/en\/produit\/stage-et-cours-de-ceramique-sur-mesure\/#breadcrumb","itemListElement":[{"@type":"ListItem","position":1,"name":"Accueil","item":"https:\/\/bymanet.com\/en\/"},{"@type":"ListItem","position":2,"name":"Shop","item":"https:\/\/bymanet.com\/shop\/?lang=en"},{"@type":"ListItem","position":3,"name":"Courses","item":"https:\/\/bymanet.com\/en\/categorie-produit\/courses\/"},{"@type":"ListItem","position":4,"name":"Cour de c\u00e9ramique individuel sur mesure"}]},{"@type":"WebSite","@id":"https:\/\/bymanet.com\/en\/#website","url":"https:\/\/bymanet.com\/en\/","name":"ByManet","description":"Cr\u00e9ation de c\u00e9ramique et de bijoux design et contemporain \u00e0 Igny","publisher":{"@id":"https:\/\/bymanet.com\/en\/#organization"},"potentialAction":[{"@type":"SearchAction","target":{"@type":"EntryPoint","urlTemplate":"https:\/\/bymanet.com\/en\/?s={search_term_string}"},"query-input":{"@type":"PropertyValueSpecification","valueRequired":true,"valueName":"search_term_string"}}],"inLanguage":"en-US"},{"@type":"Organization","@id":"https:\/\/bymanet.com\/en\/#organization","name":"ByManet","url":"https:\/\/bymanet.com\/en\/","logo":{"@type":"ImageObject","inLanguage":"en-US","@id":"https:\/\/bymanet.com\/en\/#\/schema\/logo\/image\/","url":"https:\/\/bymanet.com\/wp-content\/uploads\/2023\/02\/LOGO_BY_MANET-ai.svg","contentUrl":"https:\/\/bymanet.com\/wp-content\/uploads\/2023\/02\/LOGO_BY_MANET-ai.svg","caption":"ByManet"},"image":{"@id":"https:\/\/bymanet.com\/en\/#\/schema\/logo\/image\/"}}]}},"_links":{"self":[{"href":"https:\/\/bymanet.com\/en\/wp-json\/wp\/v2\/product\/1401","targetHints":{"allow":["GET"]}}],"collection":[{"href":"https:\/\/bymanet.com\/en\/wp-json\/wp\/v2\/product"}],"about":[{"href":"https:\/\/bymanet.com\/en\/wp-json\/wp\/v2\/types\/product"}],"replies":[{"embeddable":true,"href":"https:\/\/bymanet.com\/en\/wp-json\/wp\/v2\/comments?post=1401"}],"version-history":[{"count":0,"href":"https:\/\/bymanet.com\/en\/wp-json\/wp\/v2\/product\/1401\/revisions"}],"wp:featuredmedia":[{"embeddable":true,"href":"https:\/\/bymanet.com\/en\/wp-json\/wp\/v2\/media\/3569"}],"wp:attachment":[{"href":"https:\/\/bymanet.com\/en\/wp-json\/wp\/v2\/media?parent=1401"}],"wp:term":[{"taxonomy":"product_brand","embeddable":true,"href":"https:\/\/bymanet.com\/en\/wp-json\/wp\/v2\/product_brand?post=1401"},{"taxonomy":"product_cat","embeddable":true,"href":"https:\/\/bymanet.com\/en\/wp-json\/wp\/v2\/product_cat?post=1401"},{"taxonomy":"product_tag","embeddable":true,"href":"https:\/\/bymanet.com\/en\/wp-json\/wp\/v2\/product_tag?post=1401"}],"curies":[{"name":"wp","href":"https:\/\/api.w.org\/{rel}","templated":true}]}}