{"id":1411,"date":"2020-04-10T14:57:09","date_gmt":"2020-04-10T12:57:09","guid":{"rendered":"https:\/\/bymanet-shop.fr\/?post_type=product&#038;p=1411"},"modified":"2024-05-21T09:54:32","modified_gmt":"2024-05-21T07:54:32","slug":"vases-en-porcelaine-et-verres-souffle","status":"publish","type":"product","link":"https:\/\/bymanet.com\/en\/produit\/vases-en-porcelaine-et-verres-souffle\/","title":{"rendered":"Vases en porcelaine et verres souffl\u00e9 bouche"},"content":{"rendered":"<div class=\"elementor-element elementor-element-6e280330 elementor-widget elementor-widget-heading animated fadeIn\" data-id=\"6e280330\" data-settings=\"{&quot;_animation&quot;:&quot;fadeIn&quot;}\">\n<div class=\"elementor-widget-container\">\n<h1 class=\"elementor-heading-title elementor-size-default\">VASE EN PORCELAINE ET EN VERRE SOUFFL\u00c9<\/h1>\n<\/div>\n<\/div>\n<div class=\"elementor-element elementor-element-740525f elementor-widget elementor-widget-text-editor\" data-id=\"740525f\">\n<div class=\"elementor-widget-container\">\n<div class=\"elementor-text-editor elementor-clearfix\">\n<p>Vase en porcelaine et verre souffl\u00e9.<\/p>\n<h3>Collection terre et Verre<\/h3>\n<p>Dans ma Collection Terre et Verre, l\u2019\u00e9mail s\u2019\u00e9vanouit de la surface de l\u2019argile, remplac\u00e9 par une v\u00e9ritable pi\u00e8ce en verre, chin\u00e9e ou r\u00e9cup\u00e9r\u00e9e. Misent \u00e0 nue, le gr\u00e8s ou la porcelaine brute expriment leurs multiples nuances ; le verre quant \u00e0 lui r\u00e9v\u00e8le sa transparence et sa finesse, n\u2019\u00e9tant plus d\u00e9pendant de la terre.<\/p>\n<p>En partant d\u2019un \u00e9l\u00e9ment d\u00e9j\u00e0 fabriqu\u00e9, je lutte contre la consommation abusive\u00a0: une \u00e9tape de fabrication est supprim\u00e9e et le besoin en nouvelle mati\u00e8re est r\u00e9duit. La forme particuli\u00e8re du verre m\u2019inspire pour trouver le prolongement en terre qui va la compl\u00e9ter. La pi\u00e8ce en verre aux dimensions sp\u00e9cifiques va rena\u00eetre gr\u00e2ce \u00e0 l\u2019action manuelle du tournage. Cette technique c\u00e9ramique artisanale qui compl\u00e8te l\u2019objet, lui redonne du sens, une seconde vie \u00e0 la personnalit\u00e9 unique.<\/p>\n<p>Par exemple, les lampes \u00e0 huile n\u2019ont plus d\u2019usage aujourd\u2019hui. A partir de leurs verres qui n\u2019ont plus d\u2019utilit\u00e9, je leur invente une nouvelle histoire et les transmutes dans une nouvelle fonction. La chemin\u00e9e en verre qui prot\u00e9geait la flamme du vent devient le tuteur des fleurs du vase.<\/p>\n<h3><strong>Technique et mati\u00e8re<\/strong><\/h3>\n<p>Cette collection comprend trois sortes d\u2019objets \u00e0 la fois d\u00e9coratifs et utiles\u00a0: des pots de fleurs (arrosant les plantes par capillarit\u00e9), des vases (soliflores) et des boites. Je souhaite un jour mettre en place un partenariat avec un souffleur de verre pour r\u00e9aliser des lampes associant ces deux mati\u00e8res si compl\u00e9mentaires et contrast\u00e9es.<\/p>\n<p>Chaque pi\u00e8ce en verre ayant un diam\u00e8tre unique, une tr\u00e8s grande pr\u00e9cision est de rigueur dans la r\u00e9alisation de l\u2019extension en terre. En effet, chaque argile poss\u00e8de un taux de r\u00e9tractation sp\u00e9cifique \u00e0 prendre en compte. C\u2019est \u00e0 l\u2019\u00e9tape du tournassage que la pr\u00e9cision doit \u00eatre la plus rigoureuse dans la r\u00e9alisation de la rigole qui va contenir la colle ou du profil qui va stabiliser le verre.<\/p>\n<p>Les pi\u00e8ces c\u00e9ramique et verre sont assembl\u00e9es par collage mais peuvent \u00e9galement suivant leur typologie rester amovible pour faciliter la manipulation ou l&#8217;entretient.<\/p>\n<p>R\u00e9alis\u00e9e dans une logique \u00e9co-responsable, la remise en valeur de l\u2019objet d\u00e9suet est li\u00e9e \u00e0 une conception design artisanale contemporaine.<\/p>\n<\/div>\n<\/div>\n<\/div>\n","protected":false},"excerpt":{"rendered":"<p>Vase en porcelaine et verre souffl\u00e9 bouche.<\/p>\n","protected":false},"featured_media":1425,"comment_status":"open","ping_status":"closed","template":"","meta":{"_acf_changed":false},"product_brand":[],"product_cat":[145,31],"product_tag":[56],"class_list":{"0":"post-1411","1":"product","2":"type-product","3":"status-publish","4":"has-post-thumbnail","6":"product_cat-vases","7":"product_cat-collection-terre-et-verre","8":"product_tag-boite","10":"first","11":"instock","12":"sold-individually","13":"purchasable","14":"product-type-variable"},"acf":[],"yoast_head":"<!-- This site is optimized with the Yoast SEO plugin v26.0 - https:\/\/yoast.com\/wordpress\/plugins\/seo\/ -->\n<title>Vases en porcelaine et verres souffl\u00e9 bouche - ByManet<\/title>\n<meta name=\"description\" content=\"Vase en porcelaine et verre souffl\u00e9. Pi\u00e8ce unique en c\u00e9ramique faite \u00e0 la main pour donner une nouvelle vie \u00e0 des objets en verre.\" \/>\n<meta name=\"robots\" content=\"index, follow, max-snippet:-1, max-image-preview:large, max-video-preview:-1\" \/>\n<link rel=\"canonical\" href=\"https:\/\/bymanet.com\/en\/produit\/vases-en-porcelaine-et-verres-souffle\/\" \/>\n<meta property=\"og:locale\" content=\"en_US\" \/>\n<meta property=\"og:type\" content=\"article\" \/>\n<meta property=\"og:title\" content=\"Vases en porcelaine et verres souffl\u00e9 bouche - ByManet\" \/>\n<meta property=\"og:description\" content=\"Vase en porcelaine et verre souffl\u00e9. Pi\u00e8ce unique en c\u00e9ramique faite \u00e0 la main pour donner une nouvelle vie \u00e0 des objets en verre.\" \/>\n<meta property=\"og:url\" content=\"https:\/\/bymanet.com\/en\/produit\/vases-en-porcelaine-et-verres-souffle\/\" \/>\n<meta property=\"og:site_name\" content=\"ByManet\" \/>\n<meta property=\"article:modified_time\" content=\"2024-05-21T07:54:32+00:00\" \/>\n<meta property=\"og:image\" content=\"https:\/\/bymanet.com\/wp-content\/uploads\/2020\/04\/Vase-7-a-en-porcelaine-sur-verre-\u00e0-pied-soufl\u00e9-\u00a9Manuel-Dos-Reis-BY-MANET-scaled.jpg\" \/>\n\t<meta property=\"og:image:width\" content=\"2560\" \/>\n\t<meta property=\"og:image:height\" content=\"1704\" \/>\n\t<meta property=\"og:image:type\" content=\"image\/jpeg\" \/>\n<meta name=\"twitter:card\" content=\"summary_large_image\" \/>\n<script type=\"application\/ld+json\" class=\"yoast-schema-graph\">{\"@context\":\"https:\/\/schema.org\",\"@graph\":[{\"@type\":\"WebPage\",\"@id\":\"https:\/\/bymanet.com\/en\/produit\/vases-en-porcelaine-et-verres-souffle\/\",\"url\":\"https:\/\/bymanet.com\/en\/produit\/vases-en-porcelaine-et-verres-souffle\/\",\"name\":\"Vases en porcelaine et verres souffl\u00e9 bouche - ByManet\",\"isPartOf\":{\"@id\":\"https:\/\/bymanet.com\/en\/#website\"},\"primaryImageOfPage\":{\"@id\":\"https:\/\/bymanet.com\/en\/produit\/vases-en-porcelaine-et-verres-souffle\/#primaryimage\"},\"image\":{\"@id\":\"https:\/\/bymanet.com\/en\/produit\/vases-en-porcelaine-et-verres-souffle\/#primaryimage\"},\"thumbnailUrl\":\"https:\/\/bymanet.com\/wp-content\/uploads\/2020\/04\/Vase-7-a-en-porcelaine-sur-verre-\u00e0-pied-soufl\u00e9-\u00a9Manuel-Dos-Reis-BY-MANET-scaled.jpg\",\"datePublished\":\"2020-04-10T12:57:09+00:00\",\"dateModified\":\"2024-05-21T07:54:32+00:00\",\"description\":\"Vase en porcelaine et verre souffl\u00e9. Pi\u00e8ce unique en c\u00e9ramique faite \u00e0 la main pour donner une nouvelle vie \u00e0 des objets en verre.\",\"breadcrumb\":{\"@id\":\"https:\/\/bymanet.com\/en\/produit\/vases-en-porcelaine-et-verres-souffle\/#breadcrumb\"},\"inLanguage\":\"en-US\",\"potentialAction\":[{\"@type\":\"ReadAction\",\"target\":[\"https:\/\/bymanet.com\/en\/produit\/vases-en-porcelaine-et-verres-souffle\/\"]}]},{\"@type\":\"ImageObject\",\"inLanguage\":\"en-US\",\"@id\":\"https:\/\/bymanet.com\/en\/produit\/vases-en-porcelaine-et-verres-souffle\/#primaryimage\",\"url\":\"https:\/\/bymanet.com\/wp-content\/uploads\/2020\/04\/Vase-7-a-en-porcelaine-sur-verre-\u00e0-pied-soufl\u00e9-\u00a9Manuel-Dos-Reis-BY-MANET-scaled.jpg\",\"contentUrl\":\"https:\/\/bymanet.com\/wp-content\/uploads\/2020\/04\/Vase-7-a-en-porcelaine-sur-verre-\u00e0-pied-soufl\u00e9-\u00a9Manuel-Dos-Reis-BY-MANET-scaled.jpg\",\"width\":2560,\"height\":1704,\"caption\":\"Vase en porcelaine et en verre souffl\u00e9 avec fleur\"},{\"@type\":\"BreadcrumbList\",\"@id\":\"https:\/\/bymanet.com\/en\/produit\/vases-en-porcelaine-et-verres-souffle\/#breadcrumb\",\"itemListElement\":[{\"@type\":\"ListItem\",\"position\":1,\"name\":\"Accueil\",\"item\":\"https:\/\/bymanet.com\/en\/\"},{\"@type\":\"ListItem\",\"position\":2,\"name\":\"Shop\",\"item\":\"https:\/\/bymanet.com\/shop\/?lang=en\"},{\"@type\":\"ListItem\",\"position\":3,\"name\":\"Vases\",\"item\":\"https:\/\/bymanet.com\/en\/categorie-produit\/vases\/\"},{\"@type\":\"ListItem\",\"position\":4,\"name\":\"Vases en porcelaine et verres souffl\u00e9 bouche\"}]},{\"@type\":\"WebSite\",\"@id\":\"https:\/\/bymanet.com\/en\/#website\",\"url\":\"https:\/\/bymanet.com\/en\/\",\"name\":\"ByManet\",\"description\":\"Cr\u00e9ation de c\u00e9ramique et de bijoux design et contemporain \u00e0 Igny\",\"publisher\":{\"@id\":\"https:\/\/bymanet.com\/en\/#organization\"},\"potentialAction\":[{\"@type\":\"SearchAction\",\"target\":{\"@type\":\"EntryPoint\",\"urlTemplate\":\"https:\/\/bymanet.com\/en\/?s={search_term_string}\"},\"query-input\":{\"@type\":\"PropertyValueSpecification\",\"valueRequired\":true,\"valueName\":\"search_term_string\"}}],\"inLanguage\":\"en-US\"},{\"@type\":\"Organization\",\"@id\":\"https:\/\/bymanet.com\/en\/#organization\",\"name\":\"ByManet\",\"url\":\"https:\/\/bymanet.com\/en\/\",\"logo\":{\"@type\":\"ImageObject\",\"inLanguage\":\"en-US\",\"@id\":\"https:\/\/bymanet.com\/en\/#\/schema\/logo\/image\/\",\"url\":\"https:\/\/bymanet.com\/wp-content\/uploads\/2023\/02\/LOGO_BY_MANET-ai.svg\",\"contentUrl\":\"https:\/\/bymanet.com\/wp-content\/uploads\/2023\/02\/LOGO_BY_MANET-ai.svg\",\"caption\":\"ByManet\"},\"image\":{\"@id\":\"https:\/\/bymanet.com\/en\/#\/schema\/logo\/image\/\"}}]}<\/script>\n<!-- \/ Yoast SEO plugin. -->","yoast_head_json":{"title":"Vases en porcelaine et verres souffl\u00e9 bouche - ByManet","description":"Vase en porcelaine et verre souffl\u00e9. Pi\u00e8ce unique en c\u00e9ramique faite \u00e0 la main pour donner une nouvelle vie \u00e0 des objets en verre.","robots":{"index":"index","follow":"follow","max-snippet":"max-snippet:-1","max-image-preview":"max-image-preview:large","max-video-preview":"max-video-preview:-1"},"canonical":"https:\/\/bymanet.com\/en\/produit\/vases-en-porcelaine-et-verres-souffle\/","og_locale":"en_US","og_type":"article","og_title":"Vases en porcelaine et verres souffl\u00e9 bouche - ByManet","og_description":"Vase en porcelaine et verre souffl\u00e9. Pi\u00e8ce unique en c\u00e9ramique faite \u00e0 la main pour donner une nouvelle vie \u00e0 des objets en verre.","og_url":"https:\/\/bymanet.com\/en\/produit\/vases-en-porcelaine-et-verres-souffle\/","og_site_name":"ByManet","article_modified_time":"2024-05-21T07:54:32+00:00","og_image":[{"width":2560,"height":1704,"url":"https:\/\/bymanet.com\/wp-content\/uploads\/2020\/04\/Vase-7-a-en-porcelaine-sur-verre-\u00e0-pied-soufl\u00e9-\u00a9Manuel-Dos-Reis-BY-MANET-scaled.jpg","type":"image\/jpeg"}],"twitter_card":"summary_large_image","schema":{"@context":"https:\/\/schema.org","@graph":[{"@type":"WebPage","@id":"https:\/\/bymanet.com\/en\/produit\/vases-en-porcelaine-et-verres-souffle\/","url":"https:\/\/bymanet.com\/en\/produit\/vases-en-porcelaine-et-verres-souffle\/","name":"Vases en porcelaine et verres souffl\u00e9 bouche - ByManet","isPartOf":{"@id":"https:\/\/bymanet.com\/en\/#website"},"primaryImageOfPage":{"@id":"https:\/\/bymanet.com\/en\/produit\/vases-en-porcelaine-et-verres-souffle\/#primaryimage"},"image":{"@id":"https:\/\/bymanet.com\/en\/produit\/vases-en-porcelaine-et-verres-souffle\/#primaryimage"},"thumbnailUrl":"https:\/\/bymanet.com\/wp-content\/uploads\/2020\/04\/Vase-7-a-en-porcelaine-sur-verre-\u00e0-pied-soufl\u00e9-\u00a9Manuel-Dos-Reis-BY-MANET-scaled.jpg","datePublished":"2020-04-10T12:57:09+00:00","dateModified":"2024-05-21T07:54:32+00:00","description":"Vase en porcelaine et verre souffl\u00e9. Pi\u00e8ce unique en c\u00e9ramique faite \u00e0 la main pour donner une nouvelle vie \u00e0 des objets en verre.","breadcrumb":{"@id":"https:\/\/bymanet.com\/en\/produit\/vases-en-porcelaine-et-verres-souffle\/#breadcrumb"},"inLanguage":"en-US","potentialAction":[{"@type":"ReadAction","target":["https:\/\/bymanet.com\/en\/produit\/vases-en-porcelaine-et-verres-souffle\/"]}]},{"@type":"ImageObject","inLanguage":"en-US","@id":"https:\/\/bymanet.com\/en\/produit\/vases-en-porcelaine-et-verres-souffle\/#primaryimage","url":"https:\/\/bymanet.com\/wp-content\/uploads\/2020\/04\/Vase-7-a-en-porcelaine-sur-verre-\u00e0-pied-soufl\u00e9-\u00a9Manuel-Dos-Reis-BY-MANET-scaled.jpg","contentUrl":"https:\/\/bymanet.com\/wp-content\/uploads\/2020\/04\/Vase-7-a-en-porcelaine-sur-verre-\u00e0-pied-soufl\u00e9-\u00a9Manuel-Dos-Reis-BY-MANET-scaled.jpg","width":2560,"height":1704,"caption":"Vase en porcelaine et en verre souffl\u00e9 avec fleur"},{"@type":"BreadcrumbList","@id":"https:\/\/bymanet.com\/en\/produit\/vases-en-porcelaine-et-verres-souffle\/#breadcrumb","itemListElement":[{"@type":"ListItem","position":1,"name":"Accueil","item":"https:\/\/bymanet.com\/en\/"},{"@type":"ListItem","position":2,"name":"Shop","item":"https:\/\/bymanet.com\/shop\/?lang=en"},{"@type":"ListItem","position":3,"name":"Vases","item":"https:\/\/bymanet.com\/en\/categorie-produit\/vases\/"},{"@type":"ListItem","position":4,"name":"Vases en porcelaine et verres souffl\u00e9 bouche"}]},{"@type":"WebSite","@id":"https:\/\/bymanet.com\/en\/#website","url":"https:\/\/bymanet.com\/en\/","name":"ByManet","description":"Cr\u00e9ation de c\u00e9ramique et de bijoux design et contemporain \u00e0 Igny","publisher":{"@id":"https:\/\/bymanet.com\/en\/#organization"},"potentialAction":[{"@type":"SearchAction","target":{"@type":"EntryPoint","urlTemplate":"https:\/\/bymanet.com\/en\/?s={search_term_string}"},"query-input":{"@type":"PropertyValueSpecification","valueRequired":true,"valueName":"search_term_string"}}],"inLanguage":"en-US"},{"@type":"Organization","@id":"https:\/\/bymanet.com\/en\/#organization","name":"ByManet","url":"https:\/\/bymanet.com\/en\/","logo":{"@type":"ImageObject","inLanguage":"en-US","@id":"https:\/\/bymanet.com\/en\/#\/schema\/logo\/image\/","url":"https:\/\/bymanet.com\/wp-content\/uploads\/2023\/02\/LOGO_BY_MANET-ai.svg","contentUrl":"https:\/\/bymanet.com\/wp-content\/uploads\/2023\/02\/LOGO_BY_MANET-ai.svg","caption":"ByManet"},"image":{"@id":"https:\/\/bymanet.com\/en\/#\/schema\/logo\/image\/"}}]}},"_links":{"self":[{"href":"https:\/\/bymanet.com\/en\/wp-json\/wp\/v2\/product\/1411","targetHints":{"allow":["GET"]}}],"collection":[{"href":"https:\/\/bymanet.com\/en\/wp-json\/wp\/v2\/product"}],"about":[{"href":"https:\/\/bymanet.com\/en\/wp-json\/wp\/v2\/types\/product"}],"replies":[{"embeddable":true,"href":"https:\/\/bymanet.com\/en\/wp-json\/wp\/v2\/comments?post=1411"}],"version-history":[{"count":0,"href":"https:\/\/bymanet.com\/en\/wp-json\/wp\/v2\/product\/1411\/revisions"}],"wp:featuredmedia":[{"embeddable":true,"href":"https:\/\/bymanet.com\/en\/wp-json\/wp\/v2\/media\/1425"}],"wp:attachment":[{"href":"https:\/\/bymanet.com\/en\/wp-json\/wp\/v2\/media?parent=1411"}],"wp:term":[{"taxonomy":"product_brand","embeddable":true,"href":"https:\/\/bymanet.com\/en\/wp-json\/wp\/v2\/product_brand?post=1411"},{"taxonomy":"product_cat","embeddable":true,"href":"https:\/\/bymanet.com\/en\/wp-json\/wp\/v2\/product_cat?post=1411"},{"taxonomy":"product_tag","embeddable":true,"href":"https:\/\/bymanet.com\/en\/wp-json\/wp\/v2\/product_tag?post=1411"}],"curies":[{"name":"wp","href":"https:\/\/api.w.org\/{rel}","templated":true}]}}