{"id":14582,"date":"2025-06-18T15:30:44","date_gmt":"2025-06-18T13:30:44","guid":{"rendered":"https:\/\/bymanet.com\/produit\/ceramic-workshops-at-ateliers-de-la-cour-roland\/"},"modified":"2025-06-18T15:30:44","modified_gmt":"2025-06-18T13:30:44","slug":"ceramics-courses","status":"publish","type":"product","link":"https:\/\/bymanet.com\/en\/produit\/ceramics-courses\/","title":{"rendered":"Ceramic workshops at Ateliers de la Cour Roland"},"content":{"rendered":"<p>These ceramics workshops at Ateliers de la Cour Roland are held in Jouy-en-Josas. They focus on different ceramic themes over 1, 2, 3 or 5 days. Registration is by <a href=\"https:\/\/ateliers-cour-roland.asso.fr\/infos-pratiques\/\" target=\"_blank\" rel=\"noopener\">telephone or e-mail<\/a> only.  <\/p>\n<p>Click on the links below for a description of each course.<\/p>\n<p><strong>Workshops with Emmanuelle Musset :  <\/strong><\/p>\n<p><a href=\"https:\/\/drive.google.com\/file\/d\/1q20jgnf6YVTDdIn7C6nqZ6lI2GtDsgOw\/view?usp=drive_link\" target=\"_blank\" rel=\"noopener\">Shooting<\/a>: February 23 to 27 (5 days) &#8211; April 20 to 21 (2 days) &#8211; April 22 to 24 (3 days) &#8211; June 29 to July 3 (5 days)<\/p>\n<p><a href=\"https:\/\/drive.google.com\/file\/d\/1w7BZ6rxuog40C8xMxZZgwA4ao63z5La9\/view?usp=drive_link\" target=\"_blank\" rel=\"noopener\">Sets<\/a>: January 25<\/p>\n<p><a href=\"https:\/\/drive.google.com\/file\/d\/1ZtlW-sFk8ZuyDljoIzZtMtFY9v3RiL85\/view?usp=drive_link\" target=\"_blank\" rel=\"noopener\">Enamelling<\/a>: February 15<\/p>\n<p>&nbsp;<\/p>\n<p><strong>Workshops with Paolo Iori :<\/strong><\/p>\n<p><a href=\"https:\/\/drive.google.com\/file\/d\/11qDjhZSO4ksV7Yn2cZXV33wNiE35hL9W\/view?usp=drive_link\" target=\"_blank\" rel=\"noopener\">Plaster casting<\/a>: October 22 to 24, 2025<\/p>\n<p><a href=\"https:\/\/drive.google.com\/file\/d\/1BLO03mcs-PEJPk60vNgBvSfMRDt6vsDA\/view?usp=drive_link\" target=\"_blank\" rel=\"noopener\">Barbotine<\/a>: October 25 to 26, 2025<\/p>\n<p>&nbsp;<\/p>\n<p><a href=\"https:\/\/ateliers-cour-roland.asso.fr\/inscriptions\/\" target=\"_blank\" rel=\"noopener\">Details and prices on the Ateliers de la Cour Roland website<\/a>.<\/p>\n<p>&nbsp;<\/p>\n","protected":false},"excerpt":{"rendered":"<p>Registrations can only be made with the Cour Roland secretariat <a href=\"https:\/\/ateliers-cour-roland.asso.fr\/infos-pratiques\/\">by telephone or e-mail.<\/a><\/p>\n<p><a href=\"https:\/\/ateliers-cour-roland.asso.fr\/inscriptions\/\">Details and prices on the Ateliers de la Cour Roland website<\/a>.<\/p>\n","protected":false},"featured_media":14516,"comment_status":"open","ping_status":"closed","template":"","meta":{"_acf_changed":false},"product_brand":[],"product_cat":[173],"product_tag":[],"class_list":{"0":"post-14582","1":"product","2":"type-product","3":"status-publish","4":"has-post-thumbnail","6":"product_cat-courses","8":"first","9":"instock","10":"virtual","11":"purchasable","12":"product-type-simple"},"acf":[],"yoast_head":"<!-- This site is optimized with the Yoast SEO plugin v26.0 - https:\/\/yoast.com\/wordpress\/plugins\/seo\/ -->\n<title>Ceramic workshops at Ateliers de la Cour Roland - ByManet<\/title>\n<meta name=\"description\" content=\"Ceramics courses at the Cour Roland workshops, including throwing, plastering, decorating and enameling, to introduce you to and learn techniques.\" \/>\n<meta name=\"robots\" content=\"index, follow, max-snippet:-1, max-image-preview:large, max-video-preview:-1\" \/>\n<link rel=\"canonical\" href=\"https:\/\/bymanet.com\/en\/produit\/ceramics-courses\/\" \/>\n<meta property=\"og:locale\" content=\"en_US\" \/>\n<meta property=\"og:type\" content=\"article\" \/>\n<meta property=\"og:title\" content=\"Ceramic workshops at Ateliers de la Cour Roland - ByManet\" \/>\n<meta property=\"og:description\" content=\"Ceramics courses at the Cour Roland workshops, including throwing, plastering, decorating and enameling, to introduce you to and learn techniques.\" \/>\n<meta property=\"og:url\" content=\"https:\/\/bymanet.com\/en\/produit\/ceramics-courses\/\" \/>\n<meta property=\"og:site_name\" content=\"ByManet\" \/>\n<meta property=\"og:image\" content=\"https:\/\/bymanet.com\/wp-content\/uploads\/2025\/06\/Photo-tournage-eleve-BD-rotated.jpg\" \/>\n\t<meta property=\"og:image:width\" content=\"1080\" \/>\n\t<meta property=\"og:image:height\" content=\"1920\" \/>\n\t<meta property=\"og:image:type\" content=\"image\/jpeg\" \/>\n<meta name=\"twitter:card\" content=\"summary_large_image\" \/>\n<script type=\"application\/ld+json\" class=\"yoast-schema-graph\">{\"@context\":\"https:\/\/schema.org\",\"@graph\":[{\"@type\":\"WebPage\",\"@id\":\"https:\/\/bymanet.com\/en\/produit\/ceramics-courses\/\",\"url\":\"https:\/\/bymanet.com\/en\/produit\/ceramics-courses\/\",\"name\":\"Ceramic workshops at Ateliers de la Cour Roland - ByManet\",\"isPartOf\":{\"@id\":\"https:\/\/bymanet.com\/en\/#website\"},\"primaryImageOfPage\":{\"@id\":\"https:\/\/bymanet.com\/en\/produit\/ceramics-courses\/#primaryimage\"},\"image\":{\"@id\":\"https:\/\/bymanet.com\/en\/produit\/ceramics-courses\/#primaryimage\"},\"thumbnailUrl\":\"https:\/\/bymanet.com\/wp-content\/uploads\/2025\/06\/Photo-tournage-eleve-BD-rotated.jpg\",\"datePublished\":\"2025-06-18T13:30:44+00:00\",\"description\":\"Ceramics courses at the Cour Roland workshops, including throwing, plastering, decorating and enameling, to introduce you to and learn techniques.\",\"breadcrumb\":{\"@id\":\"https:\/\/bymanet.com\/en\/produit\/ceramics-courses\/#breadcrumb\"},\"inLanguage\":\"en-US\",\"potentialAction\":[{\"@type\":\"ReadAction\",\"target\":[\"https:\/\/bymanet.com\/en\/produit\/ceramics-courses\/\"]}]},{\"@type\":\"ImageObject\",\"inLanguage\":\"en-US\",\"@id\":\"https:\/\/bymanet.com\/en\/produit\/ceramics-courses\/#primaryimage\",\"url\":\"https:\/\/bymanet.com\/wp-content\/uploads\/2025\/06\/Photo-tournage-eleve-BD-rotated.jpg\",\"contentUrl\":\"https:\/\/bymanet.com\/wp-content\/uploads\/2025\/06\/Photo-tournage-eleve-BD-rotated.jpg\",\"width\":1080,\"height\":1920,\"caption\":\"pottery throwing\"},{\"@type\":\"BreadcrumbList\",\"@id\":\"https:\/\/bymanet.com\/en\/produit\/ceramics-courses\/#breadcrumb\",\"itemListElement\":[{\"@type\":\"ListItem\",\"position\":1,\"name\":\"Accueil\",\"item\":\"https:\/\/bymanet.com\/en\/\"},{\"@type\":\"ListItem\",\"position\":2,\"name\":\"Shop\",\"item\":\"https:\/\/bymanet.com\/shop\/?lang=en\"},{\"@type\":\"ListItem\",\"position\":3,\"name\":\"Ceramic workshops at Ateliers de la Cour Roland\"}]},{\"@type\":\"WebSite\",\"@id\":\"https:\/\/bymanet.com\/en\/#website\",\"url\":\"https:\/\/bymanet.com\/en\/\",\"name\":\"ByManet\",\"description\":\"Cr\u00e9ation de c\u00e9ramique et de bijoux design et contemporain \u00e0 Igny\",\"publisher\":{\"@id\":\"https:\/\/bymanet.com\/en\/#organization\"},\"potentialAction\":[{\"@type\":\"SearchAction\",\"target\":{\"@type\":\"EntryPoint\",\"urlTemplate\":\"https:\/\/bymanet.com\/en\/?s={search_term_string}\"},\"query-input\":{\"@type\":\"PropertyValueSpecification\",\"valueRequired\":true,\"valueName\":\"search_term_string\"}}],\"inLanguage\":\"en-US\"},{\"@type\":\"Organization\",\"@id\":\"https:\/\/bymanet.com\/en\/#organization\",\"name\":\"ByManet\",\"url\":\"https:\/\/bymanet.com\/en\/\",\"logo\":{\"@type\":\"ImageObject\",\"inLanguage\":\"en-US\",\"@id\":\"https:\/\/bymanet.com\/en\/#\/schema\/logo\/image\/\",\"url\":\"https:\/\/bymanet.com\/wp-content\/uploads\/2023\/02\/LOGO_BY_MANET-ai.svg\",\"contentUrl\":\"https:\/\/bymanet.com\/wp-content\/uploads\/2023\/02\/LOGO_BY_MANET-ai.svg\",\"caption\":\"ByManet\"},\"image\":{\"@id\":\"https:\/\/bymanet.com\/en\/#\/schema\/logo\/image\/\"}}]}<\/script>\n<!-- \/ Yoast SEO plugin. -->","yoast_head_json":{"title":"Ceramic workshops at Ateliers de la Cour Roland - ByManet","description":"Ceramics courses at the Cour Roland workshops, including throwing, plastering, decorating and enameling, to introduce you to and learn techniques.","robots":{"index":"index","follow":"follow","max-snippet":"max-snippet:-1","max-image-preview":"max-image-preview:large","max-video-preview":"max-video-preview:-1"},"canonical":"https:\/\/bymanet.com\/en\/produit\/ceramics-courses\/","og_locale":"en_US","og_type":"article","og_title":"Ceramic workshops at Ateliers de la Cour Roland - ByManet","og_description":"Ceramics courses at the Cour Roland workshops, including throwing, plastering, decorating and enameling, to introduce you to and learn techniques.","og_url":"https:\/\/bymanet.com\/en\/produit\/ceramics-courses\/","og_site_name":"ByManet","og_image":[{"width":1080,"height":1920,"url":"https:\/\/bymanet.com\/wp-content\/uploads\/2025\/06\/Photo-tournage-eleve-BD-rotated.jpg","type":"image\/jpeg"}],"twitter_card":"summary_large_image","schema":{"@context":"https:\/\/schema.org","@graph":[{"@type":"WebPage","@id":"https:\/\/bymanet.com\/en\/produit\/ceramics-courses\/","url":"https:\/\/bymanet.com\/en\/produit\/ceramics-courses\/","name":"Ceramic workshops at Ateliers de la Cour Roland - ByManet","isPartOf":{"@id":"https:\/\/bymanet.com\/en\/#website"},"primaryImageOfPage":{"@id":"https:\/\/bymanet.com\/en\/produit\/ceramics-courses\/#primaryimage"},"image":{"@id":"https:\/\/bymanet.com\/en\/produit\/ceramics-courses\/#primaryimage"},"thumbnailUrl":"https:\/\/bymanet.com\/wp-content\/uploads\/2025\/06\/Photo-tournage-eleve-BD-rotated.jpg","datePublished":"2025-06-18T13:30:44+00:00","description":"Ceramics courses at the Cour Roland workshops, including throwing, plastering, decorating and enameling, to introduce you to and learn techniques.","breadcrumb":{"@id":"https:\/\/bymanet.com\/en\/produit\/ceramics-courses\/#breadcrumb"},"inLanguage":"en-US","potentialAction":[{"@type":"ReadAction","target":["https:\/\/bymanet.com\/en\/produit\/ceramics-courses\/"]}]},{"@type":"ImageObject","inLanguage":"en-US","@id":"https:\/\/bymanet.com\/en\/produit\/ceramics-courses\/#primaryimage","url":"https:\/\/bymanet.com\/wp-content\/uploads\/2025\/06\/Photo-tournage-eleve-BD-rotated.jpg","contentUrl":"https:\/\/bymanet.com\/wp-content\/uploads\/2025\/06\/Photo-tournage-eleve-BD-rotated.jpg","width":1080,"height":1920,"caption":"pottery throwing"},{"@type":"BreadcrumbList","@id":"https:\/\/bymanet.com\/en\/produit\/ceramics-courses\/#breadcrumb","itemListElement":[{"@type":"ListItem","position":1,"name":"Accueil","item":"https:\/\/bymanet.com\/en\/"},{"@type":"ListItem","position":2,"name":"Shop","item":"https:\/\/bymanet.com\/shop\/?lang=en"},{"@type":"ListItem","position":3,"name":"Ceramic workshops at Ateliers de la Cour Roland"}]},{"@type":"WebSite","@id":"https:\/\/bymanet.com\/en\/#website","url":"https:\/\/bymanet.com\/en\/","name":"ByManet","description":"Cr\u00e9ation de c\u00e9ramique et de bijoux design et contemporain \u00e0 Igny","publisher":{"@id":"https:\/\/bymanet.com\/en\/#organization"},"potentialAction":[{"@type":"SearchAction","target":{"@type":"EntryPoint","urlTemplate":"https:\/\/bymanet.com\/en\/?s={search_term_string}"},"query-input":{"@type":"PropertyValueSpecification","valueRequired":true,"valueName":"search_term_string"}}],"inLanguage":"en-US"},{"@type":"Organization","@id":"https:\/\/bymanet.com\/en\/#organization","name":"ByManet","url":"https:\/\/bymanet.com\/en\/","logo":{"@type":"ImageObject","inLanguage":"en-US","@id":"https:\/\/bymanet.com\/en\/#\/schema\/logo\/image\/","url":"https:\/\/bymanet.com\/wp-content\/uploads\/2023\/02\/LOGO_BY_MANET-ai.svg","contentUrl":"https:\/\/bymanet.com\/wp-content\/uploads\/2023\/02\/LOGO_BY_MANET-ai.svg","caption":"ByManet"},"image":{"@id":"https:\/\/bymanet.com\/en\/#\/schema\/logo\/image\/"}}]}},"_links":{"self":[{"href":"https:\/\/bymanet.com\/en\/wp-json\/wp\/v2\/product\/14582","targetHints":{"allow":["GET"]}}],"collection":[{"href":"https:\/\/bymanet.com\/en\/wp-json\/wp\/v2\/product"}],"about":[{"href":"https:\/\/bymanet.com\/en\/wp-json\/wp\/v2\/types\/product"}],"replies":[{"embeddable":true,"href":"https:\/\/bymanet.com\/en\/wp-json\/wp\/v2\/comments?post=14582"}],"version-history":[{"count":0,"href":"https:\/\/bymanet.com\/en\/wp-json\/wp\/v2\/product\/14582\/revisions"}],"wp:featuredmedia":[{"embeddable":true,"href":"https:\/\/bymanet.com\/en\/wp-json\/wp\/v2\/media\/14516"}],"wp:attachment":[{"href":"https:\/\/bymanet.com\/en\/wp-json\/wp\/v2\/media?parent=14582"}],"wp:term":[{"taxonomy":"product_brand","embeddable":true,"href":"https:\/\/bymanet.com\/en\/wp-json\/wp\/v2\/product_brand?post=14582"},{"taxonomy":"product_cat","embeddable":true,"href":"https:\/\/bymanet.com\/en\/wp-json\/wp\/v2\/product_cat?post=14582"},{"taxonomy":"product_tag","embeddable":true,"href":"https:\/\/bymanet.com\/en\/wp-json\/wp\/v2\/product_tag?post=14582"}],"curies":[{"name":"wp","href":"https:\/\/api.w.org\/{rel}","templated":true}]}}