{"id":14645,"date":"2023-01-07T20:49:47","date_gmt":"2023-01-07T19:49:47","guid":{"rendered":"https:\/\/bymanet.com\/produit\/small-sculptural-dinner-service-4-pieces\/"},"modified":"2026-02-19T12:09:34","modified_gmt":"2026-02-19T11:09:34","slug":"small-sculptural-dinner-service-4-pieces","status":"publish","type":"product","link":"https:\/\/bymanet.com\/en\/produit\/small-sculptural-dinner-service-4-pieces\/","title":{"rendered":"Breakfast set, 6 pieces"},"content":{"rendered":"<h1 class=\"mb-3 text-2xl font-semibold leading-tight\"><span class=\"font-semibold\">\ud83c\udf73 Breakfast dinner service &#8211; A sculpture for your morning table<\/span><\/h1>\n<p class=\"mb-3 text-base leading-relaxed\">Discover this <span class=\"font-semibold\">breakfast set<\/span> from the Service <span class=\"font-semibold\">Totem<\/span> collection : a 6-piece set (2 plates + 4 bowls) designed for <span class=\"font-semibold\">two people<\/span>, which transforms into a <span class=\"font-semibold\">decorative sculpture<\/span> once assembled. This set combines <span class=\"font-semibold\">everyday functionality with artistic aesthetics<\/span>, for a morning moment that&#8217;s both practical and poetic. <\/p>\n<h2 class=\"mb-3 text-xl font-semibold leading-tight\">\ud83c\udfa8 A glazed <span class=\"font-semibold\">stoneware <\/span><span class=\"font-semibold\">breakfast set <\/span><\/h2>\n<p class=\"mb-3 text-base leading-relaxed\">This <span class=\"font-semibold\">breakfast set<\/span> is the <span class=\"font-semibold\">first Totem to be entirely glazed in cast stoneware<\/span> &#8211; this handcrafted technique gives it a <span class=\"font-semibold\">smooth, resistant and elegant finish<\/span>. Perfect for everyday use, it is just as suitable for a solo breakfast as for a shared moment. <\/p>\n<h2 class=\"mb-3 text-xl font-semibold leading-tight\">\ud83c\udf08 <span class=\"font-semibold\">A set of soft colors, to customize as you wish<\/span><\/h2>\n<p class=\"mb-3 text-base leading-relaxed\">Choose between <span class=\"font-semibold\">one or two colors<\/span>:<br \/>\n\u2705 <span class=\"font-semibold\">Speckled and soft<\/span>, they harmonise or clash with delicacy, creating a <span class=\"font-semibold\">harmonious contrast<\/span> on your table.<\/p>\n<p class=\"mb-3 text-base leading-relaxed\">The result ? A warm, soothing atmosphere \u2014 and always stylish. Ideal for a<span class=\"font-semibold\"> breakfast<\/span> that reflects your personality.  <\/p>\n<h2 class=\"mb-3 text-xl font-semibold leading-tight\">\ud83c\udf00 <span class=\"font-semibold\">A unique detail: The spiral at the bottom of each piece<\/span><\/h2>\n<p class=\"mb-3 text-base leading-relaxed\">Each bowl and plate hides a <span class=\"font-semibold\">subtle but striking detail <\/span>: a <span class=\"font-semibold\">spiral engraved on the bottom<\/span>.<br \/>\nA handcrafted wink that brings <span class=\"font-semibold\">curiosity and delicacy<\/span> to simple shapes &#8211; and transforms every meal into a sensory moment.<\/p>\n<h2 class=\"mb-3 text-xl font-semibold leading-tight\">\ud83c\udf73 <span class=\"font-semibold\">Totem Service content<\/span><\/h2>\n<ul class=\"marker:text-action-primary-default mb-3 ml-4 list-inside list-disc space-y-1\">\n<li class=\"[&amp;&gt;p:first-child]:inline\"><span class=\"font-semibold\">2 large bowls<\/span> (ideal for cereals, soups or smoothies)<\/li>\n<li class=\"[&amp;&gt;p:first-child]:inline\"><span class=\"font-semibold\">2 small bowls<\/span> (for yogurt, fruit, jam or granola)<\/li>\n<li class=\"[&amp;&gt;p:first-child]:inline\"><span class=\"font-semibold\">2 plates<\/span> (for toast, eggs, pastries or cheese)<\/li>\n<li>\u00d8: 19 cm<br \/>\n\u2191: 28 cm<br \/>\n\u2198: 2.4 kg<\/li>\n<\/ul>\n<h2 class=\"mb-3 text-xl font-semibold leading-tight\">\ud83d\udce9 <span class=\"font-semibold\">Customize your room<\/span><\/h2>\n<p class=\"mb-3 text-base leading-relaxed\">Would you like a single color or a soft contrast between two shades?<br \/>\nSpecify this when you place your order &#8211; so that each <span class=\"font-semibold\">service<\/span> can be adapted to your wishes, to fit in perfectly with your interior or lifestyle.<\/p>\n","protected":false},"excerpt":{"rendered":"<p>Totem 4-piece dinner service.<\/p>\n<p>Cast stoneware &#8211; pearly white or bluish green.<\/p>\n<p>&nbsp;<\/p>\n","protected":false},"featured_media":14802,"comment_status":"open","ping_status":"closed","template":"","meta":{"_acf_changed":false},"product_brand":[],"product_cat":[175,176],"product_tag":[178,177,182,180,179,181],"class_list":{"0":"post-14645","1":"product","2":"type-product","3":"status-publish","4":"has-post-thumbnail","6":"product_cat-tableware","7":"product_cat-totem-collection","8":"product_tag-bowl","9":"product_tag-plate","10":"product_tag-salad-bowl","11":"product_tag-table-service","12":"product_tag-tray","13":"product_tag-wood","15":"first","16":"instock","17":"sale","18":"featured","19":"shipping-taxable","20":"purchasable","21":"product-type-variable"},"acf":[],"yoast_head":"<!-- This site is optimized with the Yoast SEO plugin v26.0 - https:\/\/yoast.com\/wordpress\/plugins\/seo\/ -->\n<title>Breakfast set, 6 pieces - ByManet<\/title>\n<meta name=\"description\" content=\"Small 6-piece breakfast set. A useful sculpture for an exceptional presentation in everyday tableware.\" \/>\n<meta name=\"robots\" content=\"index, follow, max-snippet:-1, max-image-preview:large, max-video-preview:-1\" \/>\n<link rel=\"canonical\" href=\"https:\/\/bymanet.com\/en\/produit\/small-sculptural-dinner-service-4-pieces\/\" \/>\n<meta property=\"og:locale\" content=\"en_US\" \/>\n<meta property=\"og:type\" content=\"article\" \/>\n<meta property=\"og:title\" content=\"Breakfast set, 6 pieces - ByManet\" \/>\n<meta property=\"og:description\" content=\"Small 6-piece breakfast set. A useful sculpture for an exceptional presentation in everyday tableware.\" \/>\n<meta property=\"og:url\" content=\"https:\/\/bymanet.com\/en\/produit\/small-sculptural-dinner-service-4-pieces\/\" \/>\n<meta property=\"og:site_name\" content=\"ByManet\" \/>\n<meta property=\"article:modified_time\" content=\"2026-02-19T11:09:34+00:00\" \/>\n<meta property=\"og:image\" content=\"https:\/\/bymanet.com\/wp-content\/uploads\/2023\/01\/Service-Mini-Color-mains-vert-et-blanc-\u00a9Manuel-Dos-Reis-BD.jpg\" \/>\n\t<meta property=\"og:image:width\" content=\"1603\" \/>\n\t<meta property=\"og:image:height\" content=\"1080\" \/>\n\t<meta property=\"og:image:type\" content=\"image\/jpeg\" \/>\n<meta name=\"twitter:card\" content=\"summary_large_image\" \/>\n<script type=\"application\/ld+json\" class=\"yoast-schema-graph\">{\"@context\":\"https:\/\/schema.org\",\"@graph\":[{\"@type\":\"WebPage\",\"@id\":\"https:\/\/bymanet.com\/en\/produit\/small-sculptural-dinner-service-4-pieces\/\",\"url\":\"https:\/\/bymanet.com\/en\/produit\/small-sculptural-dinner-service-4-pieces\/\",\"name\":\"Breakfast set, 6 pieces - ByManet\",\"isPartOf\":{\"@id\":\"https:\/\/bymanet.com\/en\/#website\"},\"primaryImageOfPage\":{\"@id\":\"https:\/\/bymanet.com\/en\/produit\/small-sculptural-dinner-service-4-pieces\/#primaryimage\"},\"image\":{\"@id\":\"https:\/\/bymanet.com\/en\/produit\/small-sculptural-dinner-service-4-pieces\/#primaryimage\"},\"thumbnailUrl\":\"https:\/\/bymanet.com\/wp-content\/uploads\/2023\/01\/Service-Mini-Color-mains-vert-et-blanc-\u00a9Manuel-Dos-Reis-BD.jpg\",\"datePublished\":\"2023-01-07T19:49:47+00:00\",\"dateModified\":\"2026-02-19T11:09:34+00:00\",\"description\":\"Small 6-piece breakfast set. A useful sculpture for an exceptional presentation in everyday tableware.\",\"breadcrumb\":{\"@id\":\"https:\/\/bymanet.com\/en\/produit\/small-sculptural-dinner-service-4-pieces\/#breadcrumb\"},\"inLanguage\":\"en-US\",\"potentialAction\":[{\"@type\":\"ReadAction\",\"target\":[\"https:\/\/bymanet.com\/en\/produit\/small-sculptural-dinner-service-4-pieces\/\"]}]},{\"@type\":\"ImageObject\",\"inLanguage\":\"en-US\",\"@id\":\"https:\/\/bymanet.com\/en\/produit\/small-sculptural-dinner-service-4-pieces\/#primaryimage\",\"url\":\"https:\/\/bymanet.com\/wp-content\/uploads\/2023\/01\/Service-Mini-Color-mains-vert-et-blanc-\u00a9Manuel-Dos-Reis-BD.jpg\",\"contentUrl\":\"https:\/\/bymanet.com\/wp-content\/uploads\/2023\/01\/Service-Mini-Color-mains-vert-et-blanc-\u00a9Manuel-Dos-Reis-BD.jpg\",\"width\":1603,\"height\":1080,\"caption\":\"Manuel Dos Reis\"},{\"@type\":\"BreadcrumbList\",\"@id\":\"https:\/\/bymanet.com\/en\/produit\/small-sculptural-dinner-service-4-pieces\/#breadcrumb\",\"itemListElement\":[{\"@type\":\"ListItem\",\"position\":1,\"name\":\"Accueil\",\"item\":\"https:\/\/bymanet.com\/en\/\"},{\"@type\":\"ListItem\",\"position\":2,\"name\":\"Shop\",\"item\":\"https:\/\/bymanet.com\/shop\/?lang=en\"},{\"@type\":\"ListItem\",\"position\":3,\"name\":\"Tableware\",\"item\":\"https:\/\/bymanet.com\/en\/categorie-produit\/tableware\/\"},{\"@type\":\"ListItem\",\"position\":4,\"name\":\"Breakfast set, 6 pieces\"}]},{\"@type\":\"WebSite\",\"@id\":\"https:\/\/bymanet.com\/en\/#website\",\"url\":\"https:\/\/bymanet.com\/en\/\",\"name\":\"ByManet\",\"description\":\"Cr\u00e9ation de c\u00e9ramique et de bijoux design et contemporain \u00e0 Igny\",\"publisher\":{\"@id\":\"https:\/\/bymanet.com\/en\/#organization\"},\"potentialAction\":[{\"@type\":\"SearchAction\",\"target\":{\"@type\":\"EntryPoint\",\"urlTemplate\":\"https:\/\/bymanet.com\/en\/?s={search_term_string}\"},\"query-input\":{\"@type\":\"PropertyValueSpecification\",\"valueRequired\":true,\"valueName\":\"search_term_string\"}}],\"inLanguage\":\"en-US\"},{\"@type\":\"Organization\",\"@id\":\"https:\/\/bymanet.com\/en\/#organization\",\"name\":\"ByManet\",\"url\":\"https:\/\/bymanet.com\/en\/\",\"logo\":{\"@type\":\"ImageObject\",\"inLanguage\":\"en-US\",\"@id\":\"https:\/\/bymanet.com\/en\/#\/schema\/logo\/image\/\",\"url\":\"https:\/\/bymanet.com\/wp-content\/uploads\/2023\/02\/LOGO_BY_MANET-ai.svg\",\"contentUrl\":\"https:\/\/bymanet.com\/wp-content\/uploads\/2023\/02\/LOGO_BY_MANET-ai.svg\",\"caption\":\"ByManet\"},\"image\":{\"@id\":\"https:\/\/bymanet.com\/en\/#\/schema\/logo\/image\/\"}}]}<\/script>\n<!-- \/ Yoast SEO plugin. -->","yoast_head_json":{"title":"Breakfast set, 6 pieces - ByManet","description":"Small 6-piece breakfast set. A useful sculpture for an exceptional presentation in everyday tableware.","robots":{"index":"index","follow":"follow","max-snippet":"max-snippet:-1","max-image-preview":"max-image-preview:large","max-video-preview":"max-video-preview:-1"},"canonical":"https:\/\/bymanet.com\/en\/produit\/small-sculptural-dinner-service-4-pieces\/","og_locale":"en_US","og_type":"article","og_title":"Breakfast set, 6 pieces - ByManet","og_description":"Small 6-piece breakfast set. A useful sculpture for an exceptional presentation in everyday tableware.","og_url":"https:\/\/bymanet.com\/en\/produit\/small-sculptural-dinner-service-4-pieces\/","og_site_name":"ByManet","article_modified_time":"2026-02-19T11:09:34+00:00","og_image":[{"width":1603,"height":1080,"url":"https:\/\/bymanet.com\/wp-content\/uploads\/2023\/01\/Service-Mini-Color-mains-vert-et-blanc-\u00a9Manuel-Dos-Reis-BD.jpg","type":"image\/jpeg"}],"twitter_card":"summary_large_image","schema":{"@context":"https:\/\/schema.org","@graph":[{"@type":"WebPage","@id":"https:\/\/bymanet.com\/en\/produit\/small-sculptural-dinner-service-4-pieces\/","url":"https:\/\/bymanet.com\/en\/produit\/small-sculptural-dinner-service-4-pieces\/","name":"Breakfast set, 6 pieces - ByManet","isPartOf":{"@id":"https:\/\/bymanet.com\/en\/#website"},"primaryImageOfPage":{"@id":"https:\/\/bymanet.com\/en\/produit\/small-sculptural-dinner-service-4-pieces\/#primaryimage"},"image":{"@id":"https:\/\/bymanet.com\/en\/produit\/small-sculptural-dinner-service-4-pieces\/#primaryimage"},"thumbnailUrl":"https:\/\/bymanet.com\/wp-content\/uploads\/2023\/01\/Service-Mini-Color-mains-vert-et-blanc-\u00a9Manuel-Dos-Reis-BD.jpg","datePublished":"2023-01-07T19:49:47+00:00","dateModified":"2026-02-19T11:09:34+00:00","description":"Small 6-piece breakfast set. A useful sculpture for an exceptional presentation in everyday tableware.","breadcrumb":{"@id":"https:\/\/bymanet.com\/en\/produit\/small-sculptural-dinner-service-4-pieces\/#breadcrumb"},"inLanguage":"en-US","potentialAction":[{"@type":"ReadAction","target":["https:\/\/bymanet.com\/en\/produit\/small-sculptural-dinner-service-4-pieces\/"]}]},{"@type":"ImageObject","inLanguage":"en-US","@id":"https:\/\/bymanet.com\/en\/produit\/small-sculptural-dinner-service-4-pieces\/#primaryimage","url":"https:\/\/bymanet.com\/wp-content\/uploads\/2023\/01\/Service-Mini-Color-mains-vert-et-blanc-\u00a9Manuel-Dos-Reis-BD.jpg","contentUrl":"https:\/\/bymanet.com\/wp-content\/uploads\/2023\/01\/Service-Mini-Color-mains-vert-et-blanc-\u00a9Manuel-Dos-Reis-BD.jpg","width":1603,"height":1080,"caption":"Manuel Dos Reis"},{"@type":"BreadcrumbList","@id":"https:\/\/bymanet.com\/en\/produit\/small-sculptural-dinner-service-4-pieces\/#breadcrumb","itemListElement":[{"@type":"ListItem","position":1,"name":"Accueil","item":"https:\/\/bymanet.com\/en\/"},{"@type":"ListItem","position":2,"name":"Shop","item":"https:\/\/bymanet.com\/shop\/?lang=en"},{"@type":"ListItem","position":3,"name":"Tableware","item":"https:\/\/bymanet.com\/en\/categorie-produit\/tableware\/"},{"@type":"ListItem","position":4,"name":"Breakfast set, 6 pieces"}]},{"@type":"WebSite","@id":"https:\/\/bymanet.com\/en\/#website","url":"https:\/\/bymanet.com\/en\/","name":"ByManet","description":"Cr\u00e9ation de c\u00e9ramique et de bijoux design et contemporain \u00e0 Igny","publisher":{"@id":"https:\/\/bymanet.com\/en\/#organization"},"potentialAction":[{"@type":"SearchAction","target":{"@type":"EntryPoint","urlTemplate":"https:\/\/bymanet.com\/en\/?s={search_term_string}"},"query-input":{"@type":"PropertyValueSpecification","valueRequired":true,"valueName":"search_term_string"}}],"inLanguage":"en-US"},{"@type":"Organization","@id":"https:\/\/bymanet.com\/en\/#organization","name":"ByManet","url":"https:\/\/bymanet.com\/en\/","logo":{"@type":"ImageObject","inLanguage":"en-US","@id":"https:\/\/bymanet.com\/en\/#\/schema\/logo\/image\/","url":"https:\/\/bymanet.com\/wp-content\/uploads\/2023\/02\/LOGO_BY_MANET-ai.svg","contentUrl":"https:\/\/bymanet.com\/wp-content\/uploads\/2023\/02\/LOGO_BY_MANET-ai.svg","caption":"ByManet"},"image":{"@id":"https:\/\/bymanet.com\/en\/#\/schema\/logo\/image\/"}}]}},"_links":{"self":[{"href":"https:\/\/bymanet.com\/en\/wp-json\/wp\/v2\/product\/14645","targetHints":{"allow":["GET"]}}],"collection":[{"href":"https:\/\/bymanet.com\/en\/wp-json\/wp\/v2\/product"}],"about":[{"href":"https:\/\/bymanet.com\/en\/wp-json\/wp\/v2\/types\/product"}],"replies":[{"embeddable":true,"href":"https:\/\/bymanet.com\/en\/wp-json\/wp\/v2\/comments?post=14645"}],"version-history":[{"count":0,"href":"https:\/\/bymanet.com\/en\/wp-json\/wp\/v2\/product\/14645\/revisions"}],"wp:featuredmedia":[{"embeddable":true,"href":"https:\/\/bymanet.com\/en\/wp-json\/wp\/v2\/media\/14802"}],"wp:attachment":[{"href":"https:\/\/bymanet.com\/en\/wp-json\/wp\/v2\/media?parent=14645"}],"wp:term":[{"taxonomy":"product_brand","embeddable":true,"href":"https:\/\/bymanet.com\/en\/wp-json\/wp\/v2\/product_brand?post=14645"},{"taxonomy":"product_cat","embeddable":true,"href":"https:\/\/bymanet.com\/en\/wp-json\/wp\/v2\/product_cat?post=14645"},{"taxonomy":"product_tag","embeddable":true,"href":"https:\/\/bymanet.com\/en\/wp-json\/wp\/v2\/product_tag?post=14645"}],"curies":[{"name":"wp","href":"https:\/\/api.w.org\/{rel}","templated":true}]}}