{"id":14662,"date":"2021-11-09T00:17:42","date_gmt":"2021-11-08T23:17:42","guid":{"rendered":"https:\/\/bymanet.com\/produit\/sculptural-dinner-service-model-tours-39-pieces\/"},"modified":"2021-11-09T00:17:42","modified_gmt":"2021-11-08T23:17:42","slug":"sculptural-dinner-service-model-tours-39-pieces","status":"publish","type":"product","link":"https:\/\/bymanet.com\/en\/produit\/sculptural-dinner-service-model-tours-39-pieces\/","title":{"rendered":"Sculptural dinner service model Tours &#8211; 39 pieces"},"content":{"rendered":"<p>Sculptural dinner service from the Service Totem collection. It&#8217;s made up of various containers &#8211; plates, salad bowls, trays and bowls &#8211; which, when assembled, form a triple totem sculpture. This dual function makes it a hybrid object between the decorative and the functional.  <\/p>\n<p>This model is a complete 39-piece service divided into three units. The intermediate wooden trays are custom-turned by Nicolas from Apical Studio. I imagined this triple totem of towers in an Asian ambiance, with this strong contrast between dark earth and light wood.  <\/p>\n<p>It is manufactured using the most precise turning techniques to obtain the right joints. Its aesthetic treatment expresses the beauty of raw earth on the outside and the surprise of color on the inside, or vice versa. <\/p>\n<p>This 39-room set can accommodate up to 6 people.<\/p>\n<p>It contains :<\/p>\n<p>3 salad bowls, 2 wooden trays, 6 straight bowls and one round bowl, 6 wooden plates, 1 candle-holder, 6 cups or glasses, 8 small wooden trays and 6 sauce dishes.<\/p>\n<p>Candlestick-cups-soucers: 21 x 43 x 9 cm<\/p>\n<p>Bowls &#8211; plates: 47.5 cm x 18 cm<\/p>\n<p>Salad bowls &#8211; Tray: 25.5 cm x 26 cm<\/p>\n","protected":false},"excerpt":{"rendered":"<p>Totem dinner service<\/p>\n<p>39 pieces &#8211; Black chamotte stoneware, turned beechwood<\/p>\n","protected":false},"featured_media":3435,"comment_status":"open","ping_status":"closed","template":"","meta":{"_acf_changed":false},"product_brand":[],"product_cat":[175,176],"product_tag":[178,186,185,177,182,180,179,181],"class_list":{"0":"post-14662","1":"product","2":"type-product","3":"status-publish","4":"has-post-thumbnail","6":"product_cat-tableware","7":"product_cat-totem-collection","8":"product_tag-bowl","9":"product_tag-candlestick","10":"product_tag-cup","11":"product_tag-plate","12":"product_tag-salad-bowl","13":"product_tag-table-service","14":"product_tag-tray","15":"product_tag-wood","17":"first","18":"instock","19":"sale","20":"shipping-taxable","21":"purchasable","22":"product-type-simple"},"acf":[],"yoast_head":"<!-- This site is optimized with the Yoast SEO plugin v26.0 - https:\/\/yoast.com\/wordpress\/plugins\/seo\/ -->\n<title>Sculptural dinner service model Tours - 39 pieces - ByManet<\/title>\n<meta name=\"description\" content=\"Stackable sculptural dinner service in three totem sculptures. A useful sculpture for an exceptional dinner in unique, hand-crafted tableware.\" \/>\n<meta name=\"robots\" content=\"index, follow, max-snippet:-1, max-image-preview:large, max-video-preview:-1\" \/>\n<link rel=\"canonical\" href=\"https:\/\/bymanet.com\/en\/produit\/sculptural-dinner-service-model-tours-39-pieces\/\" \/>\n<meta property=\"og:locale\" content=\"en_US\" \/>\n<meta property=\"og:type\" content=\"article\" \/>\n<meta property=\"og:title\" content=\"Sculptural dinner service model Tours - 39 pieces - ByManet\" \/>\n<meta property=\"og:description\" content=\"Stackable sculptural dinner service in three totem sculptures. A useful sculpture for an exceptional dinner in unique, hand-crafted tableware.\" \/>\n<meta property=\"og:url\" content=\"https:\/\/bymanet.com\/en\/produit\/sculptural-dinner-service-model-tours-39-pieces\/\" \/>\n<meta property=\"og:site_name\" content=\"ByManet\" \/>\n<meta property=\"og:image\" content=\"https:\/\/bymanet.com\/wp-content\/uploads\/2021\/11\/Service-Totem-Tour-mise-en-scene-2-\u00a9Marion-Saupin-BY-MANET-HD-Grand.jpg\" \/>\n\t<meta property=\"og:image:width\" content=\"1620\" \/>\n\t<meta property=\"og:image:height\" content=\"1080\" \/>\n\t<meta property=\"og:image:type\" content=\"image\/jpeg\" \/>\n<meta name=\"twitter:card\" content=\"summary_large_image\" \/>\n<script type=\"application\/ld+json\" class=\"yoast-schema-graph\">{\"@context\":\"https:\/\/schema.org\",\"@graph\":[{\"@type\":\"WebPage\",\"@id\":\"https:\/\/bymanet.com\/en\/produit\/sculptural-dinner-service-model-tours-39-pieces\/\",\"url\":\"https:\/\/bymanet.com\/en\/produit\/sculptural-dinner-service-model-tours-39-pieces\/\",\"name\":\"Sculptural dinner service model Tours - 39 pieces - ByManet\",\"isPartOf\":{\"@id\":\"https:\/\/bymanet.com\/en\/#website\"},\"primaryImageOfPage\":{\"@id\":\"https:\/\/bymanet.com\/en\/produit\/sculptural-dinner-service-model-tours-39-pieces\/#primaryimage\"},\"image\":{\"@id\":\"https:\/\/bymanet.com\/en\/produit\/sculptural-dinner-service-model-tours-39-pieces\/#primaryimage\"},\"thumbnailUrl\":\"https:\/\/bymanet.com\/wp-content\/uploads\/2021\/11\/Service-Totem-Tour-mise-en-scene-2-\u00a9Marion-Saupin-BY-MANET-HD-Grand.jpg\",\"datePublished\":\"2021-11-08T23:17:42+00:00\",\"description\":\"Stackable sculptural dinner service in three totem sculptures. A useful sculpture for an exceptional dinner in unique, hand-crafted tableware.\",\"breadcrumb\":{\"@id\":\"https:\/\/bymanet.com\/en\/produit\/sculptural-dinner-service-model-tours-39-pieces\/#breadcrumb\"},\"inLanguage\":\"en-US\",\"potentialAction\":[{\"@type\":\"ReadAction\",\"target\":[\"https:\/\/bymanet.com\/en\/produit\/sculptural-dinner-service-model-tours-39-pieces\/\"]}]},{\"@type\":\"ImageObject\",\"inLanguage\":\"en-US\",\"@id\":\"https:\/\/bymanet.com\/en\/produit\/sculptural-dinner-service-model-tours-39-pieces\/#primaryimage\",\"url\":\"https:\/\/bymanet.com\/wp-content\/uploads\/2021\/11\/Service-Totem-Tour-mise-en-scene-2-\u00a9Marion-Saupin-BY-MANET-HD-Grand.jpg\",\"contentUrl\":\"https:\/\/bymanet.com\/wp-content\/uploads\/2021\/11\/Service-Totem-Tour-mise-en-scene-2-\u00a9Marion-Saupin-BY-MANET-HD-Grand.jpg\",\"width\":1620,\"height\":1080,\"caption\":\"Service de table sculpturale Totem mod\u00e8le 3 tours avec sushis\"},{\"@type\":\"BreadcrumbList\",\"@id\":\"https:\/\/bymanet.com\/en\/produit\/sculptural-dinner-service-model-tours-39-pieces\/#breadcrumb\",\"itemListElement\":[{\"@type\":\"ListItem\",\"position\":1,\"name\":\"Accueil\",\"item\":\"https:\/\/bymanet.com\/en\/\"},{\"@type\":\"ListItem\",\"position\":2,\"name\":\"Shop\",\"item\":\"https:\/\/bymanet.com\/shop\/?lang=en\"},{\"@type\":\"ListItem\",\"position\":3,\"name\":\"Sculptural dinner service model Tours &#8211; 39 pieces\"}]},{\"@type\":\"WebSite\",\"@id\":\"https:\/\/bymanet.com\/en\/#website\",\"url\":\"https:\/\/bymanet.com\/en\/\",\"name\":\"ByManet\",\"description\":\"Cr\u00e9ation de c\u00e9ramique et de bijoux design et contemporain \u00e0 Igny\",\"publisher\":{\"@id\":\"https:\/\/bymanet.com\/en\/#organization\"},\"potentialAction\":[{\"@type\":\"SearchAction\",\"target\":{\"@type\":\"EntryPoint\",\"urlTemplate\":\"https:\/\/bymanet.com\/en\/?s={search_term_string}\"},\"query-input\":{\"@type\":\"PropertyValueSpecification\",\"valueRequired\":true,\"valueName\":\"search_term_string\"}}],\"inLanguage\":\"en-US\"},{\"@type\":\"Organization\",\"@id\":\"https:\/\/bymanet.com\/en\/#organization\",\"name\":\"ByManet\",\"url\":\"https:\/\/bymanet.com\/en\/\",\"logo\":{\"@type\":\"ImageObject\",\"inLanguage\":\"en-US\",\"@id\":\"https:\/\/bymanet.com\/en\/#\/schema\/logo\/image\/\",\"url\":\"https:\/\/bymanet.com\/wp-content\/uploads\/2023\/02\/LOGO_BY_MANET-ai.svg\",\"contentUrl\":\"https:\/\/bymanet.com\/wp-content\/uploads\/2023\/02\/LOGO_BY_MANET-ai.svg\",\"caption\":\"ByManet\"},\"image\":{\"@id\":\"https:\/\/bymanet.com\/en\/#\/schema\/logo\/image\/\"}}]}<\/script>\n<!-- \/ Yoast SEO plugin. -->","yoast_head_json":{"title":"Sculptural dinner service model Tours - 39 pieces - ByManet","description":"Stackable sculptural dinner service in three totem sculptures. A useful sculpture for an exceptional dinner in unique, hand-crafted tableware.","robots":{"index":"index","follow":"follow","max-snippet":"max-snippet:-1","max-image-preview":"max-image-preview:large","max-video-preview":"max-video-preview:-1"},"canonical":"https:\/\/bymanet.com\/en\/produit\/sculptural-dinner-service-model-tours-39-pieces\/","og_locale":"en_US","og_type":"article","og_title":"Sculptural dinner service model Tours - 39 pieces - ByManet","og_description":"Stackable sculptural dinner service in three totem sculptures. A useful sculpture for an exceptional dinner in unique, hand-crafted tableware.","og_url":"https:\/\/bymanet.com\/en\/produit\/sculptural-dinner-service-model-tours-39-pieces\/","og_site_name":"ByManet","og_image":[{"width":1620,"height":1080,"url":"https:\/\/bymanet.com\/wp-content\/uploads\/2021\/11\/Service-Totem-Tour-mise-en-scene-2-\u00a9Marion-Saupin-BY-MANET-HD-Grand.jpg","type":"image\/jpeg"}],"twitter_card":"summary_large_image","schema":{"@context":"https:\/\/schema.org","@graph":[{"@type":"WebPage","@id":"https:\/\/bymanet.com\/en\/produit\/sculptural-dinner-service-model-tours-39-pieces\/","url":"https:\/\/bymanet.com\/en\/produit\/sculptural-dinner-service-model-tours-39-pieces\/","name":"Sculptural dinner service model Tours - 39 pieces - ByManet","isPartOf":{"@id":"https:\/\/bymanet.com\/en\/#website"},"primaryImageOfPage":{"@id":"https:\/\/bymanet.com\/en\/produit\/sculptural-dinner-service-model-tours-39-pieces\/#primaryimage"},"image":{"@id":"https:\/\/bymanet.com\/en\/produit\/sculptural-dinner-service-model-tours-39-pieces\/#primaryimage"},"thumbnailUrl":"https:\/\/bymanet.com\/wp-content\/uploads\/2021\/11\/Service-Totem-Tour-mise-en-scene-2-\u00a9Marion-Saupin-BY-MANET-HD-Grand.jpg","datePublished":"2021-11-08T23:17:42+00:00","description":"Stackable sculptural dinner service in three totem sculptures. A useful sculpture for an exceptional dinner in unique, hand-crafted tableware.","breadcrumb":{"@id":"https:\/\/bymanet.com\/en\/produit\/sculptural-dinner-service-model-tours-39-pieces\/#breadcrumb"},"inLanguage":"en-US","potentialAction":[{"@type":"ReadAction","target":["https:\/\/bymanet.com\/en\/produit\/sculptural-dinner-service-model-tours-39-pieces\/"]}]},{"@type":"ImageObject","inLanguage":"en-US","@id":"https:\/\/bymanet.com\/en\/produit\/sculptural-dinner-service-model-tours-39-pieces\/#primaryimage","url":"https:\/\/bymanet.com\/wp-content\/uploads\/2021\/11\/Service-Totem-Tour-mise-en-scene-2-\u00a9Marion-Saupin-BY-MANET-HD-Grand.jpg","contentUrl":"https:\/\/bymanet.com\/wp-content\/uploads\/2021\/11\/Service-Totem-Tour-mise-en-scene-2-\u00a9Marion-Saupin-BY-MANET-HD-Grand.jpg","width":1620,"height":1080,"caption":"Service de table sculpturale Totem mod\u00e8le 3 tours avec sushis"},{"@type":"BreadcrumbList","@id":"https:\/\/bymanet.com\/en\/produit\/sculptural-dinner-service-model-tours-39-pieces\/#breadcrumb","itemListElement":[{"@type":"ListItem","position":1,"name":"Accueil","item":"https:\/\/bymanet.com\/en\/"},{"@type":"ListItem","position":2,"name":"Shop","item":"https:\/\/bymanet.com\/shop\/?lang=en"},{"@type":"ListItem","position":3,"name":"Sculptural dinner service model Tours &#8211; 39 pieces"}]},{"@type":"WebSite","@id":"https:\/\/bymanet.com\/en\/#website","url":"https:\/\/bymanet.com\/en\/","name":"ByManet","description":"Cr\u00e9ation de c\u00e9ramique et de bijoux design et contemporain \u00e0 Igny","publisher":{"@id":"https:\/\/bymanet.com\/en\/#organization"},"potentialAction":[{"@type":"SearchAction","target":{"@type":"EntryPoint","urlTemplate":"https:\/\/bymanet.com\/en\/?s={search_term_string}"},"query-input":{"@type":"PropertyValueSpecification","valueRequired":true,"valueName":"search_term_string"}}],"inLanguage":"en-US"},{"@type":"Organization","@id":"https:\/\/bymanet.com\/en\/#organization","name":"ByManet","url":"https:\/\/bymanet.com\/en\/","logo":{"@type":"ImageObject","inLanguage":"en-US","@id":"https:\/\/bymanet.com\/en\/#\/schema\/logo\/image\/","url":"https:\/\/bymanet.com\/wp-content\/uploads\/2023\/02\/LOGO_BY_MANET-ai.svg","contentUrl":"https:\/\/bymanet.com\/wp-content\/uploads\/2023\/02\/LOGO_BY_MANET-ai.svg","caption":"ByManet"},"image":{"@id":"https:\/\/bymanet.com\/en\/#\/schema\/logo\/image\/"}}]}},"_links":{"self":[{"href":"https:\/\/bymanet.com\/en\/wp-json\/wp\/v2\/product\/14662","targetHints":{"allow":["GET"]}}],"collection":[{"href":"https:\/\/bymanet.com\/en\/wp-json\/wp\/v2\/product"}],"about":[{"href":"https:\/\/bymanet.com\/en\/wp-json\/wp\/v2\/types\/product"}],"replies":[{"embeddable":true,"href":"https:\/\/bymanet.com\/en\/wp-json\/wp\/v2\/comments?post=14662"}],"version-history":[{"count":0,"href":"https:\/\/bymanet.com\/en\/wp-json\/wp\/v2\/product\/14662\/revisions"}],"wp:featuredmedia":[{"embeddable":true,"href":"https:\/\/bymanet.com\/en\/wp-json\/wp\/v2\/media\/3435"}],"wp:attachment":[{"href":"https:\/\/bymanet.com\/en\/wp-json\/wp\/v2\/media?parent=14662"}],"wp:term":[{"taxonomy":"product_brand","embeddable":true,"href":"https:\/\/bymanet.com\/en\/wp-json\/wp\/v2\/product_brand?post=14662"},{"taxonomy":"product_cat","embeddable":true,"href":"https:\/\/bymanet.com\/en\/wp-json\/wp\/v2\/product_cat?post=14662"},{"taxonomy":"product_tag","embeddable":true,"href":"https:\/\/bymanet.com\/en\/wp-json\/wp\/v2\/product_tag?post=14662"}],"curies":[{"name":"wp","href":"https:\/\/api.w.org\/{rel}","templated":true}]}}