{"id":14843,"date":"2026-02-18T18:58:45","date_gmt":"2026-02-18T17:58:45","guid":{"rendered":"https:\/\/bymanet.com\/?post_type=product&#038;p=14843"},"modified":"2026-02-19T18:32:55","modified_gmt":"2026-02-19T17:32:55","slug":"stackable-dinner-service-12-pieces-sunrise-model-copie-copie","status":"publish","type":"product","link":"https:\/\/bymanet.com\/en\/produit\/stackable-dinner-service-12-pieces-sunrise-model-copie-copie\/","title":{"rendered":"Sculpure dinner service, 12 pieces &#8211; Alma\u00ef model"},"content":{"rendered":"<h1>Sculpure dinner service, &#8211; A functional totem for your table<\/h1>\n<p>Discover the <strong>Alma\u00ef Totem Service<\/strong>, a set of stackable scultpure dinnerware that combines ceramic and Colombian palm, created in collaboration with the Almai brand. The combination of the two materials creates a captivating, sculptural ethnic aesthetic. Conceived as a hybrid object, it transforms into a genuine decorative piece while serving as a table setting. <\/p>\n<p>&nbsp;<\/p>\n<h2><strong>Sculptural and useful design<\/strong><\/h2>\n<p>At first glance, Totem stands out as an artistic, almost monumental form. As you approach, you discover that it consists of 12 carefully assembled pieces, a scultpure dinner service of salad bowls, bowls and platters. Once disassembled, each element reveals its function and simplicity.  <\/p>\n<p>&nbsp;<\/p>\n<h3>Hand-made ceramics<\/h3>\n<p>Each piece is hand-turned on a potter&#8217;s wheel, using a demanding technique requiring years of mastery. The process begins with centering the ball of clay, then drilling and shaping the walls. After drying, the piece is turned over to refine its base and lines &#8211; a precise, subtle and profoundly artisanal process.  <\/p>\n<p>The result? A raw, elegant finish, where the red clay harmonizes with the soft fiber, creating a warm, natural feel. <\/p>\n<p>&nbsp;<\/p>\n<h3>A complete table service for 6 people<\/h3>\n<p>This <strong> 12-piece<\/strong> set allows you to organize a complete meal for 6 guests: <\/p>\n<ul>\n<li>6 small bowls<\/li>\n<li>1 medium bowl<\/li>\n<li>2 salad bowls<\/li>\n<li>1 tray<\/li>\n<li>2 woven palm trays<\/li>\n<\/ul>\n<p>*(Dimensions may vary depending on parts ordered)*<\/p>\n<p>Dimensions of assembled Totem:<br \/>\n&#8211; Diameter: 36 cm<br \/>\n&#8211; Height: 32 cm<br \/>\n&#8211; Weight: 8.5 kg<\/p>\n<p>&nbsp;<\/p>\n<p>\ud83c\udfa8 Personalize Your Totem<\/p>\n<p>When ordering, please indicate your preferences in the comments:<\/p>\n<ul>\n<li><strong>Exterior ground color:<\/strong><br \/>\nBlack | Chamotte red | Smooth red | Gray | Brown | Cream<\/li>\n<\/ul>\n<p>\u2705 Interior color, engobe cameo or single enamel:<br \/>\nBlue | Green | Pink | Yellow-orange | White<\/p>\n<p>&nbsp;<\/p>\n<p>Need help? Please contact us! <\/p>\n<p>Don&#8217;t hesitate to write to us for any questions, advice or customization. We&#8217;re here to help you choose your Totem service. <\/p>\n<p>&nbsp;<\/p>\n","protected":false},"excerpt":{"rendered":"<p>Large Totem table service in 16 parts.<\/p>\n<p>Available to order only: 2 to 4 months&#8217; production<\/p>\n<p>Choice of stoneware color and interior.<\/p>\n<p>&nbsp;<\/p>\n","protected":false},"featured_media":14851,"comment_status":"open","ping_status":"closed","template":"","meta":{"_acf_changed":false},"product_brand":[],"product_cat":[183,175,176],"product_tag":[178,177,182,180,179],"class_list":{"0":"post-14843","1":"product","2":"type-product","3":"status-publish","4":"has-post-thumbnail","6":"product_cat-decorative-objects","7":"product_cat-tableware","8":"product_cat-totem-collection","9":"product_tag-bowl","10":"product_tag-plate","11":"product_tag-salad-bowl","12":"product_tag-table-service","13":"product_tag-tray","15":"first","16":"onbackorder","17":"shipping-taxable","18":"purchasable","19":"product-type-simple"},"acf":[],"yoast_head":"<!-- This site is optimized with the Yoast SEO plugin v26.0 - https:\/\/yoast.com\/wordpress\/plugins\/seo\/ -->\n<title>Sculpure dinner service, 12 pieces - Alma\u00ef model - ByManet<\/title>\n<meta name=\"description\" content=\"10-part totem stacking dinner service. A useful sculpture for an exceptional presentation in unique, hand-crafted tableware.\" \/>\n<meta name=\"robots\" content=\"index, follow, max-snippet:-1, max-image-preview:large, max-video-preview:-1\" \/>\n<link rel=\"canonical\" href=\"https:\/\/bymanet.com\/en\/produit\/stackable-dinner-service-12-pieces-sunrise-model-copie-copie\/\" \/>\n<meta property=\"og:locale\" content=\"en_US\" \/>\n<meta property=\"og:type\" content=\"article\" \/>\n<meta property=\"og:title\" content=\"Sculpure dinner service, 12 pieces - Alma\u00ef model - ByManet\" \/>\n<meta property=\"og:description\" content=\"10-part totem stacking dinner service. A useful sculpture for an exceptional presentation in unique, hand-crafted tableware.\" \/>\n<meta property=\"og:url\" content=\"https:\/\/bymanet.com\/en\/produit\/stackable-dinner-service-12-pieces-sunrise-model-copie-copie\/\" \/>\n<meta property=\"og:site_name\" content=\"ByManet\" \/>\n<meta property=\"article:modified_time\" content=\"2026-02-19T17:32:55+00:00\" \/>\n<meta property=\"og:image\" content=\"https:\/\/bymanet.com\/wp-content\/uploads\/2026\/02\/Service-Totem-Almai-2-\u00a9Manuel-Dos-Reis-BY-MANET-Grand.jpg\" \/>\n\t<meta property=\"og:image:width\" content=\"1623\" \/>\n\t<meta property=\"og:image:height\" content=\"1080\" \/>\n\t<meta property=\"og:image:type\" content=\"image\/jpeg\" \/>\n<meta name=\"twitter:card\" content=\"summary_large_image\" \/>\n<script type=\"application\/ld+json\" class=\"yoast-schema-graph\">{\"@context\":\"https:\/\/schema.org\",\"@graph\":[{\"@type\":\"WebPage\",\"@id\":\"https:\/\/bymanet.com\/en\/produit\/stackable-dinner-service-12-pieces-sunrise-model-copie-copie\/\",\"url\":\"https:\/\/bymanet.com\/en\/produit\/stackable-dinner-service-12-pieces-sunrise-model-copie-copie\/\",\"name\":\"Sculpure dinner service, 12 pieces - Alma\u00ef model - ByManet\",\"isPartOf\":{\"@id\":\"https:\/\/bymanet.com\/en\/#website\"},\"primaryImageOfPage\":{\"@id\":\"https:\/\/bymanet.com\/en\/produit\/stackable-dinner-service-12-pieces-sunrise-model-copie-copie\/#primaryimage\"},\"image\":{\"@id\":\"https:\/\/bymanet.com\/en\/produit\/stackable-dinner-service-12-pieces-sunrise-model-copie-copie\/#primaryimage\"},\"thumbnailUrl\":\"https:\/\/bymanet.com\/wp-content\/uploads\/2026\/02\/Service-Totem-Almai-2-\u00a9Manuel-Dos-Reis-BY-MANET-Grand.jpg\",\"datePublished\":\"2026-02-18T17:58:45+00:00\",\"dateModified\":\"2026-02-19T17:32:55+00:00\",\"description\":\"10-part totem stacking dinner service. A useful sculpture for an exceptional presentation in unique, hand-crafted tableware.\",\"breadcrumb\":{\"@id\":\"https:\/\/bymanet.com\/en\/produit\/stackable-dinner-service-12-pieces-sunrise-model-copie-copie\/#breadcrumb\"},\"inLanguage\":\"en-US\",\"potentialAction\":[{\"@type\":\"ReadAction\",\"target\":[\"https:\/\/bymanet.com\/en\/produit\/stackable-dinner-service-12-pieces-sunrise-model-copie-copie\/\"]}]},{\"@type\":\"ImageObject\",\"inLanguage\":\"en-US\",\"@id\":\"https:\/\/bymanet.com\/en\/produit\/stackable-dinner-service-12-pieces-sunrise-model-copie-copie\/#primaryimage\",\"url\":\"https:\/\/bymanet.com\/wp-content\/uploads\/2026\/02\/Service-Totem-Almai-2-\u00a9Manuel-Dos-Reis-BY-MANET-Grand.jpg\",\"contentUrl\":\"https:\/\/bymanet.com\/wp-content\/uploads\/2026\/02\/Service-Totem-Almai-2-\u00a9Manuel-Dos-Reis-BY-MANET-Grand.jpg\",\"width\":1623,\"height\":1080},{\"@type\":\"BreadcrumbList\",\"@id\":\"https:\/\/bymanet.com\/en\/produit\/stackable-dinner-service-12-pieces-sunrise-model-copie-copie\/#breadcrumb\",\"itemListElement\":[{\"@type\":\"ListItem\",\"position\":1,\"name\":\"Accueil\",\"item\":\"https:\/\/bymanet.com\/en\/\"},{\"@type\":\"ListItem\",\"position\":2,\"name\":\"Shop\",\"item\":\"https:\/\/bymanet.com\/shop\/?lang=en\"},{\"@type\":\"ListItem\",\"position\":3,\"name\":\"Tableware\",\"item\":\"https:\/\/bymanet.com\/en\/categorie-produit\/tableware\/\"},{\"@type\":\"ListItem\",\"position\":4,\"name\":\"Sculpure dinner service, 12 pieces &#8211; Alma\u00ef model\"}]},{\"@type\":\"WebSite\",\"@id\":\"https:\/\/bymanet.com\/en\/#website\",\"url\":\"https:\/\/bymanet.com\/en\/\",\"name\":\"ByManet\",\"description\":\"Cr\u00e9ation de c\u00e9ramique et de bijoux design et contemporain \u00e0 Igny\",\"publisher\":{\"@id\":\"https:\/\/bymanet.com\/en\/#organization\"},\"potentialAction\":[{\"@type\":\"SearchAction\",\"target\":{\"@type\":\"EntryPoint\",\"urlTemplate\":\"https:\/\/bymanet.com\/en\/?s={search_term_string}\"},\"query-input\":{\"@type\":\"PropertyValueSpecification\",\"valueRequired\":true,\"valueName\":\"search_term_string\"}}],\"inLanguage\":\"en-US\"},{\"@type\":\"Organization\",\"@id\":\"https:\/\/bymanet.com\/en\/#organization\",\"name\":\"ByManet\",\"url\":\"https:\/\/bymanet.com\/en\/\",\"logo\":{\"@type\":\"ImageObject\",\"inLanguage\":\"en-US\",\"@id\":\"https:\/\/bymanet.com\/en\/#\/schema\/logo\/image\/\",\"url\":\"https:\/\/bymanet.com\/wp-content\/uploads\/2023\/02\/LOGO_BY_MANET-ai.svg\",\"contentUrl\":\"https:\/\/bymanet.com\/wp-content\/uploads\/2023\/02\/LOGO_BY_MANET-ai.svg\",\"caption\":\"ByManet\"},\"image\":{\"@id\":\"https:\/\/bymanet.com\/en\/#\/schema\/logo\/image\/\"}}]}<\/script>\n<!-- \/ Yoast SEO plugin. -->","yoast_head_json":{"title":"Sculpure dinner service, 12 pieces - Alma\u00ef model - ByManet","description":"10-part totem stacking dinner service. A useful sculpture for an exceptional presentation in unique, hand-crafted tableware.","robots":{"index":"index","follow":"follow","max-snippet":"max-snippet:-1","max-image-preview":"max-image-preview:large","max-video-preview":"max-video-preview:-1"},"canonical":"https:\/\/bymanet.com\/en\/produit\/stackable-dinner-service-12-pieces-sunrise-model-copie-copie\/","og_locale":"en_US","og_type":"article","og_title":"Sculpure dinner service, 12 pieces - Alma\u00ef model - ByManet","og_description":"10-part totem stacking dinner service. A useful sculpture for an exceptional presentation in unique, hand-crafted tableware.","og_url":"https:\/\/bymanet.com\/en\/produit\/stackable-dinner-service-12-pieces-sunrise-model-copie-copie\/","og_site_name":"ByManet","article_modified_time":"2026-02-19T17:32:55+00:00","og_image":[{"width":1623,"height":1080,"url":"https:\/\/bymanet.com\/wp-content\/uploads\/2026\/02\/Service-Totem-Almai-2-\u00a9Manuel-Dos-Reis-BY-MANET-Grand.jpg","type":"image\/jpeg"}],"twitter_card":"summary_large_image","schema":{"@context":"https:\/\/schema.org","@graph":[{"@type":"WebPage","@id":"https:\/\/bymanet.com\/en\/produit\/stackable-dinner-service-12-pieces-sunrise-model-copie-copie\/","url":"https:\/\/bymanet.com\/en\/produit\/stackable-dinner-service-12-pieces-sunrise-model-copie-copie\/","name":"Sculpure dinner service, 12 pieces - Alma\u00ef model - ByManet","isPartOf":{"@id":"https:\/\/bymanet.com\/en\/#website"},"primaryImageOfPage":{"@id":"https:\/\/bymanet.com\/en\/produit\/stackable-dinner-service-12-pieces-sunrise-model-copie-copie\/#primaryimage"},"image":{"@id":"https:\/\/bymanet.com\/en\/produit\/stackable-dinner-service-12-pieces-sunrise-model-copie-copie\/#primaryimage"},"thumbnailUrl":"https:\/\/bymanet.com\/wp-content\/uploads\/2026\/02\/Service-Totem-Almai-2-\u00a9Manuel-Dos-Reis-BY-MANET-Grand.jpg","datePublished":"2026-02-18T17:58:45+00:00","dateModified":"2026-02-19T17:32:55+00:00","description":"10-part totem stacking dinner service. A useful sculpture for an exceptional presentation in unique, hand-crafted tableware.","breadcrumb":{"@id":"https:\/\/bymanet.com\/en\/produit\/stackable-dinner-service-12-pieces-sunrise-model-copie-copie\/#breadcrumb"},"inLanguage":"en-US","potentialAction":[{"@type":"ReadAction","target":["https:\/\/bymanet.com\/en\/produit\/stackable-dinner-service-12-pieces-sunrise-model-copie-copie\/"]}]},{"@type":"ImageObject","inLanguage":"en-US","@id":"https:\/\/bymanet.com\/en\/produit\/stackable-dinner-service-12-pieces-sunrise-model-copie-copie\/#primaryimage","url":"https:\/\/bymanet.com\/wp-content\/uploads\/2026\/02\/Service-Totem-Almai-2-\u00a9Manuel-Dos-Reis-BY-MANET-Grand.jpg","contentUrl":"https:\/\/bymanet.com\/wp-content\/uploads\/2026\/02\/Service-Totem-Almai-2-\u00a9Manuel-Dos-Reis-BY-MANET-Grand.jpg","width":1623,"height":1080},{"@type":"BreadcrumbList","@id":"https:\/\/bymanet.com\/en\/produit\/stackable-dinner-service-12-pieces-sunrise-model-copie-copie\/#breadcrumb","itemListElement":[{"@type":"ListItem","position":1,"name":"Accueil","item":"https:\/\/bymanet.com\/en\/"},{"@type":"ListItem","position":2,"name":"Shop","item":"https:\/\/bymanet.com\/shop\/?lang=en"},{"@type":"ListItem","position":3,"name":"Tableware","item":"https:\/\/bymanet.com\/en\/categorie-produit\/tableware\/"},{"@type":"ListItem","position":4,"name":"Sculpure dinner service, 12 pieces &#8211; Alma\u00ef model"}]},{"@type":"WebSite","@id":"https:\/\/bymanet.com\/en\/#website","url":"https:\/\/bymanet.com\/en\/","name":"ByManet","description":"Cr\u00e9ation de c\u00e9ramique et de bijoux design et contemporain \u00e0 Igny","publisher":{"@id":"https:\/\/bymanet.com\/en\/#organization"},"potentialAction":[{"@type":"SearchAction","target":{"@type":"EntryPoint","urlTemplate":"https:\/\/bymanet.com\/en\/?s={search_term_string}"},"query-input":{"@type":"PropertyValueSpecification","valueRequired":true,"valueName":"search_term_string"}}],"inLanguage":"en-US"},{"@type":"Organization","@id":"https:\/\/bymanet.com\/en\/#organization","name":"ByManet","url":"https:\/\/bymanet.com\/en\/","logo":{"@type":"ImageObject","inLanguage":"en-US","@id":"https:\/\/bymanet.com\/en\/#\/schema\/logo\/image\/","url":"https:\/\/bymanet.com\/wp-content\/uploads\/2023\/02\/LOGO_BY_MANET-ai.svg","contentUrl":"https:\/\/bymanet.com\/wp-content\/uploads\/2023\/02\/LOGO_BY_MANET-ai.svg","caption":"ByManet"},"image":{"@id":"https:\/\/bymanet.com\/en\/#\/schema\/logo\/image\/"}}]}},"_links":{"self":[{"href":"https:\/\/bymanet.com\/en\/wp-json\/wp\/v2\/product\/14843","targetHints":{"allow":["GET"]}}],"collection":[{"href":"https:\/\/bymanet.com\/en\/wp-json\/wp\/v2\/product"}],"about":[{"href":"https:\/\/bymanet.com\/en\/wp-json\/wp\/v2\/types\/product"}],"replies":[{"embeddable":true,"href":"https:\/\/bymanet.com\/en\/wp-json\/wp\/v2\/comments?post=14843"}],"version-history":[{"count":0,"href":"https:\/\/bymanet.com\/en\/wp-json\/wp\/v2\/product\/14843\/revisions"}],"wp:featuredmedia":[{"embeddable":true,"href":"https:\/\/bymanet.com\/en\/wp-json\/wp\/v2\/media\/14851"}],"wp:attachment":[{"href":"https:\/\/bymanet.com\/en\/wp-json\/wp\/v2\/media?parent=14843"}],"wp:term":[{"taxonomy":"product_brand","embeddable":true,"href":"https:\/\/bymanet.com\/en\/wp-json\/wp\/v2\/product_brand?post=14843"},{"taxonomy":"product_cat","embeddable":true,"href":"https:\/\/bymanet.com\/en\/wp-json\/wp\/v2\/product_cat?post=14843"},{"taxonomy":"product_tag","embeddable":true,"href":"https:\/\/bymanet.com\/en\/wp-json\/wp\/v2\/product_tag?post=14843"}],"curies":[{"name":"wp","href":"https:\/\/api.w.org\/{rel}","templated":true}]}}