{"id":1616,"date":"2020-04-15T19:20:25","date_gmt":"2020-04-15T17:20:25","guid":{"rendered":"https:\/\/bymanet-shop.fr\/?post_type=product&#038;p=1616"},"modified":"2024-05-21T09:54:29","modified_gmt":"2024-05-21T07:54:29","slug":"soliflores-multiples-gres-beige-bleute-et-blanc","status":"publish","type":"product","link":"https:\/\/bymanet.com\/en\/produit\/soliflores-multiples-gres-beige-bleute-et-blanc\/","title":{"rendered":"Soliflores multiples Gr\u00e8s beige bleut\u00e9 et blanc"},"content":{"rendered":"<div class=\"show_more\">\n<div class=\"wpsm-content\">\n<p>Sur cette gamme de soliflores multiples en gr\u00e8s, l\u2019\u00e9mail est pos\u00e9 \u00e0 l\u2019ext\u00e9rieur et en fondant lors de la cuisson, forme une flaque qui renforce la stabilit\u00e9 de la forme longiligne du Soliflore. Pour chaque soliflore une plaque sp\u00e9ciale de support cuisson est n\u00e9cessaire pour pouvoir d\u00e9coller la pi\u00e8ce car l\u2019\u00e9mail agit comme une colle ce qui fait de ce vase d&#8217;apparence simple une pi\u00e8ce assez longue et technique dans la r\u00e9alisation.<\/p>\n<div class=\"show_more\">\n<div class=\"wpsm-content\">\n<p>&nbsp;<\/p>\n<\/div>\n<\/div>\n<h6>Collection Confluence :\u00a0<strong>Entre terre et verre<\/strong><\/h6>\n<p>Une grande partie de ma pratique c\u00e9ramique s\u2019articule autour d\u2019une recherche technologique pour comprendre et ma\u00eetriser l&#8217;\u00e9mail en le poussant dans ses limites et en lui attribuant de nouvelles fonctions.<\/p>\n<p>Hors du tesson de terre, l&#8217;\u00e9mail se rapproche du verre et devient une nouvelle mati\u00e8re presque ind\u00e9pendante qui goutte et se r\u00e9pand, se diffuse et connecte. Il peut \u00eatre structurel en devenant pi\u00e9tement ou translucide pour diffuser la lumi\u00e8re.<\/p>\n<p>La technique induit souvent la forme, un contenant aux lignes tendues qui lib\u00e8re la mati\u00e8re de son support. Chaque pi\u00e8ce contient un emplacement indispensable \u00e0 un support \u00e9l\u00e9vateur pour cr\u00e9er l\u2019espace n\u00e9cessaire \u00e0 la formation des gouttes. Le sentiment d\u2019un moment fig\u00e9 s\u2019exprime, o\u00f9 le \u00ab verr\u00e9mail \u00bb reste fluide et immobile dans son effondrement. L\u2019\u00e9mail ne d\u00e9pend plus du tesson de c\u00e9ramique, il s\u2019en \u00e9chappe pour transformer et compl\u00e9ter l\u2019objet en une mati\u00e8re quasi autonome. L&#8217;\u00e9mail surpasse son r\u00f4le de couverte et mue vers de nouvelles substances. Dans ces soliflores en gr\u00e8s, l&#8217;\u00e9mail rassemble les multiples branches.<\/p>\n<p>Les deux mati\u00e8res argile et \u00e9mail se compl\u00e8tent dans un dialogue utile ou chacune s&#8217;exprime et se connecte l\u2019une \u00e0 l\u2019autre \u00e0 leur confluence.<\/p>\n<\/div>\n<\/div>\n","protected":false},"excerpt":{"rendered":"<p>Soliflore Aube sextuple en gr\u00e8s beige \u00e9maill\u00e9 blanc.<\/p>\n","protected":false},"featured_media":1619,"comment_status":"open","ping_status":"closed","template":"","meta":{"_acf_changed":false},"product_brand":[],"product_cat":[145,30],"product_tag":[81,80,76,54],"class_list":{"0":"post-1616","1":"product","2":"type-product","3":"status-publish","4":"has-post-thumbnail","6":"product_cat-vases","7":"product_cat-collection-confluence","8":"product_tag-blanc","9":"product_tag-marron","10":"product_tag-soliflores","11":"product_tag-vase","13":"first","14":"instock","15":"purchasable","16":"product-type-variable"},"acf":[],"yoast_head":"<!-- This site is optimized with the Yoast SEO plugin v26.0 - https:\/\/yoast.com\/wordpress\/plugins\/seo\/ -->\n<title>Soliflores multiples Gr\u00e8s beige bleut\u00e9 et blanc - ByManet<\/title>\n<meta name=\"description\" content=\"Soliflores multiples en gr\u00e8s beige pour un style Ikebana \u00e9l\u00e9gant. Pi\u00e8ce unique fabriqu\u00e9e en c\u00e9ramique \u00e0 la plaque et model\u00e9.\" \/>\n<meta name=\"robots\" content=\"index, follow, max-snippet:-1, max-image-preview:large, max-video-preview:-1\" \/>\n<link rel=\"canonical\" href=\"https:\/\/bymanet.com\/en\/produit\/soliflores-multiples-gres-beige-bleute-et-blanc\/\" \/>\n<meta property=\"og:locale\" content=\"en_US\" \/>\n<meta property=\"og:type\" content=\"article\" \/>\n<meta property=\"og:title\" content=\"Soliflores multiples Gr\u00e8s beige bleut\u00e9 et blanc - ByManet\" \/>\n<meta property=\"og:description\" content=\"Soliflores multiples en gr\u00e8s beige pour un style Ikebana \u00e9l\u00e9gant. Pi\u00e8ce unique fabriqu\u00e9e en c\u00e9ramique \u00e0 la plaque et model\u00e9.\" \/>\n<meta property=\"og:url\" content=\"https:\/\/bymanet.com\/en\/produit\/soliflores-multiples-gres-beige-bleute-et-blanc\/\" \/>\n<meta property=\"og:site_name\" content=\"ByManet\" \/>\n<meta property=\"article:modified_time\" content=\"2024-05-21T07:54:29+00:00\" \/>\n<meta property=\"og:image\" content=\"https:\/\/bymanet.com\/wp-content\/uploads\/2020\/04\/Soliflore-Aube-B-x6-en-gr\u00e8s-gris-email-blanc-HD-2-scaled.jpg\" \/>\n\t<meta property=\"og:image:width\" content=\"2560\" \/>\n\t<meta property=\"og:image:height\" content=\"1707\" \/>\n\t<meta property=\"og:image:type\" content=\"image\/jpeg\" \/>\n<meta name=\"twitter:card\" content=\"summary_large_image\" \/>\n<script type=\"application\/ld+json\" class=\"yoast-schema-graph\">{\"@context\":\"https:\/\/schema.org\",\"@graph\":[{\"@type\":\"WebPage\",\"@id\":\"https:\/\/bymanet.com\/en\/produit\/soliflores-multiples-gres-beige-bleute-et-blanc\/\",\"url\":\"https:\/\/bymanet.com\/en\/produit\/soliflores-multiples-gres-beige-bleute-et-blanc\/\",\"name\":\"Soliflores multiples Gr\u00e8s beige bleut\u00e9 et blanc - ByManet\",\"isPartOf\":{\"@id\":\"https:\/\/bymanet.com\/en\/#website\"},\"primaryImageOfPage\":{\"@id\":\"https:\/\/bymanet.com\/en\/produit\/soliflores-multiples-gres-beige-bleute-et-blanc\/#primaryimage\"},\"image\":{\"@id\":\"https:\/\/bymanet.com\/en\/produit\/soliflores-multiples-gres-beige-bleute-et-blanc\/#primaryimage\"},\"thumbnailUrl\":\"https:\/\/bymanet.com\/wp-content\/uploads\/2020\/04\/Soliflore-Aube-B-x6-en-gr\u00e8s-gris-email-blanc-HD-2-scaled.jpg\",\"datePublished\":\"2020-04-15T17:20:25+00:00\",\"dateModified\":\"2024-05-21T07:54:29+00:00\",\"description\":\"Soliflores multiples en gr\u00e8s beige pour un style Ikebana \u00e9l\u00e9gant. Pi\u00e8ce unique fabriqu\u00e9e en c\u00e9ramique \u00e0 la plaque et model\u00e9.\",\"breadcrumb\":{\"@id\":\"https:\/\/bymanet.com\/en\/produit\/soliflores-multiples-gres-beige-bleute-et-blanc\/#breadcrumb\"},\"inLanguage\":\"en-US\",\"potentialAction\":[{\"@type\":\"ReadAction\",\"target\":[\"https:\/\/bymanet.com\/en\/produit\/soliflores-multiples-gres-beige-bleute-et-blanc\/\"]}]},{\"@type\":\"ImageObject\",\"inLanguage\":\"en-US\",\"@id\":\"https:\/\/bymanet.com\/en\/produit\/soliflores-multiples-gres-beige-bleute-et-blanc\/#primaryimage\",\"url\":\"https:\/\/bymanet.com\/wp-content\/uploads\/2020\/04\/Soliflore-Aube-B-x6-en-gr\u00e8s-gris-email-blanc-HD-2-scaled.jpg\",\"contentUrl\":\"https:\/\/bymanet.com\/wp-content\/uploads\/2020\/04\/Soliflore-Aube-B-x6-en-gr\u00e8s-gris-email-blanc-HD-2-scaled.jpg\",\"width\":2560,\"height\":1707,\"caption\":\"Soliflore multiple en gr\u00e8s c\u00e9ramique beige \u00e9mail blanc\"},{\"@type\":\"BreadcrumbList\",\"@id\":\"https:\/\/bymanet.com\/en\/produit\/soliflores-multiples-gres-beige-bleute-et-blanc\/#breadcrumb\",\"itemListElement\":[{\"@type\":\"ListItem\",\"position\":1,\"name\":\"Accueil\",\"item\":\"https:\/\/bymanet.com\/en\/\"},{\"@type\":\"ListItem\",\"position\":2,\"name\":\"Shop\",\"item\":\"https:\/\/bymanet.com\/shop\/?lang=en\"},{\"@type\":\"ListItem\",\"position\":3,\"name\":\"Vases\",\"item\":\"https:\/\/bymanet.com\/en\/categorie-produit\/vases\/\"},{\"@type\":\"ListItem\",\"position\":4,\"name\":\"Soliflores multiples Gr\u00e8s beige bleut\u00e9 et blanc\"}]},{\"@type\":\"WebSite\",\"@id\":\"https:\/\/bymanet.com\/en\/#website\",\"url\":\"https:\/\/bymanet.com\/en\/\",\"name\":\"ByManet\",\"description\":\"Cr\u00e9ation de c\u00e9ramique et de bijoux design et contemporain \u00e0 Igny\",\"publisher\":{\"@id\":\"https:\/\/bymanet.com\/en\/#organization\"},\"potentialAction\":[{\"@type\":\"SearchAction\",\"target\":{\"@type\":\"EntryPoint\",\"urlTemplate\":\"https:\/\/bymanet.com\/en\/?s={search_term_string}\"},\"query-input\":{\"@type\":\"PropertyValueSpecification\",\"valueRequired\":true,\"valueName\":\"search_term_string\"}}],\"inLanguage\":\"en-US\"},{\"@type\":\"Organization\",\"@id\":\"https:\/\/bymanet.com\/en\/#organization\",\"name\":\"ByManet\",\"url\":\"https:\/\/bymanet.com\/en\/\",\"logo\":{\"@type\":\"ImageObject\",\"inLanguage\":\"en-US\",\"@id\":\"https:\/\/bymanet.com\/en\/#\/schema\/logo\/image\/\",\"url\":\"https:\/\/bymanet.com\/wp-content\/uploads\/2023\/02\/LOGO_BY_MANET-ai.svg\",\"contentUrl\":\"https:\/\/bymanet.com\/wp-content\/uploads\/2023\/02\/LOGO_BY_MANET-ai.svg\",\"caption\":\"ByManet\"},\"image\":{\"@id\":\"https:\/\/bymanet.com\/en\/#\/schema\/logo\/image\/\"}}]}<\/script>\n<!-- \/ Yoast SEO plugin. -->","yoast_head_json":{"title":"Soliflores multiples Gr\u00e8s beige bleut\u00e9 et blanc - ByManet","description":"Soliflores multiples en gr\u00e8s beige pour un style Ikebana \u00e9l\u00e9gant. Pi\u00e8ce unique fabriqu\u00e9e en c\u00e9ramique \u00e0 la plaque et model\u00e9.","robots":{"index":"index","follow":"follow","max-snippet":"max-snippet:-1","max-image-preview":"max-image-preview:large","max-video-preview":"max-video-preview:-1"},"canonical":"https:\/\/bymanet.com\/en\/produit\/soliflores-multiples-gres-beige-bleute-et-blanc\/","og_locale":"en_US","og_type":"article","og_title":"Soliflores multiples Gr\u00e8s beige bleut\u00e9 et blanc - ByManet","og_description":"Soliflores multiples en gr\u00e8s beige pour un style Ikebana \u00e9l\u00e9gant. Pi\u00e8ce unique fabriqu\u00e9e en c\u00e9ramique \u00e0 la plaque et model\u00e9.","og_url":"https:\/\/bymanet.com\/en\/produit\/soliflores-multiples-gres-beige-bleute-et-blanc\/","og_site_name":"ByManet","article_modified_time":"2024-05-21T07:54:29+00:00","og_image":[{"width":2560,"height":1707,"url":"https:\/\/bymanet.com\/wp-content\/uploads\/2020\/04\/Soliflore-Aube-B-x6-en-gr\u00e8s-gris-email-blanc-HD-2-scaled.jpg","type":"image\/jpeg"}],"twitter_card":"summary_large_image","schema":{"@context":"https:\/\/schema.org","@graph":[{"@type":"WebPage","@id":"https:\/\/bymanet.com\/en\/produit\/soliflores-multiples-gres-beige-bleute-et-blanc\/","url":"https:\/\/bymanet.com\/en\/produit\/soliflores-multiples-gres-beige-bleute-et-blanc\/","name":"Soliflores multiples Gr\u00e8s beige bleut\u00e9 et blanc - ByManet","isPartOf":{"@id":"https:\/\/bymanet.com\/en\/#website"},"primaryImageOfPage":{"@id":"https:\/\/bymanet.com\/en\/produit\/soliflores-multiples-gres-beige-bleute-et-blanc\/#primaryimage"},"image":{"@id":"https:\/\/bymanet.com\/en\/produit\/soliflores-multiples-gres-beige-bleute-et-blanc\/#primaryimage"},"thumbnailUrl":"https:\/\/bymanet.com\/wp-content\/uploads\/2020\/04\/Soliflore-Aube-B-x6-en-gr\u00e8s-gris-email-blanc-HD-2-scaled.jpg","datePublished":"2020-04-15T17:20:25+00:00","dateModified":"2024-05-21T07:54:29+00:00","description":"Soliflores multiples en gr\u00e8s beige pour un style Ikebana \u00e9l\u00e9gant. Pi\u00e8ce unique fabriqu\u00e9e en c\u00e9ramique \u00e0 la plaque et model\u00e9.","breadcrumb":{"@id":"https:\/\/bymanet.com\/en\/produit\/soliflores-multiples-gres-beige-bleute-et-blanc\/#breadcrumb"},"inLanguage":"en-US","potentialAction":[{"@type":"ReadAction","target":["https:\/\/bymanet.com\/en\/produit\/soliflores-multiples-gres-beige-bleute-et-blanc\/"]}]},{"@type":"ImageObject","inLanguage":"en-US","@id":"https:\/\/bymanet.com\/en\/produit\/soliflores-multiples-gres-beige-bleute-et-blanc\/#primaryimage","url":"https:\/\/bymanet.com\/wp-content\/uploads\/2020\/04\/Soliflore-Aube-B-x6-en-gr\u00e8s-gris-email-blanc-HD-2-scaled.jpg","contentUrl":"https:\/\/bymanet.com\/wp-content\/uploads\/2020\/04\/Soliflore-Aube-B-x6-en-gr\u00e8s-gris-email-blanc-HD-2-scaled.jpg","width":2560,"height":1707,"caption":"Soliflore multiple en gr\u00e8s c\u00e9ramique beige \u00e9mail blanc"},{"@type":"BreadcrumbList","@id":"https:\/\/bymanet.com\/en\/produit\/soliflores-multiples-gres-beige-bleute-et-blanc\/#breadcrumb","itemListElement":[{"@type":"ListItem","position":1,"name":"Accueil","item":"https:\/\/bymanet.com\/en\/"},{"@type":"ListItem","position":2,"name":"Shop","item":"https:\/\/bymanet.com\/shop\/?lang=en"},{"@type":"ListItem","position":3,"name":"Vases","item":"https:\/\/bymanet.com\/en\/categorie-produit\/vases\/"},{"@type":"ListItem","position":4,"name":"Soliflores multiples Gr\u00e8s beige bleut\u00e9 et blanc"}]},{"@type":"WebSite","@id":"https:\/\/bymanet.com\/en\/#website","url":"https:\/\/bymanet.com\/en\/","name":"ByManet","description":"Cr\u00e9ation de c\u00e9ramique et de bijoux design et contemporain \u00e0 Igny","publisher":{"@id":"https:\/\/bymanet.com\/en\/#organization"},"potentialAction":[{"@type":"SearchAction","target":{"@type":"EntryPoint","urlTemplate":"https:\/\/bymanet.com\/en\/?s={search_term_string}"},"query-input":{"@type":"PropertyValueSpecification","valueRequired":true,"valueName":"search_term_string"}}],"inLanguage":"en-US"},{"@type":"Organization","@id":"https:\/\/bymanet.com\/en\/#organization","name":"ByManet","url":"https:\/\/bymanet.com\/en\/","logo":{"@type":"ImageObject","inLanguage":"en-US","@id":"https:\/\/bymanet.com\/en\/#\/schema\/logo\/image\/","url":"https:\/\/bymanet.com\/wp-content\/uploads\/2023\/02\/LOGO_BY_MANET-ai.svg","contentUrl":"https:\/\/bymanet.com\/wp-content\/uploads\/2023\/02\/LOGO_BY_MANET-ai.svg","caption":"ByManet"},"image":{"@id":"https:\/\/bymanet.com\/en\/#\/schema\/logo\/image\/"}}]}},"_links":{"self":[{"href":"https:\/\/bymanet.com\/en\/wp-json\/wp\/v2\/product\/1616","targetHints":{"allow":["GET"]}}],"collection":[{"href":"https:\/\/bymanet.com\/en\/wp-json\/wp\/v2\/product"}],"about":[{"href":"https:\/\/bymanet.com\/en\/wp-json\/wp\/v2\/types\/product"}],"replies":[{"embeddable":true,"href":"https:\/\/bymanet.com\/en\/wp-json\/wp\/v2\/comments?post=1616"}],"version-history":[{"count":0,"href":"https:\/\/bymanet.com\/en\/wp-json\/wp\/v2\/product\/1616\/revisions"}],"wp:featuredmedia":[{"embeddable":true,"href":"https:\/\/bymanet.com\/en\/wp-json\/wp\/v2\/media\/1619"}],"wp:attachment":[{"href":"https:\/\/bymanet.com\/en\/wp-json\/wp\/v2\/media?parent=1616"}],"wp:term":[{"taxonomy":"product_brand","embeddable":true,"href":"https:\/\/bymanet.com\/en\/wp-json\/wp\/v2\/product_brand?post=1616"},{"taxonomy":"product_cat","embeddable":true,"href":"https:\/\/bymanet.com\/en\/wp-json\/wp\/v2\/product_cat?post=1616"},{"taxonomy":"product_tag","embeddable":true,"href":"https:\/\/bymanet.com\/en\/wp-json\/wp\/v2\/product_tag?post=1616"}],"curies":[{"name":"wp","href":"https:\/\/api.w.org\/{rel}","templated":true}]}}