{"id":2352,"date":"2020-06-02T09:06:52","date_gmt":"2020-06-02T07:06:52","guid":{"rendered":"https:\/\/bymanet-shop.fr\/?post_type=product&#038;p=2352"},"modified":"2024-05-21T09:54:29","modified_gmt":"2024-05-21T07:54:29","slug":"plats-paysage-entre-20-et-24-cm","status":"publish","type":"product","link":"https:\/\/bymanet.com\/en\/produit\/plats-paysage-entre-20-et-24-cm\/","title":{"rendered":"Plats Tableaux Paysage &#8211; entre 20 et 24 cm (non alimentaire)"},"content":{"rendered":"<p>Ces plats d\u00e9coratifs font partie de la Collection Lac. Les motifs et les couleurs sont travaill\u00e9 al\u00e9atoirement pour cr\u00e9er des cartographie de mati\u00e8res color\u00e9 aux multiples effets. Ils explorent la profondeur et la couleur de l&#8217;\u00e9mail sur des surfaces plus grandes, \u00e0 travers des objets plats entre l&#8217;utilit\u00e9 et l\u2019esth\u00e9tique simple.<\/p>\n<p>&nbsp;<\/p>\n","protected":false},"excerpt":{"rendered":"<p>Grand plat d\u00e9coratif en gr\u00e8s \u00e9maill\u00e9<\/p>\n<p>diam\u00e8tre entre 20 et 24 cm<\/p>\n","protected":false},"featured_media":2364,"comment_status":"open","ping_status":"closed","template":"","meta":{"_acf_changed":false},"product_brand":[],"product_cat":[144,84],"product_tag":[81,109,63,110,83,108,107],"class_list":{"0":"post-2352","1":"product","2":"type-product","3":"status-publish","4":"has-post-thumbnail","6":"product_cat-objets-decoratifs","7":"product_cat-collection-lac","8":"product_tag-blanc","9":"product_tag-bleau","10":"product_tag-email","11":"product_tag-gres","12":"product_tag-noir","13":"product_tag-plat","14":"product_tag-plateau","16":"first","17":"instock","18":"purchasable","19":"product-type-variable"},"acf":[],"yoast_head":"<!-- This site is optimized with the Yoast SEO plugin v26.0 - https:\/\/yoast.com\/wordpress\/plugins\/seo\/ -->\n<title>Plats Tableaux Paysage - entre 20 et 24 cm (non alimentaire) - ByManet<\/title>\n<meta name=\"description\" content=\"Plats d\u00e9coratifs ou la mati\u00e8re et la couleur prennent le dessus sur l&#039;objet utile pour cr\u00e9er une cartographie vue du ciel al\u00e9atoire et fascinante.\" \/>\n<meta name=\"robots\" content=\"index, follow, max-snippet:-1, max-image-preview:large, max-video-preview:-1\" \/>\n<link rel=\"canonical\" href=\"https:\/\/bymanet.com\/en\/produit\/plats-paysage-entre-20-et-24-cm\/\" \/>\n<meta property=\"og:locale\" content=\"en_US\" \/>\n<meta property=\"og:type\" content=\"article\" \/>\n<meta property=\"og:title\" content=\"Plats Tableaux Paysage - entre 20 et 24 cm (non alimentaire) - ByManet\" \/>\n<meta property=\"og:description\" content=\"Plats d\u00e9coratifs ou la mati\u00e8re et la couleur prennent le dessus sur l&#039;objet utile pour cr\u00e9er une cartographie vue du ciel al\u00e9atoire et fascinante.\" \/>\n<meta property=\"og:url\" content=\"https:\/\/bymanet.com\/en\/produit\/plats-paysage-entre-20-et-24-cm\/\" \/>\n<meta property=\"og:site_name\" content=\"ByManet\" \/>\n<meta property=\"article:modified_time\" content=\"2024-05-21T07:54:29+00:00\" \/>\n<meta property=\"og:image\" content=\"https:\/\/bymanet.com\/wp-content\/uploads\/2020\/06\/plat-vert-turquoise-craquel\u00e9-et-montagnes-vertes-BD.jpg\" \/>\n\t<meta property=\"og:image:width\" content=\"1620\" \/>\n\t<meta property=\"og:image:height\" content=\"1080\" \/>\n\t<meta property=\"og:image:type\" content=\"image\/jpeg\" \/>\n<meta name=\"twitter:card\" content=\"summary_large_image\" \/>\n<script type=\"application\/ld+json\" class=\"yoast-schema-graph\">{\"@context\":\"https:\/\/schema.org\",\"@graph\":[{\"@type\":\"WebPage\",\"@id\":\"https:\/\/bymanet.com\/en\/produit\/plats-paysage-entre-20-et-24-cm\/\",\"url\":\"https:\/\/bymanet.com\/en\/produit\/plats-paysage-entre-20-et-24-cm\/\",\"name\":\"Plats Tableaux Paysage - entre 20 et 24 cm (non alimentaire) - ByManet\",\"isPartOf\":{\"@id\":\"https:\/\/bymanet.com\/en\/#website\"},\"primaryImageOfPage\":{\"@id\":\"https:\/\/bymanet.com\/en\/produit\/plats-paysage-entre-20-et-24-cm\/#primaryimage\"},\"image\":{\"@id\":\"https:\/\/bymanet.com\/en\/produit\/plats-paysage-entre-20-et-24-cm\/#primaryimage\"},\"thumbnailUrl\":\"https:\/\/bymanet.com\/wp-content\/uploads\/2020\/06\/plat-vert-turquoise-craquel\u00e9-et-montagnes-vertes-BD.jpg\",\"datePublished\":\"2020-06-02T07:06:52+00:00\",\"dateModified\":\"2024-05-21T07:54:29+00:00\",\"description\":\"Plats d\u00e9coratifs ou la mati\u00e8re et la couleur prennent le dessus sur l'objet utile pour cr\u00e9er une cartographie vue du ciel al\u00e9atoire et fascinante.\",\"breadcrumb\":{\"@id\":\"https:\/\/bymanet.com\/en\/produit\/plats-paysage-entre-20-et-24-cm\/#breadcrumb\"},\"inLanguage\":\"en-US\",\"potentialAction\":[{\"@type\":\"ReadAction\",\"target\":[\"https:\/\/bymanet.com\/en\/produit\/plats-paysage-entre-20-et-24-cm\/\"]}]},{\"@type\":\"ImageObject\",\"inLanguage\":\"en-US\",\"@id\":\"https:\/\/bymanet.com\/en\/produit\/plats-paysage-entre-20-et-24-cm\/#primaryimage\",\"url\":\"https:\/\/bymanet.com\/wp-content\/uploads\/2020\/06\/plat-vert-turquoise-craquel\u00e9-et-montagnes-vertes-BD.jpg\",\"contentUrl\":\"https:\/\/bymanet.com\/wp-content\/uploads\/2020\/06\/plat-vert-turquoise-craquel\u00e9-et-montagnes-vertes-BD.jpg\",\"width\":1620,\"height\":1080,\"caption\":\"plat d\u00e9coratif en gr\u00e8s blanc avec montagnes vertes \u00e9maill\u00e9 vert turquoise\"},{\"@type\":\"BreadcrumbList\",\"@id\":\"https:\/\/bymanet.com\/en\/produit\/plats-paysage-entre-20-et-24-cm\/#breadcrumb\",\"itemListElement\":[{\"@type\":\"ListItem\",\"position\":1,\"name\":\"Accueil\",\"item\":\"https:\/\/bymanet.com\/en\/\"},{\"@type\":\"ListItem\",\"position\":2,\"name\":\"Shop\",\"item\":\"https:\/\/bymanet.com\/shop\/?lang=en\"},{\"@type\":\"ListItem\",\"position\":3,\"name\":\"Decorative objects\",\"item\":\"https:\/\/bymanet.com\/en\/categorie-produit\/decorative-objects\/\"},{\"@type\":\"ListItem\",\"position\":4,\"name\":\"Plats Tableaux Paysage &#8211; entre 20 et 24 cm (non alimentaire)\"}]},{\"@type\":\"WebSite\",\"@id\":\"https:\/\/bymanet.com\/en\/#website\",\"url\":\"https:\/\/bymanet.com\/en\/\",\"name\":\"ByManet\",\"description\":\"Cr\u00e9ation de c\u00e9ramique et de bijoux design et contemporain \u00e0 Igny\",\"publisher\":{\"@id\":\"https:\/\/bymanet.com\/en\/#organization\"},\"potentialAction\":[{\"@type\":\"SearchAction\",\"target\":{\"@type\":\"EntryPoint\",\"urlTemplate\":\"https:\/\/bymanet.com\/en\/?s={search_term_string}\"},\"query-input\":{\"@type\":\"PropertyValueSpecification\",\"valueRequired\":true,\"valueName\":\"search_term_string\"}}],\"inLanguage\":\"en-US\"},{\"@type\":\"Organization\",\"@id\":\"https:\/\/bymanet.com\/en\/#organization\",\"name\":\"ByManet\",\"url\":\"https:\/\/bymanet.com\/en\/\",\"logo\":{\"@type\":\"ImageObject\",\"inLanguage\":\"en-US\",\"@id\":\"https:\/\/bymanet.com\/en\/#\/schema\/logo\/image\/\",\"url\":\"https:\/\/bymanet.com\/wp-content\/uploads\/2023\/02\/LOGO_BY_MANET-ai.svg\",\"contentUrl\":\"https:\/\/bymanet.com\/wp-content\/uploads\/2023\/02\/LOGO_BY_MANET-ai.svg\",\"caption\":\"ByManet\"},\"image\":{\"@id\":\"https:\/\/bymanet.com\/en\/#\/schema\/logo\/image\/\"}}]}<\/script>\n<!-- \/ Yoast SEO plugin. -->","yoast_head_json":{"title":"Plats Tableaux Paysage - entre 20 et 24 cm (non alimentaire) - ByManet","description":"Plats d\u00e9coratifs ou la mati\u00e8re et la couleur prennent le dessus sur l'objet utile pour cr\u00e9er une cartographie vue du ciel al\u00e9atoire et fascinante.","robots":{"index":"index","follow":"follow","max-snippet":"max-snippet:-1","max-image-preview":"max-image-preview:large","max-video-preview":"max-video-preview:-1"},"canonical":"https:\/\/bymanet.com\/en\/produit\/plats-paysage-entre-20-et-24-cm\/","og_locale":"en_US","og_type":"article","og_title":"Plats Tableaux Paysage - entre 20 et 24 cm (non alimentaire) - ByManet","og_description":"Plats d\u00e9coratifs ou la mati\u00e8re et la couleur prennent le dessus sur l'objet utile pour cr\u00e9er une cartographie vue du ciel al\u00e9atoire et fascinante.","og_url":"https:\/\/bymanet.com\/en\/produit\/plats-paysage-entre-20-et-24-cm\/","og_site_name":"ByManet","article_modified_time":"2024-05-21T07:54:29+00:00","og_image":[{"width":1620,"height":1080,"url":"https:\/\/bymanet.com\/wp-content\/uploads\/2020\/06\/plat-vert-turquoise-craquel\u00e9-et-montagnes-vertes-BD.jpg","type":"image\/jpeg"}],"twitter_card":"summary_large_image","schema":{"@context":"https:\/\/schema.org","@graph":[{"@type":"WebPage","@id":"https:\/\/bymanet.com\/en\/produit\/plats-paysage-entre-20-et-24-cm\/","url":"https:\/\/bymanet.com\/en\/produit\/plats-paysage-entre-20-et-24-cm\/","name":"Plats Tableaux Paysage - entre 20 et 24 cm (non alimentaire) - ByManet","isPartOf":{"@id":"https:\/\/bymanet.com\/en\/#website"},"primaryImageOfPage":{"@id":"https:\/\/bymanet.com\/en\/produit\/plats-paysage-entre-20-et-24-cm\/#primaryimage"},"image":{"@id":"https:\/\/bymanet.com\/en\/produit\/plats-paysage-entre-20-et-24-cm\/#primaryimage"},"thumbnailUrl":"https:\/\/bymanet.com\/wp-content\/uploads\/2020\/06\/plat-vert-turquoise-craquel\u00e9-et-montagnes-vertes-BD.jpg","datePublished":"2020-06-02T07:06:52+00:00","dateModified":"2024-05-21T07:54:29+00:00","description":"Plats d\u00e9coratifs ou la mati\u00e8re et la couleur prennent le dessus sur l'objet utile pour cr\u00e9er une cartographie vue du ciel al\u00e9atoire et fascinante.","breadcrumb":{"@id":"https:\/\/bymanet.com\/en\/produit\/plats-paysage-entre-20-et-24-cm\/#breadcrumb"},"inLanguage":"en-US","potentialAction":[{"@type":"ReadAction","target":["https:\/\/bymanet.com\/en\/produit\/plats-paysage-entre-20-et-24-cm\/"]}]},{"@type":"ImageObject","inLanguage":"en-US","@id":"https:\/\/bymanet.com\/en\/produit\/plats-paysage-entre-20-et-24-cm\/#primaryimage","url":"https:\/\/bymanet.com\/wp-content\/uploads\/2020\/06\/plat-vert-turquoise-craquel\u00e9-et-montagnes-vertes-BD.jpg","contentUrl":"https:\/\/bymanet.com\/wp-content\/uploads\/2020\/06\/plat-vert-turquoise-craquel\u00e9-et-montagnes-vertes-BD.jpg","width":1620,"height":1080,"caption":"plat d\u00e9coratif en gr\u00e8s blanc avec montagnes vertes \u00e9maill\u00e9 vert turquoise"},{"@type":"BreadcrumbList","@id":"https:\/\/bymanet.com\/en\/produit\/plats-paysage-entre-20-et-24-cm\/#breadcrumb","itemListElement":[{"@type":"ListItem","position":1,"name":"Accueil","item":"https:\/\/bymanet.com\/en\/"},{"@type":"ListItem","position":2,"name":"Shop","item":"https:\/\/bymanet.com\/shop\/?lang=en"},{"@type":"ListItem","position":3,"name":"Decorative objects","item":"https:\/\/bymanet.com\/en\/categorie-produit\/decorative-objects\/"},{"@type":"ListItem","position":4,"name":"Plats Tableaux Paysage &#8211; entre 20 et 24 cm (non alimentaire)"}]},{"@type":"WebSite","@id":"https:\/\/bymanet.com\/en\/#website","url":"https:\/\/bymanet.com\/en\/","name":"ByManet","description":"Cr\u00e9ation de c\u00e9ramique et de bijoux design et contemporain \u00e0 Igny","publisher":{"@id":"https:\/\/bymanet.com\/en\/#organization"},"potentialAction":[{"@type":"SearchAction","target":{"@type":"EntryPoint","urlTemplate":"https:\/\/bymanet.com\/en\/?s={search_term_string}"},"query-input":{"@type":"PropertyValueSpecification","valueRequired":true,"valueName":"search_term_string"}}],"inLanguage":"en-US"},{"@type":"Organization","@id":"https:\/\/bymanet.com\/en\/#organization","name":"ByManet","url":"https:\/\/bymanet.com\/en\/","logo":{"@type":"ImageObject","inLanguage":"en-US","@id":"https:\/\/bymanet.com\/en\/#\/schema\/logo\/image\/","url":"https:\/\/bymanet.com\/wp-content\/uploads\/2023\/02\/LOGO_BY_MANET-ai.svg","contentUrl":"https:\/\/bymanet.com\/wp-content\/uploads\/2023\/02\/LOGO_BY_MANET-ai.svg","caption":"ByManet"},"image":{"@id":"https:\/\/bymanet.com\/en\/#\/schema\/logo\/image\/"}}]}},"_links":{"self":[{"href":"https:\/\/bymanet.com\/en\/wp-json\/wp\/v2\/product\/2352","targetHints":{"allow":["GET"]}}],"collection":[{"href":"https:\/\/bymanet.com\/en\/wp-json\/wp\/v2\/product"}],"about":[{"href":"https:\/\/bymanet.com\/en\/wp-json\/wp\/v2\/types\/product"}],"replies":[{"embeddable":true,"href":"https:\/\/bymanet.com\/en\/wp-json\/wp\/v2\/comments?post=2352"}],"version-history":[{"count":0,"href":"https:\/\/bymanet.com\/en\/wp-json\/wp\/v2\/product\/2352\/revisions"}],"wp:featuredmedia":[{"embeddable":true,"href":"https:\/\/bymanet.com\/en\/wp-json\/wp\/v2\/media\/2364"}],"wp:attachment":[{"href":"https:\/\/bymanet.com\/en\/wp-json\/wp\/v2\/media?parent=2352"}],"wp:term":[{"taxonomy":"product_brand","embeddable":true,"href":"https:\/\/bymanet.com\/en\/wp-json\/wp\/v2\/product_brand?post=2352"},{"taxonomy":"product_cat","embeddable":true,"href":"https:\/\/bymanet.com\/en\/wp-json\/wp\/v2\/product_cat?post=2352"},{"taxonomy":"product_tag","embeddable":true,"href":"https:\/\/bymanet.com\/en\/wp-json\/wp\/v2\/product_tag?post=2352"}],"curies":[{"name":"wp","href":"https:\/\/api.w.org\/{rel}","templated":true}]}}