{"id":246,"date":"2020-03-22T14:52:29","date_gmt":"2020-03-22T13:52:29","guid":{"rendered":"https:\/\/bymanet-shop.fr\/?post_type=product&#038;p=246"},"modified":"2024-05-21T09:54:37","modified_gmt":"2024-05-21T07:54:37","slug":"lampe-fluide-en-gres-noir-ceramique","status":"publish","type":"product","link":"https:\/\/bymanet.com\/en\/produit\/lampe-fluide-en-gres-noir-ceramique\/","title":{"rendered":"Lampe Fluide en gr\u00e8s noir"},"content":{"rendered":"<div class=\"show_more\">\n<div class=\"wpsm-content\">\n<p>Dans cette lampe, la technique a tr\u00e8s fortement induit la forme. La forme champignon a \u00e9merg\u00e9e une fois les probl\u00e8mes techniques r\u00e9solus. La volont\u00e9 initiale est de cr\u00e9er une frise de gouttes sur les pourtours de l\u2019abat-jour, le centre de ce dernier est rentr\u00e9 \u00e0 l\u2019int\u00e9rieur pour cr\u00e9er le point de support. Le pied est plus fin en haut pour une interf\u00e9rence visuelle minime avec la frise de goutte et s\u2019\u00e9vase en bas pour la stabilit\u00e9 de l\u2019ensemble. Le chapeau et le pied sont deux parties ind\u00e9pendantes facilitant les d\u00e9placements. La forme \u00e9pur\u00e9e et le gr\u00e8s brut sombre orientent le regard vers la l\u00e9g\u00e8re frise al\u00e9atoire form\u00e9e par l\u2019\u00e9mail. Le contraste des mati\u00e8res est tranch\u00e9, entre la terre brute et sombre et la finesse des gouttes de verre translucide.<\/p>\n<p>&nbsp;<\/p>\n<h3>Collection Confluence<\/h3>\n<p>Confluence entre terre et verre<\/p>\n<p>Une grande partie de ma pratique c\u00e9ramique s\u2019articule autour d\u2019une recherche technologique pour comprendre et ma\u00eetriser l&#8217;\u00e9mail en le poussant dans ses limites et en lui attribuant de nouvelles fonctions.<\/p>\n<p>Hors du tesson de terre, l&#8217;\u00e9mail se rapproche du verre et devient une nouvelle mati\u00e8re presque ind\u00e9pendante qui goutte et se r\u00e9pand, se diffuse et connecte. Il peut \u00eatre structurel en devenant pi\u00e9tement ou translucide pour diffuser la lumi\u00e8re.<\/p>\n<p>La technique induit souvent la forme, un contenant aux lignes tendues qui lib\u00e8re la mati\u00e8re de son support. Chaque pi\u00e8ce contient un emplacement indispensable \u00e0 un support \u00e9l\u00e9vateur pour cr\u00e9er l\u2019espace n\u00e9cessaire \u00e0 la formation des gouttes. Le sentiment d\u2019un moment fig\u00e9 s\u2019exprime, o\u00f9 le \u00ab verr\u00e9mail \u00bb reste fluide et immobile dans son effondrement. L\u2019\u00e9mail ne d\u00e9pend plus du tesson de c\u00e9ramique, il s\u2019en \u00e9chappe pour transformer et compl\u00e9ter l\u2019objet en une mati\u00e8re quasi autonome. L&#8217;\u00e9mail surpasse son r\u00f4le de couverte et mue vers de nouvelles substances.<\/p>\n<p>Les deux mati\u00e8res argile et \u00e9mail se compl\u00e8tent dans un dialogue utile ou chacune s&#8217;exprime et se connecte l\u2019une \u00e0 l\u2019autre \u00e0 leur confluence.<\/p>\n<p>Mati\u00e8re<\/p>\n<p>Gr\u00e8s noir brut et frise d\u2019\u00e9mail translucide<br \/>\nAnneau LED<\/p>\n<p>Dimensions<br \/>\nChaque produit est unique, la taille et le motif de la frise sont variable.<\/p>\n<p>Grand mod\u00e8le :<br \/>\nHauteur: 37-40 cm\u00a0 \u00a0Diam\u00e8tre :\u00a0 32-34 cm<\/p>\n<p>Moyen Mod\u00e8le :<br \/>\nHauteur: 32-34 cm\u00a0 \u00a0Diam\u00e8tre:\u00a0 28-30 cm<\/p>\n<\/div>\n<\/div>\n","protected":false},"excerpt":{"rendered":"<p>Lampe fluide ou lampe champignon en gr\u00e8s noir<\/p>\n","protected":false},"featured_media":236,"comment_status":"open","ping_status":"closed","template":"","meta":{"_acf_changed":false},"product_brand":[],"product_cat":[144,30],"product_tag":[46,35],"class_list":{"0":"post-246","1":"product","2":"type-product","3":"status-publish","4":"has-post-thumbnail","6":"product_cat-objets-decoratifs","7":"product_cat-collection-confluence","8":"product_tag-champignon","9":"product_tag-lampe","11":"first","12":"instock","13":"purchasable","14":"product-type-variable","15":"has-default-attributes"},"acf":[],"yoast_head":"<!-- This site is optimized with the Yoast SEO plugin v26.0 - https:\/\/yoast.com\/wordpress\/plugins\/seo\/ -->\n<title>Lampe Fluide en gr\u00e8s noir - ByManet<\/title>\n<meta name=\"description\" content=\"Lampe Fluide ou lampe champignon en gr\u00e8s noir et frise de gouttes d&#039;\u00e9mail. Pi\u00e8ces uniques fabriqu\u00e9es en c\u00e9ramique tourn\u00e9e sur un tour de potier.\" \/>\n<meta name=\"robots\" content=\"index, follow, max-snippet:-1, max-image-preview:large, max-video-preview:-1\" \/>\n<link rel=\"canonical\" href=\"https:\/\/bymanet.com\/en\/produit\/lampe-fluide-en-gres-noir-ceramique\/\" \/>\n<meta property=\"og:locale\" content=\"en_US\" \/>\n<meta property=\"og:type\" content=\"article\" \/>\n<meta property=\"og:title\" content=\"Lampe Fluide en gr\u00e8s noir - ByManet\" \/>\n<meta property=\"og:description\" content=\"Lampe Fluide ou lampe champignon en gr\u00e8s noir et frise de gouttes d&#039;\u00e9mail. Pi\u00e8ces uniques fabriqu\u00e9es en c\u00e9ramique tourn\u00e9e sur un tour de potier.\" \/>\n<meta property=\"og:url\" content=\"https:\/\/bymanet.com\/en\/produit\/lampe-fluide-en-gres-noir-ceramique\/\" \/>\n<meta property=\"og:site_name\" content=\"ByManet\" \/>\n<meta property=\"article:modified_time\" content=\"2024-05-21T07:54:37+00:00\" \/>\n<meta property=\"og:image\" content=\"https:\/\/bymanet.com\/wp-content\/uploads\/2020\/03\/BYMANETFLUIDE-04-Large.jpg\" \/>\n\t<meta property=\"og:image:width\" content=\"1623\" \/>\n\t<meta property=\"og:image:height\" content=\"1080\" \/>\n\t<meta property=\"og:image:type\" content=\"image\/jpeg\" \/>\n<meta name=\"twitter:card\" content=\"summary_large_image\" \/>\n<script type=\"application\/ld+json\" class=\"yoast-schema-graph\">{\"@context\":\"https:\/\/schema.org\",\"@graph\":[{\"@type\":\"WebPage\",\"@id\":\"https:\/\/bymanet.com\/en\/produit\/lampe-fluide-en-gres-noir-ceramique\/\",\"url\":\"https:\/\/bymanet.com\/en\/produit\/lampe-fluide-en-gres-noir-ceramique\/\",\"name\":\"Lampe Fluide en gr\u00e8s noir - ByManet\",\"isPartOf\":{\"@id\":\"https:\/\/bymanet.com\/en\/#website\"},\"primaryImageOfPage\":{\"@id\":\"https:\/\/bymanet.com\/en\/produit\/lampe-fluide-en-gres-noir-ceramique\/#primaryimage\"},\"image\":{\"@id\":\"https:\/\/bymanet.com\/en\/produit\/lampe-fluide-en-gres-noir-ceramique\/#primaryimage\"},\"thumbnailUrl\":\"https:\/\/bymanet.com\/wp-content\/uploads\/2020\/03\/BYMANETFLUIDE-04-Large.jpg\",\"datePublished\":\"2020-03-22T13:52:29+00:00\",\"dateModified\":\"2024-05-21T07:54:37+00:00\",\"description\":\"Lampe Fluide ou lampe champignon en gr\u00e8s noir et frise de gouttes d'\u00e9mail. Pi\u00e8ces uniques fabriqu\u00e9es en c\u00e9ramique tourn\u00e9e sur un tour de potier.\",\"breadcrumb\":{\"@id\":\"https:\/\/bymanet.com\/en\/produit\/lampe-fluide-en-gres-noir-ceramique\/#breadcrumb\"},\"inLanguage\":\"en-US\",\"potentialAction\":[{\"@type\":\"ReadAction\",\"target\":[\"https:\/\/bymanet.com\/en\/produit\/lampe-fluide-en-gres-noir-ceramique\/\"]}]},{\"@type\":\"ImageObject\",\"inLanguage\":\"en-US\",\"@id\":\"https:\/\/bymanet.com\/en\/produit\/lampe-fluide-en-gres-noir-ceramique\/#primaryimage\",\"url\":\"https:\/\/bymanet.com\/wp-content\/uploads\/2020\/03\/BYMANETFLUIDE-04-Large.jpg\",\"contentUrl\":\"https:\/\/bymanet.com\/wp-content\/uploads\/2020\/03\/BYMANETFLUIDE-04-Large.jpg\",\"width\":1623,\"height\":1080},{\"@type\":\"BreadcrumbList\",\"@id\":\"https:\/\/bymanet.com\/en\/produit\/lampe-fluide-en-gres-noir-ceramique\/#breadcrumb\",\"itemListElement\":[{\"@type\":\"ListItem\",\"position\":1,\"name\":\"Accueil\",\"item\":\"https:\/\/bymanet.com\/en\/\"},{\"@type\":\"ListItem\",\"position\":2,\"name\":\"Shop\",\"item\":\"https:\/\/bymanet.com\/shop\/?lang=en\"},{\"@type\":\"ListItem\",\"position\":3,\"name\":\"Decorative objects\",\"item\":\"https:\/\/bymanet.com\/en\/categorie-produit\/decorative-objects\/\"},{\"@type\":\"ListItem\",\"position\":4,\"name\":\"Lampe Fluide en gr\u00e8s noir\"}]},{\"@type\":\"WebSite\",\"@id\":\"https:\/\/bymanet.com\/en\/#website\",\"url\":\"https:\/\/bymanet.com\/en\/\",\"name\":\"ByManet\",\"description\":\"Cr\u00e9ation de c\u00e9ramique et de bijoux design et contemporain \u00e0 Igny\",\"publisher\":{\"@id\":\"https:\/\/bymanet.com\/en\/#organization\"},\"potentialAction\":[{\"@type\":\"SearchAction\",\"target\":{\"@type\":\"EntryPoint\",\"urlTemplate\":\"https:\/\/bymanet.com\/en\/?s={search_term_string}\"},\"query-input\":{\"@type\":\"PropertyValueSpecification\",\"valueRequired\":true,\"valueName\":\"search_term_string\"}}],\"inLanguage\":\"en-US\"},{\"@type\":\"Organization\",\"@id\":\"https:\/\/bymanet.com\/en\/#organization\",\"name\":\"ByManet\",\"url\":\"https:\/\/bymanet.com\/en\/\",\"logo\":{\"@type\":\"ImageObject\",\"inLanguage\":\"en-US\",\"@id\":\"https:\/\/bymanet.com\/en\/#\/schema\/logo\/image\/\",\"url\":\"https:\/\/bymanet.com\/wp-content\/uploads\/2023\/02\/LOGO_BY_MANET-ai.svg\",\"contentUrl\":\"https:\/\/bymanet.com\/wp-content\/uploads\/2023\/02\/LOGO_BY_MANET-ai.svg\",\"caption\":\"ByManet\"},\"image\":{\"@id\":\"https:\/\/bymanet.com\/en\/#\/schema\/logo\/image\/\"}}]}<\/script>\n<!-- \/ Yoast SEO plugin. -->","yoast_head_json":{"title":"Lampe Fluide en gr\u00e8s noir - ByManet","description":"Lampe Fluide ou lampe champignon en gr\u00e8s noir et frise de gouttes d'\u00e9mail. Pi\u00e8ces uniques fabriqu\u00e9es en c\u00e9ramique tourn\u00e9e sur un tour de potier.","robots":{"index":"index","follow":"follow","max-snippet":"max-snippet:-1","max-image-preview":"max-image-preview:large","max-video-preview":"max-video-preview:-1"},"canonical":"https:\/\/bymanet.com\/en\/produit\/lampe-fluide-en-gres-noir-ceramique\/","og_locale":"en_US","og_type":"article","og_title":"Lampe Fluide en gr\u00e8s noir - ByManet","og_description":"Lampe Fluide ou lampe champignon en gr\u00e8s noir et frise de gouttes d'\u00e9mail. Pi\u00e8ces uniques fabriqu\u00e9es en c\u00e9ramique tourn\u00e9e sur un tour de potier.","og_url":"https:\/\/bymanet.com\/en\/produit\/lampe-fluide-en-gres-noir-ceramique\/","og_site_name":"ByManet","article_modified_time":"2024-05-21T07:54:37+00:00","og_image":[{"width":1623,"height":1080,"url":"https:\/\/bymanet.com\/wp-content\/uploads\/2020\/03\/BYMANETFLUIDE-04-Large.jpg","type":"image\/jpeg"}],"twitter_card":"summary_large_image","schema":{"@context":"https:\/\/schema.org","@graph":[{"@type":"WebPage","@id":"https:\/\/bymanet.com\/en\/produit\/lampe-fluide-en-gres-noir-ceramique\/","url":"https:\/\/bymanet.com\/en\/produit\/lampe-fluide-en-gres-noir-ceramique\/","name":"Lampe Fluide en gr\u00e8s noir - ByManet","isPartOf":{"@id":"https:\/\/bymanet.com\/en\/#website"},"primaryImageOfPage":{"@id":"https:\/\/bymanet.com\/en\/produit\/lampe-fluide-en-gres-noir-ceramique\/#primaryimage"},"image":{"@id":"https:\/\/bymanet.com\/en\/produit\/lampe-fluide-en-gres-noir-ceramique\/#primaryimage"},"thumbnailUrl":"https:\/\/bymanet.com\/wp-content\/uploads\/2020\/03\/BYMANETFLUIDE-04-Large.jpg","datePublished":"2020-03-22T13:52:29+00:00","dateModified":"2024-05-21T07:54:37+00:00","description":"Lampe Fluide ou lampe champignon en gr\u00e8s noir et frise de gouttes d'\u00e9mail. Pi\u00e8ces uniques fabriqu\u00e9es en c\u00e9ramique tourn\u00e9e sur un tour de potier.","breadcrumb":{"@id":"https:\/\/bymanet.com\/en\/produit\/lampe-fluide-en-gres-noir-ceramique\/#breadcrumb"},"inLanguage":"en-US","potentialAction":[{"@type":"ReadAction","target":["https:\/\/bymanet.com\/en\/produit\/lampe-fluide-en-gres-noir-ceramique\/"]}]},{"@type":"ImageObject","inLanguage":"en-US","@id":"https:\/\/bymanet.com\/en\/produit\/lampe-fluide-en-gres-noir-ceramique\/#primaryimage","url":"https:\/\/bymanet.com\/wp-content\/uploads\/2020\/03\/BYMANETFLUIDE-04-Large.jpg","contentUrl":"https:\/\/bymanet.com\/wp-content\/uploads\/2020\/03\/BYMANETFLUIDE-04-Large.jpg","width":1623,"height":1080},{"@type":"BreadcrumbList","@id":"https:\/\/bymanet.com\/en\/produit\/lampe-fluide-en-gres-noir-ceramique\/#breadcrumb","itemListElement":[{"@type":"ListItem","position":1,"name":"Accueil","item":"https:\/\/bymanet.com\/en\/"},{"@type":"ListItem","position":2,"name":"Shop","item":"https:\/\/bymanet.com\/shop\/?lang=en"},{"@type":"ListItem","position":3,"name":"Decorative objects","item":"https:\/\/bymanet.com\/en\/categorie-produit\/decorative-objects\/"},{"@type":"ListItem","position":4,"name":"Lampe Fluide en gr\u00e8s noir"}]},{"@type":"WebSite","@id":"https:\/\/bymanet.com\/en\/#website","url":"https:\/\/bymanet.com\/en\/","name":"ByManet","description":"Cr\u00e9ation de c\u00e9ramique et de bijoux design et contemporain \u00e0 Igny","publisher":{"@id":"https:\/\/bymanet.com\/en\/#organization"},"potentialAction":[{"@type":"SearchAction","target":{"@type":"EntryPoint","urlTemplate":"https:\/\/bymanet.com\/en\/?s={search_term_string}"},"query-input":{"@type":"PropertyValueSpecification","valueRequired":true,"valueName":"search_term_string"}}],"inLanguage":"en-US"},{"@type":"Organization","@id":"https:\/\/bymanet.com\/en\/#organization","name":"ByManet","url":"https:\/\/bymanet.com\/en\/","logo":{"@type":"ImageObject","inLanguage":"en-US","@id":"https:\/\/bymanet.com\/en\/#\/schema\/logo\/image\/","url":"https:\/\/bymanet.com\/wp-content\/uploads\/2023\/02\/LOGO_BY_MANET-ai.svg","contentUrl":"https:\/\/bymanet.com\/wp-content\/uploads\/2023\/02\/LOGO_BY_MANET-ai.svg","caption":"ByManet"},"image":{"@id":"https:\/\/bymanet.com\/en\/#\/schema\/logo\/image\/"}}]}},"_links":{"self":[{"href":"https:\/\/bymanet.com\/en\/wp-json\/wp\/v2\/product\/246","targetHints":{"allow":["GET"]}}],"collection":[{"href":"https:\/\/bymanet.com\/en\/wp-json\/wp\/v2\/product"}],"about":[{"href":"https:\/\/bymanet.com\/en\/wp-json\/wp\/v2\/types\/product"}],"replies":[{"embeddable":true,"href":"https:\/\/bymanet.com\/en\/wp-json\/wp\/v2\/comments?post=246"}],"version-history":[{"count":0,"href":"https:\/\/bymanet.com\/en\/wp-json\/wp\/v2\/product\/246\/revisions"}],"wp:featuredmedia":[{"embeddable":true,"href":"https:\/\/bymanet.com\/en\/wp-json\/wp\/v2\/media\/236"}],"wp:attachment":[{"href":"https:\/\/bymanet.com\/en\/wp-json\/wp\/v2\/media?parent=246"}],"wp:term":[{"taxonomy":"product_brand","embeddable":true,"href":"https:\/\/bymanet.com\/en\/wp-json\/wp\/v2\/product_brand?post=246"},{"taxonomy":"product_cat","embeddable":true,"href":"https:\/\/bymanet.com\/en\/wp-json\/wp\/v2\/product_cat?post=246"},{"taxonomy":"product_tag","embeddable":true,"href":"https:\/\/bymanet.com\/en\/wp-json\/wp\/v2\/product_tag?post=246"}],"curies":[{"name":"wp","href":"https:\/\/api.w.org\/{rel}","templated":true}]}}