{"id":2552,"date":"2020-11-14T17:54:29","date_gmt":"2020-11-14T16:54:29","guid":{"rendered":"https:\/\/bymanet-shop.fr\/?post_type=product&#038;p=2552"},"modified":"2025-12-10T12:26:23","modified_gmt":"2025-12-10T11:26:23","slug":"collier-pendentif-goutte-demail","status":"publish","type":"product","link":"https:\/\/bymanet.com\/en\/produit\/collier-pendentif-goutte-demail\/","title":{"rendered":"Colliers pendentif \u201cGOUTTE D&#8217;\u00c9MAIL\u201d"},"content":{"rendered":"<p>Ces perles d\u2019\u00e9mail sont des gouttes issues du processus de cuisson de\u00a0pots de fleurs\u00a0ou de la\u00a0lampe fluide.<\/p>\n<p>Con\u00e7us dans un cercle vertueux de r\u00e9cup\u00e9ration et de transformation, ces pendentifs en gouttes d\u2019\u00e9mail sont tous uniques, dans une mati\u00e8re originale semblable au verre. Ils sont discrets \u00e0 porter et s\u2019adaptent \u00e0 des occasions chic ou d\u00e9contract\u00e9es. La cha\u00eene est en argent d&#8217;environ 42cm de longueur ou<\/p>\n","protected":false},"excerpt":{"rendered":"<p>Pendentifs en gouttes d&#8217;\u00e9mail subtilement diff\u00e9rentes sur cha\u00eene en argent.<\/p>\n","protected":false},"featured_media":2554,"comment_status":"open","ping_status":"closed","template":"","meta":{"_acf_changed":false},"product_brand":[],"product_cat":[48,30],"product_tag":[64,63],"class_list":{"0":"post-2552","1":"product","2":"type-product","3":"status-publish","4":"has-post-thumbnail","6":"product_cat-bijoux","7":"product_cat-collection-confluence","8":"product_tag-boucle-doreilles","9":"product_tag-email","11":"first","12":"instock","13":"purchasable","14":"product-type-variable"},"acf":[],"yoast_head":"<!-- This site is optimized with the Yoast SEO plugin v26.0 - https:\/\/yoast.com\/wordpress\/plugins\/seo\/ -->\n<title>Colliers pendentif \u201cGOUTTE D&#039;\u00c9MAIL\u201d - ByManet<\/title>\n<meta name=\"description\" content=\"Pendentifs en gouttes de verre d\u2019\u00e9mail issues de la cuisson\u00a0de c\u00e9ramique. Tous uniques ils sont l\u00e9g\u00e9s et chic mont\u00e9s sur une cha\u00eene d&#039;argent.\" \/>\n<meta name=\"robots\" content=\"index, follow, max-snippet:-1, max-image-preview:large, max-video-preview:-1\" \/>\n<link rel=\"canonical\" href=\"https:\/\/bymanet.com\/en\/produit\/collier-pendentif-goutte-demail\/\" \/>\n<meta property=\"og:locale\" content=\"en_US\" \/>\n<meta property=\"og:type\" content=\"article\" \/>\n<meta property=\"og:title\" content=\"Colliers pendentif \u201cGOUTTE D&#039;\u00c9MAIL\u201d - ByManet\" \/>\n<meta property=\"og:description\" content=\"Pendentifs en gouttes de verre d\u2019\u00e9mail issues de la cuisson\u00a0de c\u00e9ramique. Tous uniques ils sont l\u00e9g\u00e9s et chic mont\u00e9s sur une cha\u00eene d&#039;argent.\" \/>\n<meta property=\"og:url\" content=\"https:\/\/bymanet.com\/en\/produit\/collier-pendentif-goutte-demail\/\" \/>\n<meta property=\"og:site_name\" content=\"ByManet\" \/>\n<meta property=\"article:modified_time\" content=\"2025-12-10T11:26:23+00:00\" \/>\n<meta property=\"og:image\" content=\"https:\/\/bymanet.com\/wp-content\/uploads\/2020\/11\/Collier-goutte-demail-petit-blanc-porte-BD-scaled.jpg\" \/>\n\t<meta property=\"og:image:width\" content=\"2560\" \/>\n\t<meta property=\"og:image:height\" content=\"1707\" \/>\n\t<meta property=\"og:image:type\" content=\"image\/jpeg\" \/>\n<meta name=\"twitter:card\" content=\"summary_large_image\" \/>\n<script type=\"application\/ld+json\" class=\"yoast-schema-graph\">{\"@context\":\"https:\/\/schema.org\",\"@graph\":[{\"@type\":\"WebPage\",\"@id\":\"https:\/\/bymanet.com\/en\/produit\/collier-pendentif-goutte-demail\/\",\"url\":\"https:\/\/bymanet.com\/en\/produit\/collier-pendentif-goutte-demail\/\",\"name\":\"Colliers pendentif \u201cGOUTTE D'\u00c9MAIL\u201d - ByManet\",\"isPartOf\":{\"@id\":\"https:\/\/bymanet.com\/en\/#website\"},\"primaryImageOfPage\":{\"@id\":\"https:\/\/bymanet.com\/en\/produit\/collier-pendentif-goutte-demail\/#primaryimage\"},\"image\":{\"@id\":\"https:\/\/bymanet.com\/en\/produit\/collier-pendentif-goutte-demail\/#primaryimage\"},\"thumbnailUrl\":\"https:\/\/bymanet.com\/wp-content\/uploads\/2020\/11\/Collier-goutte-demail-petit-blanc-porte-BD-scaled.jpg\",\"datePublished\":\"2020-11-14T16:54:29+00:00\",\"dateModified\":\"2025-12-10T11:26:23+00:00\",\"description\":\"Pendentifs en gouttes de verre d\u2019\u00e9mail issues de la cuisson\u00a0de c\u00e9ramique. Tous uniques ils sont l\u00e9g\u00e9s et chic mont\u00e9s sur une cha\u00eene d'argent.\",\"breadcrumb\":{\"@id\":\"https:\/\/bymanet.com\/en\/produit\/collier-pendentif-goutte-demail\/#breadcrumb\"},\"inLanguage\":\"en-US\",\"potentialAction\":[{\"@type\":\"ReadAction\",\"target\":[\"https:\/\/bymanet.com\/en\/produit\/collier-pendentif-goutte-demail\/\"]}]},{\"@type\":\"ImageObject\",\"inLanguage\":\"en-US\",\"@id\":\"https:\/\/bymanet.com\/en\/produit\/collier-pendentif-goutte-demail\/#primaryimage\",\"url\":\"https:\/\/bymanet.com\/wp-content\/uploads\/2020\/11\/Collier-goutte-demail-petit-blanc-porte-BD-scaled.jpg\",\"contentUrl\":\"https:\/\/bymanet.com\/wp-content\/uploads\/2020\/11\/Collier-goutte-demail-petit-blanc-porte-BD-scaled.jpg\",\"width\":2560,\"height\":1707,\"caption\":\"Collier pendentif goutte d'\u00e9mail en verre blanc\"},{\"@type\":\"BreadcrumbList\",\"@id\":\"https:\/\/bymanet.com\/en\/produit\/collier-pendentif-goutte-demail\/#breadcrumb\",\"itemListElement\":[{\"@type\":\"ListItem\",\"position\":1,\"name\":\"Accueil\",\"item\":\"https:\/\/bymanet.com\/en\/\"},{\"@type\":\"ListItem\",\"position\":2,\"name\":\"Shop\",\"item\":\"https:\/\/bymanet.com\/shop\/?lang=en\"},{\"@type\":\"ListItem\",\"position\":3,\"name\":\"Bijoux\",\"item\":\"https:\/\/bymanet.com\/en\/categorie-produit\/bijoux\/\"},{\"@type\":\"ListItem\",\"position\":4,\"name\":\"Colliers pendentif \u201cGOUTTE D&#8217;\u00c9MAIL\u201d\"}]},{\"@type\":\"WebSite\",\"@id\":\"https:\/\/bymanet.com\/en\/#website\",\"url\":\"https:\/\/bymanet.com\/en\/\",\"name\":\"ByManet\",\"description\":\"Cr\u00e9ation de c\u00e9ramique et de bijoux design et contemporain \u00e0 Igny\",\"publisher\":{\"@id\":\"https:\/\/bymanet.com\/en\/#organization\"},\"potentialAction\":[{\"@type\":\"SearchAction\",\"target\":{\"@type\":\"EntryPoint\",\"urlTemplate\":\"https:\/\/bymanet.com\/en\/?s={search_term_string}\"},\"query-input\":{\"@type\":\"PropertyValueSpecification\",\"valueRequired\":true,\"valueName\":\"search_term_string\"}}],\"inLanguage\":\"en-US\"},{\"@type\":\"Organization\",\"@id\":\"https:\/\/bymanet.com\/en\/#organization\",\"name\":\"ByManet\",\"url\":\"https:\/\/bymanet.com\/en\/\",\"logo\":{\"@type\":\"ImageObject\",\"inLanguage\":\"en-US\",\"@id\":\"https:\/\/bymanet.com\/en\/#\/schema\/logo\/image\/\",\"url\":\"https:\/\/bymanet.com\/wp-content\/uploads\/2023\/02\/LOGO_BY_MANET-ai.svg\",\"contentUrl\":\"https:\/\/bymanet.com\/wp-content\/uploads\/2023\/02\/LOGO_BY_MANET-ai.svg\",\"caption\":\"ByManet\"},\"image\":{\"@id\":\"https:\/\/bymanet.com\/en\/#\/schema\/logo\/image\/\"}}]}<\/script>\n<!-- \/ Yoast SEO plugin. -->","yoast_head_json":{"title":"Colliers pendentif \u201cGOUTTE D'\u00c9MAIL\u201d - ByManet","description":"Pendentifs en gouttes de verre d\u2019\u00e9mail issues de la cuisson\u00a0de c\u00e9ramique. Tous uniques ils sont l\u00e9g\u00e9s et chic mont\u00e9s sur une cha\u00eene d'argent.","robots":{"index":"index","follow":"follow","max-snippet":"max-snippet:-1","max-image-preview":"max-image-preview:large","max-video-preview":"max-video-preview:-1"},"canonical":"https:\/\/bymanet.com\/en\/produit\/collier-pendentif-goutte-demail\/","og_locale":"en_US","og_type":"article","og_title":"Colliers pendentif \u201cGOUTTE D'\u00c9MAIL\u201d - ByManet","og_description":"Pendentifs en gouttes de verre d\u2019\u00e9mail issues de la cuisson\u00a0de c\u00e9ramique. Tous uniques ils sont l\u00e9g\u00e9s et chic mont\u00e9s sur une cha\u00eene d'argent.","og_url":"https:\/\/bymanet.com\/en\/produit\/collier-pendentif-goutte-demail\/","og_site_name":"ByManet","article_modified_time":"2025-12-10T11:26:23+00:00","og_image":[{"width":2560,"height":1707,"url":"https:\/\/bymanet.com\/wp-content\/uploads\/2020\/11\/Collier-goutte-demail-petit-blanc-porte-BD-scaled.jpg","type":"image\/jpeg"}],"twitter_card":"summary_large_image","schema":{"@context":"https:\/\/schema.org","@graph":[{"@type":"WebPage","@id":"https:\/\/bymanet.com\/en\/produit\/collier-pendentif-goutte-demail\/","url":"https:\/\/bymanet.com\/en\/produit\/collier-pendentif-goutte-demail\/","name":"Colliers pendentif \u201cGOUTTE D'\u00c9MAIL\u201d - ByManet","isPartOf":{"@id":"https:\/\/bymanet.com\/en\/#website"},"primaryImageOfPage":{"@id":"https:\/\/bymanet.com\/en\/produit\/collier-pendentif-goutte-demail\/#primaryimage"},"image":{"@id":"https:\/\/bymanet.com\/en\/produit\/collier-pendentif-goutte-demail\/#primaryimage"},"thumbnailUrl":"https:\/\/bymanet.com\/wp-content\/uploads\/2020\/11\/Collier-goutte-demail-petit-blanc-porte-BD-scaled.jpg","datePublished":"2020-11-14T16:54:29+00:00","dateModified":"2025-12-10T11:26:23+00:00","description":"Pendentifs en gouttes de verre d\u2019\u00e9mail issues de la cuisson\u00a0de c\u00e9ramique. Tous uniques ils sont l\u00e9g\u00e9s et chic mont\u00e9s sur une cha\u00eene d'argent.","breadcrumb":{"@id":"https:\/\/bymanet.com\/en\/produit\/collier-pendentif-goutte-demail\/#breadcrumb"},"inLanguage":"en-US","potentialAction":[{"@type":"ReadAction","target":["https:\/\/bymanet.com\/en\/produit\/collier-pendentif-goutte-demail\/"]}]},{"@type":"ImageObject","inLanguage":"en-US","@id":"https:\/\/bymanet.com\/en\/produit\/collier-pendentif-goutte-demail\/#primaryimage","url":"https:\/\/bymanet.com\/wp-content\/uploads\/2020\/11\/Collier-goutte-demail-petit-blanc-porte-BD-scaled.jpg","contentUrl":"https:\/\/bymanet.com\/wp-content\/uploads\/2020\/11\/Collier-goutte-demail-petit-blanc-porte-BD-scaled.jpg","width":2560,"height":1707,"caption":"Collier pendentif goutte d'\u00e9mail en verre blanc"},{"@type":"BreadcrumbList","@id":"https:\/\/bymanet.com\/en\/produit\/collier-pendentif-goutte-demail\/#breadcrumb","itemListElement":[{"@type":"ListItem","position":1,"name":"Accueil","item":"https:\/\/bymanet.com\/en\/"},{"@type":"ListItem","position":2,"name":"Shop","item":"https:\/\/bymanet.com\/shop\/?lang=en"},{"@type":"ListItem","position":3,"name":"Bijoux","item":"https:\/\/bymanet.com\/en\/categorie-produit\/bijoux\/"},{"@type":"ListItem","position":4,"name":"Colliers pendentif \u201cGOUTTE D&#8217;\u00c9MAIL\u201d"}]},{"@type":"WebSite","@id":"https:\/\/bymanet.com\/en\/#website","url":"https:\/\/bymanet.com\/en\/","name":"ByManet","description":"Cr\u00e9ation de c\u00e9ramique et de bijoux design et contemporain \u00e0 Igny","publisher":{"@id":"https:\/\/bymanet.com\/en\/#organization"},"potentialAction":[{"@type":"SearchAction","target":{"@type":"EntryPoint","urlTemplate":"https:\/\/bymanet.com\/en\/?s={search_term_string}"},"query-input":{"@type":"PropertyValueSpecification","valueRequired":true,"valueName":"search_term_string"}}],"inLanguage":"en-US"},{"@type":"Organization","@id":"https:\/\/bymanet.com\/en\/#organization","name":"ByManet","url":"https:\/\/bymanet.com\/en\/","logo":{"@type":"ImageObject","inLanguage":"en-US","@id":"https:\/\/bymanet.com\/en\/#\/schema\/logo\/image\/","url":"https:\/\/bymanet.com\/wp-content\/uploads\/2023\/02\/LOGO_BY_MANET-ai.svg","contentUrl":"https:\/\/bymanet.com\/wp-content\/uploads\/2023\/02\/LOGO_BY_MANET-ai.svg","caption":"ByManet"},"image":{"@id":"https:\/\/bymanet.com\/en\/#\/schema\/logo\/image\/"}}]}},"_links":{"self":[{"href":"https:\/\/bymanet.com\/en\/wp-json\/wp\/v2\/product\/2552","targetHints":{"allow":["GET"]}}],"collection":[{"href":"https:\/\/bymanet.com\/en\/wp-json\/wp\/v2\/product"}],"about":[{"href":"https:\/\/bymanet.com\/en\/wp-json\/wp\/v2\/types\/product"}],"replies":[{"embeddable":true,"href":"https:\/\/bymanet.com\/en\/wp-json\/wp\/v2\/comments?post=2552"}],"version-history":[{"count":0,"href":"https:\/\/bymanet.com\/en\/wp-json\/wp\/v2\/product\/2552\/revisions"}],"wp:featuredmedia":[{"embeddable":true,"href":"https:\/\/bymanet.com\/en\/wp-json\/wp\/v2\/media\/2554"}],"wp:attachment":[{"href":"https:\/\/bymanet.com\/en\/wp-json\/wp\/v2\/media?parent=2552"}],"wp:term":[{"taxonomy":"product_brand","embeddable":true,"href":"https:\/\/bymanet.com\/en\/wp-json\/wp\/v2\/product_brand?post=2552"},{"taxonomy":"product_cat","embeddable":true,"href":"https:\/\/bymanet.com\/en\/wp-json\/wp\/v2\/product_cat?post=2552"},{"taxonomy":"product_tag","embeddable":true,"href":"https:\/\/bymanet.com\/en\/wp-json\/wp\/v2\/product_tag?post=2552"}],"curies":[{"name":"wp","href":"https:\/\/api.w.org\/{rel}","templated":true}]}}