{"id":2751,"date":"2020-11-18T18:12:42","date_gmt":"2020-11-18T17:12:42","guid":{"rendered":"https:\/\/bymanet-shop.fr\/?post_type=product&#038;p=2751"},"modified":"2024-05-21T09:54:26","modified_gmt":"2024-05-21T07:54:26","slug":"coupelles-en-porcelaine-gravee-de-nenuphars","status":"publish","type":"product","link":"https:\/\/bymanet.com\/en\/produit\/coupelles-en-porcelaine-gravee-de-nenuphars\/","title":{"rendered":"Coupelles en porcelaine grav\u00e9e de n\u00e9nuphars"},"content":{"rendered":"<p>Grav\u00e9es et model\u00e9s \u00e0 la main dans des coupelles tourn\u00e9es en porcelaine, ces n\u00e9nuphars \u00e9mergent d&#8217;un \u00e9mail translucide. Ces coupes repr\u00e9sente le parfait m\u00e9lange entre mon amour pour la gravure et ma passion d&#8217;un \u00e9mail autrement. L&#8217;\u00e9mail \u00e0 l&#8217;\u00e9paisseur inhabituelle est travaill\u00e9 comme une p\u00e2te de verre, en fondant il r\u00e9v\u00e8le sa profondeur et cr\u00e9er une mati\u00e8re unique qui rappel l&#8217;eau.<\/p>\n<p>Ces coupes font partie de la Collection Lac qui o\u00f9 j&#8217;y explore la profondeur et la couleur de l&#8217;\u00e9mail \u00e0 travers des objets encore une fois entre l&#8217;utilit\u00e9 et l\u2019esth\u00e9tique simple.<\/p>\n<p>&nbsp;<\/p>\n","protected":false},"excerpt":{"rendered":"<p>Coupelles en porcelaine tourn\u00e9es et n\u00e9nuphars grav\u00e9es et model\u00e9s nageant dans l&#8217;\u00e9mail.<\/p>\n<p>tailles : entre 13 et 18 cm<\/p>\n","protected":false},"featured_media":9215,"comment_status":"open","ping_status":"closed","template":"","meta":{"_acf_changed":false},"product_brand":[],"product_cat":[144,84],"product_tag":[90,81,79,89,92,91,66,93],"class_list":{"0":"post-2751","1":"product","2":"type-product","3":"status-publish","4":"has-post-thumbnail","6":"product_cat-objets-decoratifs","7":"product_cat-collection-lac","8":"product_tag-assiette","9":"product_tag-blanc","10":"product_tag-bleu","11":"product_tag-coupelle","12":"product_tag-deco","13":"product_tag-decor","14":"product_tag-gravure","15":"product_tag-porcelaine","17":"first","18":"instock","19":"featured","20":"purchasable","21":"product-type-variable"},"acf":[],"yoast_head":"<!-- This site is optimized with the Yoast SEO plugin v26.0 - https:\/\/yoast.com\/wordpress\/plugins\/seo\/ -->\n<title>Coupelles en porcelaine grav\u00e9e de n\u00e9nuphars - ByManet<\/title>\n<meta name=\"description\" content=\"Coupelles d\u00e9corative en porcelaine dont le fond est grav\u00e9e \u00e0 la main et model\u00e9 de n\u00e9nuphars nageant dans un \u00e9mail bleut\u00e9 translucide.\" \/>\n<meta name=\"robots\" content=\"index, follow, max-snippet:-1, max-image-preview:large, max-video-preview:-1\" \/>\n<link rel=\"canonical\" href=\"https:\/\/bymanet.com\/en\/produit\/coupelles-en-porcelaine-gravee-de-nenuphars\/\" \/>\n<meta property=\"og:locale\" content=\"en_US\" \/>\n<meta property=\"og:type\" content=\"article\" \/>\n<meta property=\"og:title\" content=\"Coupelles en porcelaine grav\u00e9e de n\u00e9nuphars - ByManet\" \/>\n<meta property=\"og:description\" content=\"Coupelles d\u00e9corative en porcelaine dont le fond est grav\u00e9e \u00e0 la main et model\u00e9 de n\u00e9nuphars nageant dans un \u00e9mail bleut\u00e9 translucide.\" \/>\n<meta property=\"og:url\" content=\"https:\/\/bymanet.com\/en\/produit\/coupelles-en-porcelaine-gravee-de-nenuphars\/\" \/>\n<meta property=\"og:site_name\" content=\"ByManet\" \/>\n<meta property=\"article:modified_time\" content=\"2024-05-21T07:54:26+00:00\" \/>\n<meta property=\"og:image\" content=\"https:\/\/bymanet.com\/wp-content\/uploads\/2023\/07\/coupelle-carpe-et-grand-nenuphar-\u00a9-Iris-Massy-BD-3.jpg\" \/>\n\t<meta property=\"og:image:width\" content=\"720\" \/>\n\t<meta property=\"og:image:height\" content=\"1080\" \/>\n\t<meta property=\"og:image:type\" content=\"image\/jpeg\" \/>\n<meta name=\"twitter:card\" content=\"summary_large_image\" \/>\n<script type=\"application\/ld+json\" class=\"yoast-schema-graph\">{\"@context\":\"https:\/\/schema.org\",\"@graph\":[{\"@type\":\"WebPage\",\"@id\":\"https:\/\/bymanet.com\/en\/produit\/coupelles-en-porcelaine-gravee-de-nenuphars\/\",\"url\":\"https:\/\/bymanet.com\/en\/produit\/coupelles-en-porcelaine-gravee-de-nenuphars\/\",\"name\":\"Coupelles en porcelaine grav\u00e9e de n\u00e9nuphars - ByManet\",\"isPartOf\":{\"@id\":\"https:\/\/bymanet.com\/en\/#website\"},\"primaryImageOfPage\":{\"@id\":\"https:\/\/bymanet.com\/en\/produit\/coupelles-en-porcelaine-gravee-de-nenuphars\/#primaryimage\"},\"image\":{\"@id\":\"https:\/\/bymanet.com\/en\/produit\/coupelles-en-porcelaine-gravee-de-nenuphars\/#primaryimage\"},\"thumbnailUrl\":\"https:\/\/bymanet.com\/wp-content\/uploads\/2023\/07\/coupelle-carpe-et-grand-nenuphar-\u00a9-Iris-Massy-BD-3.jpg\",\"datePublished\":\"2020-11-18T17:12:42+00:00\",\"dateModified\":\"2024-05-21T07:54:26+00:00\",\"description\":\"Coupelles d\u00e9corative en porcelaine dont le fond est grav\u00e9e \u00e0 la main et model\u00e9 de n\u00e9nuphars nageant dans un \u00e9mail bleut\u00e9 translucide.\",\"breadcrumb\":{\"@id\":\"https:\/\/bymanet.com\/en\/produit\/coupelles-en-porcelaine-gravee-de-nenuphars\/#breadcrumb\"},\"inLanguage\":\"en-US\",\"potentialAction\":[{\"@type\":\"ReadAction\",\"target\":[\"https:\/\/bymanet.com\/en\/produit\/coupelles-en-porcelaine-gravee-de-nenuphars\/\"]}]},{\"@type\":\"ImageObject\",\"inLanguage\":\"en-US\",\"@id\":\"https:\/\/bymanet.com\/en\/produit\/coupelles-en-porcelaine-gravee-de-nenuphars\/#primaryimage\",\"url\":\"https:\/\/bymanet.com\/wp-content\/uploads\/2023\/07\/coupelle-carpe-et-grand-nenuphar-\u00a9-Iris-Massy-BD-3.jpg\",\"contentUrl\":\"https:\/\/bymanet.com\/wp-content\/uploads\/2023\/07\/coupelle-carpe-et-grand-nenuphar-\u00a9-Iris-Massy-BD-3.jpg\",\"width\":720,\"height\":1080},{\"@type\":\"BreadcrumbList\",\"@id\":\"https:\/\/bymanet.com\/en\/produit\/coupelles-en-porcelaine-gravee-de-nenuphars\/#breadcrumb\",\"itemListElement\":[{\"@type\":\"ListItem\",\"position\":1,\"name\":\"Accueil\",\"item\":\"https:\/\/bymanet.com\/en\/\"},{\"@type\":\"ListItem\",\"position\":2,\"name\":\"Shop\",\"item\":\"https:\/\/bymanet.com\/shop\/?lang=en\"},{\"@type\":\"ListItem\",\"position\":3,\"name\":\"Decorative objects\",\"item\":\"https:\/\/bymanet.com\/en\/categorie-produit\/decorative-objects\/\"},{\"@type\":\"ListItem\",\"position\":4,\"name\":\"Coupelles en porcelaine grav\u00e9e de n\u00e9nuphars\"}]},{\"@type\":\"WebSite\",\"@id\":\"https:\/\/bymanet.com\/en\/#website\",\"url\":\"https:\/\/bymanet.com\/en\/\",\"name\":\"ByManet\",\"description\":\"Cr\u00e9ation de c\u00e9ramique et de bijoux design et contemporain \u00e0 Igny\",\"publisher\":{\"@id\":\"https:\/\/bymanet.com\/en\/#organization\"},\"potentialAction\":[{\"@type\":\"SearchAction\",\"target\":{\"@type\":\"EntryPoint\",\"urlTemplate\":\"https:\/\/bymanet.com\/en\/?s={search_term_string}\"},\"query-input\":{\"@type\":\"PropertyValueSpecification\",\"valueRequired\":true,\"valueName\":\"search_term_string\"}}],\"inLanguage\":\"en-US\"},{\"@type\":\"Organization\",\"@id\":\"https:\/\/bymanet.com\/en\/#organization\",\"name\":\"ByManet\",\"url\":\"https:\/\/bymanet.com\/en\/\",\"logo\":{\"@type\":\"ImageObject\",\"inLanguage\":\"en-US\",\"@id\":\"https:\/\/bymanet.com\/en\/#\/schema\/logo\/image\/\",\"url\":\"https:\/\/bymanet.com\/wp-content\/uploads\/2023\/02\/LOGO_BY_MANET-ai.svg\",\"contentUrl\":\"https:\/\/bymanet.com\/wp-content\/uploads\/2023\/02\/LOGO_BY_MANET-ai.svg\",\"caption\":\"ByManet\"},\"image\":{\"@id\":\"https:\/\/bymanet.com\/en\/#\/schema\/logo\/image\/\"}}]}<\/script>\n<!-- \/ Yoast SEO plugin. -->","yoast_head_json":{"title":"Coupelles en porcelaine grav\u00e9e de n\u00e9nuphars - ByManet","description":"Coupelles d\u00e9corative en porcelaine dont le fond est grav\u00e9e \u00e0 la main et model\u00e9 de n\u00e9nuphars nageant dans un \u00e9mail bleut\u00e9 translucide.","robots":{"index":"index","follow":"follow","max-snippet":"max-snippet:-1","max-image-preview":"max-image-preview:large","max-video-preview":"max-video-preview:-1"},"canonical":"https:\/\/bymanet.com\/en\/produit\/coupelles-en-porcelaine-gravee-de-nenuphars\/","og_locale":"en_US","og_type":"article","og_title":"Coupelles en porcelaine grav\u00e9e de n\u00e9nuphars - ByManet","og_description":"Coupelles d\u00e9corative en porcelaine dont le fond est grav\u00e9e \u00e0 la main et model\u00e9 de n\u00e9nuphars nageant dans un \u00e9mail bleut\u00e9 translucide.","og_url":"https:\/\/bymanet.com\/en\/produit\/coupelles-en-porcelaine-gravee-de-nenuphars\/","og_site_name":"ByManet","article_modified_time":"2024-05-21T07:54:26+00:00","og_image":[{"width":720,"height":1080,"url":"https:\/\/bymanet.com\/wp-content\/uploads\/2023\/07\/coupelle-carpe-et-grand-nenuphar-\u00a9-Iris-Massy-BD-3.jpg","type":"image\/jpeg"}],"twitter_card":"summary_large_image","schema":{"@context":"https:\/\/schema.org","@graph":[{"@type":"WebPage","@id":"https:\/\/bymanet.com\/en\/produit\/coupelles-en-porcelaine-gravee-de-nenuphars\/","url":"https:\/\/bymanet.com\/en\/produit\/coupelles-en-porcelaine-gravee-de-nenuphars\/","name":"Coupelles en porcelaine grav\u00e9e de n\u00e9nuphars - ByManet","isPartOf":{"@id":"https:\/\/bymanet.com\/en\/#website"},"primaryImageOfPage":{"@id":"https:\/\/bymanet.com\/en\/produit\/coupelles-en-porcelaine-gravee-de-nenuphars\/#primaryimage"},"image":{"@id":"https:\/\/bymanet.com\/en\/produit\/coupelles-en-porcelaine-gravee-de-nenuphars\/#primaryimage"},"thumbnailUrl":"https:\/\/bymanet.com\/wp-content\/uploads\/2023\/07\/coupelle-carpe-et-grand-nenuphar-\u00a9-Iris-Massy-BD-3.jpg","datePublished":"2020-11-18T17:12:42+00:00","dateModified":"2024-05-21T07:54:26+00:00","description":"Coupelles d\u00e9corative en porcelaine dont le fond est grav\u00e9e \u00e0 la main et model\u00e9 de n\u00e9nuphars nageant dans un \u00e9mail bleut\u00e9 translucide.","breadcrumb":{"@id":"https:\/\/bymanet.com\/en\/produit\/coupelles-en-porcelaine-gravee-de-nenuphars\/#breadcrumb"},"inLanguage":"en-US","potentialAction":[{"@type":"ReadAction","target":["https:\/\/bymanet.com\/en\/produit\/coupelles-en-porcelaine-gravee-de-nenuphars\/"]}]},{"@type":"ImageObject","inLanguage":"en-US","@id":"https:\/\/bymanet.com\/en\/produit\/coupelles-en-porcelaine-gravee-de-nenuphars\/#primaryimage","url":"https:\/\/bymanet.com\/wp-content\/uploads\/2023\/07\/coupelle-carpe-et-grand-nenuphar-\u00a9-Iris-Massy-BD-3.jpg","contentUrl":"https:\/\/bymanet.com\/wp-content\/uploads\/2023\/07\/coupelle-carpe-et-grand-nenuphar-\u00a9-Iris-Massy-BD-3.jpg","width":720,"height":1080},{"@type":"BreadcrumbList","@id":"https:\/\/bymanet.com\/en\/produit\/coupelles-en-porcelaine-gravee-de-nenuphars\/#breadcrumb","itemListElement":[{"@type":"ListItem","position":1,"name":"Accueil","item":"https:\/\/bymanet.com\/en\/"},{"@type":"ListItem","position":2,"name":"Shop","item":"https:\/\/bymanet.com\/shop\/?lang=en"},{"@type":"ListItem","position":3,"name":"Decorative objects","item":"https:\/\/bymanet.com\/en\/categorie-produit\/decorative-objects\/"},{"@type":"ListItem","position":4,"name":"Coupelles en porcelaine grav\u00e9e de n\u00e9nuphars"}]},{"@type":"WebSite","@id":"https:\/\/bymanet.com\/en\/#website","url":"https:\/\/bymanet.com\/en\/","name":"ByManet","description":"Cr\u00e9ation de c\u00e9ramique et de bijoux design et contemporain \u00e0 Igny","publisher":{"@id":"https:\/\/bymanet.com\/en\/#organization"},"potentialAction":[{"@type":"SearchAction","target":{"@type":"EntryPoint","urlTemplate":"https:\/\/bymanet.com\/en\/?s={search_term_string}"},"query-input":{"@type":"PropertyValueSpecification","valueRequired":true,"valueName":"search_term_string"}}],"inLanguage":"en-US"},{"@type":"Organization","@id":"https:\/\/bymanet.com\/en\/#organization","name":"ByManet","url":"https:\/\/bymanet.com\/en\/","logo":{"@type":"ImageObject","inLanguage":"en-US","@id":"https:\/\/bymanet.com\/en\/#\/schema\/logo\/image\/","url":"https:\/\/bymanet.com\/wp-content\/uploads\/2023\/02\/LOGO_BY_MANET-ai.svg","contentUrl":"https:\/\/bymanet.com\/wp-content\/uploads\/2023\/02\/LOGO_BY_MANET-ai.svg","caption":"ByManet"},"image":{"@id":"https:\/\/bymanet.com\/en\/#\/schema\/logo\/image\/"}}]}},"_links":{"self":[{"href":"https:\/\/bymanet.com\/en\/wp-json\/wp\/v2\/product\/2751","targetHints":{"allow":["GET"]}}],"collection":[{"href":"https:\/\/bymanet.com\/en\/wp-json\/wp\/v2\/product"}],"about":[{"href":"https:\/\/bymanet.com\/en\/wp-json\/wp\/v2\/types\/product"}],"replies":[{"embeddable":true,"href":"https:\/\/bymanet.com\/en\/wp-json\/wp\/v2\/comments?post=2751"}],"version-history":[{"count":0,"href":"https:\/\/bymanet.com\/en\/wp-json\/wp\/v2\/product\/2751\/revisions"}],"wp:featuredmedia":[{"embeddable":true,"href":"https:\/\/bymanet.com\/en\/wp-json\/wp\/v2\/media\/9215"}],"wp:attachment":[{"href":"https:\/\/bymanet.com\/en\/wp-json\/wp\/v2\/media?parent=2751"}],"wp:term":[{"taxonomy":"product_brand","embeddable":true,"href":"https:\/\/bymanet.com\/en\/wp-json\/wp\/v2\/product_brand?post=2751"},{"taxonomy":"product_cat","embeddable":true,"href":"https:\/\/bymanet.com\/en\/wp-json\/wp\/v2\/product_cat?post=2751"},{"taxonomy":"product_tag","embeddable":true,"href":"https:\/\/bymanet.com\/en\/wp-json\/wp\/v2\/product_tag?post=2751"}],"curies":[{"name":"wp","href":"https:\/\/api.w.org\/{rel}","templated":true}]}}