{"id":2798,"date":"2020-11-22T17:49:40","date_gmt":"2020-11-22T16:49:40","guid":{"rendered":"https:\/\/bymanet-shop.fr\/?post_type=product&#038;p=2798"},"modified":"2024-05-21T09:54:26","modified_gmt":"2024-05-21T07:54:26","slug":"lampe-photophore-en-ceramique-ajoure-petit-modele","status":"publish","type":"product","link":"https:\/\/bymanet.com\/en\/produit\/lampe-photophore-en-ceramique-ajoure-petit-modele\/","title":{"rendered":"Lampe photophore en c\u00e9ramique ajour\u00e9e"},"content":{"rendered":"<div class=\"elementor-element elementor-element-4af78289 elementor-widget elementor-widget-heading\" data-id=\"4af78289\" data-element_type=\"widget\" data-widget_type=\"heading.default\">\n<div class=\"elementor-widget-container\">\n<p>A la fois chic et exotique, les lampe photophore en c\u00e9ramique de cette\u00a0 collection en gr\u00e8s ajour\u00e9 sont inspir\u00e9s de la douce lumi\u00e8re dor\u00e9e de Venise la nuit. N\u00e9e \u00e0 mon retours de 6 mois de vie \u00e0 Venise, les d\u00e9cors viennent de l\u2019univers oriental de Mariano Fortuny, des fa\u00e7ades des palais v\u00e9nitiens et du charme de cette ville.<\/p>\n<\/div>\n<\/div>\n<div class=\"elementor-element elementor-element-d112739 elementor-widget elementor-widget-text-editor\" data-id=\"d112739\" data-element_type=\"widget\" data-widget_type=\"text-editor.default\">\n<div class=\"elementor-widget-container\">\n<div class=\"elementor-text-editor elementor-clearfix\">\n<p>&nbsp;<\/p>\n<p>Chaque lampe photophore en c\u00e9ramique est ajour\u00e9e \u00e0 la main au scalpel, sur une pi\u00e8ce en gr\u00e8s tourn\u00e9. Destin\u00e9es \u00e0 d\u00e9corer l\u2019int\u00e9rieur ou l\u2019ext\u00e9rieur, elles peuvent \u00eatre con\u00e7ues en lampe \u00e9lectrique ou install\u00e9es simplement en photophore avec une bougie pour \u00e9clairer une douce nuit d\u2019\u00e9t\u00e9.<\/p>\n<p>&nbsp;<\/p>\n<p class=\"p1\">Destin\u00e9es \u00e0 d\u00e9corer votre int\u00e9rieur et lui donner une touche d\u2019originalit\u00e9, elles peuvent \u00eatre r\u00e9alis\u00e9es sur commande dans la couleur de terre de votre choix et personnalisables.<\/p>\n<\/div>\n<\/div>\n<\/div>\n","protected":false},"excerpt":{"rendered":"<p>Lampe en c\u00e9ramique ajour\u00e9e selon des motifs inspir\u00e9 de l&#8217;univers de Venise.<\/p>\n<p>Hauteur: 20-29 cm\u00a0 \u00a0Diam\u00e8tre :\u00a0 12-18 cm<\/p>\n<p>&nbsp;<\/p>\n","protected":false},"featured_media":2812,"comment_status":"open","ping_status":"closed","template":"","meta":{"_acf_changed":false},"product_brand":[],"product_cat":[144,32],"product_tag":[47,35],"class_list":{"0":"post-2798","1":"product","2":"type-product","3":"status-publish","4":"has-post-thumbnail","6":"product_cat-objets-decoratifs","7":"product_cat-collection-ajouree","8":"product_tag-ceramique","9":"product_tag-lampe","11":"first","12":"instock","13":"purchasable","14":"product-type-variable"},"acf":[],"yoast_head":"<!-- This site is optimized with the Yoast SEO plugin v26.0 - https:\/\/yoast.com\/wordpress\/plugins\/seo\/ -->\n<title>Lampe photophore en c\u00e9ramique ajour\u00e9e - ByManet<\/title>\n<meta name=\"description\" content=\"Petite lampe ou photophore en c\u00e9ramique ajour\u00e9es \u00e0 la main pour une d\u00e9coration unique d&#039;int\u00e9rieur ou d&#039;ext\u00e9rieur d&#039;inspiration v\u00e9nitienne.\" \/>\n<meta name=\"robots\" content=\"index, follow, max-snippet:-1, max-image-preview:large, max-video-preview:-1\" \/>\n<link rel=\"canonical\" href=\"https:\/\/bymanet.com\/en\/produit\/lampe-photophore-en-ceramique-ajoure-petit-modele\/\" \/>\n<meta property=\"og:locale\" content=\"en_US\" \/>\n<meta property=\"og:type\" content=\"article\" \/>\n<meta property=\"og:title\" content=\"Lampe photophore en c\u00e9ramique ajour\u00e9e - ByManet\" \/>\n<meta property=\"og:description\" content=\"Petite lampe ou photophore en c\u00e9ramique ajour\u00e9es \u00e0 la main pour une d\u00e9coration unique d&#039;int\u00e9rieur ou d&#039;ext\u00e9rieur d&#039;inspiration v\u00e9nitienne.\" \/>\n<meta property=\"og:url\" content=\"https:\/\/bymanet.com\/en\/produit\/lampe-photophore-en-ceramique-ajoure-petit-modele\/\" \/>\n<meta property=\"og:site_name\" content=\"ByManet\" \/>\n<meta property=\"article:modified_time\" content=\"2024-05-21T07:54:26+00:00\" \/>\n<meta property=\"og:image\" content=\"https:\/\/bymanet.com\/wp-content\/uploads\/2020\/11\/lampe-ajouree-Sospiri-entier-petit-mogele-gres-rouge-4-BD-scaled.jpg\" \/>\n\t<meta property=\"og:image:width\" content=\"2560\" \/>\n\t<meta property=\"og:image:height\" content=\"1707\" \/>\n\t<meta property=\"og:image:type\" content=\"image\/jpeg\" \/>\n<meta name=\"twitter:card\" content=\"summary_large_image\" \/>\n<script type=\"application\/ld+json\" class=\"yoast-schema-graph\">{\"@context\":\"https:\/\/schema.org\",\"@graph\":[{\"@type\":\"WebPage\",\"@id\":\"https:\/\/bymanet.com\/en\/produit\/lampe-photophore-en-ceramique-ajoure-petit-modele\/\",\"url\":\"https:\/\/bymanet.com\/en\/produit\/lampe-photophore-en-ceramique-ajoure-petit-modele\/\",\"name\":\"Lampe photophore en c\u00e9ramique ajour\u00e9e - ByManet\",\"isPartOf\":{\"@id\":\"https:\/\/bymanet.com\/en\/#website\"},\"primaryImageOfPage\":{\"@id\":\"https:\/\/bymanet.com\/en\/produit\/lampe-photophore-en-ceramique-ajoure-petit-modele\/#primaryimage\"},\"image\":{\"@id\":\"https:\/\/bymanet.com\/en\/produit\/lampe-photophore-en-ceramique-ajoure-petit-modele\/#primaryimage\"},\"thumbnailUrl\":\"https:\/\/bymanet.com\/wp-content\/uploads\/2020\/11\/lampe-ajouree-Sospiri-entier-petit-mogele-gres-rouge-4-BD-scaled.jpg\",\"datePublished\":\"2020-11-22T16:49:40+00:00\",\"dateModified\":\"2024-05-21T07:54:26+00:00\",\"description\":\"Petite lampe ou photophore en c\u00e9ramique ajour\u00e9es \u00e0 la main pour une d\u00e9coration unique d'int\u00e9rieur ou d'ext\u00e9rieur d'inspiration v\u00e9nitienne.\",\"breadcrumb\":{\"@id\":\"https:\/\/bymanet.com\/en\/produit\/lampe-photophore-en-ceramique-ajoure-petit-modele\/#breadcrumb\"},\"inLanguage\":\"en-US\",\"potentialAction\":[{\"@type\":\"ReadAction\",\"target\":[\"https:\/\/bymanet.com\/en\/produit\/lampe-photophore-en-ceramique-ajoure-petit-modele\/\"]}]},{\"@type\":\"ImageObject\",\"inLanguage\":\"en-US\",\"@id\":\"https:\/\/bymanet.com\/en\/produit\/lampe-photophore-en-ceramique-ajoure-petit-modele\/#primaryimage\",\"url\":\"https:\/\/bymanet.com\/wp-content\/uploads\/2020\/11\/lampe-ajouree-Sospiri-entier-petit-mogele-gres-rouge-4-BD-scaled.jpg\",\"contentUrl\":\"https:\/\/bymanet.com\/wp-content\/uploads\/2020\/11\/lampe-ajouree-Sospiri-entier-petit-mogele-gres-rouge-4-BD-scaled.jpg\",\"width\":2560,\"height\":1707,\"caption\":\"lampe ajour\u00e9e Sospiri entier petit mod\u00e8le gr\u00e8s rouge\"},{\"@type\":\"BreadcrumbList\",\"@id\":\"https:\/\/bymanet.com\/en\/produit\/lampe-photophore-en-ceramique-ajoure-petit-modele\/#breadcrumb\",\"itemListElement\":[{\"@type\":\"ListItem\",\"position\":1,\"name\":\"Accueil\",\"item\":\"https:\/\/bymanet.com\/en\/\"},{\"@type\":\"ListItem\",\"position\":2,\"name\":\"Shop\",\"item\":\"https:\/\/bymanet.com\/shop\/?lang=en\"},{\"@type\":\"ListItem\",\"position\":3,\"name\":\"Objets d\u00e9coratifs\",\"item\":\"https:\/\/bymanet.com\/en\/categorie-produit\/objets-decoratifs\/\"},{\"@type\":\"ListItem\",\"position\":4,\"name\":\"Lampe photophore en c\u00e9ramique ajour\u00e9e\"}]},{\"@type\":\"WebSite\",\"@id\":\"https:\/\/bymanet.com\/en\/#website\",\"url\":\"https:\/\/bymanet.com\/en\/\",\"name\":\"ByManet\",\"description\":\"Cr\u00e9ation de c\u00e9ramique et de bijoux design et contemporain \u00e0 Igny\",\"publisher\":{\"@id\":\"https:\/\/bymanet.com\/en\/#organization\"},\"potentialAction\":[{\"@type\":\"SearchAction\",\"target\":{\"@type\":\"EntryPoint\",\"urlTemplate\":\"https:\/\/bymanet.com\/en\/?s={search_term_string}\"},\"query-input\":{\"@type\":\"PropertyValueSpecification\",\"valueRequired\":true,\"valueName\":\"search_term_string\"}}],\"inLanguage\":\"en-US\"},{\"@type\":\"Organization\",\"@id\":\"https:\/\/bymanet.com\/en\/#organization\",\"name\":\"ByManet\",\"url\":\"https:\/\/bymanet.com\/en\/\",\"logo\":{\"@type\":\"ImageObject\",\"inLanguage\":\"en-US\",\"@id\":\"https:\/\/bymanet.com\/en\/#\/schema\/logo\/image\/\",\"url\":\"https:\/\/bymanet.com\/wp-content\/uploads\/2023\/02\/LOGO_BY_MANET-ai.svg\",\"contentUrl\":\"https:\/\/bymanet.com\/wp-content\/uploads\/2023\/02\/LOGO_BY_MANET-ai.svg\",\"caption\":\"ByManet\"},\"image\":{\"@id\":\"https:\/\/bymanet.com\/en\/#\/schema\/logo\/image\/\"}}]}<\/script>\n<!-- \/ Yoast SEO plugin. -->","yoast_head_json":{"title":"Lampe photophore en c\u00e9ramique ajour\u00e9e - ByManet","description":"Petite lampe ou photophore en c\u00e9ramique ajour\u00e9es \u00e0 la main pour une d\u00e9coration unique d'int\u00e9rieur ou d'ext\u00e9rieur d'inspiration v\u00e9nitienne.","robots":{"index":"index","follow":"follow","max-snippet":"max-snippet:-1","max-image-preview":"max-image-preview:large","max-video-preview":"max-video-preview:-1"},"canonical":"https:\/\/bymanet.com\/en\/produit\/lampe-photophore-en-ceramique-ajoure-petit-modele\/","og_locale":"en_US","og_type":"article","og_title":"Lampe photophore en c\u00e9ramique ajour\u00e9e - ByManet","og_description":"Petite lampe ou photophore en c\u00e9ramique ajour\u00e9es \u00e0 la main pour une d\u00e9coration unique d'int\u00e9rieur ou d'ext\u00e9rieur d'inspiration v\u00e9nitienne.","og_url":"https:\/\/bymanet.com\/en\/produit\/lampe-photophore-en-ceramique-ajoure-petit-modele\/","og_site_name":"ByManet","article_modified_time":"2024-05-21T07:54:26+00:00","og_image":[{"width":2560,"height":1707,"url":"https:\/\/bymanet.com\/wp-content\/uploads\/2020\/11\/lampe-ajouree-Sospiri-entier-petit-mogele-gres-rouge-4-BD-scaled.jpg","type":"image\/jpeg"}],"twitter_card":"summary_large_image","schema":{"@context":"https:\/\/schema.org","@graph":[{"@type":"WebPage","@id":"https:\/\/bymanet.com\/en\/produit\/lampe-photophore-en-ceramique-ajoure-petit-modele\/","url":"https:\/\/bymanet.com\/en\/produit\/lampe-photophore-en-ceramique-ajoure-petit-modele\/","name":"Lampe photophore en c\u00e9ramique ajour\u00e9e - ByManet","isPartOf":{"@id":"https:\/\/bymanet.com\/en\/#website"},"primaryImageOfPage":{"@id":"https:\/\/bymanet.com\/en\/produit\/lampe-photophore-en-ceramique-ajoure-petit-modele\/#primaryimage"},"image":{"@id":"https:\/\/bymanet.com\/en\/produit\/lampe-photophore-en-ceramique-ajoure-petit-modele\/#primaryimage"},"thumbnailUrl":"https:\/\/bymanet.com\/wp-content\/uploads\/2020\/11\/lampe-ajouree-Sospiri-entier-petit-mogele-gres-rouge-4-BD-scaled.jpg","datePublished":"2020-11-22T16:49:40+00:00","dateModified":"2024-05-21T07:54:26+00:00","description":"Petite lampe ou photophore en c\u00e9ramique ajour\u00e9es \u00e0 la main pour une d\u00e9coration unique d'int\u00e9rieur ou d'ext\u00e9rieur d'inspiration v\u00e9nitienne.","breadcrumb":{"@id":"https:\/\/bymanet.com\/en\/produit\/lampe-photophore-en-ceramique-ajoure-petit-modele\/#breadcrumb"},"inLanguage":"en-US","potentialAction":[{"@type":"ReadAction","target":["https:\/\/bymanet.com\/en\/produit\/lampe-photophore-en-ceramique-ajoure-petit-modele\/"]}]},{"@type":"ImageObject","inLanguage":"en-US","@id":"https:\/\/bymanet.com\/en\/produit\/lampe-photophore-en-ceramique-ajoure-petit-modele\/#primaryimage","url":"https:\/\/bymanet.com\/wp-content\/uploads\/2020\/11\/lampe-ajouree-Sospiri-entier-petit-mogele-gres-rouge-4-BD-scaled.jpg","contentUrl":"https:\/\/bymanet.com\/wp-content\/uploads\/2020\/11\/lampe-ajouree-Sospiri-entier-petit-mogele-gres-rouge-4-BD-scaled.jpg","width":2560,"height":1707,"caption":"lampe ajour\u00e9e Sospiri entier petit mod\u00e8le gr\u00e8s rouge"},{"@type":"BreadcrumbList","@id":"https:\/\/bymanet.com\/en\/produit\/lampe-photophore-en-ceramique-ajoure-petit-modele\/#breadcrumb","itemListElement":[{"@type":"ListItem","position":1,"name":"Accueil","item":"https:\/\/bymanet.com\/en\/"},{"@type":"ListItem","position":2,"name":"Shop","item":"https:\/\/bymanet.com\/shop\/?lang=en"},{"@type":"ListItem","position":3,"name":"Objets d\u00e9coratifs","item":"https:\/\/bymanet.com\/en\/categorie-produit\/objets-decoratifs\/"},{"@type":"ListItem","position":4,"name":"Lampe photophore en c\u00e9ramique ajour\u00e9e"}]},{"@type":"WebSite","@id":"https:\/\/bymanet.com\/en\/#website","url":"https:\/\/bymanet.com\/en\/","name":"ByManet","description":"Cr\u00e9ation de c\u00e9ramique et de bijoux design et contemporain \u00e0 Igny","publisher":{"@id":"https:\/\/bymanet.com\/en\/#organization"},"potentialAction":[{"@type":"SearchAction","target":{"@type":"EntryPoint","urlTemplate":"https:\/\/bymanet.com\/en\/?s={search_term_string}"},"query-input":{"@type":"PropertyValueSpecification","valueRequired":true,"valueName":"search_term_string"}}],"inLanguage":"en-US"},{"@type":"Organization","@id":"https:\/\/bymanet.com\/en\/#organization","name":"ByManet","url":"https:\/\/bymanet.com\/en\/","logo":{"@type":"ImageObject","inLanguage":"en-US","@id":"https:\/\/bymanet.com\/en\/#\/schema\/logo\/image\/","url":"https:\/\/bymanet.com\/wp-content\/uploads\/2023\/02\/LOGO_BY_MANET-ai.svg","contentUrl":"https:\/\/bymanet.com\/wp-content\/uploads\/2023\/02\/LOGO_BY_MANET-ai.svg","caption":"ByManet"},"image":{"@id":"https:\/\/bymanet.com\/en\/#\/schema\/logo\/image\/"}}]}},"_links":{"self":[{"href":"https:\/\/bymanet.com\/en\/wp-json\/wp\/v2\/product\/2798","targetHints":{"allow":["GET"]}}],"collection":[{"href":"https:\/\/bymanet.com\/en\/wp-json\/wp\/v2\/product"}],"about":[{"href":"https:\/\/bymanet.com\/en\/wp-json\/wp\/v2\/types\/product"}],"replies":[{"embeddable":true,"href":"https:\/\/bymanet.com\/en\/wp-json\/wp\/v2\/comments?post=2798"}],"version-history":[{"count":0,"href":"https:\/\/bymanet.com\/en\/wp-json\/wp\/v2\/product\/2798\/revisions"}],"wp:featuredmedia":[{"embeddable":true,"href":"https:\/\/bymanet.com\/en\/wp-json\/wp\/v2\/media\/2812"}],"wp:attachment":[{"href":"https:\/\/bymanet.com\/en\/wp-json\/wp\/v2\/media?parent=2798"}],"wp:term":[{"taxonomy":"product_brand","embeddable":true,"href":"https:\/\/bymanet.com\/en\/wp-json\/wp\/v2\/product_brand?post=2798"},{"taxonomy":"product_cat","embeddable":true,"href":"https:\/\/bymanet.com\/en\/wp-json\/wp\/v2\/product_cat?post=2798"},{"taxonomy":"product_tag","embeddable":true,"href":"https:\/\/bymanet.com\/en\/wp-json\/wp\/v2\/product_tag?post=2798"}],"curies":[{"name":"wp","href":"https:\/\/api.w.org\/{rel}","templated":true}]}}