{"id":2833,"date":"2020-11-23T21:45:24","date_gmt":"2020-11-23T20:45:24","guid":{"rendered":"https:\/\/bymanet-shop.fr\/?post_type=product&#038;p=2833"},"modified":"2024-05-21T09:54:26","modified_gmt":"2024-05-21T07:54:26","slug":"boucles-doreilles-porcelaine-goutte-demail","status":"publish","type":"product","link":"https:\/\/bymanet.com\/en\/produit\/boucles-doreilles-porcelaine-goutte-demail\/","title":{"rendered":"Boucles d&#8217;oreilles pendant porcelaine et goutte d&#8217;\u00e9mail"},"content":{"rendered":"<p>Boucles d&#8217;oreilles allong\u00e9es en porcelaine minimalistes avec diverses couleurs de gouttes d&#8217;\u00e9mail dans les tons bleu ou vert translucide.<\/p>\n<p>Elles sont l\u00e9g\u00e8res pour un port confortable du bijou.<\/p>\n<p>Ce bijou est livr\u00e9 dans une bo\u00eete en papier avec le logo de l\u2019atelier.<\/p>\n","protected":false},"excerpt":{"rendered":"<p>Boucles d&#8217;oreille en porcelaine et goutte d&#8217;\u00e9mail pour oreilles perc\u00e9es ou clip, monture en argent.<\/p>\n<p>Toutes les gouttes et dans leur couleurs et tailles sont l\u00e9g\u00e8rement variables.<\/p>\n","protected":false},"featured_media":2973,"comment_status":"open","ping_status":"closed","template":"","meta":{"_acf_changed":false},"product_brand":[],"product_cat":[48,84],"product_tag":[64,63],"class_list":{"0":"post-2833","1":"product","2":"type-product","3":"status-publish","4":"has-post-thumbnail","6":"product_cat-bijoux","7":"product_cat-collection-lac","8":"product_tag-boucle-doreilles","9":"product_tag-email","11":"first","12":"instock","13":"purchasable","14":"product-type-variable"},"acf":[],"yoast_head":"<!-- This site is optimized with the Yoast SEO plugin v26.0 - https:\/\/yoast.com\/wordpress\/plugins\/seo\/ -->\n<title>Boucles d&#039;oreilles pendant porcelaine et goutte d&#039;\u00e9mail - ByManet<\/title>\n<meta name=\"description\" content=\"Boucles d&#039;oreilles pendant en porcelaine et gouttes d\u2019\u00e9mail. Minimaliste, uniques, l\u00e9g\u00e8res et chic sur un crochet d&#039;argent.\" \/>\n<meta name=\"robots\" content=\"index, follow, max-snippet:-1, max-image-preview:large, max-video-preview:-1\" \/>\n<link rel=\"canonical\" href=\"https:\/\/bymanet.com\/en\/produit\/boucles-doreilles-porcelaine-goutte-demail\/\" \/>\n<meta property=\"og:locale\" content=\"en_US\" \/>\n<meta property=\"og:type\" content=\"article\" \/>\n<meta property=\"og:title\" content=\"Boucles d&#039;oreilles pendant porcelaine et goutte d&#039;\u00e9mail - ByManet\" \/>\n<meta property=\"og:description\" content=\"Boucles d&#039;oreilles pendant en porcelaine et gouttes d\u2019\u00e9mail. Minimaliste, uniques, l\u00e9g\u00e8res et chic sur un crochet d&#039;argent.\" \/>\n<meta property=\"og:url\" content=\"https:\/\/bymanet.com\/en\/produit\/boucles-doreilles-porcelaine-goutte-demail\/\" \/>\n<meta property=\"og:site_name\" content=\"ByManet\" \/>\n<meta property=\"article:modified_time\" content=\"2024-05-21T07:54:26+00:00\" \/>\n<meta property=\"og:image\" content=\"https:\/\/bymanet.com\/wp-content\/uploads\/2020\/11\/BO-Tige-porcelaine-et-goutte-verte-porte-2-scaled.jpg\" \/>\n\t<meta property=\"og:image:width\" content=\"2560\" \/>\n\t<meta property=\"og:image:height\" content=\"2560\" \/>\n\t<meta property=\"og:image:type\" content=\"image\/jpeg\" \/>\n<meta name=\"twitter:card\" content=\"summary_large_image\" \/>\n<script type=\"application\/ld+json\" class=\"yoast-schema-graph\">{\"@context\":\"https:\/\/schema.org\",\"@graph\":[{\"@type\":\"WebPage\",\"@id\":\"https:\/\/bymanet.com\/en\/produit\/boucles-doreilles-porcelaine-goutte-demail\/\",\"url\":\"https:\/\/bymanet.com\/en\/produit\/boucles-doreilles-porcelaine-goutte-demail\/\",\"name\":\"Boucles d'oreilles pendant porcelaine et goutte d'\u00e9mail - ByManet\",\"isPartOf\":{\"@id\":\"https:\/\/bymanet.com\/en\/#website\"},\"primaryImageOfPage\":{\"@id\":\"https:\/\/bymanet.com\/en\/produit\/boucles-doreilles-porcelaine-goutte-demail\/#primaryimage\"},\"image\":{\"@id\":\"https:\/\/bymanet.com\/en\/produit\/boucles-doreilles-porcelaine-goutte-demail\/#primaryimage\"},\"thumbnailUrl\":\"https:\/\/bymanet.com\/wp-content\/uploads\/2020\/11\/BO-Tige-porcelaine-et-goutte-verte-porte-2-scaled.jpg\",\"datePublished\":\"2020-11-23T20:45:24+00:00\",\"dateModified\":\"2024-05-21T07:54:26+00:00\",\"description\":\"Boucles d'oreilles pendant en porcelaine et gouttes d\u2019\u00e9mail. Minimaliste, uniques, l\u00e9g\u00e8res et chic sur un crochet d'argent.\",\"breadcrumb\":{\"@id\":\"https:\/\/bymanet.com\/en\/produit\/boucles-doreilles-porcelaine-goutte-demail\/#breadcrumb\"},\"inLanguage\":\"en-US\",\"potentialAction\":[{\"@type\":\"ReadAction\",\"target\":[\"https:\/\/bymanet.com\/en\/produit\/boucles-doreilles-porcelaine-goutte-demail\/\"]}]},{\"@type\":\"ImageObject\",\"inLanguage\":\"en-US\",\"@id\":\"https:\/\/bymanet.com\/en\/produit\/boucles-doreilles-porcelaine-goutte-demail\/#primaryimage\",\"url\":\"https:\/\/bymanet.com\/wp-content\/uploads\/2020\/11\/BO-Tige-porcelaine-et-goutte-verte-porte-2-scaled.jpg\",\"contentUrl\":\"https:\/\/bymanet.com\/wp-content\/uploads\/2020\/11\/BO-Tige-porcelaine-et-goutte-verte-porte-2-scaled.jpg\",\"width\":2560,\"height\":2560,\"caption\":\"Boucles d'oreilles Tige porcelaine et goutte verte port\u00e9es\"},{\"@type\":\"BreadcrumbList\",\"@id\":\"https:\/\/bymanet.com\/en\/produit\/boucles-doreilles-porcelaine-goutte-demail\/#breadcrumb\",\"itemListElement\":[{\"@type\":\"ListItem\",\"position\":1,\"name\":\"Accueil\",\"item\":\"https:\/\/bymanet.com\/en\/\"},{\"@type\":\"ListItem\",\"position\":2,\"name\":\"Shop\",\"item\":\"https:\/\/bymanet.com\/shop\/?lang=en\"},{\"@type\":\"ListItem\",\"position\":3,\"name\":\"Bijoux\",\"item\":\"https:\/\/bymanet.com\/en\/categorie-produit\/bijoux\/\"},{\"@type\":\"ListItem\",\"position\":4,\"name\":\"Boucles d&#8217;oreilles pendant porcelaine et goutte d&#8217;\u00e9mail\"}]},{\"@type\":\"WebSite\",\"@id\":\"https:\/\/bymanet.com\/en\/#website\",\"url\":\"https:\/\/bymanet.com\/en\/\",\"name\":\"ByManet\",\"description\":\"Cr\u00e9ation de c\u00e9ramique et de bijoux design et contemporain \u00e0 Igny\",\"publisher\":{\"@id\":\"https:\/\/bymanet.com\/en\/#organization\"},\"potentialAction\":[{\"@type\":\"SearchAction\",\"target\":{\"@type\":\"EntryPoint\",\"urlTemplate\":\"https:\/\/bymanet.com\/en\/?s={search_term_string}\"},\"query-input\":{\"@type\":\"PropertyValueSpecification\",\"valueRequired\":true,\"valueName\":\"search_term_string\"}}],\"inLanguage\":\"en-US\"},{\"@type\":\"Organization\",\"@id\":\"https:\/\/bymanet.com\/en\/#organization\",\"name\":\"ByManet\",\"url\":\"https:\/\/bymanet.com\/en\/\",\"logo\":{\"@type\":\"ImageObject\",\"inLanguage\":\"en-US\",\"@id\":\"https:\/\/bymanet.com\/en\/#\/schema\/logo\/image\/\",\"url\":\"https:\/\/bymanet.com\/wp-content\/uploads\/2023\/02\/LOGO_BY_MANET-ai.svg\",\"contentUrl\":\"https:\/\/bymanet.com\/wp-content\/uploads\/2023\/02\/LOGO_BY_MANET-ai.svg\",\"caption\":\"ByManet\"},\"image\":{\"@id\":\"https:\/\/bymanet.com\/en\/#\/schema\/logo\/image\/\"}}]}<\/script>\n<!-- \/ Yoast SEO plugin. -->","yoast_head_json":{"title":"Boucles d'oreilles pendant porcelaine et goutte d'\u00e9mail - ByManet","description":"Boucles d'oreilles pendant en porcelaine et gouttes d\u2019\u00e9mail. Minimaliste, uniques, l\u00e9g\u00e8res et chic sur un crochet d'argent.","robots":{"index":"index","follow":"follow","max-snippet":"max-snippet:-1","max-image-preview":"max-image-preview:large","max-video-preview":"max-video-preview:-1"},"canonical":"https:\/\/bymanet.com\/en\/produit\/boucles-doreilles-porcelaine-goutte-demail\/","og_locale":"en_US","og_type":"article","og_title":"Boucles d'oreilles pendant porcelaine et goutte d'\u00e9mail - ByManet","og_description":"Boucles d'oreilles pendant en porcelaine et gouttes d\u2019\u00e9mail. Minimaliste, uniques, l\u00e9g\u00e8res et chic sur un crochet d'argent.","og_url":"https:\/\/bymanet.com\/en\/produit\/boucles-doreilles-porcelaine-goutte-demail\/","og_site_name":"ByManet","article_modified_time":"2024-05-21T07:54:26+00:00","og_image":[{"width":2560,"height":2560,"url":"https:\/\/bymanet.com\/wp-content\/uploads\/2020\/11\/BO-Tige-porcelaine-et-goutte-verte-porte-2-scaled.jpg","type":"image\/jpeg"}],"twitter_card":"summary_large_image","schema":{"@context":"https:\/\/schema.org","@graph":[{"@type":"WebPage","@id":"https:\/\/bymanet.com\/en\/produit\/boucles-doreilles-porcelaine-goutte-demail\/","url":"https:\/\/bymanet.com\/en\/produit\/boucles-doreilles-porcelaine-goutte-demail\/","name":"Boucles d'oreilles pendant porcelaine et goutte d'\u00e9mail - ByManet","isPartOf":{"@id":"https:\/\/bymanet.com\/en\/#website"},"primaryImageOfPage":{"@id":"https:\/\/bymanet.com\/en\/produit\/boucles-doreilles-porcelaine-goutte-demail\/#primaryimage"},"image":{"@id":"https:\/\/bymanet.com\/en\/produit\/boucles-doreilles-porcelaine-goutte-demail\/#primaryimage"},"thumbnailUrl":"https:\/\/bymanet.com\/wp-content\/uploads\/2020\/11\/BO-Tige-porcelaine-et-goutte-verte-porte-2-scaled.jpg","datePublished":"2020-11-23T20:45:24+00:00","dateModified":"2024-05-21T07:54:26+00:00","description":"Boucles d'oreilles pendant en porcelaine et gouttes d\u2019\u00e9mail. Minimaliste, uniques, l\u00e9g\u00e8res et chic sur un crochet d'argent.","breadcrumb":{"@id":"https:\/\/bymanet.com\/en\/produit\/boucles-doreilles-porcelaine-goutte-demail\/#breadcrumb"},"inLanguage":"en-US","potentialAction":[{"@type":"ReadAction","target":["https:\/\/bymanet.com\/en\/produit\/boucles-doreilles-porcelaine-goutte-demail\/"]}]},{"@type":"ImageObject","inLanguage":"en-US","@id":"https:\/\/bymanet.com\/en\/produit\/boucles-doreilles-porcelaine-goutte-demail\/#primaryimage","url":"https:\/\/bymanet.com\/wp-content\/uploads\/2020\/11\/BO-Tige-porcelaine-et-goutte-verte-porte-2-scaled.jpg","contentUrl":"https:\/\/bymanet.com\/wp-content\/uploads\/2020\/11\/BO-Tige-porcelaine-et-goutte-verte-porte-2-scaled.jpg","width":2560,"height":2560,"caption":"Boucles d'oreilles Tige porcelaine et goutte verte port\u00e9es"},{"@type":"BreadcrumbList","@id":"https:\/\/bymanet.com\/en\/produit\/boucles-doreilles-porcelaine-goutte-demail\/#breadcrumb","itemListElement":[{"@type":"ListItem","position":1,"name":"Accueil","item":"https:\/\/bymanet.com\/en\/"},{"@type":"ListItem","position":2,"name":"Shop","item":"https:\/\/bymanet.com\/shop\/?lang=en"},{"@type":"ListItem","position":3,"name":"Bijoux","item":"https:\/\/bymanet.com\/en\/categorie-produit\/bijoux\/"},{"@type":"ListItem","position":4,"name":"Boucles d&#8217;oreilles pendant porcelaine et goutte d&#8217;\u00e9mail"}]},{"@type":"WebSite","@id":"https:\/\/bymanet.com\/en\/#website","url":"https:\/\/bymanet.com\/en\/","name":"ByManet","description":"Cr\u00e9ation de c\u00e9ramique et de bijoux design et contemporain \u00e0 Igny","publisher":{"@id":"https:\/\/bymanet.com\/en\/#organization"},"potentialAction":[{"@type":"SearchAction","target":{"@type":"EntryPoint","urlTemplate":"https:\/\/bymanet.com\/en\/?s={search_term_string}"},"query-input":{"@type":"PropertyValueSpecification","valueRequired":true,"valueName":"search_term_string"}}],"inLanguage":"en-US"},{"@type":"Organization","@id":"https:\/\/bymanet.com\/en\/#organization","name":"ByManet","url":"https:\/\/bymanet.com\/en\/","logo":{"@type":"ImageObject","inLanguage":"en-US","@id":"https:\/\/bymanet.com\/en\/#\/schema\/logo\/image\/","url":"https:\/\/bymanet.com\/wp-content\/uploads\/2023\/02\/LOGO_BY_MANET-ai.svg","contentUrl":"https:\/\/bymanet.com\/wp-content\/uploads\/2023\/02\/LOGO_BY_MANET-ai.svg","caption":"ByManet"},"image":{"@id":"https:\/\/bymanet.com\/en\/#\/schema\/logo\/image\/"}}]}},"_links":{"self":[{"href":"https:\/\/bymanet.com\/en\/wp-json\/wp\/v2\/product\/2833","targetHints":{"allow":["GET"]}}],"collection":[{"href":"https:\/\/bymanet.com\/en\/wp-json\/wp\/v2\/product"}],"about":[{"href":"https:\/\/bymanet.com\/en\/wp-json\/wp\/v2\/types\/product"}],"replies":[{"embeddable":true,"href":"https:\/\/bymanet.com\/en\/wp-json\/wp\/v2\/comments?post=2833"}],"version-history":[{"count":0,"href":"https:\/\/bymanet.com\/en\/wp-json\/wp\/v2\/product\/2833\/revisions"}],"wp:featuredmedia":[{"embeddable":true,"href":"https:\/\/bymanet.com\/en\/wp-json\/wp\/v2\/media\/2973"}],"wp:attachment":[{"href":"https:\/\/bymanet.com\/en\/wp-json\/wp\/v2\/media?parent=2833"}],"wp:term":[{"taxonomy":"product_brand","embeddable":true,"href":"https:\/\/bymanet.com\/en\/wp-json\/wp\/v2\/product_brand?post=2833"},{"taxonomy":"product_cat","embeddable":true,"href":"https:\/\/bymanet.com\/en\/wp-json\/wp\/v2\/product_cat?post=2833"},{"taxonomy":"product_tag","embeddable":true,"href":"https:\/\/bymanet.com\/en\/wp-json\/wp\/v2\/product_tag?post=2833"}],"curies":[{"name":"wp","href":"https:\/\/api.w.org\/{rel}","templated":true}]}}