{"id":2836,"date":"2020-11-23T21:45:29","date_gmt":"2020-11-23T20:45:29","guid":{"rendered":"https:\/\/bymanet-shop.fr\/?post_type=product&#038;p=2836"},"modified":"2026-04-13T21:07:02","modified_gmt":"2026-04-13T19:07:02","slug":"colliers-en-porcelaine-motif-carpe","status":"publish","type":"product","link":"https:\/\/bymanet.com\/en\/produit\/colliers-en-porcelaine-motif-carpe\/","title":{"rendered":"Colliers carpes en porcelaine grav\u00e9e"},"content":{"rendered":"<p>Ces collier en porcelaine font partie de l&#8217;univers des coupelles carpes. Les pendentifs sont mont\u00e9s sur des cha\u00eenes en argents.<\/p>\n<p>Bijoux r\u00e9alis\u00e9s avec la technique de l&#8217;estampage. J&#8217;ai d&#8217;abord grav\u00e9 dans du plexiglas le poisson en creux, puis r\u00e9aliser une empreinte en volume dans de la plastiline (p\u00e2te \u00e0 modeler sp\u00e9ciale) pour couler un moule en pl\u00e2tre (en creux) pour pouvoir prendre l&#8217;impression en volume avec de la porcelaine. Chaque poisson est d\u00e9coup\u00e9 \u00e0 l&#8217;emporte pi\u00e8ce puis suivant sont syst\u00e8me d&#8217;accroche re-travaill\u00e9 et l\u00e9g\u00e8rement regrav\u00e9 comme une reprise de fonte pour retoucher les d\u00e9tails.<\/p>\n<p>Plus petit, plus de pr\u00e9cisions, pas forc\u00e9ment plus facile ^^<\/p>\n","protected":false},"excerpt":{"rendered":"<p>Collier en porcelaine grav\u00e9e d&#8217;un poisson carpe en relief.<\/p>\n<p>Cha\u00eene boulles en argent de 2 tailles au choix ou ras de cou (s\u00e9lection dans les menus d\u00e9roulant)<\/p>\n<p>Toutes les carpe sont l\u00e9g\u00e8rement variables dans leur aspect et orientation.<\/p>\n","protected":false},"featured_media":2841,"comment_status":"open","ping_status":"closed","template":"","meta":{"_acf_changed":false},"product_brand":[],"product_cat":[48,84],"product_tag":[81,64,116,63,93],"class_list":{"0":"post-2836","1":"product","2":"type-product","3":"status-publish","4":"has-post-thumbnail","6":"product_cat-bijoux","7":"product_cat-collection-lac","8":"product_tag-blanc","9":"product_tag-boucle-doreilles","10":"product_tag-collier","11":"product_tag-email","12":"product_tag-porcelaine","14":"first","15":"instock","16":"purchasable","17":"product-type-variable"},"acf":[],"yoast_head":"<!-- This site is optimized with the Yoast SEO plugin v26.0 - https:\/\/yoast.com\/wordpress\/plugins\/seo\/ -->\n<title>Colliers carpes en porcelaine grav\u00e9e - ByManet<\/title>\n<meta name=\"description\" content=\"Collier en porcelaine grav\u00e9e d&#039;un poisson carpe en relief. Motif subtil et discret qui se r\u00e9v\u00e8le suivant la lumi\u00e8re. Sur cha\u00eene en argent.\" \/>\n<meta name=\"robots\" content=\"index, follow, max-snippet:-1, max-image-preview:large, max-video-preview:-1\" \/>\n<link rel=\"canonical\" href=\"https:\/\/bymanet.com\/en\/produit\/colliers-en-porcelaine-motif-carpe\/\" \/>\n<meta property=\"og:locale\" content=\"en_US\" \/>\n<meta property=\"og:type\" content=\"article\" \/>\n<meta property=\"og:title\" content=\"Colliers carpes en porcelaine grav\u00e9e - ByManet\" \/>\n<meta property=\"og:description\" content=\"Collier en porcelaine grav\u00e9e d&#039;un poisson carpe en relief. Motif subtil et discret qui se r\u00e9v\u00e8le suivant la lumi\u00e8re. Sur cha\u00eene en argent.\" \/>\n<meta property=\"og:url\" content=\"https:\/\/bymanet.com\/en\/produit\/colliers-en-porcelaine-motif-carpe\/\" \/>\n<meta property=\"og:site_name\" content=\"ByManet\" \/>\n<meta property=\"article:modified_time\" content=\"2026-04-13T19:07:02+00:00\" \/>\n<meta property=\"og:image\" content=\"https:\/\/bymanet.com\/wp-content\/uploads\/2020\/11\/Collier-poisson-blanc-mat-porte-BD-scaled.jpg\" \/>\n\t<meta property=\"og:image:width\" content=\"2560\" \/>\n\t<meta property=\"og:image:height\" content=\"2560\" \/>\n\t<meta property=\"og:image:type\" content=\"image\/jpeg\" \/>\n<meta name=\"twitter:card\" content=\"summary_large_image\" \/>\n<script type=\"application\/ld+json\" class=\"yoast-schema-graph\">{\"@context\":\"https:\/\/schema.org\",\"@graph\":[{\"@type\":\"WebPage\",\"@id\":\"https:\/\/bymanet.com\/en\/produit\/colliers-en-porcelaine-motif-carpe\/\",\"url\":\"https:\/\/bymanet.com\/en\/produit\/colliers-en-porcelaine-motif-carpe\/\",\"name\":\"Colliers carpes en porcelaine grav\u00e9e - ByManet\",\"isPartOf\":{\"@id\":\"https:\/\/bymanet.com\/en\/#website\"},\"primaryImageOfPage\":{\"@id\":\"https:\/\/bymanet.com\/en\/produit\/colliers-en-porcelaine-motif-carpe\/#primaryimage\"},\"image\":{\"@id\":\"https:\/\/bymanet.com\/en\/produit\/colliers-en-porcelaine-motif-carpe\/#primaryimage\"},\"thumbnailUrl\":\"https:\/\/bymanet.com\/wp-content\/uploads\/2020\/11\/Collier-poisson-blanc-mat-porte-BD-scaled.jpg\",\"datePublished\":\"2020-11-23T20:45:29+00:00\",\"dateModified\":\"2026-04-13T19:07:02+00:00\",\"description\":\"Collier en porcelaine grav\u00e9e d'un poisson carpe en relief. Motif subtil et discret qui se r\u00e9v\u00e8le suivant la lumi\u00e8re. Sur cha\u00eene en argent.\",\"breadcrumb\":{\"@id\":\"https:\/\/bymanet.com\/en\/produit\/colliers-en-porcelaine-motif-carpe\/#breadcrumb\"},\"inLanguage\":\"en-US\",\"potentialAction\":[{\"@type\":\"ReadAction\",\"target\":[\"https:\/\/bymanet.com\/en\/produit\/colliers-en-porcelaine-motif-carpe\/\"]}]},{\"@type\":\"ImageObject\",\"inLanguage\":\"en-US\",\"@id\":\"https:\/\/bymanet.com\/en\/produit\/colliers-en-porcelaine-motif-carpe\/#primaryimage\",\"url\":\"https:\/\/bymanet.com\/wp-content\/uploads\/2020\/11\/Collier-poisson-blanc-mat-porte-BD-scaled.jpg\",\"contentUrl\":\"https:\/\/bymanet.com\/wp-content\/uploads\/2020\/11\/Collier-poisson-blanc-mat-porte-BD-scaled.jpg\",\"width\":2560,\"height\":2560,\"caption\":\"Collier poisson blanc mat sur cha\u00eene en argent port\u00e9\"},{\"@type\":\"BreadcrumbList\",\"@id\":\"https:\/\/bymanet.com\/en\/produit\/colliers-en-porcelaine-motif-carpe\/#breadcrumb\",\"itemListElement\":[{\"@type\":\"ListItem\",\"position\":1,\"name\":\"Accueil\",\"item\":\"https:\/\/bymanet.com\/en\/\"},{\"@type\":\"ListItem\",\"position\":2,\"name\":\"Shop\",\"item\":\"https:\/\/bymanet.com\/shop\/?lang=en\"},{\"@type\":\"ListItem\",\"position\":3,\"name\":\"Bijoux\",\"item\":\"https:\/\/bymanet.com\/en\/categorie-produit\/bijoux\/\"},{\"@type\":\"ListItem\",\"position\":4,\"name\":\"Colliers carpes en porcelaine grav\u00e9e\"}]},{\"@type\":\"WebSite\",\"@id\":\"https:\/\/bymanet.com\/en\/#website\",\"url\":\"https:\/\/bymanet.com\/en\/\",\"name\":\"ByManet\",\"description\":\"Cr\u00e9ation de c\u00e9ramique et de bijoux design et contemporain \u00e0 Igny\",\"publisher\":{\"@id\":\"https:\/\/bymanet.com\/en\/#organization\"},\"potentialAction\":[{\"@type\":\"SearchAction\",\"target\":{\"@type\":\"EntryPoint\",\"urlTemplate\":\"https:\/\/bymanet.com\/en\/?s={search_term_string}\"},\"query-input\":{\"@type\":\"PropertyValueSpecification\",\"valueRequired\":true,\"valueName\":\"search_term_string\"}}],\"inLanguage\":\"en-US\"},{\"@type\":\"Organization\",\"@id\":\"https:\/\/bymanet.com\/en\/#organization\",\"name\":\"ByManet\",\"url\":\"https:\/\/bymanet.com\/en\/\",\"logo\":{\"@type\":\"ImageObject\",\"inLanguage\":\"en-US\",\"@id\":\"https:\/\/bymanet.com\/en\/#\/schema\/logo\/image\/\",\"url\":\"https:\/\/bymanet.com\/wp-content\/uploads\/2023\/02\/LOGO_BY_MANET-ai.svg\",\"contentUrl\":\"https:\/\/bymanet.com\/wp-content\/uploads\/2023\/02\/LOGO_BY_MANET-ai.svg\",\"caption\":\"ByManet\"},\"image\":{\"@id\":\"https:\/\/bymanet.com\/en\/#\/schema\/logo\/image\/\"}}]}<\/script>\n<!-- \/ Yoast SEO plugin. -->","yoast_head_json":{"title":"Colliers carpes en porcelaine grav\u00e9e - ByManet","description":"Collier en porcelaine grav\u00e9e d'un poisson carpe en relief. Motif subtil et discret qui se r\u00e9v\u00e8le suivant la lumi\u00e8re. Sur cha\u00eene en argent.","robots":{"index":"index","follow":"follow","max-snippet":"max-snippet:-1","max-image-preview":"max-image-preview:large","max-video-preview":"max-video-preview:-1"},"canonical":"https:\/\/bymanet.com\/en\/produit\/colliers-en-porcelaine-motif-carpe\/","og_locale":"en_US","og_type":"article","og_title":"Colliers carpes en porcelaine grav\u00e9e - ByManet","og_description":"Collier en porcelaine grav\u00e9e d'un poisson carpe en relief. Motif subtil et discret qui se r\u00e9v\u00e8le suivant la lumi\u00e8re. Sur cha\u00eene en argent.","og_url":"https:\/\/bymanet.com\/en\/produit\/colliers-en-porcelaine-motif-carpe\/","og_site_name":"ByManet","article_modified_time":"2026-04-13T19:07:02+00:00","og_image":[{"width":2560,"height":2560,"url":"https:\/\/bymanet.com\/wp-content\/uploads\/2020\/11\/Collier-poisson-blanc-mat-porte-BD-scaled.jpg","type":"image\/jpeg"}],"twitter_card":"summary_large_image","schema":{"@context":"https:\/\/schema.org","@graph":[{"@type":"WebPage","@id":"https:\/\/bymanet.com\/en\/produit\/colliers-en-porcelaine-motif-carpe\/","url":"https:\/\/bymanet.com\/en\/produit\/colliers-en-porcelaine-motif-carpe\/","name":"Colliers carpes en porcelaine grav\u00e9e - ByManet","isPartOf":{"@id":"https:\/\/bymanet.com\/en\/#website"},"primaryImageOfPage":{"@id":"https:\/\/bymanet.com\/en\/produit\/colliers-en-porcelaine-motif-carpe\/#primaryimage"},"image":{"@id":"https:\/\/bymanet.com\/en\/produit\/colliers-en-porcelaine-motif-carpe\/#primaryimage"},"thumbnailUrl":"https:\/\/bymanet.com\/wp-content\/uploads\/2020\/11\/Collier-poisson-blanc-mat-porte-BD-scaled.jpg","datePublished":"2020-11-23T20:45:29+00:00","dateModified":"2026-04-13T19:07:02+00:00","description":"Collier en porcelaine grav\u00e9e d'un poisson carpe en relief. Motif subtil et discret qui se r\u00e9v\u00e8le suivant la lumi\u00e8re. Sur cha\u00eene en argent.","breadcrumb":{"@id":"https:\/\/bymanet.com\/en\/produit\/colliers-en-porcelaine-motif-carpe\/#breadcrumb"},"inLanguage":"en-US","potentialAction":[{"@type":"ReadAction","target":["https:\/\/bymanet.com\/en\/produit\/colliers-en-porcelaine-motif-carpe\/"]}]},{"@type":"ImageObject","inLanguage":"en-US","@id":"https:\/\/bymanet.com\/en\/produit\/colliers-en-porcelaine-motif-carpe\/#primaryimage","url":"https:\/\/bymanet.com\/wp-content\/uploads\/2020\/11\/Collier-poisson-blanc-mat-porte-BD-scaled.jpg","contentUrl":"https:\/\/bymanet.com\/wp-content\/uploads\/2020\/11\/Collier-poisson-blanc-mat-porte-BD-scaled.jpg","width":2560,"height":2560,"caption":"Collier poisson blanc mat sur cha\u00eene en argent port\u00e9"},{"@type":"BreadcrumbList","@id":"https:\/\/bymanet.com\/en\/produit\/colliers-en-porcelaine-motif-carpe\/#breadcrumb","itemListElement":[{"@type":"ListItem","position":1,"name":"Accueil","item":"https:\/\/bymanet.com\/en\/"},{"@type":"ListItem","position":2,"name":"Shop","item":"https:\/\/bymanet.com\/shop\/?lang=en"},{"@type":"ListItem","position":3,"name":"Bijoux","item":"https:\/\/bymanet.com\/en\/categorie-produit\/bijoux\/"},{"@type":"ListItem","position":4,"name":"Colliers carpes en porcelaine grav\u00e9e"}]},{"@type":"WebSite","@id":"https:\/\/bymanet.com\/en\/#website","url":"https:\/\/bymanet.com\/en\/","name":"ByManet","description":"Cr\u00e9ation de c\u00e9ramique et de bijoux design et contemporain \u00e0 Igny","publisher":{"@id":"https:\/\/bymanet.com\/en\/#organization"},"potentialAction":[{"@type":"SearchAction","target":{"@type":"EntryPoint","urlTemplate":"https:\/\/bymanet.com\/en\/?s={search_term_string}"},"query-input":{"@type":"PropertyValueSpecification","valueRequired":true,"valueName":"search_term_string"}}],"inLanguage":"en-US"},{"@type":"Organization","@id":"https:\/\/bymanet.com\/en\/#organization","name":"ByManet","url":"https:\/\/bymanet.com\/en\/","logo":{"@type":"ImageObject","inLanguage":"en-US","@id":"https:\/\/bymanet.com\/en\/#\/schema\/logo\/image\/","url":"https:\/\/bymanet.com\/wp-content\/uploads\/2023\/02\/LOGO_BY_MANET-ai.svg","contentUrl":"https:\/\/bymanet.com\/wp-content\/uploads\/2023\/02\/LOGO_BY_MANET-ai.svg","caption":"ByManet"},"image":{"@id":"https:\/\/bymanet.com\/en\/#\/schema\/logo\/image\/"}}]}},"_links":{"self":[{"href":"https:\/\/bymanet.com\/en\/wp-json\/wp\/v2\/product\/2836","targetHints":{"allow":["GET"]}}],"collection":[{"href":"https:\/\/bymanet.com\/en\/wp-json\/wp\/v2\/product"}],"about":[{"href":"https:\/\/bymanet.com\/en\/wp-json\/wp\/v2\/types\/product"}],"replies":[{"embeddable":true,"href":"https:\/\/bymanet.com\/en\/wp-json\/wp\/v2\/comments?post=2836"}],"version-history":[{"count":1,"href":"https:\/\/bymanet.com\/en\/wp-json\/wp\/v2\/product\/2836\/revisions"}],"predecessor-version":[{"id":15038,"href":"https:\/\/bymanet.com\/en\/wp-json\/wp\/v2\/product\/2836\/revisions\/15038"}],"wp:featuredmedia":[{"embeddable":true,"href":"https:\/\/bymanet.com\/en\/wp-json\/wp\/v2\/media\/2841"}],"wp:attachment":[{"href":"https:\/\/bymanet.com\/en\/wp-json\/wp\/v2\/media?parent=2836"}],"wp:term":[{"taxonomy":"product_brand","embeddable":true,"href":"https:\/\/bymanet.com\/en\/wp-json\/wp\/v2\/product_brand?post=2836"},{"taxonomy":"product_cat","embeddable":true,"href":"https:\/\/bymanet.com\/en\/wp-json\/wp\/v2\/product_cat?post=2836"},{"taxonomy":"product_tag","embeddable":true,"href":"https:\/\/bymanet.com\/en\/wp-json\/wp\/v2\/product_tag?post=2836"}],"curies":[{"name":"wp","href":"https:\/\/api.w.org\/{rel}","templated":true}]}}