{"id":2921,"date":"2020-12-12T17:51:09","date_gmt":"2020-12-12T16:51:09","guid":{"rendered":"https:\/\/bymanet-shop.fr\/?post_type=product&#038;p=2921"},"modified":"2024-05-21T09:54:26","modified_gmt":"2024-05-21T07:54:26","slug":"broche-carpes-en-porcelaine-blanche-gravee","status":"publish","type":"product","link":"https:\/\/bymanet.com\/en\/produit\/broche-carpes-en-porcelaine-blanche-gravee\/","title":{"rendered":"Broches carpes en porcelaine grav\u00e9e"},"content":{"rendered":"<p>Ces broches en porcelaine font partie de l&#8217;univers des coupelles carpes. Elles sont mont\u00e9es sur des fibules ou support argent\u00e9 sans nickel, cadmium ou plomb.<\/p>\n<p>R\u00e9aliser avec la technique de l&#8217;estampage, j&#8217;ai d&#8217;abord grav\u00e9 dans du plexiglas le poisson en creux. Puis r\u00e9aliser une empreinte en volume dans de la plastiline (p\u00e2te \u00e0 modeler sp\u00e9ciale) pour couler un moule en pl\u00e2tre (en creux) pour pouvoir prendre l&#8217;impression en volume avec de la porcelaine. Chaque poisson est d\u00e9coup\u00e9 \u00e0 l&#8217;emporte pi\u00e8ce puis suivant sont syst\u00e8me d&#8217;accroche re-travaill\u00e9 et l\u00e9g\u00e8rement regrav\u00e9 comme une reprise de fonte pour retoucher les d\u00e9tails.<\/p>\n<p>Plus petit, plus de pr\u00e9cisions, pas forc\u00e9ment plus facile ^^<\/p>\n","protected":false},"excerpt":{"rendered":"<p>Broche en porcelaine grav\u00e9e d&#8217;un poisson carpe en relief, sur fibule ou accroche invisible argent\u00e9. 2 tailles au choix \u00e0 s\u00e9lection dans les menus d\u00e9roulant.<\/p>\n<p>Toutes les carpe sont l\u00e9g\u00e8rement variables dans leur aspect et orientation.<\/p>\n","protected":false},"featured_media":2934,"comment_status":"open","ping_status":"closed","template":"","meta":{"_acf_changed":false},"product_brand":[],"product_cat":[48,84],"product_tag":[81,64,116,63,93],"class_list":{"0":"post-2921","1":"product","2":"type-product","3":"status-publish","4":"has-post-thumbnail","6":"product_cat-bijoux","7":"product_cat-collection-lac","8":"product_tag-blanc","9":"product_tag-boucle-doreilles","10":"product_tag-collier","11":"product_tag-email","12":"product_tag-porcelaine","14":"first","15":"instock","16":"purchasable","17":"product-type-variable"},"acf":[],"yoast_head":"<!-- This site is optimized with the Yoast SEO plugin v26.0 - https:\/\/yoast.com\/wordpress\/plugins\/seo\/ -->\n<title>Broches carpes en porcelaine grav\u00e9e - ByManet<\/title>\n<meta name=\"description\" content=\"Broche en porcelaine grav\u00e9e d&#039;un poisson carpe en relief. Accessoire blanc au motif subtil et discret qui se r\u00e9v\u00e8le suivant la lumi\u00e8re.\" \/>\n<meta name=\"robots\" content=\"index, follow, max-snippet:-1, max-image-preview:large, max-video-preview:-1\" \/>\n<link rel=\"canonical\" href=\"https:\/\/bymanet.com\/en\/produit\/broche-carpes-en-porcelaine-blanche-gravee\/\" \/>\n<meta property=\"og:locale\" content=\"en_US\" \/>\n<meta property=\"og:type\" content=\"article\" \/>\n<meta property=\"og:title\" content=\"Broches carpes en porcelaine grav\u00e9e - ByManet\" \/>\n<meta property=\"og:description\" content=\"Broche en porcelaine grav\u00e9e d&#039;un poisson carpe en relief. Accessoire blanc au motif subtil et discret qui se r\u00e9v\u00e8le suivant la lumi\u00e8re.\" \/>\n<meta property=\"og:url\" content=\"https:\/\/bymanet.com\/en\/produit\/broche-carpes-en-porcelaine-blanche-gravee\/\" \/>\n<meta property=\"og:site_name\" content=\"ByManet\" \/>\n<meta property=\"article:modified_time\" content=\"2024-05-21T07:54:26+00:00\" \/>\n<meta property=\"og:image\" content=\"https:\/\/bymanet.com\/wp-content\/uploads\/2020\/12\/broches-poisson-blanche-mat-fibule-portees-zoom-scaled.jpg\" \/>\n\t<meta property=\"og:image:width\" content=\"2560\" \/>\n\t<meta property=\"og:image:height\" content=\"2560\" \/>\n\t<meta property=\"og:image:type\" content=\"image\/jpeg\" \/>\n<meta name=\"twitter:card\" content=\"summary_large_image\" \/>\n<script type=\"application\/ld+json\" class=\"yoast-schema-graph\">{\"@context\":\"https:\/\/schema.org\",\"@graph\":[{\"@type\":\"WebPage\",\"@id\":\"https:\/\/bymanet.com\/en\/produit\/broche-carpes-en-porcelaine-blanche-gravee\/\",\"url\":\"https:\/\/bymanet.com\/en\/produit\/broche-carpes-en-porcelaine-blanche-gravee\/\",\"name\":\"Broches carpes en porcelaine grav\u00e9e - ByManet\",\"isPartOf\":{\"@id\":\"https:\/\/bymanet.com\/en\/#website\"},\"primaryImageOfPage\":{\"@id\":\"https:\/\/bymanet.com\/en\/produit\/broche-carpes-en-porcelaine-blanche-gravee\/#primaryimage\"},\"image\":{\"@id\":\"https:\/\/bymanet.com\/en\/produit\/broche-carpes-en-porcelaine-blanche-gravee\/#primaryimage\"},\"thumbnailUrl\":\"https:\/\/bymanet.com\/wp-content\/uploads\/2020\/12\/broches-poisson-blanche-mat-fibule-portees-zoom-scaled.jpg\",\"datePublished\":\"2020-12-12T16:51:09+00:00\",\"dateModified\":\"2024-05-21T07:54:26+00:00\",\"description\":\"Broche en porcelaine grav\u00e9e d'un poisson carpe en relief. Accessoire blanc au motif subtil et discret qui se r\u00e9v\u00e8le suivant la lumi\u00e8re.\",\"breadcrumb\":{\"@id\":\"https:\/\/bymanet.com\/en\/produit\/broche-carpes-en-porcelaine-blanche-gravee\/#breadcrumb\"},\"inLanguage\":\"en-US\",\"potentialAction\":[{\"@type\":\"ReadAction\",\"target\":[\"https:\/\/bymanet.com\/en\/produit\/broche-carpes-en-porcelaine-blanche-gravee\/\"]}]},{\"@type\":\"ImageObject\",\"inLanguage\":\"en-US\",\"@id\":\"https:\/\/bymanet.com\/en\/produit\/broche-carpes-en-porcelaine-blanche-gravee\/#primaryimage\",\"url\":\"https:\/\/bymanet.com\/wp-content\/uploads\/2020\/12\/broches-poisson-blanche-mat-fibule-portees-zoom-scaled.jpg\",\"contentUrl\":\"https:\/\/bymanet.com\/wp-content\/uploads\/2020\/12\/broches-poisson-blanche-mat-fibule-portees-zoom-scaled.jpg\",\"width\":2560,\"height\":2560,\"caption\":\"broche en porcelaine blanche matte au poisson carpe grav\u00e9 sur fibule\"},{\"@type\":\"BreadcrumbList\",\"@id\":\"https:\/\/bymanet.com\/en\/produit\/broche-carpes-en-porcelaine-blanche-gravee\/#breadcrumb\",\"itemListElement\":[{\"@type\":\"ListItem\",\"position\":1,\"name\":\"Accueil\",\"item\":\"https:\/\/bymanet.com\/en\/\"},{\"@type\":\"ListItem\",\"position\":2,\"name\":\"Shop\",\"item\":\"https:\/\/bymanet.com\/shop\/?lang=en\"},{\"@type\":\"ListItem\",\"position\":3,\"name\":\"Bijoux\",\"item\":\"https:\/\/bymanet.com\/en\/categorie-produit\/bijoux\/\"},{\"@type\":\"ListItem\",\"position\":4,\"name\":\"Broches carpes en porcelaine grav\u00e9e\"}]},{\"@type\":\"WebSite\",\"@id\":\"https:\/\/bymanet.com\/en\/#website\",\"url\":\"https:\/\/bymanet.com\/en\/\",\"name\":\"ByManet\",\"description\":\"Cr\u00e9ation de c\u00e9ramique et de bijoux design et contemporain \u00e0 Igny\",\"publisher\":{\"@id\":\"https:\/\/bymanet.com\/en\/#organization\"},\"potentialAction\":[{\"@type\":\"SearchAction\",\"target\":{\"@type\":\"EntryPoint\",\"urlTemplate\":\"https:\/\/bymanet.com\/en\/?s={search_term_string}\"},\"query-input\":{\"@type\":\"PropertyValueSpecification\",\"valueRequired\":true,\"valueName\":\"search_term_string\"}}],\"inLanguage\":\"en-US\"},{\"@type\":\"Organization\",\"@id\":\"https:\/\/bymanet.com\/en\/#organization\",\"name\":\"ByManet\",\"url\":\"https:\/\/bymanet.com\/en\/\",\"logo\":{\"@type\":\"ImageObject\",\"inLanguage\":\"en-US\",\"@id\":\"https:\/\/bymanet.com\/en\/#\/schema\/logo\/image\/\",\"url\":\"https:\/\/bymanet.com\/wp-content\/uploads\/2023\/02\/LOGO_BY_MANET-ai.svg\",\"contentUrl\":\"https:\/\/bymanet.com\/wp-content\/uploads\/2023\/02\/LOGO_BY_MANET-ai.svg\",\"caption\":\"ByManet\"},\"image\":{\"@id\":\"https:\/\/bymanet.com\/en\/#\/schema\/logo\/image\/\"}}]}<\/script>\n<!-- \/ Yoast SEO plugin. -->","yoast_head_json":{"title":"Broches carpes en porcelaine grav\u00e9e - ByManet","description":"Broche en porcelaine grav\u00e9e d'un poisson carpe en relief. Accessoire blanc au motif subtil et discret qui se r\u00e9v\u00e8le suivant la lumi\u00e8re.","robots":{"index":"index","follow":"follow","max-snippet":"max-snippet:-1","max-image-preview":"max-image-preview:large","max-video-preview":"max-video-preview:-1"},"canonical":"https:\/\/bymanet.com\/en\/produit\/broche-carpes-en-porcelaine-blanche-gravee\/","og_locale":"en_US","og_type":"article","og_title":"Broches carpes en porcelaine grav\u00e9e - ByManet","og_description":"Broche en porcelaine grav\u00e9e d'un poisson carpe en relief. Accessoire blanc au motif subtil et discret qui se r\u00e9v\u00e8le suivant la lumi\u00e8re.","og_url":"https:\/\/bymanet.com\/en\/produit\/broche-carpes-en-porcelaine-blanche-gravee\/","og_site_name":"ByManet","article_modified_time":"2024-05-21T07:54:26+00:00","og_image":[{"width":2560,"height":2560,"url":"https:\/\/bymanet.com\/wp-content\/uploads\/2020\/12\/broches-poisson-blanche-mat-fibule-portees-zoom-scaled.jpg","type":"image\/jpeg"}],"twitter_card":"summary_large_image","schema":{"@context":"https:\/\/schema.org","@graph":[{"@type":"WebPage","@id":"https:\/\/bymanet.com\/en\/produit\/broche-carpes-en-porcelaine-blanche-gravee\/","url":"https:\/\/bymanet.com\/en\/produit\/broche-carpes-en-porcelaine-blanche-gravee\/","name":"Broches carpes en porcelaine grav\u00e9e - ByManet","isPartOf":{"@id":"https:\/\/bymanet.com\/en\/#website"},"primaryImageOfPage":{"@id":"https:\/\/bymanet.com\/en\/produit\/broche-carpes-en-porcelaine-blanche-gravee\/#primaryimage"},"image":{"@id":"https:\/\/bymanet.com\/en\/produit\/broche-carpes-en-porcelaine-blanche-gravee\/#primaryimage"},"thumbnailUrl":"https:\/\/bymanet.com\/wp-content\/uploads\/2020\/12\/broches-poisson-blanche-mat-fibule-portees-zoom-scaled.jpg","datePublished":"2020-12-12T16:51:09+00:00","dateModified":"2024-05-21T07:54:26+00:00","description":"Broche en porcelaine grav\u00e9e d'un poisson carpe en relief. Accessoire blanc au motif subtil et discret qui se r\u00e9v\u00e8le suivant la lumi\u00e8re.","breadcrumb":{"@id":"https:\/\/bymanet.com\/en\/produit\/broche-carpes-en-porcelaine-blanche-gravee\/#breadcrumb"},"inLanguage":"en-US","potentialAction":[{"@type":"ReadAction","target":["https:\/\/bymanet.com\/en\/produit\/broche-carpes-en-porcelaine-blanche-gravee\/"]}]},{"@type":"ImageObject","inLanguage":"en-US","@id":"https:\/\/bymanet.com\/en\/produit\/broche-carpes-en-porcelaine-blanche-gravee\/#primaryimage","url":"https:\/\/bymanet.com\/wp-content\/uploads\/2020\/12\/broches-poisson-blanche-mat-fibule-portees-zoom-scaled.jpg","contentUrl":"https:\/\/bymanet.com\/wp-content\/uploads\/2020\/12\/broches-poisson-blanche-mat-fibule-portees-zoom-scaled.jpg","width":2560,"height":2560,"caption":"broche en porcelaine blanche matte au poisson carpe grav\u00e9 sur fibule"},{"@type":"BreadcrumbList","@id":"https:\/\/bymanet.com\/en\/produit\/broche-carpes-en-porcelaine-blanche-gravee\/#breadcrumb","itemListElement":[{"@type":"ListItem","position":1,"name":"Accueil","item":"https:\/\/bymanet.com\/en\/"},{"@type":"ListItem","position":2,"name":"Shop","item":"https:\/\/bymanet.com\/shop\/?lang=en"},{"@type":"ListItem","position":3,"name":"Bijoux","item":"https:\/\/bymanet.com\/en\/categorie-produit\/bijoux\/"},{"@type":"ListItem","position":4,"name":"Broches carpes en porcelaine grav\u00e9e"}]},{"@type":"WebSite","@id":"https:\/\/bymanet.com\/en\/#website","url":"https:\/\/bymanet.com\/en\/","name":"ByManet","description":"Cr\u00e9ation de c\u00e9ramique et de bijoux design et contemporain \u00e0 Igny","publisher":{"@id":"https:\/\/bymanet.com\/en\/#organization"},"potentialAction":[{"@type":"SearchAction","target":{"@type":"EntryPoint","urlTemplate":"https:\/\/bymanet.com\/en\/?s={search_term_string}"},"query-input":{"@type":"PropertyValueSpecification","valueRequired":true,"valueName":"search_term_string"}}],"inLanguage":"en-US"},{"@type":"Organization","@id":"https:\/\/bymanet.com\/en\/#organization","name":"ByManet","url":"https:\/\/bymanet.com\/en\/","logo":{"@type":"ImageObject","inLanguage":"en-US","@id":"https:\/\/bymanet.com\/en\/#\/schema\/logo\/image\/","url":"https:\/\/bymanet.com\/wp-content\/uploads\/2023\/02\/LOGO_BY_MANET-ai.svg","contentUrl":"https:\/\/bymanet.com\/wp-content\/uploads\/2023\/02\/LOGO_BY_MANET-ai.svg","caption":"ByManet"},"image":{"@id":"https:\/\/bymanet.com\/en\/#\/schema\/logo\/image\/"}}]}},"_links":{"self":[{"href":"https:\/\/bymanet.com\/en\/wp-json\/wp\/v2\/product\/2921","targetHints":{"allow":["GET"]}}],"collection":[{"href":"https:\/\/bymanet.com\/en\/wp-json\/wp\/v2\/product"}],"about":[{"href":"https:\/\/bymanet.com\/en\/wp-json\/wp\/v2\/types\/product"}],"replies":[{"embeddable":true,"href":"https:\/\/bymanet.com\/en\/wp-json\/wp\/v2\/comments?post=2921"}],"version-history":[{"count":0,"href":"https:\/\/bymanet.com\/en\/wp-json\/wp\/v2\/product\/2921\/revisions"}],"wp:featuredmedia":[{"embeddable":true,"href":"https:\/\/bymanet.com\/en\/wp-json\/wp\/v2\/media\/2934"}],"wp:attachment":[{"href":"https:\/\/bymanet.com\/en\/wp-json\/wp\/v2\/media?parent=2921"}],"wp:term":[{"taxonomy":"product_brand","embeddable":true,"href":"https:\/\/bymanet.com\/en\/wp-json\/wp\/v2\/product_brand?post=2921"},{"taxonomy":"product_cat","embeddable":true,"href":"https:\/\/bymanet.com\/en\/wp-json\/wp\/v2\/product_cat?post=2921"},{"taxonomy":"product_tag","embeddable":true,"href":"https:\/\/bymanet.com\/en\/wp-json\/wp\/v2\/product_tag?post=2921"}],"curies":[{"name":"wp","href":"https:\/\/api.w.org\/{rel}","templated":true}]}}