{"id":3000,"date":"2020-12-19T19:06:50","date_gmt":"2020-12-19T18:06:50","guid":{"rendered":"https:\/\/bymanet-shop.fr\/?post_type=product&#038;p=3000"},"modified":"2024-05-21T09:54:25","modified_gmt":"2024-05-21T07:54:25","slug":"cours-de-tournage-poterie-individuel","status":"publish","type":"product","link":"https:\/\/bymanet.com\/en\/produit\/cours-de-tournage-poterie-individuel\/","title":{"rendered":"Cours de tournage individuel"},"content":{"rendered":"<p>Cours de tournage individuel, venez d\u00e9couvrir les gestes de base (ou vous perfectionner) \u00e0 la technique du tournage dans mon atelier d\u2019artiste \u00e0 Igny dans l\u2019Essonne (proche de Massy et le RER C).<\/p>\n<p>Le tournage est une discipline tr\u00e8s exigeante et assez physique pour qui n&#8217;est pas habitu\u00e9. Le travail au tour demande un apprentissage et exige plusieurs ann\u00e9es de pratique avant d\u2019arriver \u00e0 une v\u00e9ritable ma\u00eetrise. \u00a0Les pi\u00e8ces sont g\u00e9n\u00e9ralement fa\u00e7onn\u00e9es en deux temps : tout d\u2019abord on les tourne d&#8217;apr\u00e8s une argile mall\u00e9able , puis elles doivent s\u00e9cher jusqu\u2019\u00e0 consistance cuir (ni mole ni s\u00e8che). A ce stade elles peuvent \u00eatre fix\u00e9es \u00e0 l\u2019envers sur le tour pour \u00eatre \u00ab tournass\u00e9es \u00bb : il s\u2019agit de \u00ab peler \u00bb le pied de la pi\u00e8ce en le d\u00e9gageant de la masse d\u2019argile qui se trouve \u00e0 la base, et d\u2019achever la forme. C&#8217;est pourquoi je vous propose d&#8217;organiser en deux phase chaque s\u00e9ance :\u00a0 le tournage et le tournassage.<\/p>\n<p>&nbsp;<\/p>\n<h5><strong>D\u00e9roulement et planning des s\u00e9ances des cours de tournage :\u00a0<\/strong><\/h5>\n<p><strong>s\u00e9ance de 2h<\/strong> : 1h30h de tournage un jour et 30mn de tournassage dans les 2 jours suivants. Lors de cette s\u00e9ance, vous apprendrez \u00e0 tourner un bol, et nous choisirons ensemble la finition parmi les \u00e9maux disponible \u00e0 l&#8217;atelier. L&#8217;\u00e9maillage sera r\u00e9alis\u00e9 par mes soins sur la meilleurs pi\u00e8ce s\u00e9lectionn\u00e9e.<\/p>\n<p><strong>S\u00e9ance de 2h<\/strong> : 2h de tournage, le tournassage sera effectu\u00e9 par moi m\u00eame ^^<\/p>\n<p><strong>S\u00e9ance de 3h :<\/strong> 2h de tournage un jour et 1h de tournassage dans les 2 jours suivants. Lors de cette s\u00e9ance, vous apprendrez \u00e0 tourner un bol, une assiette et\/ ou un vase, et nous choisirons ensemble la finition parmi les \u00e9maux disponible \u00e0 l&#8217;atelier. L&#8217;\u00e9maillage sera r\u00e9alis\u00e9 par mes soins sur une s\u00e9lection de 2 pi\u00e8ces (\u00e9quivalent de 2 bols)<\/p>\n<p><strong>S\u00e9ance de 6h :<\/strong> Lors de ces s\u00e9ances, vous apprendrez \u00e0 tourner des bols, des assiette et\/ ou des vases, et nous choisirons ensemble la finition parmi les \u00e9maux disponible \u00e0 l&#8217;atelier. L&#8217;\u00e9maillage sera r\u00e9alis\u00e9 par mes soins (ou par vous), sur une s\u00e9lection d&#8217;environs 5 pi\u00e8ces.<\/p>\n<p>Il existe deux mani\u00e8res de r\u00e9partir les heures travail pour une organisation optimale entre le tournage et le tournassage :<\/p>\n<p><strong>Premi\u00e8re possibilit\u00e9 (plus l\u00e9g\u00e8re) : <\/strong>2x : 2h de tournage un jour et 1h de tournassage dans les 2 jours suivant<\/p>\n<p><strong>Deuxi\u00e8me possibilit\u00e9 (plus dense) : <\/strong>4h de tournage sur 1 (ou 2 jours cons\u00e9cutifs), puis 2h de tournassage dans les 2 jours suivants.<\/p>\n<p><strong>S\u00e9ance de 10h :<\/strong> Lors de ces s\u00e9ances de cours de tournage, vous apprendrez \u00e0 tourner des bols, des assiette et\/ ou des vases, et nous choisirons ensemble la finition parmi les \u00e9maux disponible \u00e0 l&#8217;atelier. L&#8217;\u00e9maillage sera r\u00e9alis\u00e9 par vos soins lors de la dixi\u00e8me heures, sur une s\u00e9lection d&#8217;environs 5 \u00e0 6 pi\u00e8ces pour ne garder que les meilleurs. Sachez que la c\u00e9ramique ne se d\u00e9composera pas avant des mill\u00e9naires, il n&#8217;est donc pas judicieux de garder trop de pi\u00e8ces imparfaites du d\u00e9but de votre apprentissage. Cette technique est un processus sur le long therme qui enseigne patience et pers\u00e9v\u00e9rance.<\/p>\n<p>R\u00e9partition id\u00e9ales des heures de travail pour une organisation optimale entre le tournage et le tournassage :<\/p>\n<p>3x : 2h de tournage un jour et 1h de tournassage dans les 2 jours suivants chaque 2h (1h de tournassage et 2h de tournage peuvent se suivre \ud83d\ude09<\/p>\n<p>&nbsp;<\/p>\n<p>Je vous pr\u00e9viendrais lorsque la pi\u00e8ce sera cuite dans un d\u00e9lai d&#8217;environ un mois.<\/p>\n<p>Horaires des s\u00e9ances \u00e0 planifier ensemble. (de pr\u00e9f\u00e9rence en semaine ou soir\u00e9e ^^)<\/p>\n<p>&nbsp;<\/p>\n","protected":false},"excerpt":{"rendered":"<h5><strong>Service non disponible pour le moment ! Seules les personnes ayant d\u00e9j\u00e0 effectu\u00e9e un cours avec moi peuvent me contacter directement pour prendre RDV ! Merci de votre compr\u00e9hension \ud83d\ude42<\/strong><\/h5>\n<p>&nbsp;<\/p>\n<p><b>Initiation ou perfectionnement \u00e0 la technique du tournage en cours individuel.<\/b><br \/>\n(Le mat\u00e9riel, les mati\u00e8res premi\u00e8res, les outils et les cuissons sont inclus).<\/p>\n<p>D\u00e9roulement de la s\u00e9ance dans la description longue ^^<\/p>\n","protected":false},"featured_media":1406,"comment_status":"open","ping_status":"closed","template":"","meta":{"_acf_changed":false},"product_brand":[],"product_cat":[57],"product_tag":[],"class_list":{"0":"post-3000","1":"product","2":"type-product","3":"status-publish","4":"has-post-thumbnail","6":"product_cat-cours","8":"first","9":"outofstock","10":"purchasable","11":"product-type-variable"},"acf":[],"yoast_head":"<!-- This site is optimized with the Yoast SEO plugin v26.0 - https:\/\/yoast.com\/wordpress\/plugins\/seo\/ -->\n<title>Cours de tournage individuel - ByManet<\/title>\n<meta name=\"description\" content=\"Initiation ou perfectionnement dans un cours de tournage c\u00e9ramique \u00e0 Igny dans l&#039;Essonne pour apprendre les gestes du potier dans un atelier d&#039;artiste.\" \/>\n<meta name=\"robots\" content=\"index, follow, max-snippet:-1, max-image-preview:large, max-video-preview:-1\" \/>\n<link rel=\"canonical\" href=\"https:\/\/bymanet.com\/en\/produit\/cours-de-tournage-poterie-individuel\/\" \/>\n<meta property=\"og:locale\" content=\"en_US\" \/>\n<meta property=\"og:type\" content=\"article\" \/>\n<meta property=\"og:title\" content=\"Cours de tournage individuel - ByManet\" \/>\n<meta property=\"og:description\" content=\"Initiation ou perfectionnement dans un cours de tournage c\u00e9ramique \u00e0 Igny dans l&#039;Essonne pour apprendre les gestes du potier dans un atelier d&#039;artiste.\" \/>\n<meta property=\"og:url\" content=\"https:\/\/bymanet.com\/en\/produit\/cours-de-tournage-poterie-individuel\/\" \/>\n<meta property=\"og:site_name\" content=\"ByManet\" \/>\n<meta property=\"article:modified_time\" content=\"2024-05-21T07:54:25+00:00\" \/>\n<meta property=\"og:image\" content=\"https:\/\/bymanet.com\/wp-content\/uploads\/2020\/04\/bymanet-web-60-scaled.jpg\" \/>\n\t<meta property=\"og:image:width\" content=\"2560\" \/>\n\t<meta property=\"og:image:height\" content=\"1707\" \/>\n\t<meta property=\"og:image:type\" content=\"image\/jpeg\" \/>\n<meta name=\"twitter:card\" content=\"summary_large_image\" \/>\n<script type=\"application\/ld+json\" class=\"yoast-schema-graph\">{\"@context\":\"https:\/\/schema.org\",\"@graph\":[{\"@type\":\"WebPage\",\"@id\":\"https:\/\/bymanet.com\/en\/produit\/cours-de-tournage-poterie-individuel\/\",\"url\":\"https:\/\/bymanet.com\/en\/produit\/cours-de-tournage-poterie-individuel\/\",\"name\":\"Cours de tournage individuel - ByManet\",\"isPartOf\":{\"@id\":\"https:\/\/bymanet.com\/en\/#website\"},\"primaryImageOfPage\":{\"@id\":\"https:\/\/bymanet.com\/en\/produit\/cours-de-tournage-poterie-individuel\/#primaryimage\"},\"image\":{\"@id\":\"https:\/\/bymanet.com\/en\/produit\/cours-de-tournage-poterie-individuel\/#primaryimage\"},\"thumbnailUrl\":\"https:\/\/bymanet.com\/wp-content\/uploads\/2020\/04\/bymanet-web-60-scaled.jpg\",\"datePublished\":\"2020-12-19T18:06:50+00:00\",\"dateModified\":\"2024-05-21T07:54:25+00:00\",\"description\":\"Initiation ou perfectionnement dans un cours de tournage c\u00e9ramique \u00e0 Igny dans l'Essonne pour apprendre les gestes du potier dans un atelier d'artiste.\",\"breadcrumb\":{\"@id\":\"https:\/\/bymanet.com\/en\/produit\/cours-de-tournage-poterie-individuel\/#breadcrumb\"},\"inLanguage\":\"en-US\",\"potentialAction\":[{\"@type\":\"ReadAction\",\"target\":[\"https:\/\/bymanet.com\/en\/produit\/cours-de-tournage-poterie-individuel\/\"]}]},{\"@type\":\"ImageObject\",\"inLanguage\":\"en-US\",\"@id\":\"https:\/\/bymanet.com\/en\/produit\/cours-de-tournage-poterie-individuel\/#primaryimage\",\"url\":\"https:\/\/bymanet.com\/wp-content\/uploads\/2020\/04\/bymanet-web-60-scaled.jpg\",\"contentUrl\":\"https:\/\/bymanet.com\/wp-content\/uploads\/2020\/04\/bymanet-web-60-scaled.jpg\",\"width\":2560,\"height\":1707,\"caption\":\"main qui tourne de la terre sur un tour de potier\"},{\"@type\":\"BreadcrumbList\",\"@id\":\"https:\/\/bymanet.com\/en\/produit\/cours-de-tournage-poterie-individuel\/#breadcrumb\",\"itemListElement\":[{\"@type\":\"ListItem\",\"position\":1,\"name\":\"Accueil\",\"item\":\"https:\/\/bymanet.com\/en\/\"},{\"@type\":\"ListItem\",\"position\":2,\"name\":\"Shop\",\"item\":\"https:\/\/bymanet.com\/shop\/?lang=en\"},{\"@type\":\"ListItem\",\"position\":3,\"name\":\"Courses\",\"item\":\"https:\/\/bymanet.com\/en\/categorie-produit\/courses\/\"},{\"@type\":\"ListItem\",\"position\":4,\"name\":\"Cours de tournage individuel\"}]},{\"@type\":\"WebSite\",\"@id\":\"https:\/\/bymanet.com\/en\/#website\",\"url\":\"https:\/\/bymanet.com\/en\/\",\"name\":\"ByManet\",\"description\":\"Cr\u00e9ation de c\u00e9ramique et de bijoux design et contemporain \u00e0 Igny\",\"publisher\":{\"@id\":\"https:\/\/bymanet.com\/en\/#organization\"},\"potentialAction\":[{\"@type\":\"SearchAction\",\"target\":{\"@type\":\"EntryPoint\",\"urlTemplate\":\"https:\/\/bymanet.com\/en\/?s={search_term_string}\"},\"query-input\":{\"@type\":\"PropertyValueSpecification\",\"valueRequired\":true,\"valueName\":\"search_term_string\"}}],\"inLanguage\":\"en-US\"},{\"@type\":\"Organization\",\"@id\":\"https:\/\/bymanet.com\/en\/#organization\",\"name\":\"ByManet\",\"url\":\"https:\/\/bymanet.com\/en\/\",\"logo\":{\"@type\":\"ImageObject\",\"inLanguage\":\"en-US\",\"@id\":\"https:\/\/bymanet.com\/en\/#\/schema\/logo\/image\/\",\"url\":\"https:\/\/bymanet.com\/wp-content\/uploads\/2023\/02\/LOGO_BY_MANET-ai.svg\",\"contentUrl\":\"https:\/\/bymanet.com\/wp-content\/uploads\/2023\/02\/LOGO_BY_MANET-ai.svg\",\"caption\":\"ByManet\"},\"image\":{\"@id\":\"https:\/\/bymanet.com\/en\/#\/schema\/logo\/image\/\"}}]}<\/script>\n<!-- \/ Yoast SEO plugin. -->","yoast_head_json":{"title":"Cours de tournage individuel - ByManet","description":"Initiation ou perfectionnement dans un cours de tournage c\u00e9ramique \u00e0 Igny dans l'Essonne pour apprendre les gestes du potier dans un atelier d'artiste.","robots":{"index":"index","follow":"follow","max-snippet":"max-snippet:-1","max-image-preview":"max-image-preview:large","max-video-preview":"max-video-preview:-1"},"canonical":"https:\/\/bymanet.com\/en\/produit\/cours-de-tournage-poterie-individuel\/","og_locale":"en_US","og_type":"article","og_title":"Cours de tournage individuel - ByManet","og_description":"Initiation ou perfectionnement dans un cours de tournage c\u00e9ramique \u00e0 Igny dans l'Essonne pour apprendre les gestes du potier dans un atelier d'artiste.","og_url":"https:\/\/bymanet.com\/en\/produit\/cours-de-tournage-poterie-individuel\/","og_site_name":"ByManet","article_modified_time":"2024-05-21T07:54:25+00:00","og_image":[{"width":2560,"height":1707,"url":"https:\/\/bymanet.com\/wp-content\/uploads\/2020\/04\/bymanet-web-60-scaled.jpg","type":"image\/jpeg"}],"twitter_card":"summary_large_image","schema":{"@context":"https:\/\/schema.org","@graph":[{"@type":"WebPage","@id":"https:\/\/bymanet.com\/en\/produit\/cours-de-tournage-poterie-individuel\/","url":"https:\/\/bymanet.com\/en\/produit\/cours-de-tournage-poterie-individuel\/","name":"Cours de tournage individuel - ByManet","isPartOf":{"@id":"https:\/\/bymanet.com\/en\/#website"},"primaryImageOfPage":{"@id":"https:\/\/bymanet.com\/en\/produit\/cours-de-tournage-poterie-individuel\/#primaryimage"},"image":{"@id":"https:\/\/bymanet.com\/en\/produit\/cours-de-tournage-poterie-individuel\/#primaryimage"},"thumbnailUrl":"https:\/\/bymanet.com\/wp-content\/uploads\/2020\/04\/bymanet-web-60-scaled.jpg","datePublished":"2020-12-19T18:06:50+00:00","dateModified":"2024-05-21T07:54:25+00:00","description":"Initiation ou perfectionnement dans un cours de tournage c\u00e9ramique \u00e0 Igny dans l'Essonne pour apprendre les gestes du potier dans un atelier d'artiste.","breadcrumb":{"@id":"https:\/\/bymanet.com\/en\/produit\/cours-de-tournage-poterie-individuel\/#breadcrumb"},"inLanguage":"en-US","potentialAction":[{"@type":"ReadAction","target":["https:\/\/bymanet.com\/en\/produit\/cours-de-tournage-poterie-individuel\/"]}]},{"@type":"ImageObject","inLanguage":"en-US","@id":"https:\/\/bymanet.com\/en\/produit\/cours-de-tournage-poterie-individuel\/#primaryimage","url":"https:\/\/bymanet.com\/wp-content\/uploads\/2020\/04\/bymanet-web-60-scaled.jpg","contentUrl":"https:\/\/bymanet.com\/wp-content\/uploads\/2020\/04\/bymanet-web-60-scaled.jpg","width":2560,"height":1707,"caption":"main qui tourne de la terre sur un tour de potier"},{"@type":"BreadcrumbList","@id":"https:\/\/bymanet.com\/en\/produit\/cours-de-tournage-poterie-individuel\/#breadcrumb","itemListElement":[{"@type":"ListItem","position":1,"name":"Accueil","item":"https:\/\/bymanet.com\/en\/"},{"@type":"ListItem","position":2,"name":"Shop","item":"https:\/\/bymanet.com\/shop\/?lang=en"},{"@type":"ListItem","position":3,"name":"Courses","item":"https:\/\/bymanet.com\/en\/categorie-produit\/courses\/"},{"@type":"ListItem","position":4,"name":"Cours de tournage individuel"}]},{"@type":"WebSite","@id":"https:\/\/bymanet.com\/en\/#website","url":"https:\/\/bymanet.com\/en\/","name":"ByManet","description":"Cr\u00e9ation de c\u00e9ramique et de bijoux design et contemporain \u00e0 Igny","publisher":{"@id":"https:\/\/bymanet.com\/en\/#organization"},"potentialAction":[{"@type":"SearchAction","target":{"@type":"EntryPoint","urlTemplate":"https:\/\/bymanet.com\/en\/?s={search_term_string}"},"query-input":{"@type":"PropertyValueSpecification","valueRequired":true,"valueName":"search_term_string"}}],"inLanguage":"en-US"},{"@type":"Organization","@id":"https:\/\/bymanet.com\/en\/#organization","name":"ByManet","url":"https:\/\/bymanet.com\/en\/","logo":{"@type":"ImageObject","inLanguage":"en-US","@id":"https:\/\/bymanet.com\/en\/#\/schema\/logo\/image\/","url":"https:\/\/bymanet.com\/wp-content\/uploads\/2023\/02\/LOGO_BY_MANET-ai.svg","contentUrl":"https:\/\/bymanet.com\/wp-content\/uploads\/2023\/02\/LOGO_BY_MANET-ai.svg","caption":"ByManet"},"image":{"@id":"https:\/\/bymanet.com\/en\/#\/schema\/logo\/image\/"}}]}},"_links":{"self":[{"href":"https:\/\/bymanet.com\/en\/wp-json\/wp\/v2\/product\/3000","targetHints":{"allow":["GET"]}}],"collection":[{"href":"https:\/\/bymanet.com\/en\/wp-json\/wp\/v2\/product"}],"about":[{"href":"https:\/\/bymanet.com\/en\/wp-json\/wp\/v2\/types\/product"}],"replies":[{"embeddable":true,"href":"https:\/\/bymanet.com\/en\/wp-json\/wp\/v2\/comments?post=3000"}],"version-history":[{"count":0,"href":"https:\/\/bymanet.com\/en\/wp-json\/wp\/v2\/product\/3000\/revisions"}],"wp:featuredmedia":[{"embeddable":true,"href":"https:\/\/bymanet.com\/en\/wp-json\/wp\/v2\/media\/1406"}],"wp:attachment":[{"href":"https:\/\/bymanet.com\/en\/wp-json\/wp\/v2\/media?parent=3000"}],"wp:term":[{"taxonomy":"product_brand","embeddable":true,"href":"https:\/\/bymanet.com\/en\/wp-json\/wp\/v2\/product_brand?post=3000"},{"taxonomy":"product_cat","embeddable":true,"href":"https:\/\/bymanet.com\/en\/wp-json\/wp\/v2\/product_cat?post=3000"},{"taxonomy":"product_tag","embeddable":true,"href":"https:\/\/bymanet.com\/en\/wp-json\/wp\/v2\/product_tag?post=3000"}],"curies":[{"name":"wp","href":"https:\/\/api.w.org\/{rel}","templated":true}]}}