{"id":3158,"date":"2021-05-01T21:08:36","date_gmt":"2021-05-01T19:08:36","guid":{"rendered":"https:\/\/bymanet-shop.fr\/?post_type=product&#038;p=3158"},"modified":"2025-05-26T10:04:08","modified_gmt":"2025-05-26T08:04:08","slug":"initiation-tournage-et-modelage-duo","status":"publish","type":"product","link":"https:\/\/bymanet.com\/en\/produit\/initiation-tournage-et-modelage-duo\/","title":{"rendered":"Initiation tournage et modelage en Duo"},"content":{"rendered":"<p>Vous voulez tester le tournage sur un tour de potier mais votre bin\u00f4me pr\u00e9f\u00e8re la suret\u00e9 d&#8217;une table immobile ?\u00a0 Ou inversement vous souhaitez r\u00e9aliser au calme votre pi\u00e8ce c\u00e9ramique mais votre comparse pr\u00e9f\u00e8re la sensation du tours ? Ou m\u00eame vous souhaitez d\u00e9couvrir les deux technique d&#8217;un coup ? Alors cette initiation tournage et modelage dans une formule DUO est faite pour vous ! Venez d\u00e9couvrir ensemble mais chacun de votre tour ces techniques de la c\u00e9ramique dans mon atelier d\u2019artiste \u00e0 Igny dans l\u2019Essonne (proche de Massy et le RER C).<\/p>\n<h4><\/h4>\n<h4><strong>D\u00e9roulement et planning de la s\u00e9ance :\u00a0<\/strong><\/h4>\n<p><strong>Le tournage<\/strong> est une discipline tr\u00e8s exigeante et assez physique pour qui n&#8217;est pas habitu\u00e9 et qui s&#8217;effectue en plusieurs \u00e9tapes. D&#8217;abord le temps du tournage avec de l&#8217;argile mall\u00e9able, puis le temps du tournassage, lorsque la terre est \u00e0 consistance cuire (dure mais pas encore s\u00e8che) pour les finitions et le dessous de la pi\u00e8ce. Cette deuxi\u00e8me partie de tournassage sera r\u00e9alis\u00e9e par mes soins ainsi que l&#8217;\u00e9maillage que nous choisirons ensemble parmi les \u00e9maux disponible \u00e0 l&#8217;atelier. Lors de cette Initiation tournage dans une s\u00e9ance de 2h ou 3h, vous apprendrez \u00e0 tourner la forme d&#8217;un bol et\/ou d&#8217;un pot et\/ou d&#8217;une assiette.<\/p>\n<p><strong>Modeler<\/strong>, selon votre projet vous apprendrez les diff\u00e9rentes techniques artisanales li\u00e9es au monde de la c\u00e9ramique comme le pitching (pinc\u00e9), le colombin, l\u2019estampage ou la plaque. Travailler de ses mains lib\u00e8re les tentions de votre corps et les soucis de votre t\u00eate. A la fois physique et calme, cette activit\u00e9 au pouvoir m\u00e9ditatif vous apportera \u00e9nergie et apaisement malgr\u00e9 vous ^^. Par l\u2019action du modelage et l\u2019intention cr\u00e9ative, vous ferez appel \u00e0 votre imaginaire et au plaisir de faire. Venez d\u00e9couvrir les possible de l&#8217;argile lors d\u2019un moment privil\u00e9gier avec vous-m\u00eame.<\/p>\n<p>&nbsp;<\/p>\n<p>S\u00e9lection d&#8217;une pi\u00e8ce dans chaque technique pour la formule 2h et de deux pi\u00e8ces tourn\u00e9e et une model\u00e9 pour la formule 3h (\u00e9quivalentes \u00e0 la taille d&#8217;un bol).<\/p>\n<p>Les pi\u00e8ces tourn\u00e9es seront \u00e9maill\u00e9es par mes soins (parmi plusieurs couleurs au choix) et la pi\u00e8ce model\u00e9e peut \u00eatre d\u00e9cor\u00e9e \u00e0 l&#8217;engobe (peinture de terre) par\u00a0 vous m\u00eame (ou \u00e9maill\u00e9e aussi).<\/p>\n<p>&nbsp;<\/p>\n<p>Horaires de la s\u00e9ance \u00e0 planifier ensemble en semaine de pr\u00e9f\u00e9rence !<\/p>\n<p>&nbsp;<\/p>\n","protected":false},"excerpt":{"rendered":"<h5><strong>Service non disponible pour le moment ! Seules les personnes ayant d\u00e9j\u00e0 effectu\u00e9es un cours avec moi peuvent me contacter directement pour prendre RDV ! Merci de votre compr\u00e9hension \ud83d\ude42<\/strong><\/h5>\n<p><b>Initiation \u00e0 la technique du tournage et au modelage pour 2 personnes.<\/b><br \/>\n(Le mat\u00e9riel, les mati\u00e8res premi\u00e8res, les outils et les cuissons sont inclus).<\/p>\n<p>Rdv \u00e0 prendre ensemble \ud83d\ude42<\/p>\n","protected":false},"featured_media":3159,"comment_status":"open","ping_status":"closed","template":"","meta":{"_acf_changed":false},"product_brand":[],"product_cat":[57],"product_tag":[],"class_list":{"0":"post-3158","1":"product","2":"type-product","3":"status-publish","4":"has-post-thumbnail","6":"product_cat-cours","8":"first","9":"outofstock","10":"purchasable","11":"product-type-variable"},"acf":[],"yoast_head":"<!-- This site is optimized with the Yoast SEO plugin v26.0 - https:\/\/yoast.com\/wordpress\/plugins\/seo\/ -->\n<title>Initiation tournage et modelage en Duo - ByManet<\/title>\n<meta name=\"description\" content=\"Initiation tournage et modelage c\u00e9ramique \u00e0 Igny dans l&#039;Essonne pour apprendre les gestes du potier en duo lors d&#039;un cous priv\u00e9.\" \/>\n<meta name=\"robots\" content=\"index, follow, max-snippet:-1, max-image-preview:large, max-video-preview:-1\" \/>\n<link rel=\"canonical\" href=\"https:\/\/bymanet.com\/en\/produit\/initiation-tournage-et-modelage-duo\/\" \/>\n<meta property=\"og:locale\" content=\"en_US\" \/>\n<meta property=\"og:type\" content=\"article\" \/>\n<meta property=\"og:title\" content=\"Initiation tournage et modelage en Duo - ByManet\" \/>\n<meta property=\"og:description\" content=\"Initiation tournage et modelage c\u00e9ramique \u00e0 Igny dans l&#039;Essonne pour apprendre les gestes du potier en duo lors d&#039;un cous priv\u00e9.\" \/>\n<meta property=\"og:url\" content=\"https:\/\/bymanet.com\/en\/produit\/initiation-tournage-et-modelage-duo\/\" \/>\n<meta property=\"og:site_name\" content=\"ByManet\" \/>\n<meta property=\"article:modified_time\" content=\"2025-05-26T08:04:08+00:00\" \/>\n<meta property=\"og:image\" content=\"https:\/\/bymanet.com\/wp-content\/uploads\/2021\/05\/duo-modelage-et-tournage.jpg\" \/>\n\t<meta property=\"og:image:width\" content=\"2481\" \/>\n\t<meta property=\"og:image:height\" content=\"2481\" \/>\n\t<meta property=\"og:image:type\" content=\"image\/jpeg\" \/>\n<meta name=\"twitter:card\" content=\"summary_large_image\" \/>\n<script type=\"application\/ld+json\" class=\"yoast-schema-graph\">{\"@context\":\"https:\/\/schema.org\",\"@graph\":[{\"@type\":\"WebPage\",\"@id\":\"https:\/\/bymanet.com\/en\/produit\/initiation-tournage-et-modelage-duo\/\",\"url\":\"https:\/\/bymanet.com\/en\/produit\/initiation-tournage-et-modelage-duo\/\",\"name\":\"Initiation tournage et modelage en Duo - ByManet\",\"isPartOf\":{\"@id\":\"https:\/\/bymanet.com\/en\/#website\"},\"primaryImageOfPage\":{\"@id\":\"https:\/\/bymanet.com\/en\/produit\/initiation-tournage-et-modelage-duo\/#primaryimage\"},\"image\":{\"@id\":\"https:\/\/bymanet.com\/en\/produit\/initiation-tournage-et-modelage-duo\/#primaryimage\"},\"thumbnailUrl\":\"https:\/\/bymanet.com\/wp-content\/uploads\/2021\/05\/duo-modelage-et-tournage.jpg\",\"datePublished\":\"2021-05-01T19:08:36+00:00\",\"dateModified\":\"2025-05-26T08:04:08+00:00\",\"description\":\"Initiation tournage et modelage c\u00e9ramique \u00e0 Igny dans l'Essonne pour apprendre les gestes du potier en duo lors d'un cous priv\u00e9.\",\"breadcrumb\":{\"@id\":\"https:\/\/bymanet.com\/en\/produit\/initiation-tournage-et-modelage-duo\/#breadcrumb\"},\"inLanguage\":\"en-US\",\"potentialAction\":[{\"@type\":\"ReadAction\",\"target\":[\"https:\/\/bymanet.com\/en\/produit\/initiation-tournage-et-modelage-duo\/\"]}]},{\"@type\":\"ImageObject\",\"inLanguage\":\"en-US\",\"@id\":\"https:\/\/bymanet.com\/en\/produit\/initiation-tournage-et-modelage-duo\/#primaryimage\",\"url\":\"https:\/\/bymanet.com\/wp-content\/uploads\/2021\/05\/duo-modelage-et-tournage.jpg\",\"contentUrl\":\"https:\/\/bymanet.com\/wp-content\/uploads\/2021\/05\/duo-modelage-et-tournage.jpg\",\"width\":2481,\"height\":2481,\"caption\":\"cours duo de tournage et modelage c\u00e9ramique \u00e0 l'atelier By Manet\"},{\"@type\":\"BreadcrumbList\",\"@id\":\"https:\/\/bymanet.com\/en\/produit\/initiation-tournage-et-modelage-duo\/#breadcrumb\",\"itemListElement\":[{\"@type\":\"ListItem\",\"position\":1,\"name\":\"Accueil\",\"item\":\"https:\/\/bymanet.com\/en\/\"},{\"@type\":\"ListItem\",\"position\":2,\"name\":\"Shop\",\"item\":\"https:\/\/bymanet.com\/shop\/?lang=en\"},{\"@type\":\"ListItem\",\"position\":3,\"name\":\"Courses\",\"item\":\"https:\/\/bymanet.com\/en\/categorie-produit\/courses\/\"},{\"@type\":\"ListItem\",\"position\":4,\"name\":\"Initiation tournage et modelage en Duo\"}]},{\"@type\":\"WebSite\",\"@id\":\"https:\/\/bymanet.com\/en\/#website\",\"url\":\"https:\/\/bymanet.com\/en\/\",\"name\":\"ByManet\",\"description\":\"Cr\u00e9ation de c\u00e9ramique et de bijoux design et contemporain \u00e0 Igny\",\"publisher\":{\"@id\":\"https:\/\/bymanet.com\/en\/#organization\"},\"potentialAction\":[{\"@type\":\"SearchAction\",\"target\":{\"@type\":\"EntryPoint\",\"urlTemplate\":\"https:\/\/bymanet.com\/en\/?s={search_term_string}\"},\"query-input\":{\"@type\":\"PropertyValueSpecification\",\"valueRequired\":true,\"valueName\":\"search_term_string\"}}],\"inLanguage\":\"en-US\"},{\"@type\":\"Organization\",\"@id\":\"https:\/\/bymanet.com\/en\/#organization\",\"name\":\"ByManet\",\"url\":\"https:\/\/bymanet.com\/en\/\",\"logo\":{\"@type\":\"ImageObject\",\"inLanguage\":\"en-US\",\"@id\":\"https:\/\/bymanet.com\/en\/#\/schema\/logo\/image\/\",\"url\":\"https:\/\/bymanet.com\/wp-content\/uploads\/2023\/02\/LOGO_BY_MANET-ai.svg\",\"contentUrl\":\"https:\/\/bymanet.com\/wp-content\/uploads\/2023\/02\/LOGO_BY_MANET-ai.svg\",\"caption\":\"ByManet\"},\"image\":{\"@id\":\"https:\/\/bymanet.com\/en\/#\/schema\/logo\/image\/\"}}]}<\/script>\n<!-- \/ Yoast SEO plugin. -->","yoast_head_json":{"title":"Initiation tournage et modelage en Duo - ByManet","description":"Initiation tournage et modelage c\u00e9ramique \u00e0 Igny dans l'Essonne pour apprendre les gestes du potier en duo lors d'un cous priv\u00e9.","robots":{"index":"index","follow":"follow","max-snippet":"max-snippet:-1","max-image-preview":"max-image-preview:large","max-video-preview":"max-video-preview:-1"},"canonical":"https:\/\/bymanet.com\/en\/produit\/initiation-tournage-et-modelage-duo\/","og_locale":"en_US","og_type":"article","og_title":"Initiation tournage et modelage en Duo - ByManet","og_description":"Initiation tournage et modelage c\u00e9ramique \u00e0 Igny dans l'Essonne pour apprendre les gestes du potier en duo lors d'un cous priv\u00e9.","og_url":"https:\/\/bymanet.com\/en\/produit\/initiation-tournage-et-modelage-duo\/","og_site_name":"ByManet","article_modified_time":"2025-05-26T08:04:08+00:00","og_image":[{"width":2481,"height":2481,"url":"https:\/\/bymanet.com\/wp-content\/uploads\/2021\/05\/duo-modelage-et-tournage.jpg","type":"image\/jpeg"}],"twitter_card":"summary_large_image","schema":{"@context":"https:\/\/schema.org","@graph":[{"@type":"WebPage","@id":"https:\/\/bymanet.com\/en\/produit\/initiation-tournage-et-modelage-duo\/","url":"https:\/\/bymanet.com\/en\/produit\/initiation-tournage-et-modelage-duo\/","name":"Initiation tournage et modelage en Duo - ByManet","isPartOf":{"@id":"https:\/\/bymanet.com\/en\/#website"},"primaryImageOfPage":{"@id":"https:\/\/bymanet.com\/en\/produit\/initiation-tournage-et-modelage-duo\/#primaryimage"},"image":{"@id":"https:\/\/bymanet.com\/en\/produit\/initiation-tournage-et-modelage-duo\/#primaryimage"},"thumbnailUrl":"https:\/\/bymanet.com\/wp-content\/uploads\/2021\/05\/duo-modelage-et-tournage.jpg","datePublished":"2021-05-01T19:08:36+00:00","dateModified":"2025-05-26T08:04:08+00:00","description":"Initiation tournage et modelage c\u00e9ramique \u00e0 Igny dans l'Essonne pour apprendre les gestes du potier en duo lors d'un cous priv\u00e9.","breadcrumb":{"@id":"https:\/\/bymanet.com\/en\/produit\/initiation-tournage-et-modelage-duo\/#breadcrumb"},"inLanguage":"en-US","potentialAction":[{"@type":"ReadAction","target":["https:\/\/bymanet.com\/en\/produit\/initiation-tournage-et-modelage-duo\/"]}]},{"@type":"ImageObject","inLanguage":"en-US","@id":"https:\/\/bymanet.com\/en\/produit\/initiation-tournage-et-modelage-duo\/#primaryimage","url":"https:\/\/bymanet.com\/wp-content\/uploads\/2021\/05\/duo-modelage-et-tournage.jpg","contentUrl":"https:\/\/bymanet.com\/wp-content\/uploads\/2021\/05\/duo-modelage-et-tournage.jpg","width":2481,"height":2481,"caption":"cours duo de tournage et modelage c\u00e9ramique \u00e0 l'atelier By Manet"},{"@type":"BreadcrumbList","@id":"https:\/\/bymanet.com\/en\/produit\/initiation-tournage-et-modelage-duo\/#breadcrumb","itemListElement":[{"@type":"ListItem","position":1,"name":"Accueil","item":"https:\/\/bymanet.com\/en\/"},{"@type":"ListItem","position":2,"name":"Shop","item":"https:\/\/bymanet.com\/shop\/?lang=en"},{"@type":"ListItem","position":3,"name":"Courses","item":"https:\/\/bymanet.com\/en\/categorie-produit\/courses\/"},{"@type":"ListItem","position":4,"name":"Initiation tournage et modelage en Duo"}]},{"@type":"WebSite","@id":"https:\/\/bymanet.com\/en\/#website","url":"https:\/\/bymanet.com\/en\/","name":"ByManet","description":"Cr\u00e9ation de c\u00e9ramique et de bijoux design et contemporain \u00e0 Igny","publisher":{"@id":"https:\/\/bymanet.com\/en\/#organization"},"potentialAction":[{"@type":"SearchAction","target":{"@type":"EntryPoint","urlTemplate":"https:\/\/bymanet.com\/en\/?s={search_term_string}"},"query-input":{"@type":"PropertyValueSpecification","valueRequired":true,"valueName":"search_term_string"}}],"inLanguage":"en-US"},{"@type":"Organization","@id":"https:\/\/bymanet.com\/en\/#organization","name":"ByManet","url":"https:\/\/bymanet.com\/en\/","logo":{"@type":"ImageObject","inLanguage":"en-US","@id":"https:\/\/bymanet.com\/en\/#\/schema\/logo\/image\/","url":"https:\/\/bymanet.com\/wp-content\/uploads\/2023\/02\/LOGO_BY_MANET-ai.svg","contentUrl":"https:\/\/bymanet.com\/wp-content\/uploads\/2023\/02\/LOGO_BY_MANET-ai.svg","caption":"ByManet"},"image":{"@id":"https:\/\/bymanet.com\/en\/#\/schema\/logo\/image\/"}}]}},"_links":{"self":[{"href":"https:\/\/bymanet.com\/en\/wp-json\/wp\/v2\/product\/3158","targetHints":{"allow":["GET"]}}],"collection":[{"href":"https:\/\/bymanet.com\/en\/wp-json\/wp\/v2\/product"}],"about":[{"href":"https:\/\/bymanet.com\/en\/wp-json\/wp\/v2\/types\/product"}],"replies":[{"embeddable":true,"href":"https:\/\/bymanet.com\/en\/wp-json\/wp\/v2\/comments?post=3158"}],"version-history":[{"count":0,"href":"https:\/\/bymanet.com\/en\/wp-json\/wp\/v2\/product\/3158\/revisions"}],"wp:featuredmedia":[{"embeddable":true,"href":"https:\/\/bymanet.com\/en\/wp-json\/wp\/v2\/media\/3159"}],"wp:attachment":[{"href":"https:\/\/bymanet.com\/en\/wp-json\/wp\/v2\/media?parent=3158"}],"wp:term":[{"taxonomy":"product_brand","embeddable":true,"href":"https:\/\/bymanet.com\/en\/wp-json\/wp\/v2\/product_brand?post=3158"},{"taxonomy":"product_cat","embeddable":true,"href":"https:\/\/bymanet.com\/en\/wp-json\/wp\/v2\/product_cat?post=3158"},{"taxonomy":"product_tag","embeddable":true,"href":"https:\/\/bymanet.com\/en\/wp-json\/wp\/v2\/product_tag?post=3158"}],"curies":[{"name":"wp","href":"https:\/\/api.w.org\/{rel}","templated":true}]}}