{"id":3246,"date":"2021-10-14T19:41:21","date_gmt":"2021-10-14T17:41:21","guid":{"rendered":"https:\/\/bymanet-shop.fr\/?post_type=product&#038;p=3246"},"modified":"2024-05-21T09:54:25","modified_gmt":"2024-05-21T07:54:25","slug":"grand-bols-droit-ou-boites-en-gres-collection-palazzo","status":"publish","type":"product","link":"https:\/\/bymanet.com\/en\/produit\/grand-bols-droit-ou-boites-en-gres-collection-palazzo\/","title":{"rendered":"Bols droit en gr\u00e8s &#8211; Collection Palazzo"},"content":{"rendered":"<p>Cette collection de vaisselle est inspir\u00e9e par les couleurs de la ville de Venise et l\u2019ajourage de ses fa\u00e7ades en pierre dentel\u00e9e. Des formes rondes et douces aux couleurs pastels lumineuses.<\/p>\n<p>Tourn\u00e9e ou r\u00e9alis\u00e9 \u00e0 la plaque, chaque pi\u00e8ce \u00e0 son petit quelque chose d\u2019unique, son grain de terre et son \u00e9mail plus ou moins intense. Le gr\u00e8s vient de Belgique, sa couleur sable est laiss\u00e9e brut \u00e0 l\u2019ext\u00e9rieur pour un touch\u00e9 doux et chaleureux et la couleur des \u00e9maux, issues de recherches personnelles, expriment leurs nuances int\u00e9rieures.<\/p>\n<p>Le diam\u00e8tre des bol correspond \u00e0 celui des assiettes moyennes qui pourront faire office de couvercle pour retenir la chaleur, conserver les aliments au frigidaire ou transformer l\u2019objet en boite \u00e0 bijoux.<\/p>\n<p>Chaque pi\u00e8ce est disponible en 4 coloris. Les commandes sont les bienvenues s\u2019il n\u2019y a plus votre couleur favorite.<\/p>\n<p>&nbsp;<\/p>\n","protected":false},"excerpt":{"rendered":"<p>Collection capsule Palazzo inspir\u00e9es de la ville de Venise<\/p>\n<p>Deux tailles de bol id\u00e9ales pour s&#8217;adapter \u00e0 vos envies. Ils se transforment en bo\u00eete avec une assiette pour couvercle.<\/p>\n","protected":false},"featured_media":3261,"comment_status":"open","ping_status":"closed","template":"","meta":{"_acf_changed":false},"product_brand":[],"product_cat":[106,148],"product_tag":[90,56,100,98,121,102,119,120],"class_list":{"0":"post-3246","1":"product","2":"type-product","3":"status-publish","4":"has-post-thumbnail","6":"product_cat-arts-de-la-table","7":"product_cat-collection-palazzo","8":"product_tag-assiette","9":"product_tag-boite","10":"product_tag-bol","11":"product_tag-couleurs","12":"product_tag-ramequin","13":"product_tag-recipient","14":"product_tag-tasse","15":"product_tag-vaisselle","17":"first","18":"instock","19":"purchasable","20":"product-type-variable"},"acf":[],"yoast_head":"<!-- This site is optimized with the Yoast SEO plugin v26.0 - https:\/\/yoast.com\/wordpress\/plugins\/seo\/ -->\n<title>Bols droit en gr\u00e8s - Collection Palazzo - ByManet<\/title>\n<meta name=\"description\" content=\"Bol en gr\u00e8s clair faites \u00e0 la main. Inspir\u00e9es par la ville de Venise, chaque pi\u00e8ces la collection Palazzo est unique.\" \/>\n<meta name=\"robots\" content=\"index, follow, max-snippet:-1, max-image-preview:large, max-video-preview:-1\" \/>\n<link rel=\"canonical\" href=\"https:\/\/bymanet.com\/en\/produit\/grand-bols-droit-ou-boites-en-gres-collection-palazzo\/\" \/>\n<meta property=\"og:locale\" content=\"en_US\" \/>\n<meta property=\"og:type\" content=\"article\" \/>\n<meta property=\"og:title\" content=\"Bols droit en gr\u00e8s - Collection Palazzo - ByManet\" \/>\n<meta property=\"og:description\" content=\"Bol en gr\u00e8s clair faites \u00e0 la main. Inspir\u00e9es par la ville de Venise, chaque pi\u00e8ces la collection Palazzo est unique.\" \/>\n<meta property=\"og:url\" content=\"https:\/\/bymanet.com\/en\/produit\/grand-bols-droit-ou-boites-en-gres-collection-palazzo\/\" \/>\n<meta property=\"og:site_name\" content=\"ByManet\" \/>\n<meta property=\"article:modified_time\" content=\"2024-05-21T07:54:25+00:00\" \/>\n<meta property=\"og:image\" content=\"https:\/\/bymanet.com\/wp-content\/uploads\/2021\/10\/Grande-et-petite-boite-fermees-Vaiselle-palazzo-gres-clair-3-BD.jpg\" \/>\n\t<meta property=\"og:image:width\" content=\"1620\" \/>\n\t<meta property=\"og:image:height\" content=\"1080\" \/>\n\t<meta property=\"og:image:type\" content=\"image\/jpeg\" \/>\n<meta name=\"twitter:card\" content=\"summary_large_image\" \/>\n<script type=\"application\/ld+json\" class=\"yoast-schema-graph\">{\"@context\":\"https:\/\/schema.org\",\"@graph\":[{\"@type\":\"WebPage\",\"@id\":\"https:\/\/bymanet.com\/en\/produit\/grand-bols-droit-ou-boites-en-gres-collection-palazzo\/\",\"url\":\"https:\/\/bymanet.com\/en\/produit\/grand-bols-droit-ou-boites-en-gres-collection-palazzo\/\",\"name\":\"Bols droit en gr\u00e8s - Collection Palazzo - ByManet\",\"isPartOf\":{\"@id\":\"https:\/\/bymanet.com\/en\/#website\"},\"primaryImageOfPage\":{\"@id\":\"https:\/\/bymanet.com\/en\/produit\/grand-bols-droit-ou-boites-en-gres-collection-palazzo\/#primaryimage\"},\"image\":{\"@id\":\"https:\/\/bymanet.com\/en\/produit\/grand-bols-droit-ou-boites-en-gres-collection-palazzo\/#primaryimage\"},\"thumbnailUrl\":\"https:\/\/bymanet.com\/wp-content\/uploads\/2021\/10\/Grande-et-petite-boite-fermees-Vaiselle-palazzo-gres-clair-3-BD.jpg\",\"datePublished\":\"2021-10-14T17:41:21+00:00\",\"dateModified\":\"2024-05-21T07:54:25+00:00\",\"description\":\"Bol en gr\u00e8s clair faites \u00e0 la main. Inspir\u00e9es par la ville de Venise, chaque pi\u00e8ces la collection Palazzo est unique.\",\"breadcrumb\":{\"@id\":\"https:\/\/bymanet.com\/en\/produit\/grand-bols-droit-ou-boites-en-gres-collection-palazzo\/#breadcrumb\"},\"inLanguage\":\"en-US\",\"potentialAction\":[{\"@type\":\"ReadAction\",\"target\":[\"https:\/\/bymanet.com\/en\/produit\/grand-bols-droit-ou-boites-en-gres-collection-palazzo\/\"]}]},{\"@type\":\"ImageObject\",\"inLanguage\":\"en-US\",\"@id\":\"https:\/\/bymanet.com\/en\/produit\/grand-bols-droit-ou-boites-en-gres-collection-palazzo\/#primaryimage\",\"url\":\"https:\/\/bymanet.com\/wp-content\/uploads\/2021\/10\/Grande-et-petite-boite-fermees-Vaiselle-palazzo-gres-clair-3-BD.jpg\",\"contentUrl\":\"https:\/\/bymanet.com\/wp-content\/uploads\/2021\/10\/Grande-et-petite-boite-fermees-Vaiselle-palazzo-gres-clair-3-BD.jpg\",\"width\":1620,\"height\":1080},{\"@type\":\"BreadcrumbList\",\"@id\":\"https:\/\/bymanet.com\/en\/produit\/grand-bols-droit-ou-boites-en-gres-collection-palazzo\/#breadcrumb\",\"itemListElement\":[{\"@type\":\"ListItem\",\"position\":1,\"name\":\"Accueil\",\"item\":\"https:\/\/bymanet.com\/en\/\"},{\"@type\":\"ListItem\",\"position\":2,\"name\":\"Shop\",\"item\":\"https:\/\/bymanet.com\/shop\/?lang=en\"},{\"@type\":\"ListItem\",\"position\":3,\"name\":\"Tableware\",\"item\":\"https:\/\/bymanet.com\/en\/categorie-produit\/tableware\/\"},{\"@type\":\"ListItem\",\"position\":4,\"name\":\"Bols droit en gr\u00e8s &#8211; Collection Palazzo\"}]},{\"@type\":\"WebSite\",\"@id\":\"https:\/\/bymanet.com\/en\/#website\",\"url\":\"https:\/\/bymanet.com\/en\/\",\"name\":\"ByManet\",\"description\":\"Cr\u00e9ation de c\u00e9ramique et de bijoux design et contemporain \u00e0 Igny\",\"publisher\":{\"@id\":\"https:\/\/bymanet.com\/en\/#organization\"},\"potentialAction\":[{\"@type\":\"SearchAction\",\"target\":{\"@type\":\"EntryPoint\",\"urlTemplate\":\"https:\/\/bymanet.com\/en\/?s={search_term_string}\"},\"query-input\":{\"@type\":\"PropertyValueSpecification\",\"valueRequired\":true,\"valueName\":\"search_term_string\"}}],\"inLanguage\":\"en-US\"},{\"@type\":\"Organization\",\"@id\":\"https:\/\/bymanet.com\/en\/#organization\",\"name\":\"ByManet\",\"url\":\"https:\/\/bymanet.com\/en\/\",\"logo\":{\"@type\":\"ImageObject\",\"inLanguage\":\"en-US\",\"@id\":\"https:\/\/bymanet.com\/en\/#\/schema\/logo\/image\/\",\"url\":\"https:\/\/bymanet.com\/wp-content\/uploads\/2023\/02\/LOGO_BY_MANET-ai.svg\",\"contentUrl\":\"https:\/\/bymanet.com\/wp-content\/uploads\/2023\/02\/LOGO_BY_MANET-ai.svg\",\"caption\":\"ByManet\"},\"image\":{\"@id\":\"https:\/\/bymanet.com\/en\/#\/schema\/logo\/image\/\"}}]}<\/script>\n<!-- \/ Yoast SEO plugin. -->","yoast_head_json":{"title":"Bols droit en gr\u00e8s - Collection Palazzo - ByManet","description":"Bol en gr\u00e8s clair faites \u00e0 la main. Inspir\u00e9es par la ville de Venise, chaque pi\u00e8ces la collection Palazzo est unique.","robots":{"index":"index","follow":"follow","max-snippet":"max-snippet:-1","max-image-preview":"max-image-preview:large","max-video-preview":"max-video-preview:-1"},"canonical":"https:\/\/bymanet.com\/en\/produit\/grand-bols-droit-ou-boites-en-gres-collection-palazzo\/","og_locale":"en_US","og_type":"article","og_title":"Bols droit en gr\u00e8s - Collection Palazzo - ByManet","og_description":"Bol en gr\u00e8s clair faites \u00e0 la main. Inspir\u00e9es par la ville de Venise, chaque pi\u00e8ces la collection Palazzo est unique.","og_url":"https:\/\/bymanet.com\/en\/produit\/grand-bols-droit-ou-boites-en-gres-collection-palazzo\/","og_site_name":"ByManet","article_modified_time":"2024-05-21T07:54:25+00:00","og_image":[{"width":1620,"height":1080,"url":"https:\/\/bymanet.com\/wp-content\/uploads\/2021\/10\/Grande-et-petite-boite-fermees-Vaiselle-palazzo-gres-clair-3-BD.jpg","type":"image\/jpeg"}],"twitter_card":"summary_large_image","schema":{"@context":"https:\/\/schema.org","@graph":[{"@type":"WebPage","@id":"https:\/\/bymanet.com\/en\/produit\/grand-bols-droit-ou-boites-en-gres-collection-palazzo\/","url":"https:\/\/bymanet.com\/en\/produit\/grand-bols-droit-ou-boites-en-gres-collection-palazzo\/","name":"Bols droit en gr\u00e8s - Collection Palazzo - ByManet","isPartOf":{"@id":"https:\/\/bymanet.com\/en\/#website"},"primaryImageOfPage":{"@id":"https:\/\/bymanet.com\/en\/produit\/grand-bols-droit-ou-boites-en-gres-collection-palazzo\/#primaryimage"},"image":{"@id":"https:\/\/bymanet.com\/en\/produit\/grand-bols-droit-ou-boites-en-gres-collection-palazzo\/#primaryimage"},"thumbnailUrl":"https:\/\/bymanet.com\/wp-content\/uploads\/2021\/10\/Grande-et-petite-boite-fermees-Vaiselle-palazzo-gres-clair-3-BD.jpg","datePublished":"2021-10-14T17:41:21+00:00","dateModified":"2024-05-21T07:54:25+00:00","description":"Bol en gr\u00e8s clair faites \u00e0 la main. Inspir\u00e9es par la ville de Venise, chaque pi\u00e8ces la collection Palazzo est unique.","breadcrumb":{"@id":"https:\/\/bymanet.com\/en\/produit\/grand-bols-droit-ou-boites-en-gres-collection-palazzo\/#breadcrumb"},"inLanguage":"en-US","potentialAction":[{"@type":"ReadAction","target":["https:\/\/bymanet.com\/en\/produit\/grand-bols-droit-ou-boites-en-gres-collection-palazzo\/"]}]},{"@type":"ImageObject","inLanguage":"en-US","@id":"https:\/\/bymanet.com\/en\/produit\/grand-bols-droit-ou-boites-en-gres-collection-palazzo\/#primaryimage","url":"https:\/\/bymanet.com\/wp-content\/uploads\/2021\/10\/Grande-et-petite-boite-fermees-Vaiselle-palazzo-gres-clair-3-BD.jpg","contentUrl":"https:\/\/bymanet.com\/wp-content\/uploads\/2021\/10\/Grande-et-petite-boite-fermees-Vaiselle-palazzo-gres-clair-3-BD.jpg","width":1620,"height":1080},{"@type":"BreadcrumbList","@id":"https:\/\/bymanet.com\/en\/produit\/grand-bols-droit-ou-boites-en-gres-collection-palazzo\/#breadcrumb","itemListElement":[{"@type":"ListItem","position":1,"name":"Accueil","item":"https:\/\/bymanet.com\/en\/"},{"@type":"ListItem","position":2,"name":"Shop","item":"https:\/\/bymanet.com\/shop\/?lang=en"},{"@type":"ListItem","position":3,"name":"Tableware","item":"https:\/\/bymanet.com\/en\/categorie-produit\/tableware\/"},{"@type":"ListItem","position":4,"name":"Bols droit en gr\u00e8s &#8211; Collection Palazzo"}]},{"@type":"WebSite","@id":"https:\/\/bymanet.com\/en\/#website","url":"https:\/\/bymanet.com\/en\/","name":"ByManet","description":"Cr\u00e9ation de c\u00e9ramique et de bijoux design et contemporain \u00e0 Igny","publisher":{"@id":"https:\/\/bymanet.com\/en\/#organization"},"potentialAction":[{"@type":"SearchAction","target":{"@type":"EntryPoint","urlTemplate":"https:\/\/bymanet.com\/en\/?s={search_term_string}"},"query-input":{"@type":"PropertyValueSpecification","valueRequired":true,"valueName":"search_term_string"}}],"inLanguage":"en-US"},{"@type":"Organization","@id":"https:\/\/bymanet.com\/en\/#organization","name":"ByManet","url":"https:\/\/bymanet.com\/en\/","logo":{"@type":"ImageObject","inLanguage":"en-US","@id":"https:\/\/bymanet.com\/en\/#\/schema\/logo\/image\/","url":"https:\/\/bymanet.com\/wp-content\/uploads\/2023\/02\/LOGO_BY_MANET-ai.svg","contentUrl":"https:\/\/bymanet.com\/wp-content\/uploads\/2023\/02\/LOGO_BY_MANET-ai.svg","caption":"ByManet"},"image":{"@id":"https:\/\/bymanet.com\/en\/#\/schema\/logo\/image\/"}}]}},"_links":{"self":[{"href":"https:\/\/bymanet.com\/en\/wp-json\/wp\/v2\/product\/3246","targetHints":{"allow":["GET"]}}],"collection":[{"href":"https:\/\/bymanet.com\/en\/wp-json\/wp\/v2\/product"}],"about":[{"href":"https:\/\/bymanet.com\/en\/wp-json\/wp\/v2\/types\/product"}],"replies":[{"embeddable":true,"href":"https:\/\/bymanet.com\/en\/wp-json\/wp\/v2\/comments?post=3246"}],"version-history":[{"count":0,"href":"https:\/\/bymanet.com\/en\/wp-json\/wp\/v2\/product\/3246\/revisions"}],"wp:featuredmedia":[{"embeddable":true,"href":"https:\/\/bymanet.com\/en\/wp-json\/wp\/v2\/media\/3261"}],"wp:attachment":[{"href":"https:\/\/bymanet.com\/en\/wp-json\/wp\/v2\/media?parent=3246"}],"wp:term":[{"taxonomy":"product_brand","embeddable":true,"href":"https:\/\/bymanet.com\/en\/wp-json\/wp\/v2\/product_brand?post=3246"},{"taxonomy":"product_cat","embeddable":true,"href":"https:\/\/bymanet.com\/en\/wp-json\/wp\/v2\/product_cat?post=3246"},{"taxonomy":"product_tag","embeddable":true,"href":"https:\/\/bymanet.com\/en\/wp-json\/wp\/v2\/product_tag?post=3246"}],"curies":[{"name":"wp","href":"https:\/\/api.w.org\/{rel}","templated":true}]}}