{"id":3367,"date":"2021-10-20T20:11:32","date_gmt":"2021-10-20T18:11:32","guid":{"rendered":"https:\/\/bymanet-shop.fr\/?post_type=product&#038;p=3367"},"modified":"2024-05-21T09:54:22","modified_gmt":"2024-05-21T07:54:22","slug":"tasses-a-cafe-en-gres-collection-palazzo","status":"publish","type":"product","link":"https:\/\/bymanet.com\/en\/produit\/tasses-a-cafe-en-gres-collection-palazzo\/","title":{"rendered":"Tasses \u00e0 caf\u00e9 en gr\u00e8s &#8211; Collection Palazzo"},"content":{"rendered":"<p>Ces tasses \u00e0 caf\u00e9 sont tourn\u00e9es en gr\u00e8s, chaque pi\u00e8ce \u00e0 son petit quelque chose d\u2019unique, son grain de terre et son \u00e9mail plus ou moins intense. Le gr\u00e8s vient de Belgique, sa couleur sable est laiss\u00e9e brut \u00e0 l\u2019ext\u00e9rieur pour un touch\u00e9 doux et chaleureux et la couleur des \u00e9maux, issues de recherches personnelles, expriment leurs nuances int\u00e9rieures.<\/p>\n<p>Le diam\u00e8tre des tasses \u00e0 caf\u00e9 est plus petit que les mini assiettes qui pourront ainsi servir de coupelles. Elles peuvent \u00eatre command\u00e9es avec ou sans anse suivant votre convenance pour un confort tr\u00e8s personnel.<\/p>\n<p>Cette collection de vaisselle est inspir\u00e9e par les couleurs de la ville de Venise et l\u2019ajourage de ses fa\u00e7ades en pierre dentel\u00e9e. Des formes rondes et douces aux couleurs pastels lumineuses.<\/p>\n<p>&nbsp;<\/p>\n<p>Chaque pi\u00e8ce est disponible en 4 coloris. Les commandes sont les bienvenues s\u2019il n\u2019y a plus votre couleur favorite.<\/p>\n<p>&nbsp;<\/p>\n","protected":false},"excerpt":{"rendered":"<p>Collection capsule Palazzo inspir\u00e9es de la ville de Venise<\/p>\n<p>Des petites tasses pour le caf\u00e9 du matin ou avec le dessert.<\/p>\n<p>Il se peut \u00e9galement que votre choix ne soit plus disponible au moment de votre commande. Merci de votre compr\u00e9hension du mode de la cr\u00e9ation artisanale o\u00f9 il est tr\u00e8s fastidieux de g\u00e9rer des pi\u00e8ces uniques entre le monde r\u00e9el et virtuel \ud83d\ude42<\/p>\n","protected":false},"featured_media":3375,"comment_status":"open","ping_status":"closed","template":"","meta":{"_acf_changed":false},"product_brand":[],"product_cat":[106,148],"product_tag":[90,56,100,98,102,119,122,120],"class_list":{"0":"post-3367","1":"product","2":"type-product","3":"status-publish","4":"has-post-thumbnail","6":"product_cat-arts-de-la-table","7":"product_cat-collection-palazzo","8":"product_tag-assiette","9":"product_tag-boite","10":"product_tag-bol","11":"product_tag-couleurs","12":"product_tag-recipient","13":"product_tag-tasse","14":"product_tag-tasse-a-cafe","15":"product_tag-vaisselle","17":"first","18":"instock","19":"sale","20":"purchasable","21":"product-type-variable"},"acf":[],"yoast_head":"<!-- This site is optimized with the Yoast SEO plugin v26.0 - https:\/\/yoast.com\/wordpress\/plugins\/seo\/ -->\n<title>Tasses \u00e0 caf\u00e9 en gr\u00e8s - Collection Palazzo - ByManet<\/title>\n<meta name=\"description\" content=\"Petites tasses \u00e0 caf\u00e9 en gr\u00e8s faites \u00e0 la main. Inspir\u00e9es par la ville de Venise, chaque pi\u00e8ces de la collection Palazzo est unique.\" \/>\n<meta name=\"robots\" content=\"index, follow, max-snippet:-1, max-image-preview:large, max-video-preview:-1\" \/>\n<link rel=\"canonical\" href=\"https:\/\/bymanet.com\/en\/produit\/tasses-a-cafe-en-gres-collection-palazzo\/\" \/>\n<meta property=\"og:locale\" content=\"en_US\" \/>\n<meta property=\"og:type\" content=\"article\" \/>\n<meta property=\"og:title\" content=\"Tasses \u00e0 caf\u00e9 en gr\u00e8s - Collection Palazzo - ByManet\" \/>\n<meta property=\"og:description\" content=\"Petites tasses \u00e0 caf\u00e9 en gr\u00e8s faites \u00e0 la main. Inspir\u00e9es par la ville de Venise, chaque pi\u00e8ces de la collection Palazzo est unique.\" \/>\n<meta property=\"og:url\" content=\"https:\/\/bymanet.com\/en\/produit\/tasses-a-cafe-en-gres-collection-palazzo\/\" \/>\n<meta property=\"og:site_name\" content=\"ByManet\" \/>\n<meta property=\"article:modified_time\" content=\"2024-05-21T07:54:22+00:00\" \/>\n<meta property=\"og:image\" content=\"https:\/\/bymanet.com\/wp-content\/uploads\/2021\/10\/Tasse-cafe-et-coupelle-bleue-Vaisselle-Palazzo-2-BD.jpg\" \/>\n\t<meta property=\"og:image:width\" content=\"1620\" \/>\n\t<meta property=\"og:image:height\" content=\"1080\" \/>\n\t<meta property=\"og:image:type\" content=\"image\/jpeg\" \/>\n<meta name=\"twitter:card\" content=\"summary_large_image\" \/>\n<script type=\"application\/ld+json\" class=\"yoast-schema-graph\">{\"@context\":\"https:\/\/schema.org\",\"@graph\":[{\"@type\":\"WebPage\",\"@id\":\"https:\/\/bymanet.com\/en\/produit\/tasses-a-cafe-en-gres-collection-palazzo\/\",\"url\":\"https:\/\/bymanet.com\/en\/produit\/tasses-a-cafe-en-gres-collection-palazzo\/\",\"name\":\"Tasses \u00e0 caf\u00e9 en gr\u00e8s - Collection Palazzo - ByManet\",\"isPartOf\":{\"@id\":\"https:\/\/bymanet.com\/en\/#website\"},\"primaryImageOfPage\":{\"@id\":\"https:\/\/bymanet.com\/en\/produit\/tasses-a-cafe-en-gres-collection-palazzo\/#primaryimage\"},\"image\":{\"@id\":\"https:\/\/bymanet.com\/en\/produit\/tasses-a-cafe-en-gres-collection-palazzo\/#primaryimage\"},\"thumbnailUrl\":\"https:\/\/bymanet.com\/wp-content\/uploads\/2021\/10\/Tasse-cafe-et-coupelle-bleue-Vaisselle-Palazzo-2-BD.jpg\",\"datePublished\":\"2021-10-20T18:11:32+00:00\",\"dateModified\":\"2024-05-21T07:54:22+00:00\",\"description\":\"Petites tasses \u00e0 caf\u00e9 en gr\u00e8s faites \u00e0 la main. Inspir\u00e9es par la ville de Venise, chaque pi\u00e8ces de la collection Palazzo est unique.\",\"breadcrumb\":{\"@id\":\"https:\/\/bymanet.com\/en\/produit\/tasses-a-cafe-en-gres-collection-palazzo\/#breadcrumb\"},\"inLanguage\":\"en-US\",\"potentialAction\":[{\"@type\":\"ReadAction\",\"target\":[\"https:\/\/bymanet.com\/en\/produit\/tasses-a-cafe-en-gres-collection-palazzo\/\"]}]},{\"@type\":\"ImageObject\",\"inLanguage\":\"en-US\",\"@id\":\"https:\/\/bymanet.com\/en\/produit\/tasses-a-cafe-en-gres-collection-palazzo\/#primaryimage\",\"url\":\"https:\/\/bymanet.com\/wp-content\/uploads\/2021\/10\/Tasse-cafe-et-coupelle-bleue-Vaisselle-Palazzo-2-BD.jpg\",\"contentUrl\":\"https:\/\/bymanet.com\/wp-content\/uploads\/2021\/10\/Tasse-cafe-et-coupelle-bleue-Vaisselle-Palazzo-2-BD.jpg\",\"width\":1620,\"height\":1080},{\"@type\":\"BreadcrumbList\",\"@id\":\"https:\/\/bymanet.com\/en\/produit\/tasses-a-cafe-en-gres-collection-palazzo\/#breadcrumb\",\"itemListElement\":[{\"@type\":\"ListItem\",\"position\":1,\"name\":\"Accueil\",\"item\":\"https:\/\/bymanet.com\/en\/\"},{\"@type\":\"ListItem\",\"position\":2,\"name\":\"Shop\",\"item\":\"https:\/\/bymanet.com\/shop\/?lang=en\"},{\"@type\":\"ListItem\",\"position\":3,\"name\":\"Tableware\",\"item\":\"https:\/\/bymanet.com\/en\/categorie-produit\/tableware\/\"},{\"@type\":\"ListItem\",\"position\":4,\"name\":\"Tasses \u00e0 caf\u00e9 en gr\u00e8s &#8211; Collection Palazzo\"}]},{\"@type\":\"WebSite\",\"@id\":\"https:\/\/bymanet.com\/en\/#website\",\"url\":\"https:\/\/bymanet.com\/en\/\",\"name\":\"ByManet\",\"description\":\"Cr\u00e9ation de c\u00e9ramique et de bijoux design et contemporain \u00e0 Igny\",\"publisher\":{\"@id\":\"https:\/\/bymanet.com\/en\/#organization\"},\"potentialAction\":[{\"@type\":\"SearchAction\",\"target\":{\"@type\":\"EntryPoint\",\"urlTemplate\":\"https:\/\/bymanet.com\/en\/?s={search_term_string}\"},\"query-input\":{\"@type\":\"PropertyValueSpecification\",\"valueRequired\":true,\"valueName\":\"search_term_string\"}}],\"inLanguage\":\"en-US\"},{\"@type\":\"Organization\",\"@id\":\"https:\/\/bymanet.com\/en\/#organization\",\"name\":\"ByManet\",\"url\":\"https:\/\/bymanet.com\/en\/\",\"logo\":{\"@type\":\"ImageObject\",\"inLanguage\":\"en-US\",\"@id\":\"https:\/\/bymanet.com\/en\/#\/schema\/logo\/image\/\",\"url\":\"https:\/\/bymanet.com\/wp-content\/uploads\/2023\/02\/LOGO_BY_MANET-ai.svg\",\"contentUrl\":\"https:\/\/bymanet.com\/wp-content\/uploads\/2023\/02\/LOGO_BY_MANET-ai.svg\",\"caption\":\"ByManet\"},\"image\":{\"@id\":\"https:\/\/bymanet.com\/en\/#\/schema\/logo\/image\/\"}}]}<\/script>\n<!-- \/ Yoast SEO plugin. -->","yoast_head_json":{"title":"Tasses \u00e0 caf\u00e9 en gr\u00e8s - Collection Palazzo - ByManet","description":"Petites tasses \u00e0 caf\u00e9 en gr\u00e8s faites \u00e0 la main. Inspir\u00e9es par la ville de Venise, chaque pi\u00e8ces de la collection Palazzo est unique.","robots":{"index":"index","follow":"follow","max-snippet":"max-snippet:-1","max-image-preview":"max-image-preview:large","max-video-preview":"max-video-preview:-1"},"canonical":"https:\/\/bymanet.com\/en\/produit\/tasses-a-cafe-en-gres-collection-palazzo\/","og_locale":"en_US","og_type":"article","og_title":"Tasses \u00e0 caf\u00e9 en gr\u00e8s - Collection Palazzo - ByManet","og_description":"Petites tasses \u00e0 caf\u00e9 en gr\u00e8s faites \u00e0 la main. Inspir\u00e9es par la ville de Venise, chaque pi\u00e8ces de la collection Palazzo est unique.","og_url":"https:\/\/bymanet.com\/en\/produit\/tasses-a-cafe-en-gres-collection-palazzo\/","og_site_name":"ByManet","article_modified_time":"2024-05-21T07:54:22+00:00","og_image":[{"width":1620,"height":1080,"url":"https:\/\/bymanet.com\/wp-content\/uploads\/2021\/10\/Tasse-cafe-et-coupelle-bleue-Vaisselle-Palazzo-2-BD.jpg","type":"image\/jpeg"}],"twitter_card":"summary_large_image","schema":{"@context":"https:\/\/schema.org","@graph":[{"@type":"WebPage","@id":"https:\/\/bymanet.com\/en\/produit\/tasses-a-cafe-en-gres-collection-palazzo\/","url":"https:\/\/bymanet.com\/en\/produit\/tasses-a-cafe-en-gres-collection-palazzo\/","name":"Tasses \u00e0 caf\u00e9 en gr\u00e8s - Collection Palazzo - ByManet","isPartOf":{"@id":"https:\/\/bymanet.com\/en\/#website"},"primaryImageOfPage":{"@id":"https:\/\/bymanet.com\/en\/produit\/tasses-a-cafe-en-gres-collection-palazzo\/#primaryimage"},"image":{"@id":"https:\/\/bymanet.com\/en\/produit\/tasses-a-cafe-en-gres-collection-palazzo\/#primaryimage"},"thumbnailUrl":"https:\/\/bymanet.com\/wp-content\/uploads\/2021\/10\/Tasse-cafe-et-coupelle-bleue-Vaisselle-Palazzo-2-BD.jpg","datePublished":"2021-10-20T18:11:32+00:00","dateModified":"2024-05-21T07:54:22+00:00","description":"Petites tasses \u00e0 caf\u00e9 en gr\u00e8s faites \u00e0 la main. Inspir\u00e9es par la ville de Venise, chaque pi\u00e8ces de la collection Palazzo est unique.","breadcrumb":{"@id":"https:\/\/bymanet.com\/en\/produit\/tasses-a-cafe-en-gres-collection-palazzo\/#breadcrumb"},"inLanguage":"en-US","potentialAction":[{"@type":"ReadAction","target":["https:\/\/bymanet.com\/en\/produit\/tasses-a-cafe-en-gres-collection-palazzo\/"]}]},{"@type":"ImageObject","inLanguage":"en-US","@id":"https:\/\/bymanet.com\/en\/produit\/tasses-a-cafe-en-gres-collection-palazzo\/#primaryimage","url":"https:\/\/bymanet.com\/wp-content\/uploads\/2021\/10\/Tasse-cafe-et-coupelle-bleue-Vaisselle-Palazzo-2-BD.jpg","contentUrl":"https:\/\/bymanet.com\/wp-content\/uploads\/2021\/10\/Tasse-cafe-et-coupelle-bleue-Vaisselle-Palazzo-2-BD.jpg","width":1620,"height":1080},{"@type":"BreadcrumbList","@id":"https:\/\/bymanet.com\/en\/produit\/tasses-a-cafe-en-gres-collection-palazzo\/#breadcrumb","itemListElement":[{"@type":"ListItem","position":1,"name":"Accueil","item":"https:\/\/bymanet.com\/en\/"},{"@type":"ListItem","position":2,"name":"Shop","item":"https:\/\/bymanet.com\/shop\/?lang=en"},{"@type":"ListItem","position":3,"name":"Tableware","item":"https:\/\/bymanet.com\/en\/categorie-produit\/tableware\/"},{"@type":"ListItem","position":4,"name":"Tasses \u00e0 caf\u00e9 en gr\u00e8s &#8211; Collection Palazzo"}]},{"@type":"WebSite","@id":"https:\/\/bymanet.com\/en\/#website","url":"https:\/\/bymanet.com\/en\/","name":"ByManet","description":"Cr\u00e9ation de c\u00e9ramique et de bijoux design et contemporain \u00e0 Igny","publisher":{"@id":"https:\/\/bymanet.com\/en\/#organization"},"potentialAction":[{"@type":"SearchAction","target":{"@type":"EntryPoint","urlTemplate":"https:\/\/bymanet.com\/en\/?s={search_term_string}"},"query-input":{"@type":"PropertyValueSpecification","valueRequired":true,"valueName":"search_term_string"}}],"inLanguage":"en-US"},{"@type":"Organization","@id":"https:\/\/bymanet.com\/en\/#organization","name":"ByManet","url":"https:\/\/bymanet.com\/en\/","logo":{"@type":"ImageObject","inLanguage":"en-US","@id":"https:\/\/bymanet.com\/en\/#\/schema\/logo\/image\/","url":"https:\/\/bymanet.com\/wp-content\/uploads\/2023\/02\/LOGO_BY_MANET-ai.svg","contentUrl":"https:\/\/bymanet.com\/wp-content\/uploads\/2023\/02\/LOGO_BY_MANET-ai.svg","caption":"ByManet"},"image":{"@id":"https:\/\/bymanet.com\/en\/#\/schema\/logo\/image\/"}}]}},"_links":{"self":[{"href":"https:\/\/bymanet.com\/en\/wp-json\/wp\/v2\/product\/3367","targetHints":{"allow":["GET"]}}],"collection":[{"href":"https:\/\/bymanet.com\/en\/wp-json\/wp\/v2\/product"}],"about":[{"href":"https:\/\/bymanet.com\/en\/wp-json\/wp\/v2\/types\/product"}],"replies":[{"embeddable":true,"href":"https:\/\/bymanet.com\/en\/wp-json\/wp\/v2\/comments?post=3367"}],"version-history":[{"count":0,"href":"https:\/\/bymanet.com\/en\/wp-json\/wp\/v2\/product\/3367\/revisions"}],"wp:featuredmedia":[{"embeddable":true,"href":"https:\/\/bymanet.com\/en\/wp-json\/wp\/v2\/media\/3375"}],"wp:attachment":[{"href":"https:\/\/bymanet.com\/en\/wp-json\/wp\/v2\/media?parent=3367"}],"wp:term":[{"taxonomy":"product_brand","embeddable":true,"href":"https:\/\/bymanet.com\/en\/wp-json\/wp\/v2\/product_brand?post=3367"},{"taxonomy":"product_cat","embeddable":true,"href":"https:\/\/bymanet.com\/en\/wp-json\/wp\/v2\/product_cat?post=3367"},{"taxonomy":"product_tag","embeddable":true,"href":"https:\/\/bymanet.com\/en\/wp-json\/wp\/v2\/product_tag?post=3367"}],"curies":[{"name":"wp","href":"https:\/\/api.w.org\/{rel}","templated":true}]}}