{"id":3733,"date":"2023-01-06T19:19:53","date_gmt":"2023-01-06T18:19:53","guid":{"rendered":"https:\/\/bymanet-shop.fr\/?post_type=product&#038;p=3733"},"modified":"2024-05-21T09:54:22","modified_gmt":"2024-05-21T07:54:22","slug":"assiette-en-porcelaine-avec-poisson-carpe-en-relief","status":"publish","type":"product","link":"https:\/\/bymanet.com\/en\/produit\/assiette-en-porcelaine-avec-poisson-carpe-en-relief\/","title":{"rendered":"Assiette en porcelaine avec poisson en relief"},"content":{"rendered":"<p>Cette collection de vaisselle est inspir\u00e9e de la collection Lac, des sculptures uniques en forme de plats dans lesquels nagent des poissons carpes noy\u00e9 dans un \u00e9mail vitreux.<br \/>\nDans cette version alimentaire, le relief des poissons et l&#8217;\u00e9paisseur de l&#8217;\u00e9mail sont r\u00e9duit pour les ramener dans un contexte utilitaire.<\/p>\n<p>R\u00e9alis\u00e9s en moulage, il existe 3 mod\u00e8les de poissons qui viennent en surimpression apporter un l\u00e9ger relief. 2 teintes de vert d&#8217;eau cr\u00e9ent des nuances uniques dans chaque assiette suivant la diff\u00e9rence d&#8217;\u00e9paisseur de l&#8217;\u00e9mail.<\/p>\n<p>L&#8217;\u00e9mail r\u00e9sulte d&#8217;une recette personnel.<\/p>\n","protected":false},"excerpt":{"rendered":"<p>Assiette en porcelaine moul\u00e9e, avec poisson en relief. 2 couleurs d&#8217;\u00e9mail vert d&#8217;eau.<\/p>\n<p>N&#8217;h\u00e9sitez pas \u00e0 passer commande s&#8217;il n&#8217;y \u00e0 pas de stock ! Je vous contacterai ensuite pour vous transmettre le d\u00e9lai de fabrication \ud83d\ude42<\/p>\n<p>&nbsp;<\/p>\n<p>&nbsp;<\/p>\n","protected":false},"featured_media":3742,"comment_status":"open","ping_status":"closed","template":"","meta":{"_acf_changed":false},"product_brand":[],"product_cat":[106,84],"product_tag":[],"class_list":{"0":"post-3733","1":"product","2":"type-product","3":"status-publish","4":"has-post-thumbnail","6":"product_cat-arts-de-la-table","7":"product_cat-collection-lac","9":"first","10":"instock","11":"shipping-taxable","12":"purchasable","13":"product-type-variable"},"acf":[],"yoast_head":"<!-- This site is optimized with the Yoast SEO plugin v26.0 - https:\/\/yoast.com\/wordpress\/plugins\/seo\/ -->\n<title>Assiette en porcelaine avec poisson en relief - ByManet<\/title>\n<meta name=\"description\" content=\"Assiette en porcelaine coul\u00e9e avec un poisson carpe en l\u00e9ger relief. Fabriqu\u00e9e \u00e0 la main, l&#039;\u00e9mail vert d&#039;eau fait de chaque assiette une pi\u00e8ce unique.\" \/>\n<meta name=\"robots\" content=\"index, follow, max-snippet:-1, max-image-preview:large, max-video-preview:-1\" \/>\n<link rel=\"canonical\" href=\"https:\/\/bymanet.com\/en\/produit\/assiette-en-porcelaine-avec-poisson-carpe-en-relief\/\" \/>\n<meta property=\"og:locale\" content=\"en_US\" \/>\n<meta property=\"og:type\" content=\"article\" \/>\n<meta property=\"og:title\" content=\"Assiette en porcelaine avec poisson en relief - ByManet\" \/>\n<meta property=\"og:description\" content=\"Assiette en porcelaine coul\u00e9e avec un poisson carpe en l\u00e9ger relief. Fabriqu\u00e9e \u00e0 la main, l&#039;\u00e9mail vert d&#039;eau fait de chaque assiette une pi\u00e8ce unique.\" \/>\n<meta property=\"og:url\" content=\"https:\/\/bymanet.com\/en\/produit\/assiette-en-porcelaine-avec-poisson-carpe-en-relief\/\" \/>\n<meta property=\"og:site_name\" content=\"ByManet\" \/>\n<meta property=\"article:modified_time\" content=\"2024-05-21T07:54:22+00:00\" \/>\n<meta property=\"og:image\" content=\"https:\/\/bymanet.com\/wp-content\/uploads\/2023\/01\/Vaisselle-carpes-grandes-assiettes-\u00a9Manuel-Dos-Reis-3-Grand.jpg\" \/>\n\t<meta property=\"og:image:width\" content=\"719\" \/>\n\t<meta property=\"og:image:height\" content=\"1080\" \/>\n\t<meta property=\"og:image:type\" content=\"image\/jpeg\" \/>\n<meta name=\"twitter:card\" content=\"summary_large_image\" \/>\n<script type=\"application\/ld+json\" class=\"yoast-schema-graph\">{\"@context\":\"https:\/\/schema.org\",\"@graph\":[{\"@type\":\"WebPage\",\"@id\":\"https:\/\/bymanet.com\/en\/produit\/assiette-en-porcelaine-avec-poisson-carpe-en-relief\/\",\"url\":\"https:\/\/bymanet.com\/en\/produit\/assiette-en-porcelaine-avec-poisson-carpe-en-relief\/\",\"name\":\"Assiette en porcelaine avec poisson en relief - ByManet\",\"isPartOf\":{\"@id\":\"https:\/\/bymanet.com\/en\/#website\"},\"primaryImageOfPage\":{\"@id\":\"https:\/\/bymanet.com\/en\/produit\/assiette-en-porcelaine-avec-poisson-carpe-en-relief\/#primaryimage\"},\"image\":{\"@id\":\"https:\/\/bymanet.com\/en\/produit\/assiette-en-porcelaine-avec-poisson-carpe-en-relief\/#primaryimage\"},\"thumbnailUrl\":\"https:\/\/bymanet.com\/wp-content\/uploads\/2023\/01\/Vaisselle-carpes-grandes-assiettes-\u00a9Manuel-Dos-Reis-3-Grand.jpg\",\"datePublished\":\"2023-01-06T18:19:53+00:00\",\"dateModified\":\"2024-05-21T07:54:22+00:00\",\"description\":\"Assiette en porcelaine coul\u00e9e avec un poisson carpe en l\u00e9ger relief. Fabriqu\u00e9e \u00e0 la main, l'\u00e9mail vert d'eau fait de chaque assiette une pi\u00e8ce unique.\",\"breadcrumb\":{\"@id\":\"https:\/\/bymanet.com\/en\/produit\/assiette-en-porcelaine-avec-poisson-carpe-en-relief\/#breadcrumb\"},\"inLanguage\":\"en-US\",\"potentialAction\":[{\"@type\":\"ReadAction\",\"target\":[\"https:\/\/bymanet.com\/en\/produit\/assiette-en-porcelaine-avec-poisson-carpe-en-relief\/\"]}]},{\"@type\":\"ImageObject\",\"inLanguage\":\"en-US\",\"@id\":\"https:\/\/bymanet.com\/en\/produit\/assiette-en-porcelaine-avec-poisson-carpe-en-relief\/#primaryimage\",\"url\":\"https:\/\/bymanet.com\/wp-content\/uploads\/2023\/01\/Vaisselle-carpes-grandes-assiettes-\u00a9Manuel-Dos-Reis-3-Grand.jpg\",\"contentUrl\":\"https:\/\/bymanet.com\/wp-content\/uploads\/2023\/01\/Vaisselle-carpes-grandes-assiettes-\u00a9Manuel-Dos-Reis-3-Grand.jpg\",\"width\":719,\"height\":1080,\"caption\":\"Assiettes en porcelaine de couleur vert d'eau avec poisson en relief\"},{\"@type\":\"BreadcrumbList\",\"@id\":\"https:\/\/bymanet.com\/en\/produit\/assiette-en-porcelaine-avec-poisson-carpe-en-relief\/#breadcrumb\",\"itemListElement\":[{\"@type\":\"ListItem\",\"position\":1,\"name\":\"Accueil\",\"item\":\"https:\/\/bymanet.com\/en\/\"},{\"@type\":\"ListItem\",\"position\":2,\"name\":\"Shop\",\"item\":\"https:\/\/bymanet.com\/shop\/?lang=en\"},{\"@type\":\"ListItem\",\"position\":3,\"name\":\"Tableware\",\"item\":\"https:\/\/bymanet.com\/en\/categorie-produit\/tableware\/\"},{\"@type\":\"ListItem\",\"position\":4,\"name\":\"Assiette en porcelaine avec poisson en relief\"}]},{\"@type\":\"WebSite\",\"@id\":\"https:\/\/bymanet.com\/en\/#website\",\"url\":\"https:\/\/bymanet.com\/en\/\",\"name\":\"ByManet\",\"description\":\"Cr\u00e9ation de c\u00e9ramique et de bijoux design et contemporain \u00e0 Igny\",\"publisher\":{\"@id\":\"https:\/\/bymanet.com\/en\/#organization\"},\"potentialAction\":[{\"@type\":\"SearchAction\",\"target\":{\"@type\":\"EntryPoint\",\"urlTemplate\":\"https:\/\/bymanet.com\/en\/?s={search_term_string}\"},\"query-input\":{\"@type\":\"PropertyValueSpecification\",\"valueRequired\":true,\"valueName\":\"search_term_string\"}}],\"inLanguage\":\"en-US\"},{\"@type\":\"Organization\",\"@id\":\"https:\/\/bymanet.com\/en\/#organization\",\"name\":\"ByManet\",\"url\":\"https:\/\/bymanet.com\/en\/\",\"logo\":{\"@type\":\"ImageObject\",\"inLanguage\":\"en-US\",\"@id\":\"https:\/\/bymanet.com\/en\/#\/schema\/logo\/image\/\",\"url\":\"https:\/\/bymanet.com\/wp-content\/uploads\/2023\/02\/LOGO_BY_MANET-ai.svg\",\"contentUrl\":\"https:\/\/bymanet.com\/wp-content\/uploads\/2023\/02\/LOGO_BY_MANET-ai.svg\",\"caption\":\"ByManet\"},\"image\":{\"@id\":\"https:\/\/bymanet.com\/en\/#\/schema\/logo\/image\/\"}}]}<\/script>\n<!-- \/ Yoast SEO plugin. -->","yoast_head_json":{"title":"Assiette en porcelaine avec poisson en relief - ByManet","description":"Assiette en porcelaine coul\u00e9e avec un poisson carpe en l\u00e9ger relief. Fabriqu\u00e9e \u00e0 la main, l'\u00e9mail vert d'eau fait de chaque assiette une pi\u00e8ce unique.","robots":{"index":"index","follow":"follow","max-snippet":"max-snippet:-1","max-image-preview":"max-image-preview:large","max-video-preview":"max-video-preview:-1"},"canonical":"https:\/\/bymanet.com\/en\/produit\/assiette-en-porcelaine-avec-poisson-carpe-en-relief\/","og_locale":"en_US","og_type":"article","og_title":"Assiette en porcelaine avec poisson en relief - ByManet","og_description":"Assiette en porcelaine coul\u00e9e avec un poisson carpe en l\u00e9ger relief. Fabriqu\u00e9e \u00e0 la main, l'\u00e9mail vert d'eau fait de chaque assiette une pi\u00e8ce unique.","og_url":"https:\/\/bymanet.com\/en\/produit\/assiette-en-porcelaine-avec-poisson-carpe-en-relief\/","og_site_name":"ByManet","article_modified_time":"2024-05-21T07:54:22+00:00","og_image":[{"width":719,"height":1080,"url":"https:\/\/bymanet.com\/wp-content\/uploads\/2023\/01\/Vaisselle-carpes-grandes-assiettes-\u00a9Manuel-Dos-Reis-3-Grand.jpg","type":"image\/jpeg"}],"twitter_card":"summary_large_image","schema":{"@context":"https:\/\/schema.org","@graph":[{"@type":"WebPage","@id":"https:\/\/bymanet.com\/en\/produit\/assiette-en-porcelaine-avec-poisson-carpe-en-relief\/","url":"https:\/\/bymanet.com\/en\/produit\/assiette-en-porcelaine-avec-poisson-carpe-en-relief\/","name":"Assiette en porcelaine avec poisson en relief - ByManet","isPartOf":{"@id":"https:\/\/bymanet.com\/en\/#website"},"primaryImageOfPage":{"@id":"https:\/\/bymanet.com\/en\/produit\/assiette-en-porcelaine-avec-poisson-carpe-en-relief\/#primaryimage"},"image":{"@id":"https:\/\/bymanet.com\/en\/produit\/assiette-en-porcelaine-avec-poisson-carpe-en-relief\/#primaryimage"},"thumbnailUrl":"https:\/\/bymanet.com\/wp-content\/uploads\/2023\/01\/Vaisselle-carpes-grandes-assiettes-\u00a9Manuel-Dos-Reis-3-Grand.jpg","datePublished":"2023-01-06T18:19:53+00:00","dateModified":"2024-05-21T07:54:22+00:00","description":"Assiette en porcelaine coul\u00e9e avec un poisson carpe en l\u00e9ger relief. Fabriqu\u00e9e \u00e0 la main, l'\u00e9mail vert d'eau fait de chaque assiette une pi\u00e8ce unique.","breadcrumb":{"@id":"https:\/\/bymanet.com\/en\/produit\/assiette-en-porcelaine-avec-poisson-carpe-en-relief\/#breadcrumb"},"inLanguage":"en-US","potentialAction":[{"@type":"ReadAction","target":["https:\/\/bymanet.com\/en\/produit\/assiette-en-porcelaine-avec-poisson-carpe-en-relief\/"]}]},{"@type":"ImageObject","inLanguage":"en-US","@id":"https:\/\/bymanet.com\/en\/produit\/assiette-en-porcelaine-avec-poisson-carpe-en-relief\/#primaryimage","url":"https:\/\/bymanet.com\/wp-content\/uploads\/2023\/01\/Vaisselle-carpes-grandes-assiettes-\u00a9Manuel-Dos-Reis-3-Grand.jpg","contentUrl":"https:\/\/bymanet.com\/wp-content\/uploads\/2023\/01\/Vaisselle-carpes-grandes-assiettes-\u00a9Manuel-Dos-Reis-3-Grand.jpg","width":719,"height":1080,"caption":"Assiettes en porcelaine de couleur vert d'eau avec poisson en relief"},{"@type":"BreadcrumbList","@id":"https:\/\/bymanet.com\/en\/produit\/assiette-en-porcelaine-avec-poisson-carpe-en-relief\/#breadcrumb","itemListElement":[{"@type":"ListItem","position":1,"name":"Accueil","item":"https:\/\/bymanet.com\/en\/"},{"@type":"ListItem","position":2,"name":"Shop","item":"https:\/\/bymanet.com\/shop\/?lang=en"},{"@type":"ListItem","position":3,"name":"Tableware","item":"https:\/\/bymanet.com\/en\/categorie-produit\/tableware\/"},{"@type":"ListItem","position":4,"name":"Assiette en porcelaine avec poisson en relief"}]},{"@type":"WebSite","@id":"https:\/\/bymanet.com\/en\/#website","url":"https:\/\/bymanet.com\/en\/","name":"ByManet","description":"Cr\u00e9ation de c\u00e9ramique et de bijoux design et contemporain \u00e0 Igny","publisher":{"@id":"https:\/\/bymanet.com\/en\/#organization"},"potentialAction":[{"@type":"SearchAction","target":{"@type":"EntryPoint","urlTemplate":"https:\/\/bymanet.com\/en\/?s={search_term_string}"},"query-input":{"@type":"PropertyValueSpecification","valueRequired":true,"valueName":"search_term_string"}}],"inLanguage":"en-US"},{"@type":"Organization","@id":"https:\/\/bymanet.com\/en\/#organization","name":"ByManet","url":"https:\/\/bymanet.com\/en\/","logo":{"@type":"ImageObject","inLanguage":"en-US","@id":"https:\/\/bymanet.com\/en\/#\/schema\/logo\/image\/","url":"https:\/\/bymanet.com\/wp-content\/uploads\/2023\/02\/LOGO_BY_MANET-ai.svg","contentUrl":"https:\/\/bymanet.com\/wp-content\/uploads\/2023\/02\/LOGO_BY_MANET-ai.svg","caption":"ByManet"},"image":{"@id":"https:\/\/bymanet.com\/en\/#\/schema\/logo\/image\/"}}]}},"_links":{"self":[{"href":"https:\/\/bymanet.com\/en\/wp-json\/wp\/v2\/product\/3733","targetHints":{"allow":["GET"]}}],"collection":[{"href":"https:\/\/bymanet.com\/en\/wp-json\/wp\/v2\/product"}],"about":[{"href":"https:\/\/bymanet.com\/en\/wp-json\/wp\/v2\/types\/product"}],"replies":[{"embeddable":true,"href":"https:\/\/bymanet.com\/en\/wp-json\/wp\/v2\/comments?post=3733"}],"version-history":[{"count":0,"href":"https:\/\/bymanet.com\/en\/wp-json\/wp\/v2\/product\/3733\/revisions"}],"wp:featuredmedia":[{"embeddable":true,"href":"https:\/\/bymanet.com\/en\/wp-json\/wp\/v2\/media\/3742"}],"wp:attachment":[{"href":"https:\/\/bymanet.com\/en\/wp-json\/wp\/v2\/media?parent=3733"}],"wp:term":[{"taxonomy":"product_brand","embeddable":true,"href":"https:\/\/bymanet.com\/en\/wp-json\/wp\/v2\/product_brand?post=3733"},{"taxonomy":"product_cat","embeddable":true,"href":"https:\/\/bymanet.com\/en\/wp-json\/wp\/v2\/product_cat?post=3733"},{"taxonomy":"product_tag","embeddable":true,"href":"https:\/\/bymanet.com\/en\/wp-json\/wp\/v2\/product_tag?post=3733"}],"curies":[{"name":"wp","href":"https:\/\/api.w.org\/{rel}","templated":true}]}}