{"id":3751,"date":"2023-01-06T20:52:57","date_gmt":"2023-01-06T19:52:57","guid":{"rendered":"https:\/\/bymanet-shop.fr\/?post_type=product&#038;p=3751"},"modified":"2024-05-21T09:54:22","modified_gmt":"2024-05-21T07:54:22","slug":"assiette-creuse-bol-saladier-en-porcelaine-motif-poisson","status":"publish","type":"product","link":"https:\/\/bymanet.com\/en\/produit\/assiette-creuse-bol-saladier-en-porcelaine-motif-poisson\/","title":{"rendered":"Bol, assiette creuse et saladier en porcelaine avec poisson"},"content":{"rendered":"<p>Cette collection de vaisselle est inspir\u00e9e de la collection Lac. Dans cette version alimentaire, le relief des poissons et l&#8217;\u00e9paisseur de l&#8217;\u00e9mail sont r\u00e9duit pour les ramener dans un contexte utilitaire.\u00a0 Les sculptures uniques sont en forme de plats et tourn\u00e9es en porcelaine. Au fond, des poissons en bas reliefs grav\u00e9s \u00e0 la mains semblent nager dans un \u00e9mail vitreux translucide.<\/p>\n<p>R\u00e9alis\u00e9s en moulage, il existe 3 mod\u00e8les de poissons qui viennent en surimpression apporter un l\u00e9ger relief. Deux teintes de vert d&#8217;eau cr\u00e9ent des nuances uniques dans chaque assiette suivant la diff\u00e9rence d&#8217;\u00e9paisseur de l&#8217;\u00e9mail.<\/p>\n<p>L&#8217;\u00e9mail est le fruit d&#8217;une recherche personnelle.<\/p>\n","protected":false},"excerpt":{"rendered":"<p>Assiette creuse, petit bol ou saladier en porcelaine moul\u00e9e, avec poisson en relief.<\/p>\n<p>&nbsp;<\/p>\n","protected":false},"featured_media":3737,"comment_status":"open","ping_status":"closed","template":"","meta":{"_acf_changed":false},"product_brand":[],"product_cat":[106,84],"product_tag":[],"class_list":{"0":"post-3751","1":"product","2":"type-product","3":"status-publish","4":"has-post-thumbnail","6":"product_cat-arts-de-la-table","7":"product_cat-collection-lac","9":"first","10":"instock","11":"shipping-taxable","12":"purchasable","13":"product-type-variable"},"acf":[],"yoast_head":"<!-- This site is optimized with the Yoast SEO plugin v26.0 - https:\/\/yoast.com\/wordpress\/plugins\/seo\/ -->\n<title>Bol, assiette creuse et saladier en porcelaine avec poisson - ByManet<\/title>\n<meta name=\"description\" content=\"Bol et saladier en porcelaine coul\u00e9e avec un poisson carpe en relief. Fabriqu\u00e9s \u00e0 la main, l&#039;\u00e9mail vert d&#039;eau fait de chaque plat une pi\u00e8ce unique.\" \/>\n<meta name=\"robots\" content=\"index, follow, max-snippet:-1, max-image-preview:large, max-video-preview:-1\" \/>\n<link rel=\"canonical\" href=\"https:\/\/bymanet.com\/en\/produit\/assiette-creuse-bol-saladier-en-porcelaine-motif-poisson\/\" \/>\n<meta property=\"og:locale\" content=\"en_US\" \/>\n<meta property=\"og:type\" content=\"article\" \/>\n<meta property=\"og:title\" content=\"Bol, assiette creuse et saladier en porcelaine avec poisson - ByManet\" \/>\n<meta property=\"og:description\" content=\"Bol et saladier en porcelaine coul\u00e9e avec un poisson carpe en relief. Fabriqu\u00e9s \u00e0 la main, l&#039;\u00e9mail vert d&#039;eau fait de chaque plat une pi\u00e8ce unique.\" \/>\n<meta property=\"og:url\" content=\"https:\/\/bymanet.com\/en\/produit\/assiette-creuse-bol-saladier-en-porcelaine-motif-poisson\/\" \/>\n<meta property=\"og:site_name\" content=\"ByManet\" \/>\n<meta property=\"article:modified_time\" content=\"2024-05-21T07:54:22+00:00\" \/>\n<meta property=\"og:image\" content=\"https:\/\/bymanet.com\/wp-content\/uploads\/2023\/01\/Vaisselle-Carpe-saladier-grande-assiette-et-mini-bol-avec-tasse-ajouree-Grand.jpg\" \/>\n\t<meta property=\"og:image:width\" content=\"1623\" \/>\n\t<meta property=\"og:image:height\" content=\"1080\" \/>\n\t<meta property=\"og:image:type\" content=\"image\/jpeg\" \/>\n<meta name=\"twitter:card\" content=\"summary_large_image\" \/>\n<script type=\"application\/ld+json\" class=\"yoast-schema-graph\">{\"@context\":\"https:\/\/schema.org\",\"@graph\":[{\"@type\":\"WebPage\",\"@id\":\"https:\/\/bymanet.com\/en\/produit\/assiette-creuse-bol-saladier-en-porcelaine-motif-poisson\/\",\"url\":\"https:\/\/bymanet.com\/en\/produit\/assiette-creuse-bol-saladier-en-porcelaine-motif-poisson\/\",\"name\":\"Bol, assiette creuse et saladier en porcelaine avec poisson - ByManet\",\"isPartOf\":{\"@id\":\"https:\/\/bymanet.com\/en\/#website\"},\"primaryImageOfPage\":{\"@id\":\"https:\/\/bymanet.com\/en\/produit\/assiette-creuse-bol-saladier-en-porcelaine-motif-poisson\/#primaryimage\"},\"image\":{\"@id\":\"https:\/\/bymanet.com\/en\/produit\/assiette-creuse-bol-saladier-en-porcelaine-motif-poisson\/#primaryimage\"},\"thumbnailUrl\":\"https:\/\/bymanet.com\/wp-content\/uploads\/2023\/01\/Vaisselle-Carpe-saladier-grande-assiette-et-mini-bol-avec-tasse-ajouree-Grand.jpg\",\"datePublished\":\"2023-01-06T19:52:57+00:00\",\"dateModified\":\"2024-05-21T07:54:22+00:00\",\"description\":\"Bol et saladier en porcelaine coul\u00e9e avec un poisson carpe en relief. Fabriqu\u00e9s \u00e0 la main, l'\u00e9mail vert d'eau fait de chaque plat une pi\u00e8ce unique.\",\"breadcrumb\":{\"@id\":\"https:\/\/bymanet.com\/en\/produit\/assiette-creuse-bol-saladier-en-porcelaine-motif-poisson\/#breadcrumb\"},\"inLanguage\":\"en-US\",\"potentialAction\":[{\"@type\":\"ReadAction\",\"target\":[\"https:\/\/bymanet.com\/en\/produit\/assiette-creuse-bol-saladier-en-porcelaine-motif-poisson\/\"]}]},{\"@type\":\"ImageObject\",\"inLanguage\":\"en-US\",\"@id\":\"https:\/\/bymanet.com\/en\/produit\/assiette-creuse-bol-saladier-en-porcelaine-motif-poisson\/#primaryimage\",\"url\":\"https:\/\/bymanet.com\/wp-content\/uploads\/2023\/01\/Vaisselle-Carpe-saladier-grande-assiette-et-mini-bol-avec-tasse-ajouree-Grand.jpg\",\"contentUrl\":\"https:\/\/bymanet.com\/wp-content\/uploads\/2023\/01\/Vaisselle-Carpe-saladier-grande-assiette-et-mini-bol-avec-tasse-ajouree-Grand.jpg\",\"width\":1623,\"height\":1080,\"caption\":\"Assiettes, tasse et bol en porcelaine de couleur vert d'eau avec poisson en relief\"},{\"@type\":\"BreadcrumbList\",\"@id\":\"https:\/\/bymanet.com\/en\/produit\/assiette-creuse-bol-saladier-en-porcelaine-motif-poisson\/#breadcrumb\",\"itemListElement\":[{\"@type\":\"ListItem\",\"position\":1,\"name\":\"Accueil\",\"item\":\"https:\/\/bymanet.com\/en\/\"},{\"@type\":\"ListItem\",\"position\":2,\"name\":\"Shop\",\"item\":\"https:\/\/bymanet.com\/shop\/?lang=en\"},{\"@type\":\"ListItem\",\"position\":3,\"name\":\"Tableware\",\"item\":\"https:\/\/bymanet.com\/en\/categorie-produit\/tableware\/\"},{\"@type\":\"ListItem\",\"position\":4,\"name\":\"Bol, assiette creuse et saladier en porcelaine avec poisson\"}]},{\"@type\":\"WebSite\",\"@id\":\"https:\/\/bymanet.com\/en\/#website\",\"url\":\"https:\/\/bymanet.com\/en\/\",\"name\":\"ByManet\",\"description\":\"Cr\u00e9ation de c\u00e9ramique et de bijoux design et contemporain \u00e0 Igny\",\"publisher\":{\"@id\":\"https:\/\/bymanet.com\/en\/#organization\"},\"potentialAction\":[{\"@type\":\"SearchAction\",\"target\":{\"@type\":\"EntryPoint\",\"urlTemplate\":\"https:\/\/bymanet.com\/en\/?s={search_term_string}\"},\"query-input\":{\"@type\":\"PropertyValueSpecification\",\"valueRequired\":true,\"valueName\":\"search_term_string\"}}],\"inLanguage\":\"en-US\"},{\"@type\":\"Organization\",\"@id\":\"https:\/\/bymanet.com\/en\/#organization\",\"name\":\"ByManet\",\"url\":\"https:\/\/bymanet.com\/en\/\",\"logo\":{\"@type\":\"ImageObject\",\"inLanguage\":\"en-US\",\"@id\":\"https:\/\/bymanet.com\/en\/#\/schema\/logo\/image\/\",\"url\":\"https:\/\/bymanet.com\/wp-content\/uploads\/2023\/02\/LOGO_BY_MANET-ai.svg\",\"contentUrl\":\"https:\/\/bymanet.com\/wp-content\/uploads\/2023\/02\/LOGO_BY_MANET-ai.svg\",\"caption\":\"ByManet\"},\"image\":{\"@id\":\"https:\/\/bymanet.com\/en\/#\/schema\/logo\/image\/\"}}]}<\/script>\n<!-- \/ Yoast SEO plugin. -->","yoast_head_json":{"title":"Bol, assiette creuse et saladier en porcelaine avec poisson - ByManet","description":"Bol et saladier en porcelaine coul\u00e9e avec un poisson carpe en relief. Fabriqu\u00e9s \u00e0 la main, l'\u00e9mail vert d'eau fait de chaque plat une pi\u00e8ce unique.","robots":{"index":"index","follow":"follow","max-snippet":"max-snippet:-1","max-image-preview":"max-image-preview:large","max-video-preview":"max-video-preview:-1"},"canonical":"https:\/\/bymanet.com\/en\/produit\/assiette-creuse-bol-saladier-en-porcelaine-motif-poisson\/","og_locale":"en_US","og_type":"article","og_title":"Bol, assiette creuse et saladier en porcelaine avec poisson - ByManet","og_description":"Bol et saladier en porcelaine coul\u00e9e avec un poisson carpe en relief. Fabriqu\u00e9s \u00e0 la main, l'\u00e9mail vert d'eau fait de chaque plat une pi\u00e8ce unique.","og_url":"https:\/\/bymanet.com\/en\/produit\/assiette-creuse-bol-saladier-en-porcelaine-motif-poisson\/","og_site_name":"ByManet","article_modified_time":"2024-05-21T07:54:22+00:00","og_image":[{"width":1623,"height":1080,"url":"https:\/\/bymanet.com\/wp-content\/uploads\/2023\/01\/Vaisselle-Carpe-saladier-grande-assiette-et-mini-bol-avec-tasse-ajouree-Grand.jpg","type":"image\/jpeg"}],"twitter_card":"summary_large_image","schema":{"@context":"https:\/\/schema.org","@graph":[{"@type":"WebPage","@id":"https:\/\/bymanet.com\/en\/produit\/assiette-creuse-bol-saladier-en-porcelaine-motif-poisson\/","url":"https:\/\/bymanet.com\/en\/produit\/assiette-creuse-bol-saladier-en-porcelaine-motif-poisson\/","name":"Bol, assiette creuse et saladier en porcelaine avec poisson - ByManet","isPartOf":{"@id":"https:\/\/bymanet.com\/en\/#website"},"primaryImageOfPage":{"@id":"https:\/\/bymanet.com\/en\/produit\/assiette-creuse-bol-saladier-en-porcelaine-motif-poisson\/#primaryimage"},"image":{"@id":"https:\/\/bymanet.com\/en\/produit\/assiette-creuse-bol-saladier-en-porcelaine-motif-poisson\/#primaryimage"},"thumbnailUrl":"https:\/\/bymanet.com\/wp-content\/uploads\/2023\/01\/Vaisselle-Carpe-saladier-grande-assiette-et-mini-bol-avec-tasse-ajouree-Grand.jpg","datePublished":"2023-01-06T19:52:57+00:00","dateModified":"2024-05-21T07:54:22+00:00","description":"Bol et saladier en porcelaine coul\u00e9e avec un poisson carpe en relief. Fabriqu\u00e9s \u00e0 la main, l'\u00e9mail vert d'eau fait de chaque plat une pi\u00e8ce unique.","breadcrumb":{"@id":"https:\/\/bymanet.com\/en\/produit\/assiette-creuse-bol-saladier-en-porcelaine-motif-poisson\/#breadcrumb"},"inLanguage":"en-US","potentialAction":[{"@type":"ReadAction","target":["https:\/\/bymanet.com\/en\/produit\/assiette-creuse-bol-saladier-en-porcelaine-motif-poisson\/"]}]},{"@type":"ImageObject","inLanguage":"en-US","@id":"https:\/\/bymanet.com\/en\/produit\/assiette-creuse-bol-saladier-en-porcelaine-motif-poisson\/#primaryimage","url":"https:\/\/bymanet.com\/wp-content\/uploads\/2023\/01\/Vaisselle-Carpe-saladier-grande-assiette-et-mini-bol-avec-tasse-ajouree-Grand.jpg","contentUrl":"https:\/\/bymanet.com\/wp-content\/uploads\/2023\/01\/Vaisselle-Carpe-saladier-grande-assiette-et-mini-bol-avec-tasse-ajouree-Grand.jpg","width":1623,"height":1080,"caption":"Assiettes, tasse et bol en porcelaine de couleur vert d'eau avec poisson en relief"},{"@type":"BreadcrumbList","@id":"https:\/\/bymanet.com\/en\/produit\/assiette-creuse-bol-saladier-en-porcelaine-motif-poisson\/#breadcrumb","itemListElement":[{"@type":"ListItem","position":1,"name":"Accueil","item":"https:\/\/bymanet.com\/en\/"},{"@type":"ListItem","position":2,"name":"Shop","item":"https:\/\/bymanet.com\/shop\/?lang=en"},{"@type":"ListItem","position":3,"name":"Tableware","item":"https:\/\/bymanet.com\/en\/categorie-produit\/tableware\/"},{"@type":"ListItem","position":4,"name":"Bol, assiette creuse et saladier en porcelaine avec poisson"}]},{"@type":"WebSite","@id":"https:\/\/bymanet.com\/en\/#website","url":"https:\/\/bymanet.com\/en\/","name":"ByManet","description":"Cr\u00e9ation de c\u00e9ramique et de bijoux design et contemporain \u00e0 Igny","publisher":{"@id":"https:\/\/bymanet.com\/en\/#organization"},"potentialAction":[{"@type":"SearchAction","target":{"@type":"EntryPoint","urlTemplate":"https:\/\/bymanet.com\/en\/?s={search_term_string}"},"query-input":{"@type":"PropertyValueSpecification","valueRequired":true,"valueName":"search_term_string"}}],"inLanguage":"en-US"},{"@type":"Organization","@id":"https:\/\/bymanet.com\/en\/#organization","name":"ByManet","url":"https:\/\/bymanet.com\/en\/","logo":{"@type":"ImageObject","inLanguage":"en-US","@id":"https:\/\/bymanet.com\/en\/#\/schema\/logo\/image\/","url":"https:\/\/bymanet.com\/wp-content\/uploads\/2023\/02\/LOGO_BY_MANET-ai.svg","contentUrl":"https:\/\/bymanet.com\/wp-content\/uploads\/2023\/02\/LOGO_BY_MANET-ai.svg","caption":"ByManet"},"image":{"@id":"https:\/\/bymanet.com\/en\/#\/schema\/logo\/image\/"}}]}},"_links":{"self":[{"href":"https:\/\/bymanet.com\/en\/wp-json\/wp\/v2\/product\/3751","targetHints":{"allow":["GET"]}}],"collection":[{"href":"https:\/\/bymanet.com\/en\/wp-json\/wp\/v2\/product"}],"about":[{"href":"https:\/\/bymanet.com\/en\/wp-json\/wp\/v2\/types\/product"}],"replies":[{"embeddable":true,"href":"https:\/\/bymanet.com\/en\/wp-json\/wp\/v2\/comments?post=3751"}],"version-history":[{"count":0,"href":"https:\/\/bymanet.com\/en\/wp-json\/wp\/v2\/product\/3751\/revisions"}],"wp:featuredmedia":[{"embeddable":true,"href":"https:\/\/bymanet.com\/en\/wp-json\/wp\/v2\/media\/3737"}],"wp:attachment":[{"href":"https:\/\/bymanet.com\/en\/wp-json\/wp\/v2\/media?parent=3751"}],"wp:term":[{"taxonomy":"product_brand","embeddable":true,"href":"https:\/\/bymanet.com\/en\/wp-json\/wp\/v2\/product_brand?post=3751"},{"taxonomy":"product_cat","embeddable":true,"href":"https:\/\/bymanet.com\/en\/wp-json\/wp\/v2\/product_cat?post=3751"},{"taxonomy":"product_tag","embeddable":true,"href":"https:\/\/bymanet.com\/en\/wp-json\/wp\/v2\/product_tag?post=3751"}],"curies":[{"name":"wp","href":"https:\/\/api.w.org\/{rel}","templated":true}]}}