{"id":520,"date":"2020-03-27T17:27:12","date_gmt":"2020-03-27T16:27:12","guid":{"rendered":"https:\/\/bymanet-shop.fr\/?post_type=product&#038;p=520"},"modified":"2024-05-21T09:54:37","modified_gmt":"2024-05-21T07:54:37","slug":"vase-design-switch-col-en-porcelaine","status":"publish","type":"product","link":"https:\/\/bymanet.com\/en\/produit\/vase-design-switch-col-en-porcelaine\/","title":{"rendered":"Switch vase &#8211; Col porcelaine adaptable"},"content":{"rendered":"<p>C&#8217;est un produit particulier au sein de la collection Terre et Verre. C\u2019est un col en porcelaine ultra \u00e9pur\u00e9 qui transforme vos objet en verre du quotidien en vase design unique. Il s\u2019adapte sur plusieurs contenants tels qu\u2019un pot de confiture ou une bouteille de vin pour les transformer et leur donner une seconde vie.<\/p>\n<div class=\"show_more\">\n<div class=\"wpsm-content\">\n<p>Il permet d\u2019habiller des objets communs et de cr\u00e9er son propre vase selon ses objets. En changeant le module en verre vous adapter le vase aux dimensions des fleurs.<\/p>\n<p>Un concept \u00e0 la fois esth\u00e9tique, tendance et pratique pour un r\u00e9sultat ultra design.<\/p>\n<h3><strong>Technique et mati\u00e8re<\/strong><\/h3>\n<p>Le Switch vase en porcelaine et r\u00e9alis\u00e9 par moulage. Dans un moule en pl\u00e2tre est coul\u00e9 la barbotine de porcelaine et apr\u00e8s quelques minute pause une fine couche &#8220;solide&#8221; se d\u00e9pose le long de la paroi du moule. L&#8217;exc\u00e9dant liquide est revers\u00e9 et il faut attendre entre 30 et 60 mn pour pouvoir d\u00e9mouler. Attendre de nouveau que la pi\u00e8ce soit \u00e0 consistance cuir ( solide mais pas sec) pour pouvoir d\u00e9couper le fond et le haut en biseau. Fignoler la galette et effacer les traces des coutures du pl\u00e2tre \u00e0 l&#8217;\u00e9ponge. Ne pas oublier l&#8217;empreinte du tampon By Manet et laisser s\u00e9cher progressivement. Une fois sec, poncer finement les parois avant la premi\u00e8re cuisson. Re-poncer la pi\u00e8ce biscuit\u00e9e et \u00e9mailler l\u2019int\u00e9rieur pour la derni\u00e8re cuisson<\/p>\n<p>&nbsp;<\/p>\n<h3>Collection terre et Verre<\/h3>\n<p>Dans la Collection Terre et Verre, l\u2019\u00e9mail s\u2019\u00e9vanouit de la surface de l\u2019argile. Remplac\u00e9 par une v\u00e9ritable pi\u00e8ce en verre, chin\u00e9e ou r\u00e9cup\u00e9r\u00e9e, le gr\u00e8s ou la porcelaine brute expriment leurs multiples nuances. Le verre quant \u00e0 lui r\u00e9v\u00e8le sa transparence et sa finesse, n\u2019\u00e9tant plus d\u00e9pendant de la terre.<\/p>\n<p>En partant d\u2019un \u00e9l\u00e9ment d\u00e9j\u00e0 fabriqu\u00e9, ce concept lutte contre la consommation abusive. Une \u00e9tape de fabrication est supprim\u00e9e et le besoin en nouvelle mati\u00e8re est r\u00e9duit. La forme particuli\u00e8re du verre inspire le prolongement en terre qui va la compl\u00e9ter. La pi\u00e8ce en verre aux dimensions sp\u00e9cifiques va rena\u00eetre gr\u00e2ce \u00e0 l\u2019action manuelle du tournage. Cette technique c\u00e9ramique artisanale qui compl\u00e8te l\u2019objet, lui redonne du sens, une seconde vie \u00e0 la personnalit\u00e9 unique.<\/p>\n<p>Par exemple, les lampes \u00e0 huile n\u2019ont plus d\u2019usage aujourd\u2019hui. A partir de leurs verres qui n\u2019ont plus d\u2019utilit\u00e9, une nouvelle histoire les transmutes dans une nouvelle fonction. La chemin\u00e9e en verre qui prot\u00e9geait la flamme du vent devient le tuteur des fleurs du vase.<\/p>\n<p>La valeur de l\u2019objet d\u00e9suet est li\u00e9e \u00e0 une conception design artisanale contemporaine.<\/p>\n<\/div>\n<\/div>\n","protected":false},"excerpt":{"rendered":"<p>Col en porcelaine personnalisable permettant de transformer une simple bouteille ou pot de confiture en \u00e9l\u00e9gant vase.<\/p>\n","protected":false},"featured_media":802,"comment_status":"open","ping_status":"closed","template":"","meta":{"_acf_changed":false},"product_brand":[],"product_cat":[145,31],"product_tag":[47,55,54],"class_list":{"0":"post-520","1":"product","2":"type-product","3":"status-publish","4":"has-post-thumbnail","6":"product_cat-vases","7":"product_cat-collection-terre-et-verre","8":"product_tag-ceramique","9":"product_tag-switch","10":"product_tag-vase","12":"first","13":"instock","14":"featured","15":"purchasable","16":"product-type-variable"},"acf":[],"yoast_head":"<!-- This site is optimized with the Yoast SEO plugin v26.0 - https:\/\/yoast.com\/wordpress\/plugins\/seo\/ -->\n<title>Switch vase - Col porcelaine adaptable - ByManet<\/title>\n<meta name=\"description\" content=\"Vase design, Col en porcelaine pour fabriquer son vase personnalisable avec une bouteille de vin ou un pot de confiture. Vase modulable et compact.\" \/>\n<meta name=\"robots\" content=\"index, follow, max-snippet:-1, max-image-preview:large, max-video-preview:-1\" \/>\n<link rel=\"canonical\" href=\"https:\/\/bymanet.com\/en\/produit\/vase-design-switch-col-en-porcelaine\/\" \/>\n<meta property=\"og:locale\" content=\"en_US\" \/>\n<meta property=\"og:type\" content=\"article\" \/>\n<meta property=\"og:title\" content=\"Switch vase - Col porcelaine adaptable - ByManet\" \/>\n<meta property=\"og:description\" content=\"Vase design, Col en porcelaine pour fabriquer son vase personnalisable avec une bouteille de vin ou un pot de confiture. Vase modulable et compact.\" \/>\n<meta property=\"og:url\" content=\"https:\/\/bymanet.com\/en\/produit\/vase-design-switch-col-en-porcelaine\/\" \/>\n<meta property=\"og:site_name\" content=\"ByManet\" \/>\n<meta property=\"article:modified_time\" content=\"2024-05-21T07:54:37+00:00\" \/>\n<meta property=\"og:image\" content=\"https:\/\/bymanet.com\/wp-content\/uploads\/2020\/03\/switch-vase-proposition-1-et-main-carr\u00e9-BD-scaled.jpg\" \/>\n\t<meta property=\"og:image:width\" content=\"2560\" \/>\n\t<meta property=\"og:image:height\" content=\"2560\" \/>\n\t<meta property=\"og:image:type\" content=\"image\/jpeg\" \/>\n<meta name=\"twitter:card\" content=\"summary_large_image\" \/>\n<script type=\"application\/ld+json\" class=\"yoast-schema-graph\">{\"@context\":\"https:\/\/schema.org\",\"@graph\":[{\"@type\":\"WebPage\",\"@id\":\"https:\/\/bymanet.com\/en\/produit\/vase-design-switch-col-en-porcelaine\/\",\"url\":\"https:\/\/bymanet.com\/en\/produit\/vase-design-switch-col-en-porcelaine\/\",\"name\":\"Switch vase - Col porcelaine adaptable - ByManet\",\"isPartOf\":{\"@id\":\"https:\/\/bymanet.com\/en\/#website\"},\"primaryImageOfPage\":{\"@id\":\"https:\/\/bymanet.com\/en\/produit\/vase-design-switch-col-en-porcelaine\/#primaryimage\"},\"image\":{\"@id\":\"https:\/\/bymanet.com\/en\/produit\/vase-design-switch-col-en-porcelaine\/#primaryimage\"},\"thumbnailUrl\":\"https:\/\/bymanet.com\/wp-content\/uploads\/2020\/03\/switch-vase-proposition-1-et-main-carr\u00e9-BD-scaled.jpg\",\"datePublished\":\"2020-03-27T16:27:12+00:00\",\"dateModified\":\"2024-05-21T07:54:37+00:00\",\"description\":\"Vase design, Col en porcelaine pour fabriquer son vase personnalisable avec une bouteille de vin ou un pot de confiture. Vase modulable et compact.\",\"breadcrumb\":{\"@id\":\"https:\/\/bymanet.com\/en\/produit\/vase-design-switch-col-en-porcelaine\/#breadcrumb\"},\"inLanguage\":\"en-US\",\"potentialAction\":[{\"@type\":\"ReadAction\",\"target\":[\"https:\/\/bymanet.com\/en\/produit\/vase-design-switch-col-en-porcelaine\/\"]}]},{\"@type\":\"ImageObject\",\"inLanguage\":\"en-US\",\"@id\":\"https:\/\/bymanet.com\/en\/produit\/vase-design-switch-col-en-porcelaine\/#primaryimage\",\"url\":\"https:\/\/bymanet.com\/wp-content\/uploads\/2020\/03\/switch-vase-proposition-1-et-main-carr\u00e9-BD-scaled.jpg\",\"contentUrl\":\"https:\/\/bymanet.com\/wp-content\/uploads\/2020\/03\/switch-vase-proposition-1-et-main-carr\u00e9-BD-scaled.jpg\",\"width\":2560,\"height\":2560,\"caption\":\"col en porcelaine pour fabriquer son vase\"},{\"@type\":\"BreadcrumbList\",\"@id\":\"https:\/\/bymanet.com\/en\/produit\/vase-design-switch-col-en-porcelaine\/#breadcrumb\",\"itemListElement\":[{\"@type\":\"ListItem\",\"position\":1,\"name\":\"Accueil\",\"item\":\"https:\/\/bymanet.com\/en\/\"},{\"@type\":\"ListItem\",\"position\":2,\"name\":\"Shop\",\"item\":\"https:\/\/bymanet.com\/shop\/?lang=en\"},{\"@type\":\"ListItem\",\"position\":3,\"name\":\"Vases\",\"item\":\"https:\/\/bymanet.com\/en\/categorie-produit\/vases\/\"},{\"@type\":\"ListItem\",\"position\":4,\"name\":\"Switch vase &#8211; Col porcelaine adaptable\"}]},{\"@type\":\"WebSite\",\"@id\":\"https:\/\/bymanet.com\/en\/#website\",\"url\":\"https:\/\/bymanet.com\/en\/\",\"name\":\"ByManet\",\"description\":\"Cr\u00e9ation de c\u00e9ramique et de bijoux design et contemporain \u00e0 Igny\",\"publisher\":{\"@id\":\"https:\/\/bymanet.com\/en\/#organization\"},\"potentialAction\":[{\"@type\":\"SearchAction\",\"target\":{\"@type\":\"EntryPoint\",\"urlTemplate\":\"https:\/\/bymanet.com\/en\/?s={search_term_string}\"},\"query-input\":{\"@type\":\"PropertyValueSpecification\",\"valueRequired\":true,\"valueName\":\"search_term_string\"}}],\"inLanguage\":\"en-US\"},{\"@type\":\"Organization\",\"@id\":\"https:\/\/bymanet.com\/en\/#organization\",\"name\":\"ByManet\",\"url\":\"https:\/\/bymanet.com\/en\/\",\"logo\":{\"@type\":\"ImageObject\",\"inLanguage\":\"en-US\",\"@id\":\"https:\/\/bymanet.com\/en\/#\/schema\/logo\/image\/\",\"url\":\"https:\/\/bymanet.com\/wp-content\/uploads\/2023\/02\/LOGO_BY_MANET-ai.svg\",\"contentUrl\":\"https:\/\/bymanet.com\/wp-content\/uploads\/2023\/02\/LOGO_BY_MANET-ai.svg\",\"caption\":\"ByManet\"},\"image\":{\"@id\":\"https:\/\/bymanet.com\/en\/#\/schema\/logo\/image\/\"}}]}<\/script>\n<!-- \/ Yoast SEO plugin. -->","yoast_head_json":{"title":"Switch vase - Col porcelaine adaptable - ByManet","description":"Vase design, Col en porcelaine pour fabriquer son vase personnalisable avec une bouteille de vin ou un pot de confiture. Vase modulable et compact.","robots":{"index":"index","follow":"follow","max-snippet":"max-snippet:-1","max-image-preview":"max-image-preview:large","max-video-preview":"max-video-preview:-1"},"canonical":"https:\/\/bymanet.com\/en\/produit\/vase-design-switch-col-en-porcelaine\/","og_locale":"en_US","og_type":"article","og_title":"Switch vase - Col porcelaine adaptable - ByManet","og_description":"Vase design, Col en porcelaine pour fabriquer son vase personnalisable avec une bouteille de vin ou un pot de confiture. Vase modulable et compact.","og_url":"https:\/\/bymanet.com\/en\/produit\/vase-design-switch-col-en-porcelaine\/","og_site_name":"ByManet","article_modified_time":"2024-05-21T07:54:37+00:00","og_image":[{"width":2560,"height":2560,"url":"https:\/\/bymanet.com\/wp-content\/uploads\/2020\/03\/switch-vase-proposition-1-et-main-carr\u00e9-BD-scaled.jpg","type":"image\/jpeg"}],"twitter_card":"summary_large_image","schema":{"@context":"https:\/\/schema.org","@graph":[{"@type":"WebPage","@id":"https:\/\/bymanet.com\/en\/produit\/vase-design-switch-col-en-porcelaine\/","url":"https:\/\/bymanet.com\/en\/produit\/vase-design-switch-col-en-porcelaine\/","name":"Switch vase - Col porcelaine adaptable - ByManet","isPartOf":{"@id":"https:\/\/bymanet.com\/en\/#website"},"primaryImageOfPage":{"@id":"https:\/\/bymanet.com\/en\/produit\/vase-design-switch-col-en-porcelaine\/#primaryimage"},"image":{"@id":"https:\/\/bymanet.com\/en\/produit\/vase-design-switch-col-en-porcelaine\/#primaryimage"},"thumbnailUrl":"https:\/\/bymanet.com\/wp-content\/uploads\/2020\/03\/switch-vase-proposition-1-et-main-carr\u00e9-BD-scaled.jpg","datePublished":"2020-03-27T16:27:12+00:00","dateModified":"2024-05-21T07:54:37+00:00","description":"Vase design, Col en porcelaine pour fabriquer son vase personnalisable avec une bouteille de vin ou un pot de confiture. Vase modulable et compact.","breadcrumb":{"@id":"https:\/\/bymanet.com\/en\/produit\/vase-design-switch-col-en-porcelaine\/#breadcrumb"},"inLanguage":"en-US","potentialAction":[{"@type":"ReadAction","target":["https:\/\/bymanet.com\/en\/produit\/vase-design-switch-col-en-porcelaine\/"]}]},{"@type":"ImageObject","inLanguage":"en-US","@id":"https:\/\/bymanet.com\/en\/produit\/vase-design-switch-col-en-porcelaine\/#primaryimage","url":"https:\/\/bymanet.com\/wp-content\/uploads\/2020\/03\/switch-vase-proposition-1-et-main-carr\u00e9-BD-scaled.jpg","contentUrl":"https:\/\/bymanet.com\/wp-content\/uploads\/2020\/03\/switch-vase-proposition-1-et-main-carr\u00e9-BD-scaled.jpg","width":2560,"height":2560,"caption":"col en porcelaine pour fabriquer son vase"},{"@type":"BreadcrumbList","@id":"https:\/\/bymanet.com\/en\/produit\/vase-design-switch-col-en-porcelaine\/#breadcrumb","itemListElement":[{"@type":"ListItem","position":1,"name":"Accueil","item":"https:\/\/bymanet.com\/en\/"},{"@type":"ListItem","position":2,"name":"Shop","item":"https:\/\/bymanet.com\/shop\/?lang=en"},{"@type":"ListItem","position":3,"name":"Vases","item":"https:\/\/bymanet.com\/en\/categorie-produit\/vases\/"},{"@type":"ListItem","position":4,"name":"Switch vase &#8211; Col porcelaine adaptable"}]},{"@type":"WebSite","@id":"https:\/\/bymanet.com\/en\/#website","url":"https:\/\/bymanet.com\/en\/","name":"ByManet","description":"Cr\u00e9ation de c\u00e9ramique et de bijoux design et contemporain \u00e0 Igny","publisher":{"@id":"https:\/\/bymanet.com\/en\/#organization"},"potentialAction":[{"@type":"SearchAction","target":{"@type":"EntryPoint","urlTemplate":"https:\/\/bymanet.com\/en\/?s={search_term_string}"},"query-input":{"@type":"PropertyValueSpecification","valueRequired":true,"valueName":"search_term_string"}}],"inLanguage":"en-US"},{"@type":"Organization","@id":"https:\/\/bymanet.com\/en\/#organization","name":"ByManet","url":"https:\/\/bymanet.com\/en\/","logo":{"@type":"ImageObject","inLanguage":"en-US","@id":"https:\/\/bymanet.com\/en\/#\/schema\/logo\/image\/","url":"https:\/\/bymanet.com\/wp-content\/uploads\/2023\/02\/LOGO_BY_MANET-ai.svg","contentUrl":"https:\/\/bymanet.com\/wp-content\/uploads\/2023\/02\/LOGO_BY_MANET-ai.svg","caption":"ByManet"},"image":{"@id":"https:\/\/bymanet.com\/en\/#\/schema\/logo\/image\/"}}]}},"_links":{"self":[{"href":"https:\/\/bymanet.com\/en\/wp-json\/wp\/v2\/product\/520","targetHints":{"allow":["GET"]}}],"collection":[{"href":"https:\/\/bymanet.com\/en\/wp-json\/wp\/v2\/product"}],"about":[{"href":"https:\/\/bymanet.com\/en\/wp-json\/wp\/v2\/types\/product"}],"replies":[{"embeddable":true,"href":"https:\/\/bymanet.com\/en\/wp-json\/wp\/v2\/comments?post=520"}],"version-history":[{"count":0,"href":"https:\/\/bymanet.com\/en\/wp-json\/wp\/v2\/product\/520\/revisions"}],"wp:featuredmedia":[{"embeddable":true,"href":"https:\/\/bymanet.com\/en\/wp-json\/wp\/v2\/media\/802"}],"wp:attachment":[{"href":"https:\/\/bymanet.com\/en\/wp-json\/wp\/v2\/media?parent=520"}],"wp:term":[{"taxonomy":"product_brand","embeddable":true,"href":"https:\/\/bymanet.com\/en\/wp-json\/wp\/v2\/product_brand?post=520"},{"taxonomy":"product_cat","embeddable":true,"href":"https:\/\/bymanet.com\/en\/wp-json\/wp\/v2\/product_cat?post=520"},{"taxonomy":"product_tag","embeddable":true,"href":"https:\/\/bymanet.com\/en\/wp-json\/wp\/v2\/product_tag?post=520"}],"curies":[{"name":"wp","href":"https:\/\/api.w.org\/{rel}","templated":true}]}}