{"id":650,"date":"2020-04-02T15:17:27","date_gmt":"2020-04-02T13:17:27","guid":{"rendered":"https:\/\/bymanet-shop.fr\/?post_type=product&#038;p=650"},"modified":"2024-05-21T09:54:36","modified_gmt":"2024-05-21T07:54:36","slug":"boite-decorative-en-ceramique","status":"publish","type":"product","link":"https:\/\/bymanet.com\/en\/produit\/boite-decorative-en-ceramique\/","title":{"rendered":"Bo\u00eete d\u00e9corative en c\u00e9ramique"},"content":{"rendered":"<p>Cette bo\u00eete d\u00e9corative en c\u00e9ramique est une pi\u00e8ce unique faite \u00e0 la main en gr\u00e8s c\u00e9ramique. La texture est obtenue par un amas de petites billes sur une pi\u00e8ce tourn\u00e9e. A la fois d\u00e9corative et utile et vous permettra de ranger et de garder vos petits secrets bien \u00e0 l&#8217;abri.<\/p>\n<p>Cette collection interroge la fronti\u00e8re entre l\u2019objet d\u2019utilit\u00e9 et la sculpture, cr\u00e9er la surprise par la manipulation pour rendre fonctionnelle une sculpture, rendre le beau utile.<\/p>\n<p>Une fois ouverte, cette sculpture organique se transforme en un \u00e9crin \u00e0 bijoux pour ranger soigneusement vos colliers, bagues et montres, ou encore en bo\u00eete \u00e0 bonbons ou en vide-poche.<\/p>\n<p>Chaque bo\u00eete\u00a0d\u00e9corative en c\u00e9ramique se d\u00e9clinent en un large choix de formes et de couleurs, variant les surfaces et les effets, et rec\u00e8lent en leur sein des myst\u00e8res de couleurs et de texture. Elles sont fabriqu\u00e9es en gr\u00e8s avec la technique du tournage pour cr\u00e9er\u00a0 la base puis chaque p\u00e9tale, boule ou pique est model\u00e9 et assembl\u00e9 un par un. Comme pour tout le reste de ma production c\u00e9ramique, je fabrique mes \u00e9maux moi-m\u00eame pour obtenir des effets de mati\u00e8res et des coloris uniques. Cela conf\u00e8re \u00e0 chaque pi\u00e8ces une teinte et un aspect unique dont j\u2019appr\u00e9cie l\u2019authenticit\u00e9.<\/p>\n<p>&nbsp;<\/p>\n<h3>Le processus de fabrication d&#8217;une bo\u00eete d\u00e9corative en c\u00e9ramique :<\/h3>\n<p>La c\u00e9ramique est un processus long qui requiert de faire le bon geste au bon moment. A chaque changement d&#8217;\u00e9tat, d&#8217;une terre mole \u00e0 une terre s\u00e8che, une action est n\u00e9cessaire avec des temps de pauses entre chaque pour aller vers un s\u00e9chage tr\u00e8s progressifs sur plusieurs jours pour ne pas g\u00e9n\u00e9rer de tensions et donc des fissures. Puis au moins deux cuissons suivront de 3 jours chacune. La premi\u00e8re \u00e0 980\u00b0 C cuit un &#8220;biscuit&#8221; qui laisse la terre poreuse pour pouvoir fixer l&#8217;\u00e9mail qui se d\u00e9pose liquide. La deuxi\u00e8me, \u00e0 1150\u00b0 ou 1250\u00b0 (suivant le type d&#8217;argile) fera vitrifier la terre et fusionner l&#8217;\u00e9mail sur les parois pour r\u00e9v\u00e9ler son aspect mat ou brillant et sa couleur.<\/p>\n<p>Chaque pi\u00e8ce \u00e9tant unique, n&#8217;h\u00e9sitez pas \u00e0 me solliciter pour une cr\u00e9ation personnalis\u00e9e aux couleurs et dimensions de votre choix.<\/p>\n","protected":false},"excerpt":{"rendered":"<p>Boites Black Boulette, fond vert kaki<\/p>\n","protected":false},"featured_media":9098,"comment_status":"open","ping_status":"closed","template":"","meta":{"_acf_changed":false},"product_brand":[],"product_cat":[144,33],"product_tag":[],"class_list":{"0":"post-650","1":"product","2":"type-product","3":"status-publish","4":"has-post-thumbnail","6":"product_cat-objets-decoratifs","7":"product_cat-collection-ecailles","9":"first","10":"instock","11":"sold-individually","12":"purchasable","13":"product-type-variable"},"acf":[],"yoast_head":"<!-- This site is optimized with the Yoast SEO plugin v26.0 - https:\/\/yoast.com\/wordpress\/plugins\/seo\/ -->\n<title>Bo\u00eete d\u00e9corative en c\u00e9ramique - ByManet<\/title>\n<meta name=\"description\" content=\"Boite d\u00e9corative en c\u00e9ramique, tourn\u00e9e en gr\u00e8s au style organique. Une sculpture et objet pour ranger vos bijoux ou vos biens pr\u00e9cieux. Pi\u00e8ces unique.\" \/>\n<meta name=\"robots\" content=\"index, follow, max-snippet:-1, max-image-preview:large, max-video-preview:-1\" \/>\n<link rel=\"canonical\" href=\"https:\/\/bymanet.com\/en\/produit\/boite-decorative-en-ceramique\/\" \/>\n<meta property=\"og:locale\" content=\"en_US\" \/>\n<meta property=\"og:type\" content=\"article\" \/>\n<meta property=\"og:title\" content=\"Bo\u00eete d\u00e9corative en c\u00e9ramique - ByManet\" \/>\n<meta property=\"og:description\" content=\"Boite d\u00e9corative en c\u00e9ramique, tourn\u00e9e en gr\u00e8s au style organique. Une sculpture et objet pour ranger vos bijoux ou vos biens pr\u00e9cieux. Pi\u00e8ces unique.\" \/>\n<meta property=\"og:url\" content=\"https:\/\/bymanet.com\/en\/produit\/boite-decorative-en-ceramique\/\" \/>\n<meta property=\"og:site_name\" content=\"ByManet\" \/>\n<meta property=\"article:modified_time\" content=\"2024-05-21T07:54:36+00:00\" \/>\n<meta property=\"og:image\" content=\"https:\/\/bymanet.com\/wp-content\/uploads\/2023\/07\/Boite-ecailles-noire-brillante-8-By-Manet-BD-scaled.jpg\" \/>\n\t<meta property=\"og:image:width\" content=\"2560\" \/>\n\t<meta property=\"og:image:height\" content=\"1707\" \/>\n\t<meta property=\"og:image:type\" content=\"image\/jpeg\" \/>\n<meta name=\"twitter:card\" content=\"summary_large_image\" \/>\n<script type=\"application\/ld+json\" class=\"yoast-schema-graph\">{\"@context\":\"https:\/\/schema.org\",\"@graph\":[{\"@type\":\"WebPage\",\"@id\":\"https:\/\/bymanet.com\/en\/produit\/boite-decorative-en-ceramique\/\",\"url\":\"https:\/\/bymanet.com\/en\/produit\/boite-decorative-en-ceramique\/\",\"name\":\"Bo\u00eete d\u00e9corative en c\u00e9ramique - ByManet\",\"isPartOf\":{\"@id\":\"https:\/\/bymanet.com\/en\/#website\"},\"primaryImageOfPage\":{\"@id\":\"https:\/\/bymanet.com\/en\/produit\/boite-decorative-en-ceramique\/#primaryimage\"},\"image\":{\"@id\":\"https:\/\/bymanet.com\/en\/produit\/boite-decorative-en-ceramique\/#primaryimage\"},\"thumbnailUrl\":\"https:\/\/bymanet.com\/wp-content\/uploads\/2023\/07\/Boite-ecailles-noire-brillante-8-By-Manet-BD-scaled.jpg\",\"datePublished\":\"2020-04-02T13:17:27+00:00\",\"dateModified\":\"2024-05-21T07:54:36+00:00\",\"description\":\"Boite d\u00e9corative en c\u00e9ramique, tourn\u00e9e en gr\u00e8s au style organique. Une sculpture et objet pour ranger vos bijoux ou vos biens pr\u00e9cieux. Pi\u00e8ces unique.\",\"breadcrumb\":{\"@id\":\"https:\/\/bymanet.com\/en\/produit\/boite-decorative-en-ceramique\/#breadcrumb\"},\"inLanguage\":\"en-US\",\"potentialAction\":[{\"@type\":\"ReadAction\",\"target\":[\"https:\/\/bymanet.com\/en\/produit\/boite-decorative-en-ceramique\/\"]}]},{\"@type\":\"ImageObject\",\"inLanguage\":\"en-US\",\"@id\":\"https:\/\/bymanet.com\/en\/produit\/boite-decorative-en-ceramique\/#primaryimage\",\"url\":\"https:\/\/bymanet.com\/wp-content\/uploads\/2023\/07\/Boite-ecailles-noire-brillante-8-By-Manet-BD-scaled.jpg\",\"contentUrl\":\"https:\/\/bymanet.com\/wp-content\/uploads\/2023\/07\/Boite-ecailles-noire-brillante-8-By-Manet-BD-scaled.jpg\",\"width\":2560,\"height\":1707,\"caption\":\"Bo\u00eete d\u00e9corative en c\u00e9ramique\"},{\"@type\":\"BreadcrumbList\",\"@id\":\"https:\/\/bymanet.com\/en\/produit\/boite-decorative-en-ceramique\/#breadcrumb\",\"itemListElement\":[{\"@type\":\"ListItem\",\"position\":1,\"name\":\"Accueil\",\"item\":\"https:\/\/bymanet.com\/en\/\"},{\"@type\":\"ListItem\",\"position\":2,\"name\":\"Shop\",\"item\":\"https:\/\/bymanet.com\/shop\/?lang=en\"},{\"@type\":\"ListItem\",\"position\":3,\"name\":\"Decorative objects\",\"item\":\"https:\/\/bymanet.com\/en\/categorie-produit\/decorative-objects\/\"},{\"@type\":\"ListItem\",\"position\":4,\"name\":\"Bo\u00eete d\u00e9corative en c\u00e9ramique\"}]},{\"@type\":\"WebSite\",\"@id\":\"https:\/\/bymanet.com\/en\/#website\",\"url\":\"https:\/\/bymanet.com\/en\/\",\"name\":\"ByManet\",\"description\":\"Cr\u00e9ation de c\u00e9ramique et de bijoux design et contemporain \u00e0 Igny\",\"publisher\":{\"@id\":\"https:\/\/bymanet.com\/en\/#organization\"},\"potentialAction\":[{\"@type\":\"SearchAction\",\"target\":{\"@type\":\"EntryPoint\",\"urlTemplate\":\"https:\/\/bymanet.com\/en\/?s={search_term_string}\"},\"query-input\":{\"@type\":\"PropertyValueSpecification\",\"valueRequired\":true,\"valueName\":\"search_term_string\"}}],\"inLanguage\":\"en-US\"},{\"@type\":\"Organization\",\"@id\":\"https:\/\/bymanet.com\/en\/#organization\",\"name\":\"ByManet\",\"url\":\"https:\/\/bymanet.com\/en\/\",\"logo\":{\"@type\":\"ImageObject\",\"inLanguage\":\"en-US\",\"@id\":\"https:\/\/bymanet.com\/en\/#\/schema\/logo\/image\/\",\"url\":\"https:\/\/bymanet.com\/wp-content\/uploads\/2023\/02\/LOGO_BY_MANET-ai.svg\",\"contentUrl\":\"https:\/\/bymanet.com\/wp-content\/uploads\/2023\/02\/LOGO_BY_MANET-ai.svg\",\"caption\":\"ByManet\"},\"image\":{\"@id\":\"https:\/\/bymanet.com\/en\/#\/schema\/logo\/image\/\"}}]}<\/script>\n<!-- \/ Yoast SEO plugin. -->","yoast_head_json":{"title":"Bo\u00eete d\u00e9corative en c\u00e9ramique - ByManet","description":"Boite d\u00e9corative en c\u00e9ramique, tourn\u00e9e en gr\u00e8s au style organique. Une sculpture et objet pour ranger vos bijoux ou vos biens pr\u00e9cieux. Pi\u00e8ces unique.","robots":{"index":"index","follow":"follow","max-snippet":"max-snippet:-1","max-image-preview":"max-image-preview:large","max-video-preview":"max-video-preview:-1"},"canonical":"https:\/\/bymanet.com\/en\/produit\/boite-decorative-en-ceramique\/","og_locale":"en_US","og_type":"article","og_title":"Bo\u00eete d\u00e9corative en c\u00e9ramique - ByManet","og_description":"Boite d\u00e9corative en c\u00e9ramique, tourn\u00e9e en gr\u00e8s au style organique. Une sculpture et objet pour ranger vos bijoux ou vos biens pr\u00e9cieux. Pi\u00e8ces unique.","og_url":"https:\/\/bymanet.com\/en\/produit\/boite-decorative-en-ceramique\/","og_site_name":"ByManet","article_modified_time":"2024-05-21T07:54:36+00:00","og_image":[{"width":2560,"height":1707,"url":"https:\/\/bymanet.com\/wp-content\/uploads\/2023\/07\/Boite-ecailles-noire-brillante-8-By-Manet-BD-scaled.jpg","type":"image\/jpeg"}],"twitter_card":"summary_large_image","schema":{"@context":"https:\/\/schema.org","@graph":[{"@type":"WebPage","@id":"https:\/\/bymanet.com\/en\/produit\/boite-decorative-en-ceramique\/","url":"https:\/\/bymanet.com\/en\/produit\/boite-decorative-en-ceramique\/","name":"Bo\u00eete d\u00e9corative en c\u00e9ramique - ByManet","isPartOf":{"@id":"https:\/\/bymanet.com\/en\/#website"},"primaryImageOfPage":{"@id":"https:\/\/bymanet.com\/en\/produit\/boite-decorative-en-ceramique\/#primaryimage"},"image":{"@id":"https:\/\/bymanet.com\/en\/produit\/boite-decorative-en-ceramique\/#primaryimage"},"thumbnailUrl":"https:\/\/bymanet.com\/wp-content\/uploads\/2023\/07\/Boite-ecailles-noire-brillante-8-By-Manet-BD-scaled.jpg","datePublished":"2020-04-02T13:17:27+00:00","dateModified":"2024-05-21T07:54:36+00:00","description":"Boite d\u00e9corative en c\u00e9ramique, tourn\u00e9e en gr\u00e8s au style organique. Une sculpture et objet pour ranger vos bijoux ou vos biens pr\u00e9cieux. Pi\u00e8ces unique.","breadcrumb":{"@id":"https:\/\/bymanet.com\/en\/produit\/boite-decorative-en-ceramique\/#breadcrumb"},"inLanguage":"en-US","potentialAction":[{"@type":"ReadAction","target":["https:\/\/bymanet.com\/en\/produit\/boite-decorative-en-ceramique\/"]}]},{"@type":"ImageObject","inLanguage":"en-US","@id":"https:\/\/bymanet.com\/en\/produit\/boite-decorative-en-ceramique\/#primaryimage","url":"https:\/\/bymanet.com\/wp-content\/uploads\/2023\/07\/Boite-ecailles-noire-brillante-8-By-Manet-BD-scaled.jpg","contentUrl":"https:\/\/bymanet.com\/wp-content\/uploads\/2023\/07\/Boite-ecailles-noire-brillante-8-By-Manet-BD-scaled.jpg","width":2560,"height":1707,"caption":"Bo\u00eete d\u00e9corative en c\u00e9ramique"},{"@type":"BreadcrumbList","@id":"https:\/\/bymanet.com\/en\/produit\/boite-decorative-en-ceramique\/#breadcrumb","itemListElement":[{"@type":"ListItem","position":1,"name":"Accueil","item":"https:\/\/bymanet.com\/en\/"},{"@type":"ListItem","position":2,"name":"Shop","item":"https:\/\/bymanet.com\/shop\/?lang=en"},{"@type":"ListItem","position":3,"name":"Decorative objects","item":"https:\/\/bymanet.com\/en\/categorie-produit\/decorative-objects\/"},{"@type":"ListItem","position":4,"name":"Bo\u00eete d\u00e9corative en c\u00e9ramique"}]},{"@type":"WebSite","@id":"https:\/\/bymanet.com\/en\/#website","url":"https:\/\/bymanet.com\/en\/","name":"ByManet","description":"Cr\u00e9ation de c\u00e9ramique et de bijoux design et contemporain \u00e0 Igny","publisher":{"@id":"https:\/\/bymanet.com\/en\/#organization"},"potentialAction":[{"@type":"SearchAction","target":{"@type":"EntryPoint","urlTemplate":"https:\/\/bymanet.com\/en\/?s={search_term_string}"},"query-input":{"@type":"PropertyValueSpecification","valueRequired":true,"valueName":"search_term_string"}}],"inLanguage":"en-US"},{"@type":"Organization","@id":"https:\/\/bymanet.com\/en\/#organization","name":"ByManet","url":"https:\/\/bymanet.com\/en\/","logo":{"@type":"ImageObject","inLanguage":"en-US","@id":"https:\/\/bymanet.com\/en\/#\/schema\/logo\/image\/","url":"https:\/\/bymanet.com\/wp-content\/uploads\/2023\/02\/LOGO_BY_MANET-ai.svg","contentUrl":"https:\/\/bymanet.com\/wp-content\/uploads\/2023\/02\/LOGO_BY_MANET-ai.svg","caption":"ByManet"},"image":{"@id":"https:\/\/bymanet.com\/en\/#\/schema\/logo\/image\/"}}]}},"_links":{"self":[{"href":"https:\/\/bymanet.com\/en\/wp-json\/wp\/v2\/product\/650","targetHints":{"allow":["GET"]}}],"collection":[{"href":"https:\/\/bymanet.com\/en\/wp-json\/wp\/v2\/product"}],"about":[{"href":"https:\/\/bymanet.com\/en\/wp-json\/wp\/v2\/types\/product"}],"replies":[{"embeddable":true,"href":"https:\/\/bymanet.com\/en\/wp-json\/wp\/v2\/comments?post=650"}],"version-history":[{"count":0,"href":"https:\/\/bymanet.com\/en\/wp-json\/wp\/v2\/product\/650\/revisions"}],"wp:featuredmedia":[{"embeddable":true,"href":"https:\/\/bymanet.com\/en\/wp-json\/wp\/v2\/media\/9098"}],"wp:attachment":[{"href":"https:\/\/bymanet.com\/en\/wp-json\/wp\/v2\/media?parent=650"}],"wp:term":[{"taxonomy":"product_brand","embeddable":true,"href":"https:\/\/bymanet.com\/en\/wp-json\/wp\/v2\/product_brand?post=650"},{"taxonomy":"product_cat","embeddable":true,"href":"https:\/\/bymanet.com\/en\/wp-json\/wp\/v2\/product_cat?post=650"},{"taxonomy":"product_tag","embeddable":true,"href":"https:\/\/bymanet.com\/en\/wp-json\/wp\/v2\/product_tag?post=650"}],"curies":[{"name":"wp","href":"https:\/\/api.w.org\/{rel}","templated":true}]}}